{"id":989,"date":"2026-01-27T17:44:05","date_gmt":"2026-01-27T09:44:05","guid":{"rendered":"https:\/\/bestpeanutmachine.com\/?post_type=product&#038;p=989"},"modified":"2026-01-28T17:11:41","modified_gmt":"2026-01-28T09:11:41","slug":"peanut-almond-strip-cutting-machine","status":"publish","type":"product","link":"https:\/\/bestpeanutmachine.com\/pt\/product\/peanut-almond-strip-cutting-machine\/","title":{"rendered":"M\u00e1quina de Classifica\u00e7\u00e3o de Nozes para Am\u00eandoas, Avel\u00e3s e Diversas Nozes"},"content":{"rendered":"<p class=\"translation-block\">A <strong>m\u00e1quina de corte de tiras de am\u00eandoa<\/strong> \u00e9 um equipamento de processamento de alimentos especializado usado para cortar frutos secos como amendoins, pist\u00e1chios ou am\u00eandoas em tiras de aproximadamente 3-5mm de tamanho, com uma capacidade de produ\u00e7\u00e3o de 100-150 kg por hora.<\/p>    <p>A nossa m\u00e1quina cortadora de tiras de pist\u00e1chio \u00e9 amplamente utilizada na produ\u00e7\u00e3o de snacks de nozes, confeitos, ingredientes de confeitaria, recheios de chocolate e v\u00e1rios alimentos \u00e0 base de nozes, o que n\u00e3o s\u00f3 melhora a textura, mas tamb\u00e9m ajuda as sobremesas a terem uma melhor apar\u00eancia.<\/p>    <figure class=\"wp-block-embed is-type-video is-provider-youtube wp-block-embed-youtube wp-embed-aspect-4-3 wp-has-aspect-ratio\"><div class=\"wp-block-embed__wrapper\"> <iframe loading=\"lazy\" title=\"Almond &amp; Pistachio Strip Cutter for Food Processing Contact: +8617703863868\" width=\"500\" height=\"375\" src=\"https:\/\/www.youtube.com\/embed\/pcY1szLq8uY?feature=oembed\" frameborder=\"0\" allow=\"accelerometer; autoplay; clipboard-write; encrypted-media; gyroscope; picture-in-picture; web-share\" referrerpolicy=\"strict-origin-when-cross-origin\" allowfullscreen><\/iframe> <\/div><figcaption class=\"wp-element-caption\">v\u00eddeo de teste da m\u00e1quina de corte de tiras de amendoim<\/figcaption><\/figure>    <h2 class=\"wp-block-heading\"><strong>Vantagens da m\u00e1quina de corte de tiras de am\u00eandoa<\/strong><\/h2>    <ol class=\"wp-block-list\"> <li>As l\u00e2minas especiais de corte garantem tiras uniformes e completas com quebra m\u00ednima, facilitando o processamento subsequente e reduzindo o desperd\u00edcio de mat\u00e9ria-prima.<\/li>    <li>A m\u00e1quina de corte de tiras de am\u00eandoa Taizy tem uma estrutura geral simples, \u00e9 f\u00e1cil de operar e usa pe\u00e7as de uso comum, facilitando a manuten\u00e7\u00e3o e reparo.<\/li>    <li>Oferece produ\u00e7\u00e3o est\u00e1vel, com uma sa\u00edda de 100-150 quilogramas por hora, adequada para produ\u00e7\u00e3o comercial.<\/li>    <li>A velocidade de alimenta\u00e7\u00e3o \u00e9 ajust\u00e1vel para corresponder ao efeito de corte e \u00e0 efici\u00eancia de produ\u00e7\u00e3o.<\/li>    <li>As l\u00e2minas s\u00e3o dur\u00e1veis e t\u00eam uma vida \u00fatil longa.<\/li>    <li>O efeito de fatiamento para amendoins \u00e9 ajust\u00e1vel, permitindo tiras de 3-5 mm de largura.<\/li> <\/ol>   <div class=\"wp-block-image\"> <figure class=\"aligncenter size-full\"><img loading=\"lazy\" decoding=\"async\" width=\"720\" height=\"540\" src=\"https:\/\/bestpeanutmachine.com\/wp-content\/uploads\/2026\/01\/peanut-strip-cutting-machine.webp\" alt=\"m\u00e1quina de corte de tiras de amendoim\" class=\"wp-image-997\" srcset=\"https:\/\/bestpeanutmachine.com\/wp-content\/uploads\/2026\/01\/peanut-strip-cutting-machine.webp 720w, https:\/\/bestpeanutmachine.com\/wp-content\/uploads\/2026\/01\/peanut-strip-cutting-machine-300x225.webp 300w, https:\/\/bestpeanutmachine.com\/wp-content\/uploads\/2026\/01\/peanut-strip-cutting-machine-16x12.webp 16w\" sizes=\"auto, (max-width: 720px) 100vw, 720px\" \/><figcaption class=\"wp-element-caption\">m\u00e1quina de corte de tiras de amendoim<\/figcaption><\/figure> <\/div>   <h2 class=\"wp-block-heading\"><strong>Par\u00e2metros t\u00e9cnicos da m\u00e1quina de corte de tiras de am\u00eandoa<\/strong><\/h2>    <figure class=\"wp-block-table\"><table class=\"has-fixed-layout\"><tbody><tr><td>Modelo<\/td><td class=\"has-text-align-center\" data-align=\"center\">HT-2<\/td><td class=\"has-text-align-center\" data-align=\"center\">HT-1<\/td><\/tr><tr><td>Estrutura<\/td><td class=\"has-text-align-center\" data-align=\"center\">Sistema de alimenta\u00e7\u00e3o   corte<\/td><td class=\"has-text-align-center\" data-align=\"center\">Alimenta\u00e7\u00e3o   corte <br>sistema de classifica\u00e7\u00e3o<\/td><\/tr><tr><td>Capacidade<\/td><td class=\"has-text-align-center\" data-align=\"center\">100\u2013150 kg\/h<\/td><td class=\"has-text-align-center\" data-align=\"center\">100\u2013150 kg\/h<\/td><\/tr><tr><td>Tens\u00e3o<\/td><td class=\"has-text-align-center\" data-align=\"center\">380 V<\/td><td class=\"has-text-align-center\" data-align=\"center\">380 V<\/td><\/tr><tr><td>Frequ\u00eancia<\/td><td class=\"has-text-align-center\" data-align=\"center\">50 Hz<\/td><td class=\"has-text-align-center\" data-align=\"center\">50 Hz<\/td><\/tr><tr><td>Poder<\/td><td class=\"has-text-align-center\" data-align=\"center\">0.75 kW<\/td><td class=\"has-text-align-center\" data-align=\"center\">1,48 kW<\/td><\/tr><tr><td>Tamanho da m\u00e1quina<\/td><td class=\"has-text-align-center\" data-align=\"center\">1,3 \u00d7 0,75 \u00d7 1,3 m<\/td><td class=\"has-text-align-center\" data-align=\"center\">1,5 \u00d7 0,9 \u00d7 1,3 m<\/td><\/tr><tr><td>Peso<\/td><td class=\"has-text-align-center\" data-align=\"center\">160 kg<\/td><td class=\"has-text-align-center\" data-align=\"center\">220 kg<\/td><\/tr><\/tbody><\/table><figcaption class=\"wp-element-caption\">par\u00e2metros do cortador de tiras de pist\u00e1chio<\/figcaption><\/figure>   <div class=\"wp-block-image\"> <figure class=\"aligncenter size-full\"><img loading=\"lazy\" decoding=\"async\" width=\"720\" height=\"540\" src=\"https:\/\/bestpeanutmachine.com\/wp-content\/uploads\/2026\/01\/almond-strip-cutting-machine.webp\" alt=\"m\u00e1quina de corte de tiras de am\u00eandoa\" class=\"wp-image-1002\" srcset=\"https:\/\/bestpeanutmachine.com\/wp-content\/uploads\/2026\/01\/almond-strip-cutting-machine.webp 720w, https:\/\/bestpeanutmachine.com\/wp-content\/uploads\/2026\/01\/almond-strip-cutting-machine-300x225.webp 300w, https:\/\/bestpeanutmachine.com\/wp-content\/uploads\/2026\/01\/almond-strip-cutting-machine-16x12.webp 16w\" sizes=\"auto, (max-width: 720px) 100vw, 720px\" \/><figcaption class=\"wp-element-caption\">m\u00e1quina de corte de tiras de am\u00eandoa<\/figcaption><\/figure> <\/div>   <h2 class=\"wp-block-heading\"><strong>Aplica\u00e7\u00f5es da m\u00e1quina cortadora de tiras de pist\u00e1chio<\/strong><\/h2>    <p>A m\u00e1quina de fatiar pist\u00e1chio \u00e9 amplamente utilizada nas ind\u00fastrias de processamento de nozes e de alimentos para produzir tiras uniformes de amendoins, am\u00eandoas e pist\u00e1cios. <\/p>    <p>O produto final pode ser usado como ingrediente em nougat, brittle, barras energ\u00e9ticas e sobremesas tradicionais \u00e0 base de frutos secos. O seu tamanho uniforme de tiras garante uma textura consistente e melhores propriedades de liga\u00e7\u00e3o nos produtos de confeitaria.<\/p>    <p>As tiras de am\u00eandoa tamb\u00e9m s\u00e3o muito usadas em bolos e muffins, biscoitos, croissants e pastelaria; como ingrediente para sobremesas, o seu tamanho de tira consistente melhora significativamente o desempenho da cozedura e o aspeto visual.<\/p>    <figure class=\"wp-block-gallery has-nested-images columns-2 is-cropped wp-block-gallery-2 is-layout-flex wp-block-gallery-is-layout-flex\"> <figure class=\"wp-block-image size-large\"><img loading=\"lazy\" decoding=\"async\" width=\"720\" height=\"540\" data-id=\"999\" src=\"https:\/\/bestpeanutmachine.com\/wp-content\/uploads\/2026\/01\/almond-strips.webp\" alt=\"tiras de am\u00eandoa\" class=\"wp-image-999\" srcset=\"https:\/\/bestpeanutmachine.com\/wp-content\/uploads\/2026\/01\/almond-strips.webp 720w, https:\/\/bestpeanutmachine.com\/wp-content\/uploads\/2026\/01\/almond-strips-300x225.webp 300w, https:\/\/bestpeanutmachine.com\/wp-content\/uploads\/2026\/01\/almond-strips-16x12.webp 16w\" sizes=\"auto, (max-width: 720px) 100vw, 720px\" \/><figcaption class=\"wp-element-caption\">tiras de am\u00eandoa<\/figcaption><\/figure>    <figure class=\"wp-block-image size-large\"><img loading=\"lazy\" decoding=\"async\" width=\"720\" height=\"540\" data-id=\"998\" src=\"https:\/\/bestpeanutmachine.com\/wp-content\/uploads\/2026\/01\/almond-strips-applied-to-bread.webp\" alt=\"tiras de am\u00eandoa aplicadas ao p\u00e3o\" class=\"wp-image-998\" srcset=\"https:\/\/bestpeanutmachine.com\/wp-content\/uploads\/2026\/01\/almond-strips-applied-to-bread.webp 720w, https:\/\/bestpeanutmachine.com\/wp-content\/uploads\/2026\/01\/almond-strips-applied-to-bread-300x225.webp 300w, https:\/\/bestpeanutmachine.com\/wp-content\/uploads\/2026\/01\/almond-strips-applied-to-bread-16x12.webp 16w\" sizes=\"auto, (max-width: 720px) 100vw, 720px\" \/><figcaption class=\"wp-element-caption\">tiras de am\u00eandoa aplicadas ao p\u00e3o<\/figcaption><\/figure>    <figure class=\"wp-block-image size-large\"><img loading=\"lazy\" decoding=\"async\" width=\"720\" height=\"540\" data-id=\"1001\" src=\"https:\/\/bestpeanutmachine.com\/wp-content\/uploads\/2026\/01\/pistachio-strips.webp\" alt=\"tiras de pist\u00e1chio\" class=\"wp-image-1001\" srcset=\"https:\/\/bestpeanutmachine.com\/wp-content\/uploads\/2026\/01\/pistachio-strips.webp 720w, https:\/\/bestpeanutmachine.com\/wp-content\/uploads\/2026\/01\/pistachio-strips-300x225.webp 300w, https:\/\/bestpeanutmachine.com\/wp-content\/uploads\/2026\/01\/pistachio-strips-16x12.webp 16w\" sizes=\"auto, (max-width: 720px) 100vw, 720px\" \/><figcaption class=\"wp-element-caption\">tiras de pist\u00e1chio<\/figcaption><\/figure>    <figure class=\"wp-block-image size-large\"><img loading=\"lazy\" decoding=\"async\" width=\"720\" height=\"540\" data-id=\"1000\" src=\"https:\/\/bestpeanutmachine.com\/wp-content\/uploads\/2026\/01\/pistachio-strips-applied-to-snacks.webp\" alt=\"tirua de pist\u00e1chio aplicadas a snacks\" class=\"wp-image-1000\" srcset=\"https:\/\/bestpeanutmachine.com\/wp-content\/uploads\/2026\/01\/pistachio-strips-applied-to-snacks.webp 720w, https:\/\/bestpeanutmachine.com\/wp-content\/uploads\/2026\/01\/pistachio-strips-applied-to-snacks-300x225.webp 300w, https:\/\/bestpeanutmachine.com\/wp-content\/uploads\/2026\/01\/pistachio-strips-applied-to-snacks-16x12.webp 16w\" sizes=\"auto, (max-width: 720px) 100vw, 720px\" \/><figcaption class=\"wp-element-caption\">tirua de pist\u00e1chio aplicadas a snacks<\/figcaption><\/figure> <\/figure>    <h2 class=\"wp-block-heading\"><strong>FAQ da cortadora de tiras de amendoim<\/strong><\/h2>   <div id=\"rank-math-faq\" class=\"rank-math-block\"> <div class=\"rank-math-list\"> <div id=\"faq-question-1769397584533\" class=\"rank-math-list-item\"> <h3 class=\"rank-math-question\"><strong>Que materiais pode processar a m\u00e1quina de corte de tiras de am\u00eandoa?<\/strong><\/h3> <div class=\"rank-math-answer\">  <p>A m\u00e1quina de fatiar am\u00eandoas \u00e9 principalmente utilizada para processar am\u00eandoas, amendoins, pist\u00e1cios e outros frutos secos semelhantes. (Especialmente adequada para nozes preferidas pela metade)<\/p>  <\/div> <\/div> <div id=\"faq-question-1769397623613\" class=\"rank-math-list-item\"> <h3 class=\"rank-math-question\"><strong>A m\u00e1quina de cortar tiras de am\u00eandoa pode ajustar o tamanho da tira?<\/strong><\/h3> <div class=\"rank-math-answer\">  <p>O tamanho de fatiamento pode ser ajustado ao partir as nozes ao meio ou em ter\u00e7os.<\/p>  <\/div> <\/div> <div id=\"faq-question-1769397955823\" class=\"rank-math-list-item\"> <h3 class=\"rank-math-question\"><strong>Qual \u00e9 o teor de humidade recomendado das mat\u00e9rias-primas?<\/strong><\/h3> <div class=\"rank-math-answer\">  <p>Para obter os melhores resultados de corte, o teor de humidade do amendoim ou da am\u00eandoa deve manter-se em cerca de 15% para reduzir quebras e melhorar a integridade das fatias.<\/p>  <\/div> <\/div> <div id=\"faq-question-1769398013134\" class=\"rank-math-list-item\"> <h3 class=\"rank-math-question\"><strong>Os amendoins precisam de pr\u00e9-processamento antes de fatiar?<\/strong><\/h3> <div class=\"rank-math-answer\">  <p>Os amendoins devem ser cortados ao meio antes do fatiamento, de prefer\u00eancia classificados por tamanho. Isso ajuda a reduzir quebras e melhorar a qualidade do produto.<\/p>  <\/div> <\/div> <div id=\"faq-question-1769398071862\" class=\"rank-math-list-item\"> <h3 class=\"rank-math-question\"><strong>Qual \u00e9 a capacidade de produ\u00e7\u00e3o da m\u00e1quina de fatiar am\u00eandoas?<\/strong><\/h3> <div class=\"rank-math-answer\">  <p>A sua sa\u00edda padr\u00e3o \u00e9 de 100-150 kg por hora, dependendo do tipo de noz, da uniformidade do tamanho do caro\u00e7o e da velocidade de alimenta\u00e7\u00e3o.<\/p>  <\/div> <\/div> <div id=\"faq-question-1769398192190\" class=\"rank-math-list-item\"> <h3 class=\"rank-math-question\"><strong>A m\u00e1quina pode ser personalizada de acordo com diferentes padr\u00f5es de energia?<\/strong><\/h3> <div class=\"rank-math-answer\">  <p>A m\u00e1quina de corte de tiras de am\u00eandoa pode ser personalizada para cumprir os requisitos de voltagem de diferentes pa\u00edses e regi\u00f5es, cumprindo os padr\u00f5es locais de energia.<\/p>  <\/div> <\/div> <\/div> <\/div>   <h2 class=\"wp-block-heading\"><strong>Porqu\u00ea escolher a m\u00e1quina Taizy de corte de tiras de am\u00eandoa?<\/strong>                                                                                                                                                                                                                               <\/h2>    <ol class=\"wp-block-list\"> <li>A nossa cortadora de tiras de amendoim \u00e9 especialmente concebida para fatiar amendoins e am\u00eandoas, oferecendo desempenho est\u00e1vel e produ\u00e7\u00e3o fi\u00e1vel.<\/li>    <li>Oferecemos servi\u00e7os de voltagem e configura\u00e7\u00e3o personaliz\u00e1veis para satisfazer perfeitamente as suas necessidades.<\/li>    <li>A Taizy oferece pre\u00e7os de f\u00e1brica altamente competitivos e suporte t\u00e9cnico completo.<\/li>    <li>Toda m\u00e1quina tem garantia de qualidade de 12 meses e fornecimento de pe\u00e7as de substitui\u00e7\u00e3o vital\u00edcias.<\/li> <\/ol>    <p class=\"translation-block\">Se quiser comprar um conjunto completo de equipamento de processamento de amendoins, recomendamos este <a href=\"https:\/\/bestpeanutmachine.com\/pt\/product\/wet-type-almond-skin-peeler-machine\/\">m\u00e1quina de descascagem h\u00famida de nozes<\/a>, que pode ajudar a remover a casca externa de nozes como amendoins e am\u00eandoas antes de fatiar, resultando numa textura e cor melhor na pe\u00e7a final.<\/p>   <div class=\"wp-block-image\"> <figure class=\"aligncenter size-large\"><img loading=\"lazy\" decoding=\"async\" width=\"925\" height=\"741\" src=\"https:\/\/bestpeanutmachine.com\/wp-content\/uploads\/2026\/01\/almond-peeling-machine.webp\" alt=\"M\u00e1quina de descasque de am\u00eandoas\" class=\"wp-image-891\" srcset=\"https:\/\/bestpeanutmachine.com\/wp-content\/uploads\/2026\/01\/almond-peeling-machine.webp 925w, https:\/\/bestpeanutmachine.com\/wp-content\/uploads\/2026\/01\/almond-peeling-machine-300x240.webp 300w, https:\/\/bestpeanutmachine.com\/wp-content\/uploads\/2026\/01\/almond-peeling-machine-768x615.webp 768w, https:\/\/bestpeanutmachine.com\/wp-content\/uploads\/2026\/01\/almond-peeling-machine-15x12.webp 15w\" sizes=\"auto, (max-width: 925px) 100vw, 925px\" \/><figcaption class=\"wp-element-caption\">M\u00e1quina de descasque de am\u00eandoas<\/figcaption><\/figure> <\/div>   <p>Al\u00e9m desta m\u00e1quina de corte de tiras, tamb\u00e9m oferecemos uma m\u00e1quina de cubagem de amendoins e uma m\u00e1quina de fatiar am\u00eandoas. Contacte-nos e forne\u00e7a as suas mat\u00e9rias-primas e requisitos, e apresentaremos uma m\u00e1quina de processamento de frutos secos adequada.<\/p>    <figure class=\"wp-block-gallery has-nested-images columns-2 is-cropped wp-block-gallery-3 is-layout-flex wp-block-gallery-is-layout-flex\"> <figure class=\"wp-block-image size-large\"><img loading=\"lazy\" decoding=\"async\" width=\"720\" height=\"540\" data-id=\"670\" src=\"https:\/\/bestpeanutmachine.com\/wp-content\/uploads\/2025\/12\/best-machine-for-chopping-nuts.webp\" alt=\"melhor m\u00e1quina para cortar nozes\" class=\"wp-image-670\" srcset=\"https:\/\/bestpeanutmachine.com\/wp-content\/uploads\/2025\/12\/best-machine-for-chopping-nuts.webp 720w, https:\/\/bestpeanutmachine.com\/wp-content\/uploads\/2025\/12\/best-machine-for-chopping-nuts-300x225.webp 300w, https:\/\/bestpeanutmachine.com\/wp-content\/uploads\/2025\/12\/best-machine-for-chopping-nuts-16x12.webp 16w\" sizes=\"auto, (max-width: 720px) 100vw, 720px\" \/><figcaption class=\"wp-element-caption\">melhor m\u00e1quina para cortar nozes<\/figcaption><\/figure>    <figure class=\"wp-block-image size-large\"><img loading=\"lazy\" decoding=\"async\" width=\"720\" height=\"540\" data-id=\"673\" src=\"https:\/\/bestpeanutmachine.com\/wp-content\/uploads\/2025\/12\/pistachio-crumbles.webp\" alt=\"Pist\u00e1chios em peda\u00e7os\" class=\"wp-image-673\" srcset=\"https:\/\/bestpeanutmachine.com\/wp-content\/uploads\/2025\/12\/pistachio-crumbles.webp 720w, https:\/\/bestpeanutmachine.com\/wp-content\/uploads\/2025\/12\/pistachio-crumbles-300x225.webp 300w, https:\/\/bestpeanutmachine.com\/wp-content\/uploads\/2025\/12\/pistachio-crumbles-16x12.webp 16w\" sizes=\"auto, (max-width: 720px) 100vw, 720px\" \/><figcaption class=\"wp-element-caption\">Pist\u00e1chios em peda\u00e7os<\/figcaption><\/figure>    <figure class=\"wp-block-image size-large\"><img loading=\"lazy\" decoding=\"async\" width=\"720\" height=\"540\" data-id=\"436\" src=\"https:\/\/bestpeanutmachine.com\/wp-content\/uploads\/2025\/09\/peanut-slicing-machine.webp\" alt=\"m\u00e1quina de fatiar amendoins\" class=\"wp-image-436\" srcset=\"https:\/\/bestpeanutmachine.com\/wp-content\/uploads\/2025\/09\/peanut-slicing-machine.webp 720w, https:\/\/bestpeanutmachine.com\/wp-content\/uploads\/2025\/09\/peanut-slicing-machine-300x225.webp 300w, https:\/\/bestpeanutmachine.com\/wp-content\/uploads\/2025\/09\/peanut-slicing-machine-16x12.webp 16w\" sizes=\"auto, (max-width: 720px) 100vw, 720px\" \/><figcaption class=\"wp-element-caption\">m\u00e1quina de fatiar amendoins<\/figcaption><\/figure>    <figure class=\"wp-block-image size-large\"><img loading=\"lazy\" decoding=\"async\" width=\"720\" height=\"540\" data-id=\"435\" src=\"https:\/\/bestpeanutmachine.com\/wp-content\/uploads\/2025\/09\/toasted-almond-slices-for-baking.webp\" alt=\"fatias de am\u00eandoa torrada para padaria\" class=\"wp-image-435\" srcset=\"https:\/\/bestpeanutmachine.com\/wp-content\/uploads\/2025\/09\/toasted-almond-slices-for-baking.webp 720w, https:\/\/bestpeanutmachine.com\/wp-content\/uploads\/2025\/09\/toasted-almond-slices-for-baking-300x225.webp 300w, https:\/\/bestpeanutmachine.com\/wp-content\/uploads\/2025\/09\/toasted-almond-slices-for-baking-16x12.webp 16w\" sizes=\"auto, (max-width: 720px) 100vw, 720px\" \/><figcaption class=\"wp-element-caption\">fatias de am\u00eandoa torrada para padaria<\/figcaption><\/figure> <\/figure>    <p><\/p>","protected":false},"excerpt":{"rendered":"<p>This almond slicing machine features high production efficiency and adjustable slicing size control, making it suitable for processing peanuts and almonds into ingredients needed for baking and snacks.<\/p>","protected":false},"author":1,"featured_media":1018,"parent":0,"template":"","tags":[77,11],"product-type":[76,6],"class_list":["post-989","product","type-product","status-publish","has-post-thumbnail","hentry","tag-almond","tag-peanut","product-type-other-nuts-machine","product-type-product"],"_links":{"self":[{"href":"https:\/\/bestpeanutmachine.com\/pt\/wp-json\/wp\/v2\/product\/989","targetHints":{"allow":["GET"]}}],"collection":[{"href":"https:\/\/bestpeanutmachine.com\/pt\/wp-json\/wp\/v2\/product"}],"about":[{"href":"https:\/\/bestpeanutmachine.com\/pt\/wp-json\/wp\/v2\/types\/product"}],"author":[{"embeddable":true,"href":"https:\/\/bestpeanutmachine.com\/pt\/wp-json\/wp\/v2\/users\/1"}],"wp:featuredmedia":[{"embeddable":true,"href":"https:\/\/bestpeanutmachine.com\/pt\/wp-json\/wp\/v2\/media\/1018"}],"wp:attachment":[{"href":"https:\/\/bestpeanutmachine.com\/pt\/wp-json\/wp\/v2\/media?parent=989"}],"wp:term":[{"taxonomy":"post_tag","embeddable":true,"href":"https:\/\/bestpeanutmachine.com\/pt\/wp-json\/wp\/v2\/tags?post=989"},{"taxonomy":"product-type","embeddable":true,"href":"https:\/\/bestpeanutmachine.com\/pt\/wp-json\/wp\/v2\/product-type?post=989"}],"curies":[{"name":"wp","href":"https:\/\/api.w.org\/{rel}","templated":true}]}}