{"id":13,"date":"2022-08-24T10:27:58","date_gmt":"2022-08-24T10:27:58","guid":{"rendered":"https:\/\/bestpeanutmachine.com\/?page_id=13"},"modified":"2022-08-25T06:36:11","modified_gmt":"2022-08-25T06:36:11","slug":"about-us","status":"publish","type":"page","link":"https:\/\/bestpeanutmachine.com\/vi\/about-us\/","title":{"rendered":"V\u1ec1 ch\u00fang t\u00f4i"},"content":{"rendered":"<p>Taizy Machinery Co., Ltd l\u00e0 m\u1ed9t doanh nghi\u1ec7p to\u00e0n c\u1ea7u \u0111\u01b0\u1ee3c t\u00edch h\u1ee3p \u0111\u1ed9c l\u1eadp v\u1edbi s\u1ea3n xu\u1ea5t v\u00e0 ti\u1ebfp th\u1ecb, s\u1edf h\u1eefu \u0111\u1ed9i ng\u0169 k\u1ef9 thu\u1eadt vi\u00ean chuy\u00ean nghi\u1ec7p, x\u01b0\u1edfng s\u1ea3n xu\u1ea5t hi\u1ec7n \u0111\u1ea1i v\u00e0 c\u00f4ng ngh\u1ec7 ch\u1ebf bi\u1ebfn \u0111\u1eadu ph\u1ed9ng m\u1edbi nh\u1ea5t. Ch\u00fang t\u00f4i c\u1ed1ng hi\u1ebfn cho c\u00e1c ho\u1ea1t \u0111\u1ed9ng b\u1ec1n v\u1eefng v\u00e0 d\u1ef1 \u0111o\u00e1n nhu c\u1ea7u c\u1ee7a kh\u00e1ch h\u00e0ng v\u1ec1 ch\u1ea5t l\u01b0\u1ee3ng s\u1ea3n ph\u1ea9m v\u00e0 gi\u00e1 c\u1ea3 ph\u1ea3i ch\u0103ng. Cho \u0111\u1ebfn nay, m\u00e1y ch\u1ebf bi\u1ebfn \u0111\u1eadu ph\u1ed9ng v\u00e0 t\u1ea5t c\u1ea3 c\u00e1c lo\u1ea1i d\u00e2y chuy\u1ec1n \u0111\u1eadu ph\u1ed9ng c\u1ee7a ch\u00fang t\u00f4i \u0111\u00e3 \u0111\u01b0\u1ee3c xu\u1ea5t kh\u1ea9u t\u1edbi h\u01a1n 80 qu\u1eadn v\u00e0 khu v\u1ef1c tr\u00ean th\u1ebf gi\u1edbi nh\u01b0 Nga, \u1ea2 R\u1eadp Saudi, Israel, Ghana, Sudan, Singapore, Malaysia, Nigeria, Nepal, Bangladesh, Sri. Lanka, H\u00e0 Lan, Kazakhstan, \u00dac, Hoa K\u1ef3, Brazil, Cuba, Colombia, Chile, Mexico, Venezuela, Peru, Philippines, Nam Phi, Th\u1ed5 Nh\u0129 K\u1ef3, v.v.<\/p>    <p>S\u1ea3n ph\u1ea9m c\u1ee7a ch\u00fang t\u00f4i bao g\u1ed3m \u0111\u1ea7y \u0111\u1ee7 c\u00e1c lo\u1ea1i m\u00e1y ch\u1ebf bi\u1ebfn \u0111\u1eadu ph\u1ed9ng, nh\u01b0 m\u00e1y gieo h\u1ea1t l\u1ea1c, m\u00e1y thu ho\u1ea1ch \u0111\u1eadu ph\u1ed9ng, m\u00e1y h\u00e1i \u0111\u1eadu ph\u1ed9ng, m\u00e1y b\u00f3c v\u1ecf \u0111\u1eadu ph\u1ed9ng, m\u00e1y b\u00f3c v\u1ecf \u0111\u1eadu ph\u1ed9ng, m\u00e1y nghi\u1ec1n \u0111\u1eadu ph\u1ed9ng, d\u00e2y chuy\u1ec1n s\u1ea3n xu\u1ea5t b\u01a1 \u0111\u1eadu ph\u1ed9ng, v.v. T\u1ea5t c\u1ea3 c\u00e1c m\u00e1y c\u1ee7a ch\u00fang t\u00f4i \u0111\u1ec1u \u0111\u01b0\u1ee3c thi\u1ebft k\u1ebf v\u00e0 \u0111\u01b0\u1ee3c s\u1ea3n xu\u1ea5t theo ti\u00eau chu\u1ea9n qu\u1ed1c t\u1ebf. B\u00ean c\u1ea1nh \u0111\u00f3, ch\u00fang t\u00f4i c\u00f3 \u0111\u1ed9i ng\u0169 nh\u00e2n vi\u00ean c\u00f3 tay ngh\u1ec1 cao \u0111\u1ec3 \u0111\u1ea3m b\u1ea3o giao h\u00e0ng nhanh ch\u00f3ng v\u00e0 ch\u1ea5t l\u01b0\u1ee3ng tuy\u1ec7t v\u1eddi c\u1ee7a m\u00e1y m\u00f3c. Ng\u00e0y nay, m\u00e1y l\u00e0m \u0111\u1eadu ph\u1ed9ng c\u1ee7a ch\u00fang t\u00f4i \u0111\u00e3 \u0111\u01b0\u1ee3c xu\u1ea5t kh\u1ea9u th\u00e0nh c\u00f4ng t\u1edbi 80 qu\u1ed1c gia v\u00e0 khu v\u1ef1c. <\/p>    <h2 class=\"wp-block-heading\" id=\"h-certificates\">Ch\u1ee9ng ch\u1ec9 <\/h2>    <figure class=\"wp-block-image size-large\"><img decoding=\"async\" src=\"https:\/\/cnricemill.com\/wp-content\/uploads\/2022\/08\/certificate-1024x323-1.jpg\" alt=\"\"\/><\/figure>","protected":false},"excerpt":{"rendered":"<p>Taizy Machinery Co., Ltd is a global enterprise that is integrated with manufacturing and marketing independently, which owns professional technicians&#8217; team, a modern manufacturing workshop, and the newest peanut processing technology. We are devoted to sustainable practices and anticipates the need of our customers in terms of quality products and affordable price. Until now, our [&hellip;]<\/p>\n","protected":false},"author":1,"featured_media":0,"parent":0,"menu_order":0,"comment_status":"closed","ping_status":"closed","template":"","meta":{"footnotes":""},"class_list":["post-13","page","type-page","status-publish","hentry"],"_links":{"self":[{"href":"https:\/\/bestpeanutmachine.com\/vi\/wp-json\/wp\/v2\/pages\/13","targetHints":{"allow":["GET"]}}],"collection":[{"href":"https:\/\/bestpeanutmachine.com\/vi\/wp-json\/wp\/v2\/pages"}],"about":[{"href":"https:\/\/bestpeanutmachine.com\/vi\/wp-json\/wp\/v2\/types\/page"}],"author":[{"embeddable":true,"href":"https:\/\/bestpeanutmachine.com\/vi\/wp-json\/wp\/v2\/users\/1"}],"replies":[{"embeddable":true,"href":"https:\/\/bestpeanutmachine.com\/vi\/wp-json\/wp\/v2\/comments?post=13"}],"version-history":[{"count":0,"href":"https:\/\/bestpeanutmachine.com\/vi\/wp-json\/wp\/v2\/pages\/13\/revisions"}],"wp:attachment":[{"href":"https:\/\/bestpeanutmachine.com\/vi\/wp-json\/wp\/v2\/media?parent=13"}],"curies":[{"name":"wp","href":"https:\/\/api.w.org\/{rel}","templated":true}]}}