{"id":16,"date":"2022-08-24T10:28:09","date_gmt":"2022-08-24T10:28:09","guid":{"rendered":"https:\/\/bestpeanutmachine.com\/?page_id=16"},"modified":"2025-08-20T16:04:41","modified_gmt":"2025-08-20T08:04:41","slug":"contact","status":"publish","type":"page","link":"https:\/\/bestpeanutmachine.com\/vi\/contact\/","title":{"rendered":"Li\u00ean h\u1ec7"},"content":{"rendered":"<h2 class=\"wp-block-heading\" id=\"h-ready-to-start-your-peanut-processing-business\">S\u1eb5n s\u00e0ng \u0111\u1ec3 b\u1eaft \u0111\u1ea7u kinh doanh ch\u1ebf bi\u1ebfn \u0111\u1eadu ph\u1ed9ng c\u1ee7a b\u1ea1n? <\/h2>    <p>Taizy Machinery Co., Ltd l\u00e0 nh\u00e0 s\u1ea3n xu\u1ea5t v\u00e0 xu\u1ea5t kh\u1ea9u m\u00e1y m\u00f3c chuy\u00ean nghi\u1ec7p v\u1ec1 \u0111\u1eadu ph\u1ed9ng. Ch\u00fang t\u00f4i l\u00e0 m\u1ed9t c\u00f4ng ty l\u1edbn chuy\u00ean thi\u1ebft k\u1ebf, nghi\u00ean c\u1ee9u, s\u1ea3n xu\u1ea5t v\u00e0 ti\u1ebfp th\u1ecb c\u00e1c lo\u1ea1i m\u00e1y l\u00e0m \u0111\u1eadu ph\u1ed9ng kh\u00e1c nhau. B\u00ean c\u1ea1nh \u0111\u00f3, ch\u00fang t\u00f4i c\u00f3 \u0111\u1ed9i ng\u0169 nh\u00e2n vi\u00ean c\u00f3 tay ngh\u1ec1 cao \u0111\u1ec3 \u0111\u1ea3m b\u1ea3o ch\u1ea5t l\u01b0\u1ee3ng t\u1ed1t, giao h\u00e0ng nhanh v\u00e0 ho\u1ea1t \u0111\u1ed9ng \u1ed5n \u0111\u1ecbnh c\u1ee7a m\u00e1y m\u00f3c. M\u1ed9t m\u1ee9c gi\u00e1 ph\u1ea3i ch\u0103ng c\u00f3 s\u1eb5n. <\/p>    <div class=\"wp-block-columns is-layout-flex wp-container-core-columns-is-layout-9d6595d7 wp-block-columns-is-layout-flex\"> <div class=\"wp-block-column is-layout-flow wp-block-column-is-layout-flow\"> <div class=\"wp-block-columns is-layout-flex wp-container-core-columns-is-layout-9d6595d7 wp-block-columns-is-layout-flex\"> <div class=\"wp-block-column is-layout-flow wp-block-column-is-layout-flow\"> <figure class=\"wp-block-image size-large\"><img decoding=\"async\" src=\"https:\/\/charcoalplant.com\/wp-content\/uploads\/2022\/03\/smartphone.png\" alt=\"\"\/><\/figure>    <p>+86 17703863868<\/p> <\/div>    <div class=\"wp-block-column is-layout-flow wp-block-column-is-layout-flow\"> <figure class=\"wp-block-image size-large\"><img decoding=\"async\" src=\"https:\/\/charcoalplant.com\/wp-content\/uploads\/2022\/03\/email.png\" alt=\"\"\/><\/figure>    <p>info@bestpeanutmachine.com<\/p> <\/div> <\/div> <\/div>    <div class=\"wp-block-column is-layout-flow wp-block-column-is-layout-flow\"> <div class=\"wp-block-columns is-layout-flex wp-container-core-columns-is-layout-9d6595d7 wp-block-columns-is-layout-flex\"> <div class=\"wp-block-column is-layout-flow wp-block-column-is-layout-flow\"> <figure class=\"wp-block-image size-large\"><img decoding=\"async\" src=\"https:\/\/charcoalplant.com\/wp-content\/uploads\/2022\/03\/whatsapp.png\" alt=\"\"\/><\/figure>    <p>+86 17703863868<\/p> <\/div>    <div class=\"wp-block-column is-layout-flow wp-block-column-is-layout-flow\"> <figure class=\"wp-block-image size-large\"><img decoding=\"async\" src=\"https:\/\/charcoalplant.com\/wp-content\/uploads\/2022\/03\/address.png\" alt=\"\"\/><\/figure>    <p>\u0110\u01b0\u1eddng H\u00e0ng H\u1ea3i ph\u00eda \u0110\u00f4ng, Khu ph\u00e1t tri\u1ec3n kinh t\u1ebf v\u00e0 c\u00f4ng ngh\u1ec7 Tr\u1ecbnh Ch\u00e2u, th\u00e0nh ph\u1ed1 Tr\u1ecbnh Ch\u00e2u, H\u00e0 Nam, Trung Qu\u1ed1c<\/p> <\/div> <\/div> <\/div> <\/div>","protected":false},"excerpt":{"rendered":"<p>Ready to start your peanut processing business? Taizy Machinery Co., Ltd is a professional peanut machinery manufacturer and exporter. We are a big company that integrated design, research, manufacturing, and marketing of various peanut machines. Besides, we have highly skilled staff to make sure the good quality, fast delivery, and stable performance of our machines. [&hellip;]<\/p>\n","protected":false},"author":1,"featured_media":0,"parent":0,"menu_order":0,"comment_status":"closed","ping_status":"closed","template":"","meta":{"footnotes":""},"class_list":["post-16","page","type-page","status-publish","hentry"],"_links":{"self":[{"href":"https:\/\/bestpeanutmachine.com\/vi\/wp-json\/wp\/v2\/pages\/16","targetHints":{"allow":["GET"]}}],"collection":[{"href":"https:\/\/bestpeanutmachine.com\/vi\/wp-json\/wp\/v2\/pages"}],"about":[{"href":"https:\/\/bestpeanutmachine.com\/vi\/wp-json\/wp\/v2\/types\/page"}],"author":[{"embeddable":true,"href":"https:\/\/bestpeanutmachine.com\/vi\/wp-json\/wp\/v2\/users\/1"}],"replies":[{"embeddable":true,"href":"https:\/\/bestpeanutmachine.com\/vi\/wp-json\/wp\/v2\/comments?post=16"}],"version-history":[{"count":0,"href":"https:\/\/bestpeanutmachine.com\/vi\/wp-json\/wp\/v2\/pages\/16\/revisions"}],"wp:attachment":[{"href":"https:\/\/bestpeanutmachine.com\/vi\/wp-json\/wp\/v2\/media?parent=16"}],"curies":[{"name":"wp","href":"https:\/\/api.w.org\/{rel}","templated":true}]}}