{"id":1003,"date":"2026-01-27T17:43:30","date_gmt":"2026-01-27T09:43:30","guid":{"rendered":"https:\/\/bestpeanutmachine.com\/?post_type=product&#038;p=1003"},"modified":"2026-01-28T17:57:06","modified_gmt":"2026-01-28T09:57:06","slug":"macadamia-opening-machine","status":"publish","type":"product","link":"https:\/\/bestpeanutmachine.com\/vi\/product\/macadamia-opening-machine\/","title":{"rendered":"M\u00e1y m\u1edf h\u1ea1t \u0111i\u1ec1u Macadamia"},"content":{"rendered":"<p class=\"translation-block\">M\u00e1y m\u1edf macadamia  d\u00f9ng \u0111\u1ec3 c\u1eaft t\u1ef1 \u0111\u1ed9ng h\u1ea1t macadamia tr\u01b0\u1edbc khi t\u00e1ch v\u1ecf ho\u1eb7c x\u1eed l\u00fd ti\u1ebfp theo. \u0110\u1ed9 s\u00e2u c\u1eaft c\u00f3 th\u1ec3 \u0111i\u1ec1u ch\u1ec9nh, v\u00e0 chi\u1ec1u r\u1ed9ng c\u1eaft t\u1ed1i \u0111a t\u1eeb 200 \u0111\u1ebfn 330 mm, v\u1edbi n\u0103ng su\u1ea5t c\u00f3 th\u1ec3 \u0111\u1ea1t 50-90 kg\/h.<\/p>    <figure class=\"wp-block-embed aligncenter is-type-video is-provider-youtube wp-block-embed-youtube wp-embed-aspect-16-9 wp-has-aspect-ratio\"><div class=\"wp-block-embed__wrapper\"> <iframe loading=\"lazy\" title=\"M\u00e1y m\u1edf macadamia t\u1ef1 \u0111\u1ed9ng ho\u00e0n to\u00e0n \u0111\u1ec3 t\u00e1ch v\u1ecf hi\u1ec7u qu\u1ea3 Li\u00ean h\u1ec7:  8617703863868\" width=\"500\" height=\"281\" src=\"https:\/\/www.youtube.com\/embed\/LX7ewMfcwro?feature=oembed\" frameborder=\"0\" allow=\"accelerometer; autoplay; clipboard-write; encrypted-media; gyroscope; picture-in-picture; web-share\" referrerpolicy=\"strict-origin-when-cross-origin\" allowfullscreen><\/iframe> <\/div><figcaption class=\"wp-element-caption\">ho\u1ea1t \u0111\u1ed9ng c\u1ee7a m\u00e1y m\u1edf macadamia<\/figcaption><\/figure>    <h2 class=\"wp-block-heading\"><strong>\u01afu \u0111i\u1ec3m ch\u00ednh c\u1ee7a m\u00e1y m\u1edf macadamia<\/strong><\/h2>    <ol class=\"wp-block-list\"> <li>M\u00e1y m\u1edf macadamia n\u00e0y c\u00f3 h\u1ec7 th\u1ed1ng v\u1eadn h\u00e0nh t\u1ef1 \u0111\u1ed9ng ho\u00e0n to\u00e0n, cho ph\u00e9p m\u1ed9t ng\u01b0\u1eddi ho\u00e0n th\u00e0nh t\u1ea5t c\u1ea3 c\u00f4ng vi\u1ec7c, gi\u1ea3m thi\u1ec3u chi ph\u00ed lao \u0111\u1ed9ng hi\u1ec7u qu\u1ea3.<\/li>    <li>Chi\u1ec1u s\u00e2u c\u1eaft v\u00e0 chi\u1ec1u r\u1ed9ng m\u1edf \u0111\u1ec1u c\u00f3 th\u1ec3 \u0111i\u1ec1u ch\u1ec9nh \u0111\u1ed9c l\u1eadp, ph\u00f9 h\u1ee3p v\u1edbi y\u00eau c\u1ea7u x\u1eed l\u00fd ti\u1ebfp theo.<\/li>    <li>\u0110\u1ed9 ch\u00ednh x\u00e1c cao trong t\u00e1ch v\u1ecf, v\u1edbi chi\u1ec1u s\u00e2u v\u00e0 chi\u1ec1u r\u1ed9ng m\u1edf nh\u1ea5t qu\u00e1n, cho ph\u00e9p b\u00e1n tr\u1ef1c ti\u1ebfp c\u00e1c h\u1ea1t.<\/li>    <li>C\u00f3 th\u1ec3 n\u00e2ng cao hi\u1ec7u qu\u1ea3 t\u00e1ch v\u1ecf v\u00e0 chu\u1ea9n b\u1ecb h\u1ea1t cho x\u1eed l\u00fd ti\u1ebfp theo, duy tr\u00ec to\u00e0n v\u1eb9n l\u00f5i.<\/li> <\/ol>   <div class=\"wp-block-image\"> <figure class=\"aligncenter size-full\"><img loading=\"lazy\" decoding=\"async\" width=\"720\" height=\"540\" src=\"https:\/\/bestpeanutmachine.com\/wp-content\/uploads\/2026\/01\/XGKK-21-macadamia-opener.webp\" alt=\"XGKK-21 m\u00e1y m\u1edf macadamia\" class=\"wp-image-1013\" srcset=\"https:\/\/bestpeanutmachine.com\/wp-content\/uploads\/2026\/01\/XGKK-21-macadamia-opener.webp 720w, https:\/\/bestpeanutmachine.com\/wp-content\/uploads\/2026\/01\/XGKK-21-macadamia-opener-300x225.webp 300w, https:\/\/bestpeanutmachine.com\/wp-content\/uploads\/2026\/01\/XGKK-21-macadamia-opener-16x12.webp 16w\" sizes=\"auto, (max-width: 720px) 100vw, 720px\" \/><figcaption class=\"wp-element-caption\">XGKK-21 m\u00e1y m\u1edf macadamia<\/figcaption><\/figure> <\/div>   <h2 class=\"wp-block-heading\"><strong>Nguy\u00ean l\u00fd ho\u1ea1t \u0111\u1ed9ng c\u1ee7a m\u00e1y m\u1edf macadamia th\u01b0\u01a1ng m\u1ea1i<\/strong><\/h2>    <ol class=\"wp-block-list\"> <li><strong>\u0110i\u1ec1u ch\u1ec9nh<\/strong>: \u0110\u1ed9 s\u00e2u c\u1eaft, g\u00f3c c\u1eaft v\u00e0 t\u1ed1c \u0111\u1ed9 \u0111\u01b0\u1ee3c \u0111i\u1ec1u ch\u1ec9nh tr\u01b0\u1edbc theo k\u00edch c\u1ee1 h\u1ea1t.<\/li>    <li><strong>Cho \u0103n<\/strong>: H\u1ea1t macadamia \u0111\u01b0\u1ee3c \u0111\u01b0a v\u00e0o m\u00e1y qua c\u1eeda c\u1ea5p li\u1ec7u (c\u00f3 th\u1ec3 d\u00f9ng thang m\u00e1y \u0111\u1ec3 c\u1ea5p li\u1ec7u t\u1ef1 \u0111\u1ed9ng).<\/li>    <li><strong>V\u1ecb tr\u00ed<\/strong>: C\u00e1c h\u1ea1t \u0111\u01b0\u1ee3c c\u1ed1 \u0111\u1ecbnh v\u00e0 c\u0103n ch\u1ec9nh ch\u00ednh x\u00e1c \u0111\u1ec3 c\u1eaft.<\/li>    <li><strong>C\u1eaft<\/strong>: M\u1eabu ti\u00eau chu\u1ea9n s\u1eed d\u1ee5ng l\u01b0\u1ee1i c\u1eaft kh\u00ed n\u00e9n \u0111\u1ec3 th\u1ef1c hi\u1ec7n c\u1eaft tr\u00f2n 360\u00b0 tr\u00ean v\u1ecf h\u1ea1t.<\/li>    <li><strong>X\u1ea3<\/strong>: C\u00e1c h\u1ea1t \u0111\u00e3 t\u00e1ch v\u1ecf tr\u01b0\u1edbc s\u1ebd \u0111\u01b0\u1ee3c x\u1ea3 ra, v\u00e0 macadamia \u0111\u00e3 qua x\u1eed l\u00fd s\u1ebd \u0111\u01b0\u1ee3c thu th\u1eadp t\u1ea1i c\u1eeda ra.<\/li> <\/ol>    <h2 class=\"wp-block-heading\"><strong>C\u00e1c lo\u1ea1i v\u00e0 th\u00f4ng s\u1ed1 c\u1ee7a m\u00e1y m\u1edf macadamia<\/strong><\/h2>    <figure class=\"wp-block-table\"><table class=\"has-fixed-layout\"><tbody><tr><td>Ng\u01b0\u1eddi m\u1eabu<\/td><td class=\"has-text-align-center\" data-align=\"center\">XGKK-10 <\/td><td class=\"has-text-align-center\" data-align=\"center\">XGKK-21<\/td><\/tr><tr><td>Ngu\u1ed3n \u0111i\u1ec7n<\/td><td class=\"has-text-align-center\" data-align=\"center\">220V \/ 50Hz, M\u1ed9t pha<\/td><td class=\"has-text-align-center\" data-align=\"center\">380V \/ 50Hz, Ba pha<\/td><\/tr><tr><td>C\u00f4ng su\u1ea5t \u0111\u1ed9ng c\u01a1 ch\u00ednh<\/td><td class=\"has-text-align-center\" data-align=\"center\">2.2 kW<\/td><td class=\"has-text-align-center\" data-align=\"center\">3 kW<\/td><\/tr><tr><td>Dung t\u00edch<\/td><td class=\"has-text-align-center\" data-align=\"center\">50 kg\/h<\/td><td class=\"has-text-align-center\" data-align=\"center\">90 kg\/h<\/td><\/tr><tr><td>C\u00e2n n\u1eb7ng<\/td><td class=\"has-text-align-center\" data-align=\"center\">250 kg<\/td><td class=\"has-text-align-center\" data-align=\"center\">500 kg<\/td><\/tr><tr><td>K\u00edch th\u01b0\u1edbc m\u00e1y<\/td><td class=\"has-text-align-center\" data-align=\"center\">1200 \u00d7 700 \u00d7 1100 mm<\/td><td class=\"has-text-align-center\" data-align=\"center\">1500 \u00d7 950 \u00d7 1150 mm<\/td><\/tr><tr><td>K\u00edch th\u01b0\u1edbc \u0111\u00f3ng g\u00f3i<\/td><td class=\"has-text-align-center\" data-align=\"center\">1350 \u00d7 850 \u00d7 1300 mm<\/td><td class=\"has-text-align-center\" data-align=\"center\">1650 \u00d7 1100 \u00d7 1350 mm<\/td><\/tr><\/tbody><\/table><figcaption class=\"wp-element-caption\">chi ti\u1ebft k\u1ef9 thu\u1eadt c\u1ee7a m\u00e1y c\u1eaft l\u00e1t macadamia<\/figcaption><\/figure>    <p>XGKK-10 s\u1eed d\u1ee5ng truy\u1ec1n \u0111\u1ed9ng kh\u00ed n\u00e9n, k\u1ebft h\u1ee3p \u00e1p l\u1ef1c kh\u00ed v\u00e0 \u0111i\u1ec1u khi\u1ec3n c\u01a1 kh\u00ed. N\u00f3 c\u00f3 di\u1ec7n t\u00edch nh\u1ecf v\u00e0 ph\u00f9 h\u1ee3p cho c\u00e1c nh\u00e0 ch\u1ebf bi\u1ebfn h\u1ea1t macadamia c\u00f3 y\u00eau c\u1ea7u s\u1ea3n xu\u1ea5t th\u1ea5p v\u00e0 c\u1ea7n x\u1eed l\u00fd s\u01a1 b\u1ed9 \u0111\u01a1n gi\u1ea3n.<\/p>    <figure class=\"wp-block-gallery has-nested-images columns-default is-cropped wp-block-gallery-2 is-layout-flex wp-block-gallery-is-layout-flex\"> <figure class=\"wp-block-image size-large\"><img loading=\"lazy\" decoding=\"async\" width=\"540\" height=\"720\" data-id=\"1008\" src=\"https:\/\/bestpeanutmachine.com\/wp-content\/uploads\/2026\/01\/cost-effective-macadamia-opening-machine.webp\" alt=\"m\u00e1y m\u1edf h\u1ea1t macadamia ti\u1ebft ki\u1ec7m chi ph\u00ed\" class=\"wp-image-1008\" srcset=\"https:\/\/bestpeanutmachine.com\/wp-content\/uploads\/2026\/01\/cost-effective-macadamia-opening-machine.webp 540w, https:\/\/bestpeanutmachine.com\/wp-content\/uploads\/2026\/01\/cost-effective-macadamia-opening-machine-225x300.webp 225w, https:\/\/bestpeanutmachine.com\/wp-content\/uploads\/2026\/01\/cost-effective-macadamia-opening-machine-9x12.webp 9w\" sizes=\"auto, (max-width: 540px) 100vw, 540px\" \/><figcaption class=\"wp-element-caption\">m\u00e1y m\u1edf h\u1ea1t macadamia ti\u1ebft ki\u1ec7m chi ph\u00ed<\/figcaption><\/figure>    <figure class=\"wp-block-image size-large\"><img loading=\"lazy\" decoding=\"async\" width=\"540\" height=\"720\" data-id=\"1009\" src=\"https:\/\/bestpeanutmachine.com\/wp-content\/uploads\/2026\/01\/industrial-macadamia-slitting-machine.webp\" alt=\"m\u00e1y c\u1eaft l\u00e1t macadamia c\u00f4ng nghi\u1ec7p\" class=\"wp-image-1009\" srcset=\"https:\/\/bestpeanutmachine.com\/wp-content\/uploads\/2026\/01\/industrial-macadamia-slitting-machine.webp 540w, https:\/\/bestpeanutmachine.com\/wp-content\/uploads\/2026\/01\/industrial-macadamia-slitting-machine-225x300.webp 225w, https:\/\/bestpeanutmachine.com\/wp-content\/uploads\/2026\/01\/industrial-macadamia-slitting-machine-9x12.webp 9w\" sizes=\"auto, (max-width: 540px) 100vw, 540px\" \/><figcaption class=\"wp-element-caption\">m\u00e1y c\u1eaft l\u00e1t macadamia c\u00f4ng nghi\u1ec7p<\/figcaption><\/figure> <\/figure>    <p>XGKK-21 s\u1eed d\u1ee5ng h\u1ec7 th\u1ed1ng lai \u0111i\u1ec7n c\u01a1 ti\u00ean ti\u1ebfn, \u00e1p d\u1ee5ng c\u00e1c ch\u01b0\u01a1ng tr\u00ecnh \u0111i\u1ec1u khi\u1ec3n t\u1ef1 \u0111\u1ed9ng \u0111\u1ec3 x\u1eed l\u00fd ch\u00ednh x\u00e1c. N\u00f3 cung c\u1ea5p hi\u1ec7u qu\u1ea3 x\u1eed l\u00fd cao h\u01a1n v\u00e0 s\u1ea3n l\u01b0\u1ee3ng l\u1edbn h\u01a1n, v\u00e0 c\u00f3 th\u1ec3 t\u00edch h\u1ee3p v\u00e0o d\u00e2y chuy\u1ec1n s\u1ea3n xu\u1ea5t \u0111\u1ec3 n\u00e2ng c\u1ea5p d\u00e2y chuy\u1ec1n.<\/p>    <figure class=\"wp-block-gallery has-nested-images columns-default is-cropped wp-block-gallery-3 is-layout-flex wp-block-gallery-is-layout-flex\"> <figure class=\"wp-block-image size-large\"><img loading=\"lazy\" decoding=\"async\" width=\"720\" height=\"540\" data-id=\"1011\" src=\"https:\/\/bestpeanutmachine.com\/wp-content\/uploads\/2026\/01\/commercial-macadamia-opening-equipment.webp\" alt=\"thi\u1ebft b\u1ecb m\u1edf macadamia th\u01b0\u01a1ng m\u1ea1i\" class=\"wp-image-1011\" srcset=\"https:\/\/bestpeanutmachine.com\/wp-content\/uploads\/2026\/01\/commercial-macadamia-opening-equipment.webp 720w, https:\/\/bestpeanutmachine.com\/wp-content\/uploads\/2026\/01\/commercial-macadamia-opening-equipment-300x225.webp 300w, https:\/\/bestpeanutmachine.com\/wp-content\/uploads\/2026\/01\/commercial-macadamia-opening-equipment-16x12.webp 16w\" sizes=\"auto, (max-width: 720px) 100vw, 720px\" \/><figcaption class=\"wp-element-caption\">thi\u1ebft b\u1ecb m\u1edf macadamia th\u01b0\u01a1ng m\u1ea1i<\/figcaption><\/figure>    <figure class=\"wp-block-image size-large\"><img loading=\"lazy\" decoding=\"async\" width=\"720\" height=\"540\" data-id=\"1010\" src=\"https:\/\/bestpeanutmachine.com\/wp-content\/uploads\/2026\/01\/macadamia-cutting-open-machine.webp\" alt=\"m\u00e1y c\u1eaft m\u1edf h\u1ea1t macadamia\" class=\"wp-image-1010\" srcset=\"https:\/\/bestpeanutmachine.com\/wp-content\/uploads\/2026\/01\/macadamia-cutting-open-machine.webp 720w, https:\/\/bestpeanutmachine.com\/wp-content\/uploads\/2026\/01\/macadamia-cutting-open-machine-300x225.webp 300w, https:\/\/bestpeanutmachine.com\/wp-content\/uploads\/2026\/01\/macadamia-cutting-open-machine-16x12.webp 16w\" sizes=\"auto, (max-width: 720px) 100vw, 720px\" \/><figcaption class=\"wp-element-caption\">m\u00e1y c\u1eaft m\u1edf h\u1ea1t macadamia<\/figcaption><\/figure> <\/figure>    <p>If you&#8217;re unsure which machine is best suited for your needs, please contact us and provide details about your raw materials and requirements. Our professional sales team will recommend the most suitable machine for you.<\/p>    <h2 class=\"wp-block-heading\"><strong>\u1ee8ng d\u1ee5ng c\u1ee7a thi\u1ebft b\u1ecb m\u1edf macadamia t\u1ef1 \u0111\u1ed9ng<\/strong><\/h2>    <p>M\u00e1y c\u1eaft l\u00e1t h\u1ea1t macadamia \u0111\u01b0\u1ee3c s\u1eed d\u1ee5ng r\u1ed9ng r\u00e3i trong c\u00e1c nh\u00e0 m\u00e1y ch\u1ebf bi\u1ebfn h\u1ea1t macadamia s\u01a1 c\u1ea5p v\u00e0 c\u00e1c nh\u00e0 m\u00e1y xu\u1ea5t kh\u1ea9u, ph\u00e2n lo\u1ea1i h\u1ea1t. M\u00e1y ch\u1ebf bi\u1ebfn c\u01a1 b\u1ea3n n\u00e0y l\u00fd t\u01b0\u1edfng cho c\u00e1c trang tr\u1ea1i macadamia c\u00f3 c\u01a1 s\u1edf ch\u1ebf bi\u1ebfn t\u1ea1i ch\u1ed7, gi\u00fap h\u1ecd ho\u00e0n th\u00e0nh x\u1eed l\u00fd ban \u0111\u1ea7u v\u00e0 \u0111\u1ea1t \u0111\u01b0\u1ee3c gi\u00e1 mua cao h\u01a1n.<\/p>    <p>H\u01a1n n\u1eefa, c\u00e1c m\u00e1y m\u1edf macadamia c\u1ee7a ch\u00fang t\u00f4i c\u0169ng ph\u00f9 h\u1ee3p cho c\u00e1c nh\u00e0 ch\u1ebf bi\u1ebfn nh\u1ecf v\u00e0 v\u1eeba, v\u00e0 c\u00e1c d\u00e2y chuy\u1ec1n ch\u1ebf bi\u1ebfn h\u1ea1t macadamia c\u00f4ng nghi\u1ec7p quy m\u00f4 l\u1edbn, v\u00e0 c\u00f3 th\u1ec3 t\u00edch h\u1ee3p v\u1edbi thi\u1ebft b\u1ecb t\u00e1ch v\u1ecf, ph\u00e2n lo\u1ea1i, \u0111\u00f3ng g\u00f3i.<\/p>    <p>H\u1ea1t macadamia \u0111\u00e3 b\u1ecb n\u1ee9t v\u1ee1 \u00edt c\u00f3 kh\u1ea3 n\u0103ng b\u1ecb h\u01b0 h\u1ecfng trong qu\u00e1 tr\u00ecnh t\u00e1ch v\u1ecf, d\u1eabn \u0111\u1ebfn hi\u1ec7u qu\u1ea3 x\u1eed l\u00fd cao h\u01a1n. <\/p>    <figure class=\"wp-block-gallery has-nested-images columns-default is-cropped wp-block-gallery-4 is-layout-flex wp-block-gallery-is-layout-flex\"> <figure class=\"wp-block-image size-large\"><img loading=\"lazy\" decoding=\"async\" width=\"720\" height=\"540\" data-id=\"1014\" src=\"https:\/\/bestpeanutmachine.com\/wp-content\/uploads\/2026\/01\/macadamia-nuts-with-slits.webp\" alt=\"h\u1ea1t macadamia c\u00f3 khe\" class=\"wp-image-1014\" srcset=\"https:\/\/bestpeanutmachine.com\/wp-content\/uploads\/2026\/01\/macadamia-nuts-with-slits.webp 720w, https:\/\/bestpeanutmachine.com\/wp-content\/uploads\/2026\/01\/macadamia-nuts-with-slits-300x225.webp 300w, https:\/\/bestpeanutmachine.com\/wp-content\/uploads\/2026\/01\/macadamia-nuts-with-slits-16x12.webp 16w\" sizes=\"auto, (max-width: 720px) 100vw, 720px\" \/><figcaption class=\"wp-element-caption\">h\u1ea1t macadamia c\u00f3 khe<\/figcaption><\/figure>    <figure class=\"wp-block-image size-large\"><img loading=\"lazy\" decoding=\"async\" width=\"720\" height=\"540\" data-id=\"1015\" src=\"https:\/\/bestpeanutmachine.com\/wp-content\/uploads\/2026\/01\/shelled-macadamia-nuts.webp\" alt=\"h\u1ea1t macadamia \u0111\u00e3 t\u00e1ch v\u1ecf\" class=\"wp-image-1015\" srcset=\"https:\/\/bestpeanutmachine.com\/wp-content\/uploads\/2026\/01\/shelled-macadamia-nuts.webp 720w, https:\/\/bestpeanutmachine.com\/wp-content\/uploads\/2026\/01\/shelled-macadamia-nuts-300x225.webp 300w, https:\/\/bestpeanutmachine.com\/wp-content\/uploads\/2026\/01\/shelled-macadamia-nuts-16x12.webp 16w\" sizes=\"auto, (max-width: 720px) 100vw, 720px\" \/><figcaption class=\"wp-element-caption\">h\u1ea1t macadamia \u0111\u00e3 t\u00e1ch v\u1ecf<\/figcaption><\/figure> <\/figure>    <h2 class=\"wp-block-heading\"><strong>C\u00e2u h\u1ecfi th\u01b0\u1eddng g\u1eb7p \u2013 M\u00e1y m\u1edf h\u1ea1t macadamia<\/strong><\/h2>   <div id=\"rank-math-faq\" class=\"rank-math-block\"> <div class=\"rank-math-list\"> <div id=\"faq-question-1769482612140\" class=\"rank-math-list-item\"> <h3 class=\"rank-math-question\"><strong>M\u1ee5c \u0111\u00edch c\u1ee7a vi\u1ec7c m\u1edf h\u1ea1t macadamia tr\u01b0\u1edbc khi t\u00e1ch v\u1ecf l\u00e0 g\u00ec?<\/strong><\/h3> <div class=\"rank-math-answer\">  <p>M\u1edf tr\u01b0\u1edbc t\u1ea1o ra r\u00e3nh ki\u1ec3m so\u00e1t gi\u00fap d\u1ec5 d\u00e0ng, nhanh h\u01a1n v\u00e0 an to\u00e0n h\u01a1n cho l\u00f5i.<\/p>  <\/div> <\/div> <div id=\"faq-question-1769482653015\" class=\"rank-math-list-item\"> <h3 class=\"rank-math-question\"><strong>M\u1ed9t m\u00e1y c\u00f3 th\u1ec3 x\u1eed l\u00fd c\u00e1c k\u00edch c\u1ee1 h\u1ea1t macadamia kh\u00e1c nhau kh\u00f4ng?<\/strong><\/h3> <div class=\"rank-math-answer\">  <p>V\u00e2ng, \u0111\u1ed9 s\u00e2u c\u1eaft v\u00e0 g\u00f3c c\u1eaft c\u00f3 th\u1ec3 \u0111i\u1ec1u ch\u1ec9nh \u0111\u1ec3 ph\u00f9 h\u1ee3p v\u1edbi c\u00e1c k\u00edch c\u1ee1 h\u1ea1t macadamia kh\u00e1c nhau.<\/p>  <\/div> <\/div> <div id=\"faq-question-1769482696834\" class=\"rank-math-list-item\"> <h3 class=\"rank-math-question\"><strong>T\u1ea1i sao s\u1eed d\u1ee5ng m\u00e1y c\u1eaft tr\u00f2n?<\/strong><\/h3> <div class=\"rank-math-answer\">  <p>Thi\u1ebft k\u1ebf c\u1eaft tr\u00f2n ph\u00e2n b\u1ed5 l\u1ef1c \u0111\u1ec1u, gi\u1ea3m \u0111\u00e1ng k\u1ec3 h\u01b0 h\u1ecfng l\u00f5i trong qu\u00e1 tr\u00ecnh c\u1eaft.<\/p>  <\/div> <\/div> <div id=\"faq-question-1769482868664\" class=\"rank-math-list-item\"> <h3 class=\"rank-math-question\"><strong>Chi\u1ec1u m\u1edf t\u1ed1i \u0111a c\u1ee7a m\u00e1y l\u00e0 bao nhi\u00eau?<\/strong><\/h3> <div class=\"rank-math-answer\">  <p>XGKK-10: \u0111i\u1ec1u ch\u1ec9nh l\u00ean \u0111\u1ebfn 200 \u0111\u1ed9<br \/>XGKK-21: \u0111i\u1ec1u ch\u1ec9nh l\u00ean \u0111\u1ebfn 330 \u0111\u1ed9<\/p>  <\/div> <\/div> <\/div> <\/div>  <div class=\"wp-block-image\"> <figure class=\"aligncenter size-large\"><img loading=\"lazy\" decoding=\"async\" width=\"1024\" height=\"846\" src=\"https:\/\/bestpeanutmachine.com\/wp-content\/uploads\/2026\/01\/XGKK-10-macadamia-slitting-machine-1024x846.webp\" alt=\"XGKK-10 m\u00e1y c\u1eaft l\u00e1t macadamia\" class=\"wp-image-1012\" srcset=\"https:\/\/bestpeanutmachine.com\/wp-content\/uploads\/2026\/01\/XGKK-10-macadamia-slitting-machine-1024x846.webp 1024w, https:\/\/bestpeanutmachine.com\/wp-content\/uploads\/2026\/01\/XGKK-10-macadamia-slitting-machine-300x248.webp 300w, https:\/\/bestpeanutmachine.com\/wp-content\/uploads\/2026\/01\/XGKK-10-macadamia-slitting-machine-768x634.webp 768w, https:\/\/bestpeanutmachine.com\/wp-content\/uploads\/2026\/01\/XGKK-10-macadamia-slitting-machine-15x12.webp 15w, https:\/\/bestpeanutmachine.com\/wp-content\/uploads\/2026\/01\/XGKK-10-macadamia-slitting-machine.webp 1080w\" sizes=\"auto, (max-width: 1024px) 100vw, 1024px\" \/><figcaption class=\"wp-element-caption\">XGKK-10 m\u00e1y c\u1eaft l\u00e1t macadamia<\/figcaption><\/figure> <\/div>   <p>M\u00e1y m\u1edf macadamia l\u00e0 thi\u1ebft b\u1ecb thi\u1ebft y\u1ebfu trong ch\u1ebf bi\u1ebfn h\u1ea1t macadamia hi\u1ec7n \u0111\u1ea1i. N\u1ebfu b\u1ea1n d\u1ef1 \u0111\u1ecbnh x\u00e2y d\u1ef1ng ho\u1eb7c n\u00e2ng c\u1ea5p d\u00e2y chuy\u1ec1n ch\u1ebf bi\u1ebfn h\u1ea1t macadamia, vi\u1ec7c ch\u1ecdn \u0111\u00fang m\u00e1y n\u1ee9t v\u1ee1 h\u1ea1t macadamia l\u00e0 b\u01b0\u1edbc quan tr\u1ecdng \u0111\u1ec3 n\u00e2ng cao hi\u1ec7u qu\u1ea3 v\u00e0 n\u00e2ng cao ch\u1ea5t l\u01b0\u1ee3ng s\u1ea3n ph\u1ea9m.<\/p>    <p>Li\u00ean h\u1ec7 v\u1edbi ch\u00fang t\u00f4i, v\u00e0 \u0111\u1ec3 Taizy gi\u00fap b\u1ea1n thi\u1ebft k\u1ebf gi\u1ea3i ph\u00e1p s\u1ea3n xu\u1ea5t ch\u1ebf bi\u1ebfn h\u1ea1t ph\u00f9 h\u1ee3p nh\u1ea5t!<\/p>    <p>Thi\u1ebft b\u1ecb li\u00ean quan c\u1ee7a macadamia: <\/p>    <ul class=\"wp-block-list\"> <li><a href=\"https:\/\/bestpeanutmachine.com\/vi\/product\/2-3t-h-hazelnut-almond-shelling-line\/\">D\u00e2y chuy\u1ec1n t\u00e1ch v\u1ecf macadamia<\/a><\/li>    <li><a href=\"https:\/\/bestpeanutmachine.com\/vi\/product\/nut-sorting-machine-for-almonds\/\">M\u00e1y ph\u00e2n lo\u1ea1i h\u1ea1t<\/a><\/li>    <li><a href=\"https:\/\/bestpeanutmachine.com\/vi\/product\/nut-chopping-machine\/\">M\u00e1y ch\u1eb7t h\u1ea1t<\/a><\/li> <\/ul>","protected":false},"excerpt":{"rendered":"<p>This professional nut cracking machine, specifically designed for automatically cracking macadamia nuts, features adjustable cracking depth and high processing efficiency, helping to reduce kernel damage and improve the production efficiency of macadamia nut processing lines.<\/p>","protected":false},"author":1,"featured_media":1017,"parent":0,"template":"","tags":[77,84],"product-type":[76,6],"class_list":["post-1003","product","type-product","status-publish","has-post-thumbnail","hentry","tag-almond","tag-macadamia","product-type-other-nuts-machine","product-type-product"],"_links":{"self":[{"href":"https:\/\/bestpeanutmachine.com\/vi\/wp-json\/wp\/v2\/product\/1003","targetHints":{"allow":["GET"]}}],"collection":[{"href":"https:\/\/bestpeanutmachine.com\/vi\/wp-json\/wp\/v2\/product"}],"about":[{"href":"https:\/\/bestpeanutmachine.com\/vi\/wp-json\/wp\/v2\/types\/product"}],"author":[{"embeddable":true,"href":"https:\/\/bestpeanutmachine.com\/vi\/wp-json\/wp\/v2\/users\/1"}],"wp:featuredmedia":[{"embeddable":true,"href":"https:\/\/bestpeanutmachine.com\/vi\/wp-json\/wp\/v2\/media\/1017"}],"wp:attachment":[{"href":"https:\/\/bestpeanutmachine.com\/vi\/wp-json\/wp\/v2\/media?parent=1003"}],"wp:term":[{"taxonomy":"post_tag","embeddable":true,"href":"https:\/\/bestpeanutmachine.com\/vi\/wp-json\/wp\/v2\/tags?post=1003"},{"taxonomy":"product-type","embeddable":true,"href":"https:\/\/bestpeanutmachine.com\/vi\/wp-json\/wp\/v2\/product-type?post=1003"}],"curies":[{"name":"wp","href":"https:\/\/api.w.org\/{rel}","templated":true}]}}