{"id":1112,"date":"2026-02-06T14:19:53","date_gmt":"2026-02-06T06:19:53","guid":{"rendered":"https:\/\/bestpeanutmachine.com\/?post_type=product&#038;p=1112"},"modified":"2026-02-10T17:59:05","modified_gmt":"2026-02-10T09:59:05","slug":"oil-extraction-machine-nut-opressing","status":"publish","type":"product","link":"https:\/\/bestpeanutmachine.com\/vi\/product\/oil-extraction-machine-nut-opressing\/","title":{"rendered":"M\u00e1y chi\u1ebft d\u1ea7u th\u1ee7y l\u1ef1c \u00e1p su\u1ea5t cao"},"content":{"rendered":"<p class=\"translation-block\">M\u00e1y \u00e9p d\u1ea7u  s\u1eed d\u1ee5ng ph\u01b0\u01a1ng ph\u00e1p \u00e9p ho\u00e0n to\u00e0n b\u1eb1ng ph\u01b0\u01a1ng ph\u00e1p v\u1eadt l\u00fd, c\u00f3 th\u1ec3 \u00e9p l\u1ea1nh h\u1ea1t m\u00e8 v\u00e0 ng\u00f4 c\u0169ng nh\u01b0 \u00e9p n\u00f3ng qu\u1ea3 \u00f3c ch\u00f3, \u00f4 liu v\u00e0 h\u1ea1t macadamia. M\u00e1y ho\u1ea1t \u0111\u1ed9ng \u1edf \u00e1p su\u1ea5t l\u00ean \u0111\u1ebfn 60 MPa, \u00e9p d\u1ea7u hi\u1ec7u qu\u1ea3 trong khi gi\u1eef l\u1ea1i d\u01b0\u1ee1ng ch\u1ea5t v\u00e0 h\u01b0\u01a1ng v\u1ecb.<\/p>    <p>S\u1ea3n l\u01b0\u1ee3ng theo gi\u1edd c\u1ee7a n\u00f3 dao \u0111\u1ed9ng t\u1eeb 12 \u0111\u1ebfn 180 kg t\u00f9y theo m\u00f4 h\u00ecnh, v\u1edbi nhi\u1ec7t \u0111\u1ed9 l\u00e0m n\u00f3ng c\u00f3 th\u1ec3 \u0111i\u1ec1u ch\u1ec9nh t\u1eeb 70\u2103 \u0111\u1ebfn 90\u2103. M\u00e1y \u00e9p d\u1ea7u l\u1ea1nh d\u1ec5 v\u1eadn h\u00e0nh v\u1edbi h\u01b0\u1edbng d\u1eabn s\u1eed d\u1ee5ng \u0111\u01a1n gi\u1ea3n. M\u1ed9t ng\u01b0\u1eddi c\u00f3 th\u1ec3 v\u1eadn h\u00e0nh 3-4 thi\u1ebft b\u1ecb c\u00f9ng l\u00fac.<\/p>    <figure class=\"wp-block-embed aligncenter is-type-video is-provider-youtube wp-block-embed-youtube wp-embed-aspect-16-9 wp-has-aspect-ratio\"><div class=\"wp-block-embed__wrapper\"> <iframe loading=\"lazy\" title=\"M\u00e1y \u00c9p D\u1ea7u \u00c1p L\u1ef1c Cao Cho H\u1ea1t, \u00d4 liu, D\u1ea7u Gia V\u1ecb!  8617703863868\" width=\"500\" height=\"281\" src=\"https:\/\/www.youtube.com\/embed\/JRrwClzesUs?feature=oembed\" frameborder=\"0\" allow=\"accelerometer; autoplay; clipboard-write; encrypted-media; gyroscope; picture-in-picture; web-share\" referrerpolicy=\"strict-origin-when-cross-origin\" allowfullscreen><\/iframe> <\/div><figcaption class=\"wp-element-caption\">video ho\u1ea1t \u0111\u1ed9ng c\u1ee7a m\u00e1y \u00e9p d\u1ea7u m\u00e8<\/figcaption><\/figure>    <h2 class=\"wp-block-heading\"><strong>\u01afu \u0111i\u1ec3m ch\u00ednh c\u1ee7a m\u00e1y chi\u1ebft xu\u1ea5t d\u1ea7u<\/strong><\/h2>    <ol class=\"wp-block-list\"> <li>M\u00e1y \u00e9p d\u1ea7u Taizy c\u00f3 t\u1ef7 l\u1ec7 chi\u1ebft xu\u1ea5t d\u1ea7u cao: 43%\u201347% v\u1edbi h\u1ea1t v\u1eebng v\u00e0 50%\u201360% v\u1edbi qu\u1ea3 \u00f3c ch\u00f3.<\/li>    <li>Ch\u1ea5t l\u01b0\u1ee3ng d\u1ea7u r\u1ea5t t\u1ed1t, s\u1eed d\u1ee5ng qu\u00e1 tr\u00ecnh \u00e9p l\u1ea1nh \u0111\u1ec3 t\u1ed1i \u0111a h\u00f3a vi\u1ec7c b\u1ea3o t\u1ed3n c\u00e1c d\u01b0\u1ee1ng ch\u1ea5t t\u1ef1 nhi\u00ean v\u00e0 h\u1ee3p ch\u1ea5t ho\u1ea1t t\u00ednh. N\u00f3 t\u1ea1o ra d\u1ea7u trong su\u1ed1t, \u00edt t\u1ea1p ch\u1ea5t v\u00e0 b\u00e3 d\u1ea7u c\u00f3 gi\u00e1 tr\u1ecb cao.<\/li>    <li>Trang b\u1ecb h\u1ec7 th\u1ed1ng \u00e1p l\u1ef1c si\u00eau cao, \u00e1p l\u1ef1c t\u1ed1i \u0111a c\u00f3 th\u1ec3 \u0111\u1ea1t 60 MPa, cung c\u1ea5p l\u1ef1c \u00e9p li\u00ean t\u1ee5c v\u00e0 \u1ed5n \u0111\u1ecbnh, ph\u00f9 h\u1ee3p cho c\u00e1c v\u1eadt li\u1ec7u d\u1ea7u c\u1ee9ng v\u00e0 m\u1ec1m.<\/li>    <li>C\u00f3 th\u1ec3 th\u1ef1c hi\u1ec7n \u0111\u1ed3ng th\u1eddi c\u1ea3 \u00e9p n\u00f3ng v\u00e0 \u00e9p l\u1ea1nh v\u1edbi ph\u1ea1m vi \u1ee9ng d\u1ee5ng r\u1ed9ng.<\/li>    <li>M\u00e1y chi\u1ebft xu\u1ea5t d\u1ea7u n\u00e0y s\u1eed d\u1ee5ng thi\u1ebft k\u1ebf c\u01a1 \u0111i\u1ec7n t\u1eed, c\u00f3 t\u1ef7 l\u1ec7 l\u1ed7i th\u1ea5p, t\u1ef1 \u0111\u1ed9ng h\u00f3a cao, c\u00f3 th\u1ec3 v\u1eadn h\u00e0nh b\u1edfi m\u1ed9t ng\u01b0\u1eddi.<\/li> <\/ol>   <div class=\"wp-block-image\"> <figure class=\"aligncenter size-full\"><img loading=\"lazy\" decoding=\"async\" width=\"720\" height=\"540\" src=\"https:\/\/bestpeanutmachine.com\/wp-content\/uploads\/2026\/02\/oil-press-machine.webp\" alt=\"m\u00e1y \u00e9p d\u1ea7u\" class=\"wp-image-1127\" srcset=\"https:\/\/bestpeanutmachine.com\/wp-content\/uploads\/2026\/02\/oil-press-machine.webp 720w, https:\/\/bestpeanutmachine.com\/wp-content\/uploads\/2026\/02\/oil-press-machine-300x225.webp 300w, https:\/\/bestpeanutmachine.com\/wp-content\/uploads\/2026\/02\/oil-press-machine-16x12.webp 16w\" sizes=\"auto, (max-width: 720px) 100vw, 720px\" \/><figcaption class=\"wp-element-caption\">m\u00e1y \u00e9p d\u1ea7u<\/figcaption><\/figure> <\/div>   <h2 class=\"wp-block-heading\"><strong>Nguy\u00ean l\u00fd ho\u1ea1t \u0111\u1ed9ng c\u1ee7a m\u00e1y chi\u1ebft xu\u1ea5t d\u1ea7u<\/strong><\/h2>    <p class=\"translation-block\">M\u00e1y chi\u1ebft xu\u1ea5t d\u1ea7u ho\u1ea1t \u0111\u1ed9ng d\u1ef1a tr\u00ean <strong>nguy\u00ean l\u00fd truy\u1ec1n t\u1ea3i \u00e1p l\u1ef1c t\u0129nh ch\u1ea5t l\u1ecfng<\/strong>. S\u1eed d\u1ee5ng d\u1ea7u th\u1ee7y l\u1ef1c l\u00e0m m\u00f4i tr\u01b0\u1eddng truy\u1ec1n \u00e1p l\u1ef1c, h\u1ec7 th\u1ed1ng th\u1ee7y l\u1ef1c si\u00eau cao \u00e1p \u00e1p d\u1ee5ng l\u1ef1c \u0111\u1ec1u l\u00ean v\u1eadt li\u1ec7u d\u1ea7u.<\/p>    <p class=\"translation-block\">H\u1ea1t gi\u1ed1ng d\u1ea7u \u0111\u01b0\u1ee3c chi\u1ebft xu\u1ea5t qua <strong>\u00e9p c\u01a1 h\u1ecdc thu\u1ea7n t\u00fay<\/strong>, t\u1ed1i \u0111a h\u00f3a vi\u1ec7c chi\u1ebft xu\u1ea5t d\u1ea7u t\u1ef1 nhi\u00ean m\u00e0 kh\u00f4ng c\u1ea7n th\u00eam b\u1ea5t k\u1ef3 ph\u1ee5 gia h\u00f3a h\u1ecdc n\u00e0o.<\/p>    <p class=\"translation-block\">The entire system consists of a <strong>hydraulic power unit and a sealed pressing chamber<\/strong>, forming a closed-loop hydraulic circuit. This ensures that the hydraulic oil circulates continuously within the system, significantly extending the machine&#8217;s lifespan.<\/p>    <p>H\u1ec7 th\u1ed1ng n\u00e0y cho ph\u00e9p m\u00e1y t\u1ef1 \u0111\u1ed9ng ki\u1ec3m so\u00e1t \u00e1p l\u1ef1c trong qu\u00e1 tr\u00ecnh v\u1eadn h\u00e0nh. Khi \u00e1p l\u1ef1c \u0111\u1ea1t 55\u201360 MPa, m\u00e1y t\u1ef1 \u0111\u1ed9ng d\u1eebng. Sau khi \u00e1p l\u1ef1c gi\u1ea3m, m\u00e1y t\u1ef1 \u0111\u1ed9ng kh\u1edfi \u0111\u1ed9ng l\u1ea1i, \u0111\u1ea3m b\u1ea3o qu\u00e1 tr\u00ecnh chi\u1ebft xu\u1ea5t d\u1ea7u hi\u1ec7u qu\u1ea3 v\u00e0 an to\u00e0n.<\/p>    <figure class=\"wp-block-gallery has-nested-images columns-default is-cropped wp-block-gallery-2 is-layout-flex wp-block-gallery-is-layout-flex\"> <figure class=\"wp-block-image size-large\"><img loading=\"lazy\" decoding=\"async\" width=\"720\" height=\"540\" data-id=\"1132\" src=\"https:\/\/bestpeanutmachine.com\/wp-content\/uploads\/2026\/02\/avocado-oil-press-machine.webp\" alt=\"m\u00e1y \u00e9p d\u1ea7u b\u01a1\" class=\"wp-image-1132\" srcset=\"https:\/\/bestpeanutmachine.com\/wp-content\/uploads\/2026\/02\/avocado-oil-press-machine.webp 720w, https:\/\/bestpeanutmachine.com\/wp-content\/uploads\/2026\/02\/avocado-oil-press-machine-300x225.webp 300w, https:\/\/bestpeanutmachine.com\/wp-content\/uploads\/2026\/02\/avocado-oil-press-machine-16x12.webp 16w\" sizes=\"auto, (max-width: 720px) 100vw, 720px\" \/><figcaption class=\"wp-element-caption\">m\u00e1y \u00e9p d\u1ea7u b\u01a1<\/figcaption><\/figure>    <figure class=\"wp-block-image size-large\"><img loading=\"lazy\" decoding=\"async\" width=\"720\" height=\"540\" data-id=\"1133\" src=\"https:\/\/bestpeanutmachine.com\/wp-content\/uploads\/2026\/02\/hydraulic-cold-press-oil-machine.webp\" alt=\"m\u00e1y \u00e9p d\u1ea7u l\u1ea1nh th\u1ee7y l\u1ef1c\" class=\"wp-image-1133\" srcset=\"https:\/\/bestpeanutmachine.com\/wp-content\/uploads\/2026\/02\/hydraulic-cold-press-oil-machine.webp 720w, https:\/\/bestpeanutmachine.com\/wp-content\/uploads\/2026\/02\/hydraulic-cold-press-oil-machine-300x225.webp 300w, https:\/\/bestpeanutmachine.com\/wp-content\/uploads\/2026\/02\/hydraulic-cold-press-oil-machine-16x12.webp 16w\" sizes=\"auto, (max-width: 720px) 100vw, 720px\" \/><figcaption class=\"wp-element-caption\">m\u00e1y \u00e9p d\u1ea7u l\u1ea1nh th\u1ee7y l\u1ef1c<\/figcaption><\/figure> <\/figure>    <h2 class=\"wp-block-heading\"><strong>L\u00e0m th\u1ebf n\u00e0o \u0111\u1ec3 s\u1eed d\u1ee5ng m\u00e1y \u00e9p d\u1ea7u?<\/strong><\/h2>    <p>B\u01b0\u1edbc 1: B\u1eadt ngu\u1ed3n v\u00e0 ki\u1ec3m tra \u0111\u00e8n b\u00e1o. (L\u1ea7n s\u1eed d\u1ee5ng \u0111\u1ea7u ti\u00ean, b\u1eadt t\u1eaft m\u00e1y 10 l\u1ea7n \u0111\u1ec3 x\u1ea3 kh\u00ed kh\u1ecfi h\u1ec7 th\u1ed1ng th\u1ee7y l\u1ef1c v\u00e0 \u0111\u1eb7t nhi\u1ec7t \u0111\u1ed9 l\u00e0m n\u00f3ng t\u1eeb 50\u201360\u00b0C.)<\/p>    <p>B\u01b0\u1edbc 2: C\u1ea9n th\u1eadn n\u00e2ng piston (kh\u00f4ng v\u01b0\u1ee3t qu\u00e1 chi\u1ec1u cao an to\u00e0n) v\u00e0 \u0111\u1eb7t mi\u1ebfng l\u1ecdc b\u00f4ng \u1edf d\u01b0\u1edbi c\u00f9ng.<br>Th\u00eam d\u1ea7u \u0111\u00e3 rang v\u00e0 \u0111\u1eb7t m\u1ed9t mi\u1ebfng b\u00f4ng v\u00e0 \u0111\u0129a \u00e9p kh\u00e1c.<\/p>    <p>B\u01b0\u1edbc 3: B\u1eadt m\u00e1y v\u00e0 b\u1eaft \u0111\u1ea7u \u00e9p. Sau 2\u20133 chu k\u1ef3 \u00e9p, th\u00e1o b\u00e3 d\u1ea7u v\u00e0 t\u1eeb t\u1eeb gi\u1ea3m \u00e1p su\u1ea5t.<\/p>    <p class=\"translation-block\"><strong>L\u01b0u \u00fd<\/strong>: Tr\u01b0\u1edbc khi b\u1eaft \u0111\u1ea7u chu k\u1ef3 ti\u1ebfp theo, h\u1ea1 piston ho\u00e0n to\u00e0n. T\u00fai l\u1ecdc d\u1ea7u th\u01b0\u1eddng c\u1ea7n thay sau v\u00e0i l\u1ea7n s\u1eed d\u1ee5ng.<\/p>    <figure class=\"wp-block-gallery has-nested-images columns-default is-cropped wp-block-gallery-3 is-layout-flex wp-block-gallery-is-layout-flex\"> <figure class=\"wp-block-image size-large\"><img loading=\"lazy\" decoding=\"async\" width=\"540\" height=\"720\" data-id=\"1124\" src=\"https:\/\/bestpeanutmachine.com\/wp-content\/uploads\/2026\/02\/oil-filter-bag.webp\" alt=\"t\u00fai l\u1ecdc d\u1ea7u\" class=\"wp-image-1124\" srcset=\"https:\/\/bestpeanutmachine.com\/wp-content\/uploads\/2026\/02\/oil-filter-bag.webp 540w, https:\/\/bestpeanutmachine.com\/wp-content\/uploads\/2026\/02\/oil-filter-bag-225x300.webp 225w, https:\/\/bestpeanutmachine.com\/wp-content\/uploads\/2026\/02\/oil-filter-bag-9x12.webp 9w\" sizes=\"auto, (max-width: 540px) 100vw, 540px\" \/><figcaption class=\"wp-element-caption\">t\u00fai l\u1ecdc d\u1ea7u<\/figcaption><\/figure>    <figure class=\"wp-block-image size-large\"><img loading=\"lazy\" decoding=\"async\" width=\"540\" height=\"720\" data-id=\"1125\" src=\"https:\/\/bestpeanutmachine.com\/wp-content\/uploads\/2026\/02\/pressure-plate.webp\" alt=\"\u0111\u0129a \u00e9p\" class=\"wp-image-1125\" srcset=\"https:\/\/bestpeanutmachine.com\/wp-content\/uploads\/2026\/02\/pressure-plate.webp 540w, https:\/\/bestpeanutmachine.com\/wp-content\/uploads\/2026\/02\/pressure-plate-225x300.webp 225w, https:\/\/bestpeanutmachine.com\/wp-content\/uploads\/2026\/02\/pressure-plate-9x12.webp 9w\" sizes=\"auto, (max-width: 540px) 100vw, 540px\" \/><figcaption class=\"wp-element-caption\">\u0111\u0129a \u00e9p<\/figcaption><\/figure>    <figure class=\"wp-block-image size-large\"><img loading=\"lazy\" decoding=\"async\" width=\"540\" height=\"720\" data-id=\"1126\" src=\"https:\/\/bestpeanutmachine.com\/wp-content\/uploads\/2026\/02\/pressure-relief-valve.webp\" alt=\"Van x\u1ea3 \u00e1p\" class=\"wp-image-1126\" srcset=\"https:\/\/bestpeanutmachine.com\/wp-content\/uploads\/2026\/02\/pressure-relief-valve.webp 540w, https:\/\/bestpeanutmachine.com\/wp-content\/uploads\/2026\/02\/pressure-relief-valve-225x300.webp 225w, https:\/\/bestpeanutmachine.com\/wp-content\/uploads\/2026\/02\/pressure-relief-valve-9x12.webp 9w\" sizes=\"auto, (max-width: 540px) 100vw, 540px\" \/><figcaption class=\"wp-element-caption\">Van x\u1ea3 \u00e1p<\/figcaption><\/figure> <\/figure>    <h2 class=\"wp-block-heading\">Th\u00f4ng s\u1ed1 k\u1ef9 thu\u1eadt c\u1ee7a m\u00e1y chi\u1ebft xu\u1ea5t d\u1ea7u<\/h2>    <p>Ch\u00fang t\u00f4i cung c\u1ea5p nhi\u1ec1u ki\u1ec3u d\u00e1ng ph\u00f9 h\u1ee3p v\u1edbi c\u00e1c nhu c\u1ea7u s\u1ea3n xu\u1ea5t kh\u00e1c nhau. B\u1ea1n c\u00f3 th\u1ec3 ch\u1ecdn theo nhu c\u1ea7u th\u1ef1c t\u1ebf c\u1ee7a m\u00ecnh.<\/p>    <p>N\u1ebfu b\u1ea1n kh\u00f4ng ch\u1eafc ch\u1eafn l\u1ef1a ch\u1ecdn n\u00e0o ph\u00f9 h\u1ee3p nh\u1ea5t, vui l\u00f2ng cung c\u1ea5p nguy\u00ean li\u1ec7u th\u00f4 v\u00e0 y\u00eau c\u1ea7u s\u1ea3n xu\u1ea5t c\u1ee7a b\u1ea1n, c\u00e1c chuy\u00ean gia c\u1ee7a ch\u00fang t\u00f4i s\u1ebd cung c\u1ea5p gi\u1ea3i ph\u00e1p d\u1ef1a tr\u00ean th\u00f4ng tin c\u1ee7a b\u1ea1n.<\/p>    <figure class=\"wp-block-table aligncenter\"><table class=\"has-fixed-layout\"><thead><tr><th>Ng\u01b0\u1eddi m\u1eabu<\/th><th>TZ-150<\/th><th>TZ-180<\/th><th>TZ-230<\/th><th>TZ-260<\/th><th>TZ-320<\/th><th>TZ-360<\/th><th>TZ-415<\/th><th>TZ-460<\/th><\/tr><\/thead><tbody><tr><td>Dung t\u00edch<\/td><td>12kg\/h<\/td><td>20kg\/h<\/td><td>40kg\/h<\/td><td>60kg\/h<\/td><td>70kg\/h<\/td><td>90kg\/h<\/td><td>120kg\/h<\/td><td>180kg\/h<\/td><\/tr><tr><td>Th\u00f9ng <br>c\u00f4ng su\u1ea5t<\/td><td>2kg<\/td><td>4kg<\/td><td>8kg<\/td><td>12kg<\/td><td>17.5kg<\/td><td>22.5kg<\/td><td>30kg<\/td><td>45kg<\/td><\/tr><tr><td>B\u00e3 d\u1ea7u <br>\u0111\u01b0\u1eddng k\u00ednh <\/td><td>155mm<\/td><td>192mm<\/td><td>242mm<\/td><td>268mm<\/td><td>323mm<\/td><td>370mm<\/td><td>415mm<\/td><td>460mm<\/td><\/tr><tr><td>\u0110\u1ed9ng c\u01a1 <br>c\u00f4ng su\u1ea5t<\/td><td>0.75 kW<\/td><td>1.5 kW<\/td><td>1.5 kW<\/td><td>1.5 kW<\/td><td>2.2 kW<\/td><td>2.2 kW<\/td><td>2.2 kW<\/td><td>3 kW<\/td><\/tr><tr><td>Nhi\u1ec7t \u0111\u1ed9 <br>c\u00f4ng su\u1ea5t<\/td><td>600 W<\/td><td>720 W<\/td><td>850 W<\/td><td>950 W<\/td><td>1100 W<\/td><td>1250 W<\/td><td>1500 W<\/td><td>2000 W<\/td><\/tr><tr><td>Nhi\u1ec7t \u0111\u1ed9 <br>nhi\u1ec7t \u0111\u1ed9 <\/td><td>70\u201390\u2103<\/td><td>70\u201390\u2103<\/td><td>70\u201390\u2103<\/td><td>70\u201390\u2103<\/td><td>70\u201390\u2103<\/td><td>70\u201390\u2103<\/td><td>70\u201390\u2103<\/td><td>70\u201390\u2103<\/td><\/tr><tr><td>\u0110ang ho\u1ea1t \u0111\u1ed9ng <br>\u00e1p su\u1ea5t <\/td><td>55\u201360MPa<\/td><td>55\u201360MPa<\/td><td>55\u201360MPa<\/td><td>55\u201360MPa<\/td><td>55\u201360MPa<\/td><td>55\u201360MPa<\/td><td>55\u201360MPa<\/td><td>55\u201360MPa<\/td><\/tr><tr><td>C\u00e2n n\u1eb7ng <\/td><td>240kg<\/td><td>550kg<\/td><td>950kg<\/td><td>1200kg<\/td><td>1700kg<\/td><td>2000kg<\/td><td>2200kg<\/td><td>3000kg<\/td><\/tr><\/tbody><\/table><figcaption class=\"wp-element-caption\">Th\u00f4ng s\u1ed1 c\u1ee7a m\u00e1y chi\u1ebft xu\u1ea5t d\u1ea7u<\/figcaption><\/figure>    <p class=\"translation-block\"><strong>L\u01b0u \u00fd<\/strong>: T\u1ef7 l\u1ec7 chi\u1ebft xu\u1ea5t d\u1ea7u th\u1ef1c t\u1ebf c\u00f3 th\u1ec3 thay \u0111\u1ed5i t\u00f9y thu\u1ed9c v\u00e0o ch\u1ea5t l\u01b0\u1ee3ng nguy\u00ean li\u1ec7u, \u0111\u1ed9 \u1ea9m v\u00e0 ph\u01b0\u01a1ng ph\u00e1p \u00e9p (\u00e9p l\u1ea1nh ho\u1eb7c \u00e9p n\u00f3ng).<\/p>    <figure class=\"wp-block-gallery has-nested-images columns-default is-cropped wp-block-gallery-4 is-layout-flex wp-block-gallery-is-layout-flex\"> <figure class=\"wp-block-image size-large\"><img loading=\"lazy\" decoding=\"async\" width=\"720\" height=\"540\" data-id=\"1128\" src=\"https:\/\/bestpeanutmachine.com\/wp-content\/uploads\/2026\/02\/cold-press-oil-extraction-machine.webp\" alt=\"m\u00e1y \u00e9p d\u1ea7u l\u1ea1nh\" class=\"wp-image-1128\" srcset=\"https:\/\/bestpeanutmachine.com\/wp-content\/uploads\/2026\/02\/cold-press-oil-extraction-machine.webp 720w, https:\/\/bestpeanutmachine.com\/wp-content\/uploads\/2026\/02\/cold-press-oil-extraction-machine-300x225.webp 300w, https:\/\/bestpeanutmachine.com\/wp-content\/uploads\/2026\/02\/cold-press-oil-extraction-machine-16x12.webp 16w\" sizes=\"auto, (max-width: 720px) 100vw, 720px\" \/><figcaption class=\"wp-element-caption\">m\u00e1y \u00e9p d\u1ea7u l\u1ea1nh<\/figcaption><\/figure>    <figure class=\"wp-block-image size-large\"><img loading=\"lazy\" decoding=\"async\" width=\"720\" height=\"540\" data-id=\"1129\" src=\"https:\/\/bestpeanutmachine.com\/wp-content\/uploads\/2026\/02\/cold-press-oil-machine.webp\" alt=\"m\u00e1y \u00e9p d\u1ea7u l\u1ea1nh\" class=\"wp-image-1129\" srcset=\"https:\/\/bestpeanutmachine.com\/wp-content\/uploads\/2026\/02\/cold-press-oil-machine.webp 720w, https:\/\/bestpeanutmachine.com\/wp-content\/uploads\/2026\/02\/cold-press-oil-machine-300x225.webp 300w, https:\/\/bestpeanutmachine.com\/wp-content\/uploads\/2026\/02\/cold-press-oil-machine-16x12.webp 16w\" sizes=\"auto, (max-width: 720px) 100vw, 720px\" \/><figcaption class=\"wp-element-caption\">m\u00e1y \u00e9p d\u1ea7u l\u1ea1nh<\/figcaption><\/figure> <\/figure>    <h2 class=\"wp-block-heading\"><strong>Ph\u1ea1m vi \u1ee9ng d\u1ee5ng r\u1ed9ng c\u1ee7a m\u00e1y chi\u1ebft xu\u1ea5t d\u1ea7u<\/strong><\/h2>    <p>M\u00e1y \u00e9p d\u1ea7u n\u00e0y h\u1ed7 tr\u1ee3 c\u1ea3 ph\u01b0\u01a1ng ph\u00e1p \u00e9p n\u00f3ng v\u00e0 \u00e9p l\u1ea1nh, ph\u00f9 h\u1ee3p cho nhi\u1ec1u lo\u1ea1i nguy\u00ean li\u1ec7u:<\/p>    <p class=\"translation-block\"><strong>D\u1ea7u \u0103n \u00e9p n\u00f3ng:<\/strong><\/p>    <ul class=\"wp-block-list\"> <li>H\u1ea1t v\u1eebng<\/li>    <li>H\u1ea1t lanh<\/li>    <li>H\u1ea1t \u0111\u1eadu ph\u1ed9ng<\/li>    <li>M\u1ea7m l\u00faa m\u00ec<\/li>    <li>M\u1ea7m ng\u00f4<\/li> <\/ul>    <p class=\"translation-block\"><strong>\u00c9p l\u1ea1nh c\u00e1c lo\u1ea1i d\u1ea7u:<\/strong><\/p>    <ul class=\"wp-block-list\"> <li>H\u1ea1t th\u00f4ng<\/li>    <li>H\u1ea1t th\u00f4ng<\/li>    <li>H\u1ea1nh nh\u00e2n<\/li>    <li>H\u1ea1t h\u01b0\u1edbng d\u01b0\u01a1ng<\/li>    <li>\u00d4 liu<\/li>    <li>H\u1ea1t macadamia<\/li>    <li>H\u1ea1t tr\u00e0<\/li> <\/ul>    <p class=\"translation-block\"><strong>Chi\u1ebft xu\u1ea5t d\u1ea7u gia v\u1ecb v\u00e0 th\u1ea3o m\u1ed9c:<\/strong><\/p>    <ul class=\"wp-block-list\"> <li>H\u1ea1t ti\u00eau T\u1ee9 Xuy\u00ean<\/li>    <li>H\u1ea1t m\u00f9 t\u1ea1t<\/li>    <li>H\u1ea1t v\u1eebng<\/li>    <li>Th\u1ea3o d\u01b0\u1ee3c y h\u1ecdc c\u1ed5 truy\u1ec1n Trung Qu\u1ed1c<\/li> <\/ul>   <div class=\"wp-block-image\"> <figure class=\"aligncenter size-full\"><img loading=\"lazy\" decoding=\"async\" width=\"720\" height=\"540\" src=\"https:\/\/bestpeanutmachine.com\/wp-content\/uploads\/2026\/02\/applications-of-oil-press-machine.webp\" alt=\"\u1ee9ng d\u1ee5ng c\u1ee7a m\u00e1y \u00e9p d\u1ea7u\" class=\"wp-image-1121\" srcset=\"https:\/\/bestpeanutmachine.com\/wp-content\/uploads\/2026\/02\/applications-of-oil-press-machine.webp 720w, https:\/\/bestpeanutmachine.com\/wp-content\/uploads\/2026\/02\/applications-of-oil-press-machine-300x225.webp 300w, https:\/\/bestpeanutmachine.com\/wp-content\/uploads\/2026\/02\/applications-of-oil-press-machine-16x12.webp 16w\" sizes=\"auto, (max-width: 720px) 100vw, 720px\" \/><figcaption class=\"wp-element-caption\">\u1ee9ng d\u1ee5ng c\u1ee7a m\u00e1y \u00e9p d\u1ea7u<\/figcaption><\/figure> <\/div>   <p>D\u01b0\u1edbi \u0111\u00e2y l\u00e0 b\u1ea3ng th\u1ec3 hi\u1ec7n t\u1ef7 l\u1ec7 d\u1ea7u c\u1ee7a m\u1ed9t s\u1ed1 v\u1eadt li\u1ec7u:<\/p>    <figure class=\"wp-block-table aligncenter\"><table class=\"has-fixed-layout\"><thead><tr><th>Nguy\u00ean li\u1ec7u<\/th><th>Ph\u1ea1m vi chi\u1ebft xu\u1ea5t d\u1ea7u<\/th><\/tr><\/thead><tbody><tr><td>H\u1ea1t v\u1eebng<\/td><td>43% \u2013 47%<\/td><\/tr><tr><td>H\u1ea1t \u00f3c ch\u00f3<\/td><td>50% \u2013 60%<\/td><\/tr><tr><td>H\u1ea1t \u0111\u1eadu ph\u1ed9ng<\/td><td>18% \u2013 22%<\/td><\/tr><tr><td>H\u1ea1t gi\u1ed1ng tr\u00e0 (H\u1ea1t gi\u1ed1ng Camellia)<\/td><td>25% \u2013 29%<\/td><\/tr><\/tbody><\/table><figcaption class=\"wp-element-caption\">C\u00e1c v\u1eadt li\u1ec7u ph\u1ed5 bi\u1ebfn v\u00e0 t\u1ef7 l\u1ec7 chi\u1ebft xu\u1ea5t d\u1ea7u<\/figcaption><\/figure>    <h2 class=\"wp-block-heading\">L\u00e0m th\u1ebf n\u00e0o \u0111\u1ec3 s\u1eed d\u1ee5ng m\u00e1y \u00e9p d\u1ea7u an to\u00e0n?<\/h2>    <ol class=\"wp-block-list\"> <li>Sau m\u1ed9t th\u00e1ng s\u1eed d\u1ee5ng m\u00e1y m\u1edbi, d\u1ea7u th\u1ee7y l\u1ef1c c\u1ea7n \u0111\u01b0\u1ee3c l\u1ecdc k\u1ef9 v\u00e0 l\u00e0m s\u1ea1ch b\u00ecnh d\u1ea7u. Sau \u0111\u00f3, d\u1ea7u th\u1ee7y l\u1ef1c n\u00ean \u0111\u01b0\u1ee3c thay h\u00e0ng n\u0103m.<\/li>    <li>\u0110\u1ec3 \u0111\u1ea3m b\u1ea3o an to\u00e0n cho h\u1ec7 th\u1ed1ng \u0111i\u1ec7n, c\u1ea7n th\u1ef1c hi\u1ec7n c\u00e1c bi\u1ec7n ph\u00e1p b\u1ea3o v\u1ec7 \u0111\u1ea5t.<\/li>    <li>H\u1ec7 th\u1ed1ng th\u1ee7y l\u1ef1c c\u1ee7a m\u00e1y n\u00e0y c\u00f3 \u00e1p l\u1ef1c si\u00eau cao, t\u1ed1i \u0111a 60 MPa. Vi\u1ec7c v\u1eadn h\u00e0nh qu\u00e1 \u00e1p l\u1ef1c b\u1ecb nghi\u00eam c\u1ea5m.<\/li>    <li>H\u1ea1t d\u1ea7u c\u1ea7n \u0111\u01b0\u1ee3c tho\u00e1t kh\u00ed tr\u01b0\u1edbc khi \u00e9p; n\u1ebfu kh\u00f4ng, c\u00f3 th\u1ec3 x\u1ea3y ra n\u1ed5 kh\u00ed trong qu\u00e1 tr\u00ecnh \u00e9p d\u1ea7u, g\u00e2y nguy hi\u1ec3m nghi\u00eam tr\u1ecdng.<\/li>    <li>Sau khi \u00e9p kh\u00f4 h\u1ea1t d\u1ea7u, b\u00e3 d\u1ea7u ph\u1ea3i \u0111\u01b0\u1ee3c lo\u1ea1i b\u1ecf ngay l\u1eadp t\u1ee9c; n\u1ebfu \u0111\u1ec3 qu\u00e1 l\u00e2u c\u00f3 th\u1ec3 g\u00e2y n\u1ed5 kh\u00ed.<\/li> <\/ol>   <div class=\"wp-block-image\"> <figure class=\"aligncenter size-full\"><img loading=\"lazy\" decoding=\"async\" width=\"720\" height=\"540\" src=\"https:\/\/bestpeanutmachine.com\/wp-content\/uploads\/2026\/02\/nut-oil-press-machines.webp\" alt=\"m\u00e1y \u00e9p d\u1ea7u h\u1ea1t\" class=\"wp-image-1130\" srcset=\"https:\/\/bestpeanutmachine.com\/wp-content\/uploads\/2026\/02\/nut-oil-press-machines.webp 720w, https:\/\/bestpeanutmachine.com\/wp-content\/uploads\/2026\/02\/nut-oil-press-machines-300x225.webp 300w, https:\/\/bestpeanutmachine.com\/wp-content\/uploads\/2026\/02\/nut-oil-press-machines-16x12.webp 16w\" sizes=\"auto, (max-width: 720px) 100vw, 720px\" \/><figcaption class=\"wp-element-caption\">m\u00e1y \u00e9p d\u1ea7u h\u1ea1t<\/figcaption><\/figure> <\/div>   <h2 class=\"wp-block-heading\"><strong>Nguy\u00ean nh\u00e2n v\u00e0 gi\u1ea3i ph\u00e1p cho s\u1ef1 c\u1ed1 m\u00e1y m\u00f3c<\/strong><\/h2>    <p>If the nut oil press machine&#8217;s pressure gauge pointer does not rise, or if it cannot reach high pressure, the following are some possible problems and their solutions:<\/p>    <figure class=\"wp-block-table\"><table><thead><tr><th>Nguy\u00ean nh\u00e2n c\u00f3 th\u1ec3<\/th><th>Gi\u1ea3i ph\u00e1p<\/th><\/tr><\/thead><tbody><tr><td>V\u1eadt th\u1ec3 l\u1ea1 v\u00e0o trong b\u01a1m, ng\u0103n ch\u1eb7n vi\u00ean bi trong van v\u00e0o c\u1ee7a kh\u00f4ng tr\u1edf v\u1ec1 v\u1ecb tr\u00ed ban \u0111\u1ea7u<\/td><td>V\u1eadt li\u1ec7u ni\u00eam phong b\u00ean trong xy lanh th\u1ee7y l\u1ef1c b\u1ecb h\u1ecfng<\/td><\/tr><tr><td>L\u00e0m s\u1ea1ch c\u00e1c v\u1eadt th\u1ec3 l\u1ea1 trong b\u01a1m v\u00e0 thay th\u1ebf b\u1eb1ng d\u1ea7u th\u1ee7y l\u1ef1c s\u1ea1ch<\/td><td>Th\u00e1o r\u1eddi van th\u1ee7 c\u00f4ng tr\u00ean tr\u1ea1m b\u01a1m v\u00e0 l\u00e0m s\u1ea1ch van th\u1ee7 c\u00f4ng<\/td><\/tr><tr><td>Piston b\u1ecb m\u00f2n n\u1eb7ng<\/td><td>Thay th\u1ebf b\u1eb1ng seal d\u1ea7u m\u1edbi<\/td><\/tr><tr><td>\u1ed0ng d\u1ea7u b\u1ecb r\u00f2 r\u1ec9, kh\u00f4ng k\u00edn seal<\/td><td>Thay th\u1ebf c\u00e1c b\u1ed9 ph\u1eadn ni\u00eam phong v\u00e0 si\u1ebft ch\u1eb7t bu l\u00f4ng ch\u1eafc ch\u1eafn<\/td><\/tr><tr><td>\u0110\u1ed3ng h\u1ed3 \u0111o \u00e1p b\u1ecb h\u1ecfng v\u00e0 kim kh\u00f4ng chuy\u1ec3n \u0111\u1ed9ng<\/td><td>Thay th\u1ebf b\u1eb1ng piston m\u1edbi<\/td><\/tr><tr><td>\u0110\u1ed3ng h\u1ed3 \u0111o \u00e1p b\u1ecb h\u1ecfng, kim kh\u00f4ng chuy\u1ec3n \u0111\u1ed9ng<\/td><td>Thay th\u1ebf \u0111\u1ed3ng h\u1ed3 \u0111o \u00e1p m\u1edbi<\/td><\/tr><\/tbody><\/table><figcaption class=\"wp-element-caption\">C\u00e1c v\u1ea5n \u0111\u1ec1 ph\u1ed5 bi\u1ebfn v\u00e0 gi\u1ea3i ph\u00e1p c\u1ee7a m\u00e1y \u00e9p d\u1ea7u h\u1ea1t gi\u1ed1ng<\/figcaption><\/figure>   <div class=\"wp-block-image\"> <figure class=\"aligncenter size-full\"><img loading=\"lazy\" decoding=\"async\" width=\"720\" height=\"540\" src=\"https:\/\/bestpeanutmachine.com\/wp-content\/uploads\/2026\/02\/seed-oil-press-machine.webp\" alt=\"m\u00e1y \u00e9p d\u1ea7u h\u1ea1t gi\u1ed1ng\" class=\"wp-image-1131\" srcset=\"https:\/\/bestpeanutmachine.com\/wp-content\/uploads\/2026\/02\/seed-oil-press-machine.webp 720w, https:\/\/bestpeanutmachine.com\/wp-content\/uploads\/2026\/02\/seed-oil-press-machine-300x225.webp 300w, https:\/\/bestpeanutmachine.com\/wp-content\/uploads\/2026\/02\/seed-oil-press-machine-16x12.webp 16w\" sizes=\"auto, (max-width: 720px) 100vw, 720px\" \/><figcaption class=\"wp-element-caption\">m\u00e1y \u00e9p d\u1ea7u h\u1ea1t gi\u1ed1ng<\/figcaption><\/figure> <\/div>   <p>N\u1ebfu b\u1ea1n \u0111ang t\u00ecm ki\u1ebfm c\u00e1c m\u00e1y \u00e9p d\u1ea7u \u0111\u00e1ng tin c\u1eady \u0111\u1ec3 s\u1ea3n xu\u1ea5t d\u1ea7u \u00e9p l\u1ea1nh ho\u1eb7c n\u00f3ng, h\u00e3y li\u00ean h\u1ec7 v\u1edbi ch\u00fang t\u00f4i \u0111\u1ec3 bi\u1ebft th\u00eam th\u00f4ng tin v\u00e0 gi\u1ea3m gi\u00e1.<\/p>    <p class=\"translation-block\">N\u1ebfu b\u1ea1n mu\u1ed1n s\u1ea3n xu\u1ea5t l\u01b0\u1ee3ng d\u1ea7u th\u01b0\u01a1ng m\u1ea1i l\u1edbn h\u01a1n, ch\u00fang t\u00f4i \u0111\u1ec1 xu\u1ea5t m\u00e1y \u00e9p d\u1ea7u n\u00e0y: <a href=\"https:\/\/bestpeanutmachine.com\/vi\/product\/peanut-oil-extraction-machine\/\">M\u00e1y Chi\u1ebft Xu\u1ea5t D\u1ea7u \u0110\u1eadu Ph\u1ed9ng<\/a>, cung c\u1ea5p h\u1ec7 th\u1ed1ng \u00e9p l\u1ea1nh v\u00e0 \u00e9p n\u00f3ng.<\/p>","protected":false},"excerpt":{"rendered":"<p>This oil extraction machine uses ultra-high-pressure hydraulic technology to produce high-quality edible oil through pure physical pressing. Supporting both cold press and hot press processes can extract peanut oil, olive oil, and sesame oil, etc.<\/p>","protected":false},"author":1,"featured_media":1120,"parent":0,"template":"","tags":[77,80,11],"product-type":[76,6],"class_list":["post-1112","product","type-product","status-publish","has-post-thumbnail","hentry","tag-almond","tag-cocoa","tag-peanut","product-type-other-nuts-machine","product-type-product"],"_links":{"self":[{"href":"https:\/\/bestpeanutmachine.com\/vi\/wp-json\/wp\/v2\/product\/1112","targetHints":{"allow":["GET"]}}],"collection":[{"href":"https:\/\/bestpeanutmachine.com\/vi\/wp-json\/wp\/v2\/product"}],"about":[{"href":"https:\/\/bestpeanutmachine.com\/vi\/wp-json\/wp\/v2\/types\/product"}],"author":[{"embeddable":true,"href":"https:\/\/bestpeanutmachine.com\/vi\/wp-json\/wp\/v2\/users\/1"}],"wp:featuredmedia":[{"embeddable":true,"href":"https:\/\/bestpeanutmachine.com\/vi\/wp-json\/wp\/v2\/media\/1120"}],"wp:attachment":[{"href":"https:\/\/bestpeanutmachine.com\/vi\/wp-json\/wp\/v2\/media?parent=1112"}],"wp:term":[{"taxonomy":"post_tag","embeddable":true,"href":"https:\/\/bestpeanutmachine.com\/vi\/wp-json\/wp\/v2\/tags?post=1112"},{"taxonomy":"product-type","embeddable":true,"href":"https:\/\/bestpeanutmachine.com\/vi\/wp-json\/wp\/v2\/product-type?post=1112"}],"curies":[{"name":"wp","href":"https:\/\/api.w.org\/{rel}","templated":true}]}}