{"id":1208,"date":"2026-02-24T13:37:56","date_gmt":"2026-02-24T05:37:56","guid":{"rendered":"https:\/\/bestpeanutmachine.com\/?post_type=product&#038;p=1208"},"modified":"2026-02-25T11:00:20","modified_gmt":"2026-02-25T03:00:20","slug":"peanut-cleaning-machine","status":"publish","type":"product","link":"https:\/\/bestpeanutmachine.com\/vi\/product\/peanut-cleaning-machine\/","title":{"rendered":"M\u00e1y l\u00e0m s\u1ea1ch \u0111\u1eadu ph\u1ed9ng | M\u00e1y r\u1eeda h\u1ea1t nh\u00e2n"},"content":{"rendered":"<p class=\"translation-block\">M\u00e1y l\u00e0m s\u1ea1ch \u0111\u1eadu ph\u1ed9ng d\u1ea1ng tr\u1ed1ng c\u1ee7a Taizy <strong>m\u00e1y l\u00e0m s\u1ea1ch \u0111\u1eadu ph\u1ed9ng<\/strong> \u0111\u01b0\u1ee3c thi\u1ebft k\u1ebf \u0111\u1eb7c bi\u1ec7t \u0111\u1ec3 l\u00e0m s\u1ea1ch phun li\u00ean t\u1ee5c c\u00e1c v\u1eadt li\u1ec7u d\u1ea1ng h\u1ea1t. N\u00f3 gi\u00fap lo\u1ea1i b\u1ecf b\u1ee5i, \u0111\u1ea5t v\u00e0 t\u1ea1p ch\u1ea5t b\u1ec1 m\u1eb7t kh\u1ecfi \u0111\u1eadu ph\u1ed9ng tr\u01b0\u1edbc khi v\u00e0o c\u00e1c qu\u00e1 tr\u00ecnh nh\u01b0 rang, xay, ph\u1ee7 ho\u1eb7c \u00e9p d\u1ea7u.<\/p>    <p>M\u00e1y n\u00e0y c\u00f3 th\u1ec3 x\u1eed l\u00fd 1-1.5 t\u1ea5n h\u1ea1t \u0111\u1eadu ph\u1ed9ng m\u1ed7i gi\u1edd. C\u00e1c lo\u1ea1i h\u1ea1t \u0111\u00e3 qua x\u1eed l\u00fd sau \u0111\u00f3 c\u00f3 th\u1ec3 d\u00f9ng trong c\u00e1c qu\u00e1 tr\u00ecnh x\u1eed l\u00fd ti\u1ebfp theo, nh\u01b0 ph\u1ee7 l\u1edbp \u0111\u1eadu ph\u1ed9ng v\u00e0 s\u1ea3n xu\u1ea5t b\u01a1 \u0111\u1eadu ph\u1ed9ng, \u0111\u1ec3 n\u00e2ng cao ch\u1ea5t l\u01b0\u1ee3ng s\u1ea3n ph\u1ea9m cu\u1ed1i c\u00f9ng.<\/p>    <figure class=\"wp-block-embed aligncenter is-type-video is-provider-youtube wp-block-embed-youtube wp-embed-aspect-16-9 wp-has-aspect-ratio\"><div class=\"wp-block-embed__wrapper\"> <iframe loading=\"lazy\" title=\"M\u00e1y l\u00e0m s\u1ea1ch h\u1ea1t \u0111\u1eadu ph\u1ed9ng d\u1ea1ng tr\u1ed1ng quay \u2013 Hi\u1ec7u qu\u1ea3 cao, phun r\u1eeda li\u00ean t\u1ee5c Li\u00ean h\u1ec7\uff1a 8617703863868\" width=\"500\" height=\"281\" src=\"https:\/\/www.youtube.com\/embed\/HQ4NItyi3m0?feature=oembed\" frameborder=\"0\" allow=\"accelerometer; autoplay; clipboard-write; encrypted-media; gyroscope; picture-in-picture; web-share\" referrerpolicy=\"strict-origin-when-cross-origin\" allowfullscreen><\/iframe> <\/div><figcaption class=\"wp-element-caption\">video ho\u1ea1t \u0111\u1ed9ng c\u1ee7a m\u00e1y l\u00e0m s\u1ea1ch \u0111\u1eadu ph\u1ed9ng<\/figcaption><\/figure>    <h2 class=\"wp-block-heading\"><strong>Nguy\u00ean l\u00fd ho\u1ea1t \u0111\u1ed9ng c\u1ee7a m\u00e1y l\u00e0m s\u1ea1ch \u0111\u1eadu ph\u1ed9ng<\/strong><\/h2>    <p>M\u00e1y l\u00e0m s\u1ea1ch \u0111\u1eadu ph\u1ed9ng n\u00e0y s\u1eed d\u1ee5ng c\u1ea5u tr\u00fac tr\u1ed1ng quay v\u00e0 \u0111\u01b0\u1ee3c trang b\u1ecb h\u1ec7 th\u1ed1ng phun n\u01b0\u1edbc b\u00ean trong. Qu\u00e1 tr\u00ecnh ho\u1ea1t \u0111\u1ed9ng nh\u01b0 sau:<\/p>    <ol class=\"wp-block-list\"> <li>H\u1ea1t \u0111\u1eadu ph\u1ed9ng \u0111\u01b0\u1ee3c \u0111\u01b0a v\u00e0o tr\u1ed1ng quay.<\/li>    <li>C\u00e1c v\u00f2i phun \u00e1p l\u1ef1c cao trong tr\u1ed1ng li\u00ean t\u1ee5c phun n\u01b0\u1edbc.<\/li>    <li>Khi tr\u1ed1ng quay, \u0111\u1eadu ph\u1ed9ng l\u0103n v\u1ec1 ph\u00eda tr\u01b0\u1edbc.<\/li>    <li>B\u1ee5i, \u0111\u1ea5t v\u00e0 t\u1ea1p ch\u1ea5t nh\u1ecf \u0111\u01b0\u1ee3c lo\u1ea1i b\u1ecf qua ma s\u00e1t v\u00e0 r\u1eeda phun.<\/li>    <li>H\u1ea1t \u0111\u1eadu ph\u1ed9ng s\u1ea1ch \u0111\u01b0\u1ee3c t\u1ef1 \u0111\u1ed9ng x\u1ea3 ra kh\u1ecfi c\u1eeda ra.<\/li> <\/ol>    <p>S\u1ef1 k\u1ebft h\u1ee3p gi\u1eefa ma s\u00e1t l\u0103n v\u00e0 phun n\u01b0\u1edbc r\u1eeda \u0111\u1ea3m b\u1ea3o l\u00e0m s\u1ea1ch k\u1ef9 l\u01b0\u1ee1ng m\u00e0 kh\u00f4ng l\u00e0m h\u1ecfng h\u1ea1t \u0111\u1eadu. Thi\u1ebft k\u1ebf n\u00e0y \u0111\u1eb7c bi\u1ec7t ph\u00f9 h\u1ee3p cho c\u00e1c v\u1eadt li\u1ec7u d\u1ea1ng h\u1ea1t c\u1ea7n l\u00e0m s\u1ea1ch b\u1ec1 m\u1eb7t.<\/p>    <h2 class=\"wp-block-heading\"><strong>\u01afu \u0111i\u1ec3m ch\u00ednh c\u1ee7a m\u00e1y l\u00e0m s\u1ea1ch h\u1ea1t \u0111\u1eadu<\/strong><\/h2>    <ol class=\"wp-block-list\"> <li>Thi\u1ebft k\u1ebf s\u1ea3n xu\u1ea5t li\u00ean t\u1ee5c cho ph\u00e9p thi\u1ebft b\u1ecb ho\u1ea1t \u0111\u1ed9ng kh\u00f4ng ng\u1eebng, ph\u00f9 h\u1ee3p cho c\u00e1c nh\u00e0 m\u00e1y x\u1eed l\u00fd trung b\u00ecnh \u0111\u1ebfn l\u1edbn.<\/li>    <li>Ph\u01b0\u01a1ng ph\u00e1p l\u00e0m s\u1ea1ch d\u1ea1ng tr\u1ed1ng hi\u1ec7u qu\u1ea3 ng\u0103n ng\u1eeba h\u1ecfng h\u1ea1t \u0111\u1eadu, duy tr\u00ec t\u00ednh to\u00e0n v\u1eb9n c\u1ee7a s\u1ea3n ph\u1ea9m.<\/li>    <li>Ph\u00f9 h\u1ee3p v\u1edbi c\u00e1c v\u1eadt li\u1ec7u d\u1ea1ng h\u1ea1t, bao g\u1ed3m \u0111\u1eadu ph\u1ed9ng, \u0111\u1eadu, h\u1ea1t, h\u1ea1t gi\u1ed1ng, v\u00e0 c\u00e1c s\u1ea3n ph\u1ea9m n\u00f4ng nghi\u1ec7p t\u01b0\u01a1ng t\u1ef1 kh\u00e1c.<\/li>    <li>M\u00e1y l\u00e0m s\u1ea1ch \u0111\u1eadu c\u1ee7a ch\u00fang t\u00f4i \u0111\u01b0\u1ee3c l\u00e0m b\u1eb1ng th\u00e9p kh\u00f4ng g\u1ec9 b\u1ec1n, c\u1ea5u tr\u00fac \u0111\u01a1n gi\u1ea3n d\u1ec5 v\u1ec7 sinh sau khi s\u1eed d\u1ee5ng.<\/li> <\/ol>    <figure class=\"wp-block-gallery has-nested-images columns-default is-cropped wp-block-gallery-2 is-layout-flex wp-block-gallery-is-layout-flex\"> <figure class=\"wp-block-image size-large\"><img loading=\"lazy\" decoding=\"async\" width=\"720\" height=\"540\" data-id=\"1223\" src=\"https:\/\/bestpeanutmachine.com\/wp-content\/uploads\/2026\/02\/peanut-kernel-washing-machine.webp\" alt=\"m\u00e1y l\u00e0m s\u1ea1ch h\u1ea1t \u0111\u1eadu ph\u1ed9ng\" class=\"wp-image-1223\" srcset=\"https:\/\/bestpeanutmachine.com\/wp-content\/uploads\/2026\/02\/peanut-kernel-washing-machine.webp 720w, https:\/\/bestpeanutmachine.com\/wp-content\/uploads\/2026\/02\/peanut-kernel-washing-machine-300x225.webp 300w, https:\/\/bestpeanutmachine.com\/wp-content\/uploads\/2026\/02\/peanut-kernel-washing-machine-16x12.webp 16w\" sizes=\"auto, (max-width: 720px) 100vw, 720px\" \/><figcaption class=\"wp-element-caption\">m\u00e1y l\u00e0m s\u1ea1ch h\u1ea1t \u0111\u1eadu ph\u1ed9ng<\/figcaption><\/figure>    <figure class=\"wp-block-image size-large\"><img loading=\"lazy\" decoding=\"async\" width=\"720\" height=\"540\" data-id=\"1215\" src=\"https:\/\/bestpeanutmachine.com\/wp-content\/uploads\/2026\/02\/groundnut-kernel-washing-machine.webp\" alt=\"m\u00e1y r\u1eeda h\u1ea1t \u0111\u1eadu ph\u1ed9ng\" class=\"wp-image-1215\" srcset=\"https:\/\/bestpeanutmachine.com\/wp-content\/uploads\/2026\/02\/groundnut-kernel-washing-machine.webp 720w, https:\/\/bestpeanutmachine.com\/wp-content\/uploads\/2026\/02\/groundnut-kernel-washing-machine-300x225.webp 300w, https:\/\/bestpeanutmachine.com\/wp-content\/uploads\/2026\/02\/groundnut-kernel-washing-machine-16x12.webp 16w\" sizes=\"auto, (max-width: 720px) 100vw, 720px\" \/><figcaption class=\"wp-element-caption\">m\u00e1y r\u1eeda h\u1ea1t \u0111\u1eadu ph\u1ed9ng<\/figcaption><\/figure> <\/figure>    <h2 class=\"wp-block-heading\"><strong>Th\u00f4ng s\u1ed1 k\u1ef9 thu\u1eadt c\u1ee7a m\u00e1y r\u1eeda h\u1ea1t \u0111\u1eadu ph\u1ed9ng<\/strong><\/h2>    <figure class=\"wp-block-table\"><table class=\"has-fixed-layout\"><tbody><tr><td>Dung t\u00edch<\/td><td>1\u20131.5 t\u1ea5n\/h<\/td><\/tr><tr><td>K\u00edch th\u01b0\u1edbc m\u00e1y<\/td><td>2500\u00d7800\u00d71600 mm<\/td><\/tr><tr><td>Ngu\u1ed3n \u0111i\u1ec7n ch\u00ednh<\/td><td>1.1 KW<\/td><\/tr><tr><td>C\u00f4ng su\u1ea5t b\u01a1m n\u01b0\u1edbc<\/td><td>0.75 KW<\/td><\/tr><tr><td>Lo\u1ea1i s\u1ea3n xu\u1ea5t<\/td><td>Ho\u1ea1t \u0111\u1ed9ng li\u00ean t\u1ee5c<\/td><\/tr><tr><td>Thi\u1ebft b\u1ecb ph\u1ee5 tr\u1ee3<\/td><td>Y\u00eau c\u1ea7u b\u1eaby n\u00e2ng<\/td><\/tr><\/tbody><\/table><figcaption class=\"wp-element-caption\">Th\u00f4ng s\u1ed1 k\u1ef9 thu\u1eadt c\u1ee7a m\u00e1y l\u00e0m s\u1ea1ch \u0111\u1eadu<\/figcaption><\/figure>    <p>Hi\u1ec7u qu\u1ea3 s\u1ea3n xu\u1ea5t c\u1ee7a n\u00f3 ph\u1ee5 thu\u1ed9c nhi\u1ec1u v\u00e0o vi\u1ec7c c\u1ea5p li\u1ec7u th\u1ee7 c\u00f4ng. N\u1ebfu b\u1ea1n c\u1ea7n m\u1ee9c \u0111\u1ed9 t\u1ef1 \u0111\u1ed9ng cao, b\u1ea1n c\u00f3 th\u1ec3 k\u1ebft h\u1ee3p n\u00f3 v\u1edbi m\u00e1y c\u1ea5p li\u1ec7u t\u1ef1 \u0111\u1ed9ng. N\u1ebfu b\u1ea1n mu\u1ed1n t\u00edch h\u1ee3p m\u00e1y n\u00e0y v\u00e0o d\u00e2y chuy\u1ec1n s\u1ea3n xu\u1ea5t hi\u1ec7n t\u1ea1i, vui l\u00f2ng li\u00ean h\u1ec7 v\u1edbi ch\u00fang t\u00f4i \u0111\u1ec3 bi\u1ebft c\u00e1c t\u00f9y ch\u1ecdn c\u1ea5u h\u00ecnh ph\u00f9 h\u1ee3p.<\/p>   <div class=\"wp-block-image\"> <figure class=\"aligncenter size-full\"><img loading=\"lazy\" decoding=\"async\" width=\"720\" height=\"540\" src=\"https:\/\/bestpeanutmachine.com\/wp-content\/uploads\/2026\/02\/groundnut-kernel-cleaner.webp\" alt=\"m\u00e1y l\u00e0m s\u1ea1ch h\u1ea1t \u0111\u1eadu\" class=\"wp-image-1216\" srcset=\"https:\/\/bestpeanutmachine.com\/wp-content\/uploads\/2026\/02\/groundnut-kernel-cleaner.webp 720w, https:\/\/bestpeanutmachine.com\/wp-content\/uploads\/2026\/02\/groundnut-kernel-cleaner-300x225.webp 300w, https:\/\/bestpeanutmachine.com\/wp-content\/uploads\/2026\/02\/groundnut-kernel-cleaner-16x12.webp 16w\" sizes=\"auto, (max-width: 720px) 100vw, 720px\" \/><figcaption class=\"wp-element-caption\">m\u00e1y l\u00e0m s\u1ea1ch h\u1ea1t \u0111\u1eadu<\/figcaption><\/figure> <\/div>   <h2 class=\"wp-block-heading\"><strong>\u1ee8ng d\u1ee5ng c\u1ee7a m\u00e1y l\u00e0m s\u1ea1ch h\u1ea1t \u0111\u1eadu ph\u1ed9ng trong d\u00e2y chuy\u1ec1n s\u1ea3n xu\u1ea5t<\/strong><\/h2>    <p>C\u00e1c d\u00e2y chuy\u1ec1n x\u1eed l\u00fd r\u1ed9ng r\u00e3i s\u1eed d\u1ee5ng m\u00e1y r\u1eeda \u0111\u1eadu ph\u1ed9ng:<\/p>    <h3 class=\"wp-block-heading\"><strong><a href=\"https:\/\/bestpeanutmachine.com\/vi\/product\/peanut-butter-production-line\/\">D\u00e2y chuy\u1ec1n s\u1ea3n xu\u1ea5t b\u01a1 \u0111\u1eadu ph\u1ed9ng<\/a><\/strong><\/h3>    <p>H\u1ea1t \u0111\u1eadu ph\u1ed9ng ph\u1ea3i \u0111\u01b0\u1ee3c r\u1eeda s\u1ea1ch tr\u01b0\u1edbc khi rang v\u00e0 xay. B\u01b0\u1edbc n\u00e0y gi\u00fap:<\/p>    <ul class=\"wp-block-list\"> <li>Ng\u0103n ng\u1eeba \u00f4 nhi\u1ec5m thi\u1ebft b\u1ecb rang<\/li>    <li>C\u1ea3i thi\u1ec7n ch\u1ea5t l\u01b0\u1ee3ng b\u01a1 \u0111\u1eadu ph\u1ed9ng<\/li>    <li>Ng\u0103n ch\u1eb7n b\u01a1 \u0111\u1eadu ph\u1ed9ng th\u00e0nh ph\u1ea9m b\u1ecb s\u1eabm m\u00e0u qu\u00e1 m\u1ee9c<\/li>    <li>\u0110\u1ea3m b\u1ea3o m\u00e0i m\u1ecbn h\u01a1n v\u00e0 h\u01b0\u01a1ng v\u1ecb t\u1ed1t h\u01a1n<\/li> <\/ul>    <figure class=\"wp-block-gallery has-nested-images columns-default is-cropped wp-block-gallery-3 is-layout-flex wp-block-gallery-is-layout-flex\"> <figure class=\"wp-block-image size-large\"><img loading=\"lazy\" decoding=\"async\" width=\"720\" height=\"540\" data-id=\"1221\" src=\"https:\/\/bestpeanutmachine.com\/wp-content\/uploads\/2026\/02\/peanut-butter.webp\" alt=\"b\u01a1 \u0111\u1eadu ph\u1ed9ng\" class=\"wp-image-1221\" srcset=\"https:\/\/bestpeanutmachine.com\/wp-content\/uploads\/2026\/02\/peanut-butter.webp 720w, https:\/\/bestpeanutmachine.com\/wp-content\/uploads\/2026\/02\/peanut-butter-300x225.webp 300w, https:\/\/bestpeanutmachine.com\/wp-content\/uploads\/2026\/02\/peanut-butter-16x12.webp 16w\" sizes=\"auto, (max-width: 720px) 100vw, 720px\" \/><figcaption class=\"wp-element-caption\">b\u01a1 \u0111\u1eadu ph\u1ed9ng<\/figcaption><\/figure>    <figure class=\"wp-block-image size-large\"><img loading=\"lazy\" decoding=\"async\" width=\"720\" height=\"540\" data-id=\"808\" src=\"https:\/\/bestpeanutmachine.com\/wp-content\/uploads\/2022\/08\/300-kgh-peanut-butter-production-line.webp\" alt=\"D\u00e2y chuy\u1ec1n s\u1ea3n xu\u1ea5t b\u01a1 \u0111\u1eadu ph\u1ed9ng 300 kg\/h\" class=\"wp-image-808\" srcset=\"https:\/\/bestpeanutmachine.com\/wp-content\/uploads\/2022\/08\/300-kgh-peanut-butter-production-line.webp 720w, https:\/\/bestpeanutmachine.com\/wp-content\/uploads\/2022\/08\/300-kgh-peanut-butter-production-line-300x225.webp 300w, https:\/\/bestpeanutmachine.com\/wp-content\/uploads\/2022\/08\/300-kgh-peanut-butter-production-line-16x12.webp 16w\" sizes=\"auto, (max-width: 720px) 100vw, 720px\" \/><figcaption class=\"wp-element-caption\">D\u00e2y chuy\u1ec1n s\u1ea3n xu\u1ea5t b\u01a1 \u0111\u1eadu ph\u1ed9ng 300 kg\/h<\/figcaption><\/figure> <\/figure>    <h3 class=\"wp-block-heading\"><strong><a href=\"https:\/\/bestpeanutmachine.com\/vi\/product\/coated-peanut-production-line\/\">D\u00e2y chuy\u1ec1n s\u1ea3n xu\u1ea5t \u0111\u1eadu ph\u1ed9ng ph\u1ee7 l\u1edbp<\/a><\/strong><\/h3>    <p>Trong s\u1ea3n xu\u1ea5t \u0111\u1eadu ph\u1ed9ng ph\u1ee7 l\u1edbp (\u01b0\u1edbp gia v\u1ecb):<\/p>    <ul class=\"wp-block-list\"> <li>B\u1ec1 m\u1eb7t \u0111\u1eadu ph\u1ed9ng s\u1ea1ch \u0111\u1ea3m b\u1ea3o \u0111\u1ed9 b\u00e1m d\u00ednh l\u1edbp ph\u1ee7 t\u1ed1t h\u01a1n<\/li>    <li>C\u1ea3i thi\u1ec7n v\u1ebb ngo\u00e0i v\u00e0 \u0111\u1ed9 \u0111\u1ed3ng \u0111\u1ec1u c\u1ee7a s\u1ea3n ph\u1ea9m<\/li> <\/ul>    <figure class=\"wp-block-gallery has-nested-images columns-default is-cropped wp-block-gallery-4 is-layout-flex wp-block-gallery-is-layout-flex\"> <figure class=\"wp-block-image size-large\"><img loading=\"lazy\" decoding=\"async\" width=\"720\" height=\"540\" data-id=\"1222\" src=\"https:\/\/bestpeanutmachine.com\/wp-content\/uploads\/2026\/02\/sugar-coated-peanut.webp\" alt=\"\u0111\u1eadu ph\u1ed9ng ph\u1ee7 \u0111\u01b0\u1eddng\" class=\"wp-image-1222\" srcset=\"https:\/\/bestpeanutmachine.com\/wp-content\/uploads\/2026\/02\/sugar-coated-peanut.webp 720w, https:\/\/bestpeanutmachine.com\/wp-content\/uploads\/2026\/02\/sugar-coated-peanut-300x225.webp 300w, https:\/\/bestpeanutmachine.com\/wp-content\/uploads\/2026\/02\/sugar-coated-peanut-16x12.webp 16w\" sizes=\"auto, (max-width: 720px) 100vw, 720px\" \/><figcaption class=\"wp-element-caption\">\u0111\u1eadu ph\u1ed9ng ph\u1ee7 \u0111\u01b0\u1eddng<\/figcaption><\/figure>    <figure class=\"wp-block-image size-large\"><img loading=\"lazy\" decoding=\"async\" width=\"720\" height=\"540\" data-id=\"554\" src=\"https:\/\/bestpeanutmachine.com\/wp-content\/uploads\/2025\/10\/coated-peanut-production-line-1.webp\" alt=\"d\u00e2y chuy\u1ec1n s\u1ea3n xu\u1ea5t \u0111\u1eadu ph\u1ed9ng tr\u00e1ng\" class=\"wp-image-554\" srcset=\"https:\/\/bestpeanutmachine.com\/wp-content\/uploads\/2025\/10\/coated-peanut-production-line-1.webp 720w, https:\/\/bestpeanutmachine.com\/wp-content\/uploads\/2025\/10\/coated-peanut-production-line-1-300x225.webp 300w, https:\/\/bestpeanutmachine.com\/wp-content\/uploads\/2025\/10\/coated-peanut-production-line-1-16x12.webp 16w\" sizes=\"auto, (max-width: 720px) 100vw, 720px\" \/><figcaption class=\"wp-element-caption\">d\u00e2y chuy\u1ec1n s\u1ea3n xu\u1ea5t \u0111\u1eadu ph\u1ed9ng tr\u00e1ng<\/figcaption><\/figure> <\/figure>    <p>Ngo\u00e0i ra, m\u00e1y r\u1eeda h\u1ea1t \u0111\u1eadu ph\u1ed9ng n\u00e0y c\u00f2n c\u00f3 th\u1ec3 r\u1eeda \u0111\u1eadu n\u00e0nh, cacao, qu\u1ea3 \u0111\u1ecf, v\u00e0 nhi\u1ec1u lo\u1ea1i h\u1ea1t c\u1ee9ng kh\u00e1c. N\u1ebfu b\u1ea1n c\u00f3 nhu c\u1ea7u x\u1eed l\u00fd kh\u00e1c, vui l\u00f2ng li\u00ean h\u1ec7 v\u1edbi ch\u00fang t\u00f4i. \u0110\u1ed9i ng\u0169 b\u00e1n h\u00e0ng chuy\u00ean nghi\u1ec7p c\u1ee7a ch\u00fang t\u00f4i s\u1ebd \u0111\u1ec1 xu\u1ea5t m\u00e1y ph\u00f9 h\u1ee3p nh\u1ea5t d\u1ef1a tr\u00ean nguy\u00ean li\u1ec7u v\u00e0 y\u00eau c\u1ea7u s\u1ea3n xu\u1ea5t c\u1ee7a b\u1ea1n.<\/p>    <figure class=\"wp-block-gallery has-nested-images columns-2 is-cropped wp-block-gallery-5 is-layout-flex wp-block-gallery-is-layout-flex\"> <figure class=\"wp-block-image size-large\"><img loading=\"lazy\" decoding=\"async\" width=\"720\" height=\"540\" data-id=\"1219\" src=\"https:\/\/bestpeanutmachine.com\/wp-content\/uploads\/2026\/02\/soybean.webp\" alt=\"\u0111\u1eadu n\u00e0nh\" class=\"wp-image-1219\" srcset=\"https:\/\/bestpeanutmachine.com\/wp-content\/uploads\/2026\/02\/soybean.webp 720w, https:\/\/bestpeanutmachine.com\/wp-content\/uploads\/2026\/02\/soybean-300x225.webp 300w, https:\/\/bestpeanutmachine.com\/wp-content\/uploads\/2026\/02\/soybean-16x12.webp 16w\" sizes=\"auto, (max-width: 720px) 100vw, 720px\" \/><figcaption class=\"wp-element-caption\">\u0111\u1eadu n\u00e0nh<\/figcaption><\/figure>    <figure class=\"wp-block-image size-large\"><img loading=\"lazy\" decoding=\"async\" width=\"720\" height=\"540\" data-id=\"1220\" src=\"https:\/\/bestpeanutmachine.com\/wp-content\/uploads\/2026\/02\/groundnut.webp\" alt=\"l\u1ea1c\" class=\"wp-image-1220\" srcset=\"https:\/\/bestpeanutmachine.com\/wp-content\/uploads\/2026\/02\/groundnut.webp 720w, https:\/\/bestpeanutmachine.com\/wp-content\/uploads\/2026\/02\/groundnut-300x225.webp 300w, https:\/\/bestpeanutmachine.com\/wp-content\/uploads\/2026\/02\/groundnut-16x12.webp 16w\" sizes=\"auto, (max-width: 720px) 100vw, 720px\" \/><figcaption class=\"wp-element-caption\">l\u1ea1c<\/figcaption><\/figure>    <figure class=\"wp-block-image size-large\"><img loading=\"lazy\" decoding=\"async\" width=\"720\" height=\"540\" data-id=\"1217\" src=\"https:\/\/bestpeanutmachine.com\/wp-content\/uploads\/2026\/02\/cocoa-bean.webp\" alt=\"h\u1ea1t ca cao\" class=\"wp-image-1217\" srcset=\"https:\/\/bestpeanutmachine.com\/wp-content\/uploads\/2026\/02\/cocoa-bean.webp 720w, https:\/\/bestpeanutmachine.com\/wp-content\/uploads\/2026\/02\/cocoa-bean-300x225.webp 300w, https:\/\/bestpeanutmachine.com\/wp-content\/uploads\/2026\/02\/cocoa-bean-16x12.webp 16w\" sizes=\"auto, (max-width: 720px) 100vw, 720px\" \/><figcaption class=\"wp-element-caption\">h\u1ea1t ca cao<\/figcaption><\/figure>    <figure class=\"wp-block-image size-large\"><img loading=\"lazy\" decoding=\"async\" width=\"720\" height=\"540\" data-id=\"1218\" src=\"https:\/\/bestpeanutmachine.com\/wp-content\/uploads\/2026\/02\/red-dates.webp\" alt=\"qu\u1ea3 \u0111\u1ecf\" class=\"wp-image-1218\" srcset=\"https:\/\/bestpeanutmachine.com\/wp-content\/uploads\/2026\/02\/red-dates.webp 720w, https:\/\/bestpeanutmachine.com\/wp-content\/uploads\/2026\/02\/red-dates-300x225.webp 300w, https:\/\/bestpeanutmachine.com\/wp-content\/uploads\/2026\/02\/red-dates-16x12.webp 16w\" sizes=\"auto, (max-width: 720px) 100vw, 720px\" \/><figcaption class=\"wp-element-caption\">qu\u1ea3 \u0111\u1ecf<\/figcaption><\/figure> <\/figure>    <h2 class=\"wp-block-heading\"><strong>T\u1ea1i sao m\u00e1y l\u00e0m s\u1ea1ch \u0111\u1eadu ph\u1ed9ng l\u1ea1i c\u1ea7n thi\u1ebft?<\/strong><\/h2>    <p>Vi\u1ec7c l\u00e0m s\u1ea1ch \u0111\u1eadu ph\u1ed9ng kh\u00f4ng \u0111\u00fang c\u00e1ch trong qu\u00e1 tr\u00ecnh x\u1eed l\u00fd s\u1ea3n ph\u1ea9m kh\u00e1c c\u00f3 th\u1ec3 d\u1eabn \u0111\u1ebfn t\u00edch t\u1ee5 b\u1ee5i trong m\u00e1y rang v\u00e0 l\u00e0m t\u0103ng t\u1ed1c \u0111\u1ed9 m\u00e0i m\u00f2n c\u1ee7a thi\u1ebft b\u1ecb nghi\u1ec1n. S\u1ea3n ph\u1ea9m cu\u1ed1i c\u00f9ng c\u00f3 th\u1ec3 kh\u00f4ng \u0111\u1ea1t ti\u00eau chu\u1ea9n v\u1ec7 sinh.<\/p>    <p>Investing in a professional peanut washing machine not only extends the equipment&#8217;s lifespan but also significantly impacts the quality of the final product. If you have strict quality control requirements and high standards for your products, investing in this machine is an excellent choice.<\/p>    <p>N\u1ebfu b\u1ea1n \u0111ang x\u00e2y d\u1ef1ng ho\u1eb7c n\u00e2ng c\u1ea5p nh\u00e0 m\u00e1y ch\u1ebf bi\u1ebfn \u0111\u1eadu, m\u00e1y l\u00e0m s\u1ea1ch \u0111\u1eadu n\u00e0y s\u1ebd l\u00e0 m\u1ed9t l\u1ef1a ch\u1ecdn th\u1ef1c t\u1ebf v\u00e0 ti\u1ebft ki\u1ec7m. Li\u00ean h\u1ec7 v\u1edbi ch\u00fang t\u00f4i \u0111\u1ec3 nh\u1eadn b\u00e1o gi\u00e1!<\/p>","protected":false},"excerpt":{"rendered":"<p>This peanut cleaning machine uses a rotary drum and internal spray system to remove dust and soil from peanuts efficiently. With 1\u20131.5 tons per hour capacity, it is ideal for peanut butter production lines, coated peanut processing, and other granular material washing applications.<\/p>","protected":false},"author":1,"featured_media":1214,"parent":0,"template":"","tags":[12,11],"product-type":[69,6],"class_list":["post-1208","product","type-product","status-publish","has-post-thumbnail","hentry","tag-groundnut","tag-peanut","product-type-peanut-machine","product-type-product"],"_links":{"self":[{"href":"https:\/\/bestpeanutmachine.com\/vi\/wp-json\/wp\/v2\/product\/1208","targetHints":{"allow":["GET"]}}],"collection":[{"href":"https:\/\/bestpeanutmachine.com\/vi\/wp-json\/wp\/v2\/product"}],"about":[{"href":"https:\/\/bestpeanutmachine.com\/vi\/wp-json\/wp\/v2\/types\/product"}],"author":[{"embeddable":true,"href":"https:\/\/bestpeanutmachine.com\/vi\/wp-json\/wp\/v2\/users\/1"}],"wp:featuredmedia":[{"embeddable":true,"href":"https:\/\/bestpeanutmachine.com\/vi\/wp-json\/wp\/v2\/media\/1214"}],"wp:attachment":[{"href":"https:\/\/bestpeanutmachine.com\/vi\/wp-json\/wp\/v2\/media?parent=1208"}],"wp:term":[{"taxonomy":"post_tag","embeddable":true,"href":"https:\/\/bestpeanutmachine.com\/vi\/wp-json\/wp\/v2\/tags?post=1208"},{"taxonomy":"product-type","embeddable":true,"href":"https:\/\/bestpeanutmachine.com\/vi\/wp-json\/wp\/v2\/product-type?post=1208"}],"curies":[{"name":"wp","href":"https:\/\/api.w.org\/{rel}","templated":true}]}}