{"id":1229,"date":"2026-02-25T14:47:06","date_gmt":"2026-02-25T06:47:06","guid":{"rendered":"https:\/\/bestpeanutmachine.com\/?post_type=product&#038;p=1229"},"modified":"2026-02-27T17:56:53","modified_gmt":"2026-02-27T09:56:53","slug":"chestnut-roaster-machine","status":"publish","type":"product","link":"https:\/\/bestpeanutmachine.com\/vi\/product\/chestnut-roaster-machine\/","title":{"rendered":"M\u00e1y rang h\u1ea1t d\u1ebb"},"content":{"rendered":"<p class=\"translation-block\">M\u00e1y <strong>rang h\u1ea1t d\u1ebb<\/strong> l\u00e0 m\u1ed9t h\u1ec7 th\u1ed1ng rang ki\u1ec3u tr\u1ed1ng th\u01b0\u01a1ng m\u1ea1i \u0111\u01b0\u1ee3c thi\u1ebft k\u1ebf \u0111\u1ec3 rang \u0111\u1ec1u h\u1ea1t d\u1ebb, \u0111\u1eadu ph\u1ed9ng, h\u1ea1t gi\u1ed1ng v\u00e0 c\u00e1c s\u1ea3n ph\u1ea9m \u0103n v\u1eb7t kh\u00e1c, 15\u201375 kg m\u1ed7i m\u1ebb. N\u00f3 s\u1eed d\u1ee5ng nhi\u1ec7t \u0111\u1ed9 ki\u1ec3m so\u00e1t v\u00e0 quay tr\u1ed1ng li\u00ean t\u1ee5c \u0111\u1ec3 \u0111\u1ea3m b\u1ea3o th\u1ef1c ph\u1ea9m \u0111\u01b0\u1ee3c n\u01b0\u1edbng \u0111\u1ec1u m\u00e0 kh\u00f4ng b\u1ecb ch\u00e1y.<\/p>    <p>V\u1edbi c\u00e1c t\u00f9y ch\u1ecdn s\u01b0\u1edfi linh ho\u1ea1t (gas ho\u1eb7c \u0111i\u1ec7n) v\u00e0 nhi\u1ec1u l\u1ef1a ch\u1ecdn v\u1eadt li\u1ec7u (th\u00e9p carbon ho\u1eb7c th\u00e9p kh\u00f4ng g\u1ec9), l\u00fd t\u01b0\u1edfng cho c\u00e1c c\u1eeda h\u00e0ng rang nh\u1ecf v\u00e0 m\u1edf r\u1ed9ng doanh nghi\u1ec7p \u0111\u1ed3 \u0103n nh\u1eb9.<\/p>    <figure class=\"wp-block-embed aligncenter is-type-video is-provider-youtube wp-block-embed-youtube wp-embed-aspect-16-9 wp-has-aspect-ratio\"><div class=\"wp-block-embed__wrapper\"> <iframe loading=\"lazy\" title=\"Chestnut Roaster Machine | Gas &amp; Electric Drum Roasting Process Contact: +8617703863868\" width=\"500\" height=\"281\" src=\"https:\/\/www.youtube.com\/embed\/2sYTPtqRL0s?feature=oembed\" frameborder=\"0\" allow=\"accelerometer; autoplay; clipboard-write; encrypted-media; gyroscope; picture-in-picture; web-share\" referrerpolicy=\"strict-origin-when-cross-origin\" allowfullscreen><\/iframe> <\/div><figcaption class=\"wp-element-caption\">video ho\u1ea1t \u0111\u1ed9ng c\u1ee7a m\u00e1y rang h\u1ea1t d\u1ebb nh\u1ecf<\/figcaption><\/figure>    <h2 class=\"wp-block-heading\"><strong>C\u00e1c l\u1ee3i \u00edch ch\u00ednh c\u1ee7a m\u00e1y rang h\u1ea1t h\u01b0\u1edbng d\u01b0\u01a1ng<\/strong><\/h2>    <ul class=\"wp-block-list\"> <li>M\u00e1y rang h\u1ea1t d\u1ebb n\u00e0y cung c\u1ea5p hai ph\u01b0\u01a1ng ph\u00e1p s\u01b0\u1edfi: gas v\u00e0 \u0111i\u1ec7n. Ho\u1ea1t \u0111\u1ed9ng s\u1ea1ch s\u1ebd, d\u1ec5 l\u1eafp \u0111\u1eb7t, v\u00e0 ki\u1ec3m so\u00e1t nhi\u1ec7t \u0111\u1ed9 \u1ed5n \u0111\u1ecbnh, ph\u00f9 h\u1ee3p cho nhi\u1ec1u m\u00f4i tr\u01b0\u1eddng kh\u00e1c nhau.<\/li>    <li>N\u00f3 c\u00f3 th\u1ec3 \u0111\u01b0\u1ee3c l\u00e0m b\u1eb1ng th\u00e9p carbon ho\u1eb7c th\u00e9p kh\u00f4ng g\u1ec9. M\u1ed7i lo\u1ea1i v\u1eadt li\u1ec7u c\u00f3 \u0111\u1eb7c \u0111i\u1ec3m v\u00e0 s\u1ef1 kh\u00e1c bi\u1ec7t v\u1ec1 gi\u00e1 c\u1ea3 ri\u00eang. Taizy khuy\u00ean n\u00ean s\u1eed d\u1ee5ng m\u1eabu th\u00e9p kh\u00f4ng g\u1ec9 cho m\u00f4i tr\u01b0\u1eddng th\u1ef1c ph\u1ea9m th\u01b0\u01a1ng m\u1ea1i.<\/li>    <li>T\u00f9y thu\u1ed9c v\u00e0o m\u1eabu m\u00e1y, n\u00f3 c\u00f3 th\u1ec3 s\u1ea3n xu\u1ea5t 15\u201375 kg m\u1ed7i m\u1ebb, cho ph\u00e9p ng\u01b0\u1eddi v\u1eadn h\u00e0nh n\u01b0\u1edbng m\u1ed9t l\u01b0\u1ee3ng nh\u1ecf s\u1ea3n ph\u1ea9m theo y\u00eau c\u1ea7u v\u00e0 m\u1edf r\u1ed9ng d\u00f2ng s\u1ea3n ph\u1ea9m c\u1ee7a h\u1ecd m\u00e0 kh\u00f4ng c\u1ea7n mua thi\u1ebft b\u1ecb m\u1edbi.<\/li> <\/ul>   <div class=\"wp-block-image\"> <figure class=\"aligncenter size-full\"><img loading=\"lazy\" decoding=\"async\" width=\"720\" height=\"540\" src=\"https:\/\/bestpeanutmachine.com\/wp-content\/uploads\/2026\/02\/nut-roasting-machine.webp\" alt=\"m\u00e1y rang h\u1ea1t\" class=\"wp-image-1235\" srcset=\"https:\/\/bestpeanutmachine.com\/wp-content\/uploads\/2026\/02\/nut-roasting-machine.webp 720w, https:\/\/bestpeanutmachine.com\/wp-content\/uploads\/2026\/02\/nut-roasting-machine-300x225.webp 300w, https:\/\/bestpeanutmachine.com\/wp-content\/uploads\/2026\/02\/nut-roasting-machine-16x12.webp 16w\" sizes=\"auto, (max-width: 720px) 100vw, 720px\" \/><figcaption class=\"wp-element-caption\">m\u00e1y rang h\u1ea1t<\/figcaption><\/figure> <\/div>   <h2 class=\"wp-block-heading\"><strong>Nguy\u00ean l\u00fd ho\u1ea1t \u0111\u1ed9ng c\u1ee7a m\u00e1y rang \u0111\u1eadu ph\u1ed9ng<\/strong><\/h2>    <p>M\u00e1y rang \u0111\u1eadu ph\u1ed9ng th\u01b0\u01a1ng m\u1ea1i c\u1ee7a Taizy s\u1eed d\u1ee5ng h\u1ec7 th\u1ed1ng s\u01b0\u1edfi tr\u1ed1ng quay, l\u00e0m n\u00f3ng \u0111\u1ec1u tr\u1ed1ng rang qua l\u00f2 \u0111\u1ed1t gas ho\u1eb7c b\u1ed9 ph\u1eadn s\u01b0\u1edfi \u0111i\u1ec7n. Khi tr\u1ed1ng quay li\u00ean t\u1ee5c, h\u1ea1t d\u1ebb ho\u1eb7c \u0111\u1eadu ph\u1ed9ng \u0111\u01b0\u1ee3c l\u1eafc \u0111\u1ec1u v\u00e0 rang.<\/p>    <p>A built-in temperature controller of this machine allows for the adjustment of the roasting temperature according to different products. After roasting, the drum&#8217;s special structure allows for automatic unloading, facilitating easy discharge.<\/p>    <h2 class=\"wp-block-heading\"><strong>Th\u00f4ng s\u1ed1 k\u1ef9 thu\u1eadt c\u1ee7a m\u00e1y rang h\u1ea1t nh\u1ecf<\/strong><\/h2>    <p>C\u00e1c m\u00e1y rang h\u1ea1t d\u1ebb th\u01b0\u01a1ng m\u1ea1i c\u1ee7a ch\u00fang t\u00f4i c\u00f3 nhi\u1ec1u m\u1eabu \u0111\u1ec3 \u0111\u00e1p \u1ee9ng c\u00e1c nhu c\u1ea7u s\u1ea3n xu\u1ea5t kh\u00e1c nhau, ch\u1ee7 y\u1ebfu chia th\u00e0nh ba lo\u1ea1i: 50, 100, v\u00e0 200.<\/p>    <h3 class=\"wp-block-heading\"><strong>M\u00e1y rang h\u1ea1nh nh\u00e2n m\u1eabu 50<\/strong><\/h3>    <figure class=\"wp-block-table\"><table class=\"has-fixed-layout\"><tbody><tr><td>Dung t\u00edch<\/td><td>Kho\u1ea3ng 15 kg h\u1ea1t d\u1ebb m\u1ed7i l\u00f4<\/td><\/tr><tr><td>Th\u1eddi gian s\u01b0\u1edfi<\/td><td>S\u01b0\u1edfi b\u1eb1ng gas: 20-25 ph\u00fat<br>S\u01b0\u1edfi \u0111i\u1ec7n: 30-40 ph\u00fat<\/td><\/tr><tr><td>C\u00e1c l\u0129nh v\u1ef1c \u1ee9ng d\u1ee5ng<\/td><td>Ph\u00f9 h\u1ee3p cho c\u00e1c qu\u1ea7y b\u00e1n \u0111\u1ed3 \u0103n nh\u1eb9 nh\u1ecf v\u00e0 qu\u1ea7y b\u00e1n l\u1ebb.<\/td><\/tr><\/tbody><\/table><figcaption class=\"wp-element-caption\">Th\u00f4ng s\u1ed1 c\u1ee7a m\u00e1y rang h\u1ea1t nh\u1ecf m\u1eabu 50<\/figcaption><\/figure>    <h3 class=\"wp-block-heading\"><strong>M\u00e1y rang h\u1ea1t d\u1ebb m\u1eabu 100<\/strong><\/h3>    <figure class=\"wp-block-table\"><table class=\"has-fixed-layout\"><tbody><tr><td>Dung t\u00edch<\/td><td>Kho\u1ea3ng 40 kg h\u1ea1t d\u1ebb m\u1ed7i l\u00f4<\/td><\/tr><tr><td>Th\u1eddi gian s\u01b0\u1edfi<\/td><td>S\u01b0\u1edfi b\u1eb1ng gas: Kho\u1ea3ng 20 ph\u00fat<br>S\u01b0\u1edfi \u0111i\u1ec7n: Kho\u1ea3ng 30-40 ph\u00fat<\/td><\/tr><tr><td>C\u00e1c l\u0129nh v\u1ef1c \u1ee9ng d\u1ee5ng<\/td><td>Ph\u00f9 h\u1ee3p cho c\u00e1c nh\u00e0 m\u00e1y b\u00e1nh trung b\u00ecnh.<\/td><\/tr><\/tbody><\/table><figcaption class=\"wp-element-caption\">Th\u00f4ng s\u1ed1 k\u1ef9 thu\u1eadt c\u1ee7a m\u00e1y rang h\u1ea1t \u0111i\u1ec1u m\u1eabu 100<\/figcaption><\/figure>    <h3 class=\"wp-block-heading\"> <strong>M\u00e1y rang tr\u1ed1ng m\u1eabu 200<\/strong><\/h3>    <figure class=\"wp-block-table\"><table class=\"has-fixed-layout\"><tbody><tr><td>Dung t\u00edch<\/td><td>Kho\u1ea3ng 75 kg h\u1ea1t d\u1ebb m\u1ed7i l\u00f4<\/td><\/tr><tr><td>Th\u1eddi gian s\u01b0\u1edfi<\/td><td>S\u01b0\u1edfi b\u1eb1ng gas: Kho\u1ea3ng 20-25 ph\u00fat<br>S\u01b0\u1edfi \u0111i\u1ec7n: Kho\u1ea3ng 35-40 ph\u00fat<\/td><\/tr><tr><td>C\u00e1c l\u0129nh v\u1ef1c \u1ee9ng d\u1ee5ng<\/td><td>Thi\u1ebft k\u1ebf cho c\u00e1c c\u1eeda h\u00e0ng \u0111\u1ed3 \u0103n nh\u1eb9 c\u00f3 nhu c\u1ea7u cao <br>ho\u1eb7c \u1ee9ng d\u1ee5ng b\u00e1n c\u00f4ng nghi\u1ec7p.<\/td><\/tr><\/tbody><\/table><figcaption class=\"wp-element-caption\">Th\u00f4ng s\u1ed1 k\u1ef9 thu\u1eadt c\u1ee7a m\u00e1y rang h\u1ea1t m\u1eabu 200<\/figcaption><\/figure>    <p>C\u00e1c \u0111\u1ec1 xu\u1ea5t sau \u00e1p d\u1ee5ng cho vi\u1ec7c l\u1ef1a ch\u1ecdn gi\u1eefa hai ph\u01b0\u01a1ng ph\u00e1p s\u01b0\u1edfi:<\/p>    <ol class=\"wp-block-list\"> <li><strong>S\u01b0\u1edfi b\u1eb1ng gas<\/strong> nhanh h\u01a1n v\u00e0 ti\u1ebft ki\u1ec7m n\u0103ng l\u01b0\u1ee3ng h\u01a1n, ph\u00f9 h\u1ee3p cho rang s\u1ed1 l\u01b0\u1ee3ng l\u1edbn.<\/li>    <li><strong>S\u01b0\u1edfi \u0111i\u1ec7n<\/strong> cho ph\u00e9p ki\u1ec3m so\u00e1t nhi\u1ec7t \u0111\u1ed9 ch\u00ednh x\u00e1c, l\u00e0 l\u1ef1a ch\u1ecdn l\u00fd t\u01b0\u1edfng cho m\u00f4i tr\u01b0\u1eddng th\u01b0\u01a1ng m\u1ea1i trong nh\u00e0.<\/li> <\/ol>   <div class=\"wp-block-image\"> <figure class=\"aligncenter size-full\"><img loading=\"lazy\" decoding=\"async\" width=\"720\" height=\"540\" src=\"https:\/\/bestpeanutmachine.com\/wp-content\/uploads\/2026\/02\/commercial-chestnut-roaster-machine.webp\" alt=\"m\u00e1y rang h\u1ea1t d\u1ebb th\u01b0\u01a1ng m\u1ea1i\" class=\"wp-image-1236\" srcset=\"https:\/\/bestpeanutmachine.com\/wp-content\/uploads\/2026\/02\/commercial-chestnut-roaster-machine.webp 720w, https:\/\/bestpeanutmachine.com\/wp-content\/uploads\/2026\/02\/commercial-chestnut-roaster-machine-300x225.webp 300w, https:\/\/bestpeanutmachine.com\/wp-content\/uploads\/2026\/02\/commercial-chestnut-roaster-machine-16x12.webp 16w\" sizes=\"auto, (max-width: 720px) 100vw, 720px\" \/><figcaption class=\"wp-element-caption\">m\u00e1y rang h\u1ea1t d\u1ebb th\u01b0\u01a1ng m\u1ea1i<\/figcaption><\/figure> <\/div>   <p>If you still don&#8217;t know which one is better for your business, you can ask us. We will introduce the most suitable one depending on your real needs.<\/p>    <h2 class=\"wp-block-heading\"><strong>T\u1ea1i sao n\u00ean \u0111\u1ea7u t\u01b0 v\u00e0o m\u00e1y rang h\u1ea1t d\u1ebb?<\/strong><\/h2>    <ol class=\"wp-block-list\"> <li>M\u00e1y n\u00e0y nhanh h\u01a1n so v\u1edbi rang than truy\u1ec1n th\u1ed1ng.<\/li>    <li>\u0110\u1ea3m b\u1ea3o ch\u1ea5t l\u01b0\u1ee3ng \u0111\u1ed3ng \u0111\u1ec1u cho t\u1eebng l\u00f4.<\/li>    <li>M\u1ed7i l\u00f4 c\u00f3 th\u1ec3 rang t\u1eeb 15-75 kg, \u0111\u00e1p \u1ee9ng nhu c\u1ea7u th\u01b0\u01a1ng m\u1ea1i.<\/li> <\/ol>    <p>This commercial chestnut roasting machine is more than just a baking device, and it&#8217;s an ideal solution for snack entrepreneurs to improve production efficiency and profitability.<\/p>   <div class=\"wp-block-image\"> <figure class=\"aligncenter size-full\"><img loading=\"lazy\" decoding=\"async\" width=\"720\" height=\"540\" src=\"https:\/\/bestpeanutmachine.com\/wp-content\/uploads\/2026\/02\/cashew-nut-roaster-machine.webp\" alt=\"m\u00e1y rang h\u1ea1t \u0111i\u1ec1u\" class=\"wp-image-1237\" srcset=\"https:\/\/bestpeanutmachine.com\/wp-content\/uploads\/2026\/02\/cashew-nut-roaster-machine.webp 720w, https:\/\/bestpeanutmachine.com\/wp-content\/uploads\/2026\/02\/cashew-nut-roaster-machine-300x225.webp 300w, https:\/\/bestpeanutmachine.com\/wp-content\/uploads\/2026\/02\/cashew-nut-roaster-machine-16x12.webp 16w\" sizes=\"auto, (max-width: 720px) 100vw, 720px\" \/><figcaption class=\"wp-element-caption\">m\u00e1y rang h\u1ea1t \u0111i\u1ec1u<\/figcaption><\/figure> <\/div>   <h2 class=\"wp-block-heading\"><strong>Tr\u01b0\u1eddng h\u1ee3p th\u00e0nh c\u00f4ng: m\u1edf r\u1ed9ng c\u1eeda h\u00e0ng \u0111\u1ed3 \u0103n nh\u1eb9 Malaysia<\/strong><\/h2>    <p>Ch\u1ee7 c\u1eeda h\u00e0ng \u0111\u1ed3 \u0103n nh\u1eb9 \u1edf Malaysia \u0111\u00e3 t\u1eebng s\u1eed d\u1ee5ng m\u00e1y rang b\u00e1n t\u1ef1 \u0111\u1ed9ng \u0111\u1ec3 rang h\u1ea1t d\u1ebb v\u00e0 \u0111\u1eadu ph\u1ed9ng. Nh\u01b0ng s\u1ea3n xu\u1ea5t ch\u1eadm, v\u00e0 khi kh\u1ed1i l\u01b0\u1ee3ng \u0111\u01a1n h\u00e0ng t\u0103ng l\u00ean, anh \u1ea5y \u0111\u00e3 quy\u1ebft \u0111\u1ecbnh n\u00e2ng c\u1ea5p thi\u1ebft b\u1ecb c\u1ee7a m\u00ecnh.<\/p>    <p>Sau khi \u0111\u1ea7u t\u01b0 v\u00e0o m\u00e1y rang h\u1ea1t d\u1ebb ch\u1ea1y gas m\u1eabu 100 c\u1ee7a Taizy, anh \u1ea5y \u0111\u00e3 gi\u1ea3m th\u1eddi gian rang xu\u1ed1ng c\u00f2n 20 ph\u00fat v\u00e0 \u0111\u1ea3m b\u1ea3o m\u00e0u s\u1eafc v\u00e0 h\u01b0\u01a1ng v\u1ecb s\u1ea3n ph\u1ea9m \u0111\u1ed3ng nh\u1ea5t.<\/p>    <p>Vi\u1ec7c t\u1ef1 \u0111\u1ed9ng h\u00f3a n\u00e2ng c\u1ea5p \u0111\u00e3 gi\u1ea3m chi ph\u00ed lao \u0111\u1ed9ng, v\u00e0 ch\u1ee7 c\u1eeda h\u00e0ng \u0111\u00e3 m\u1edf r\u1ed9ng d\u00f2ng s\u1ea3n ph\u1ea9m c\u1ee7a m\u00ecnh \u0111\u1ec3 bao g\u1ed3m \u0111\u1eadu ph\u1ed9ng rang, h\u1ea1t c\u00f3 gia v\u1ecb, v\u00e0 h\u1ea1t d\u1ebb theo m\u00f9a, b\u1eaft \u0111\u1ea7u cung c\u1ea5p cho c\u00e1c si\u00eau th\u1ecb l\u00e2n c\u1eadn.<\/p>    <p>Cu\u1ed1i c\u00f9ng, doanh nghi\u1ec7p c\u1ee7a anh \u1ea5y \u0111\u00e3 ph\u00e1t tri\u1ec3n t\u1eeb m\u1ed9t qu\u1ea7y h\u00e0ng nh\u1ecf tr\u00ean ph\u1ed1 th\u00e0nh m\u1ed9t nh\u00e0 m\u00e1y rang v\u00e0 ch\u1ebf bi\u1ebfn b\u00e1n bu\u00f4n v\u00e0 b\u00e1n l\u1ebb \u1ed5n \u0111\u1ecbnh, \u0111\u1ea1t \u0111\u01b0\u1ee3c n\u00e2ng c\u1ea5p c\u00f4ng nghi\u1ec7p th\u00e0nh c\u00f4ng.<\/p>    <figure class=\"wp-block-gallery has-nested-images columns-default is-cropped wp-block-gallery-2 is-layout-flex wp-block-gallery-is-layout-flex\"> <figure class=\"wp-block-image size-large\"><img loading=\"lazy\" decoding=\"async\" width=\"720\" height=\"540\" data-id=\"1233\" src=\"https:\/\/bestpeanutmachine.com\/wp-content\/uploads\/2026\/02\/sugar-roasted-chestnuts.webp\" alt=\"h\u1ea1t d\u1ebb rang \u0111\u01b0\u1eddng\" class=\"wp-image-1233\" srcset=\"https:\/\/bestpeanutmachine.com\/wp-content\/uploads\/2026\/02\/sugar-roasted-chestnuts.webp 720w, https:\/\/bestpeanutmachine.com\/wp-content\/uploads\/2026\/02\/sugar-roasted-chestnuts-300x225.webp 300w, https:\/\/bestpeanutmachine.com\/wp-content\/uploads\/2026\/02\/sugar-roasted-chestnuts-16x12.webp 16w\" sizes=\"auto, (max-width: 720px) 100vw, 720px\" \/><figcaption class=\"wp-element-caption\">h\u1ea1t d\u1ebb rang \u0111\u01b0\u1eddng<\/figcaption><\/figure>    <figure class=\"wp-block-image size-large\"><img loading=\"lazy\" decoding=\"async\" width=\"720\" height=\"540\" data-id=\"1234\" src=\"https:\/\/bestpeanutmachine.com\/wp-content\/uploads\/2026\/02\/upgraded-roasted-nuts-snack-shop.webp\" alt=\"c\u1eeda h\u00e0ng \u0111\u1ed3 \u0103n nh\u1eb9 h\u1ea1t rang \u0111\u00e3 \u0111\u01b0\u1ee3c n\u00e2ng c\u1ea5p\" class=\"wp-image-1234\" srcset=\"https:\/\/bestpeanutmachine.com\/wp-content\/uploads\/2026\/02\/upgraded-roasted-nuts-snack-shop.webp 720w, https:\/\/bestpeanutmachine.com\/wp-content\/uploads\/2026\/02\/upgraded-roasted-nuts-snack-shop-300x225.webp 300w, https:\/\/bestpeanutmachine.com\/wp-content\/uploads\/2026\/02\/upgraded-roasted-nuts-snack-shop-16x12.webp 16w\" sizes=\"auto, (max-width: 720px) 100vw, 720px\" \/><figcaption class=\"wp-element-caption\">c\u1eeda h\u00e0ng \u0111\u1ed3 \u0103n nh\u1eb9 h\u1ea1t rang \u0111\u00e3 \u0111\u01b0\u1ee3c n\u00e2ng c\u1ea5p<\/figcaption><\/figure> <\/figure>    <p>M\u00e1y m\u00f3c Taizy cam k\u1ebft gi\u00fap m\u1ecdi ng\u01b0\u1eddi \u0111\u1ea1t \u0111\u01b0\u1ee3c t\u1ef1 \u0111\u1ed9ng h\u00f3a t\u1ed1i \u0111a v\u00e0 cung c\u1ea5p h\u1ed7 tr\u1ee3 k\u1ef9 thu\u1eadt l\u00e2u d\u00e0i cho s\u1ef1 ph\u00e1t tri\u1ec3n c\u1ee7a doanh nghi\u1ec7p. Vui l\u00f2ng li\u00ean h\u1ec7 v\u1edbi ch\u00fang t\u00f4i \u0111\u1ec3 bi\u1ebft th\u00eam th\u00f4ng tin chi ti\u1ebft n\u1ebfu b\u1ea1n c\u00f3 nhu c\u1ea7u.<\/p>    <p>Th\u00eam c\u00e1c thi\u1ebft b\u1ecb ch\u1ebf bi\u1ebfn h\u1ea1t: <\/p>    <ul class=\"wp-block-list\"> <li><a href=\"https:\/\/bestpeanutmachine.com\/vi\/product\/peanut-coating-machine\/\">M\u00e1y ph\u1ee7 \u0111\u1eadu ph\u1ed9ng<\/a><\/li>    <li><a href=\"https:\/\/bestpeanutmachine.com\/vi\/product\/peanut-roasting-machine\/\">M\u00e1y rang \u0111\u1eadu ph\u1ed9ng<\/a><\/li> <\/ul>","protected":false},"excerpt":{"rendered":"<p>This chestnut roaster is a commercial rotary drum roasting system designed for snack shops and food businesses. It can be equipped with gas or electric heating to quickly and evenly roast chestnuts, peanuts, and various nuts. With a single roasting capacity of 15-75 kg, it is constructed from durable cast iron or food-grade stainless steel and is suitable for long-term commercial use.<\/p>","protected":false},"author":1,"featured_media":1238,"parent":0,"template":"","tags":[77,80,86],"product-type":[76,6],"class_list":["post-1229","product","type-product","status-publish","has-post-thumbnail","hentry","tag-almond","tag-cocoa","tag-pistachio","product-type-other-nuts-machine","product-type-product"],"_links":{"self":[{"href":"https:\/\/bestpeanutmachine.com\/vi\/wp-json\/wp\/v2\/product\/1229","targetHints":{"allow":["GET"]}}],"collection":[{"href":"https:\/\/bestpeanutmachine.com\/vi\/wp-json\/wp\/v2\/product"}],"about":[{"href":"https:\/\/bestpeanutmachine.com\/vi\/wp-json\/wp\/v2\/types\/product"}],"author":[{"embeddable":true,"href":"https:\/\/bestpeanutmachine.com\/vi\/wp-json\/wp\/v2\/users\/1"}],"wp:featuredmedia":[{"embeddable":true,"href":"https:\/\/bestpeanutmachine.com\/vi\/wp-json\/wp\/v2\/media\/1238"}],"wp:attachment":[{"href":"https:\/\/bestpeanutmachine.com\/vi\/wp-json\/wp\/v2\/media?parent=1229"}],"wp:term":[{"taxonomy":"post_tag","embeddable":true,"href":"https:\/\/bestpeanutmachine.com\/vi\/wp-json\/wp\/v2\/tags?post=1229"},{"taxonomy":"product-type","embeddable":true,"href":"https:\/\/bestpeanutmachine.com\/vi\/wp-json\/wp\/v2\/product-type?post=1229"}],"curies":[{"name":"wp","href":"https:\/\/api.w.org\/{rel}","templated":true}]}}