{"id":1274,"date":"2026-03-04T14:48:22","date_gmt":"2026-03-04T06:48:22","guid":{"rendered":"https:\/\/bestpeanutmachine.com\/?post_type=product&#038;p=1274"},"modified":"2026-03-04T17:27:12","modified_gmt":"2026-03-04T09:27:12","slug":"combined-peanut-shelling-unit","status":"publish","type":"product","link":"https:\/\/bestpeanutmachine.com\/vi\/product\/combined-peanut-shelling-unit\/","title":{"rendered":"\u0110\u01a1n v\u1ecb b\u00f3c v\u1ecf l\u1ea1c v\u1edbi h\u1ec7 th\u1ed1ng l\u00e0m s\u1ea1ch v\u00e0 ph\u00e2n lo\u1ea1i"},"content":{"rendered":"<p class=\"translation-block\">\u0110\u01a1n v\u1ecb b\u00f3c v\u1ecf \u0111\u1eadu ph\u1ed9ng <strong>k\u1ebft h\u1ee3p h\u1ec7 th\u1ed1ng l\u00e0m s\u1ea1ch v\u00e0 b\u00f3c v\u1ecf<\/strong>, t\u1ea1o th\u00e0nh gi\u1ea3i ph\u00e1p ch\u1ebf bi\u1ebfn ho\u00e0n ch\u1ec9nh bao g\u1ed3m l\u00e0m s\u1ea1ch \u0111\u1eadu ph\u1ed9ng, b\u00f3c v\u1ecf v\u00e0 ph\u00e2n lo\u1ea1i. N\u00f3 c\u00f3 t\u1ef7 l\u1ec7 l\u00e0m s\u1ea1ch \u226599%, t\u1ef7 l\u1ec7 b\u00f3c v\u1ecf \u226599%, t\u1ef7 l\u1ec7 m\u1ea5t m\u00e1t \u22640.5%, v\u00e0 t\u1ef7 l\u1ec7 v\u1ee1 \u22645%.<\/p>    <p>Tr\u01b0\u1edbc ti\u00ean, n\u00f3 lo\u1ea1i b\u1ecf t\u1ea1p ch\u1ea5t n\u1eb7ng v\u00e0 nh\u1eb9 kh\u1ecfi \u0111\u1eadu ph\u1ed9ng, sau \u0111\u00f3 th\u1ef1c hi\u1ec7n b\u00f3c v\u1ecf nhi\u1ec1u giai \u0111o\u1ea1n. \u0110\u1ed9 \u1ea9m c\u1ee7a \u0111\u1eadu ph\u1ed9ng ph\u1ea3i d\u01b0\u1edbi 10% \u0111\u1ec3 \u0111\u1ea3m b\u1ea3o t\u1ef7 l\u1ec7 b\u00f3c v\u1ecf cao v\u00e0 t\u1ef7 l\u1ec7 v\u1ee1 th\u1ea5p. \u0110\u1eb7c bi\u1ec7t ph\u00f9 h\u1ee3p v\u1edbi c\u00e1c v\u00f9ng tr\u1ed3ng \u0111\u1eadu ph\u1ed9ng (\u0111\u1ed3i n\u00fai, \u0111\u1ea5t c\u00e1t, \u0111\u1ea5t c\u1eb1n c\u1ed7i).<\/p>    <figure class=\"wp-block-embed aligncenter is-type-video is-provider-youtube wp-block-embed-youtube wp-embed-aspect-16-9 wp-has-aspect-ratio\"><div class=\"wp-block-embed__wrapper\"> <iframe loading=\"lazy\" title=\"D\u00e2y chuy\u1ec1n ch\u1ebf bi\u1ebfn \u0111\u1eadu ph\u1ed9ng c\u00f4ng nghi\u1ec7p 8000kg\/h k\u1ebft h\u1ee3p \u0111\u01a1n v\u1ecb b\u00f3c v\u1ecf \u0111\u1eadu ph\u1ed9ng. Li\u00ean h\u1ec7:  8617703863868\" width=\"500\" height=\"281\" src=\"https:\/\/www.youtube.com\/embed\/CP013EhPJHc?feature=oembed\" frameborder=\"0\" allow=\"accelerometer; autoplay; clipboard-write; encrypted-media; gyroscope; picture-in-picture; web-share\" referrerpolicy=\"strict-origin-when-cross-origin\" allowfullscreen><\/iframe> <\/div><figcaption class=\"wp-element-caption\">Video ho\u1ea1t \u0111\u1ed9ng c\u1ee7a \u0111\u01a1n v\u1ecb b\u00f3c v\u1ecf \u0111\u1eadu ph\u1ed9ng<\/figcaption><\/figure>    <h2 class=\"wp-block-heading\"><strong>\u01afu \u0111i\u1ec3m n\u1ed5i b\u1eadt c\u1ee7a \u0111\u01a1n v\u1ecb b\u00f3c v\u1ecf \u0111\u1eadu ph\u1ed9ng<\/strong><\/h2>    <ol class=\"wp-block-list\"> <li>\u0110\u01a1n v\u1ecb b\u00f3c v\u1ecf \u0111\u1eadu ph\u1ed9ng c\u1ee7a ch\u00fang t\u00f4i g\u1ed3m hai ph\u1ea7n: h\u1ec7 th\u1ed1ng lo\u1ea1i b\u1ecf t\u1ea1p ch\u1ea5t v\u00e0 h\u1ec7 th\u1ed1ng b\u00f3c v\u1ecf \u0111\u1eadu ph\u1ed9ng. C\u1ea5u tr\u00fac n\u00e0y \u0111\u1ea3m b\u1ea3o \u0111\u1ed9 s\u1ea1ch c\u1ee7a nguy\u00ean li\u1ec7u tr\u01b0\u1edbc khi b\u00f3c v\u1ecf, n\u00e2ng cao ch\u1ea5t l\u01b0\u1ee3ng cu\u1ed1i c\u00f9ng.<\/li>    <li>M\u00e1y b\u00f3c v\u1ecf \u0111\u1eadu ph\u1ed9ng n\u00e0y c\u00f3 thi\u1ebft k\u1ebf ba tr\u1ee5c b\u00f3c v\u1ecf, b\u00f3c l\u1edbp \u0111\u1eadu ph\u1ed9ng t\u1eebng l\u1edbp. Kho\u1ea3ng c\u00e1ch \u0111i\u1ec1u ch\u1ec9nh gi\u1eefa c\u00e1c tr\u1ee5c v\u00e0 l\u01b0\u1edbi l\u1ed3i \u0111\u1ea3m b\u1ea3o t\u1ef7 l\u1ec7 b\u00f3c v\u1ecf \u226599% v\u00e0 t\u1ef7 l\u1ec7 v\u1ee1 \u22645%.<\/li>    <li>H\u1ec7 th\u1ed1ng b\u00f3c v\u1ecf \u0111\u01b0\u1ee3c trang b\u1ecb m\u00e0n h\u00ecnh ph\u00e2n lo\u1ea1i \u0111a l\u1edbp \u0111\u1ec3 t\u00e1ch nh\u00e2n \u0111\u1eadu ph\u1ed9ng v\u00e0 v\u1ecf, n\u00e2ng cao hi\u1ec7u qu\u1ea3 t\u1ed5ng th\u1ec3.<\/li>    <li>Ph\u1ea7n l\u00e0m s\u1ea1ch v\u00e0 lo\u1ea1i b\u1ecf t\u1ea1p ch\u1ea5t c\u1ee7a n\u00f3 \u0111\u01b0\u1ee3c trang b\u1ecb m\u00e0n h\u00ecnh rung v\u00e0 qu\u1ea1t l\u1edbn, s\u1eed d\u1ee5ng h\u1ec7 th\u1ed1ng lu\u1ed3ng kh\u00f4ng kh\u00ed m\u1ea1nh m\u1ebd \u0111\u1ec3 lo\u1ea1i b\u1ecf v\u1ecf \u0111\u1eadu ph\u1ed9ng v\u00e0 t\u1ea1p ch\u1ea5t nh\u1ecf.<\/li>    <li>Ph\u1ea7n b\u00f3c v\u1ecf \u0111\u01b0\u1ee3c trang b\u1ecb h\u1ec7 th\u1ed1ng b\u00f3c v\u1ecf t\u1ef1 \u0111\u1ed9ng, c\u00f3 th\u1ec3 ph\u00e2n lo\u1ea1i v\u00e0 b\u00f3c v\u1ecf l\u1ea1i \u0111\u1eadu ph\u1ed9ng ch\u01b0a b\u00f3c v\u1ecf ho\u00e0n to\u00e0n, n\u00e2ng cao \u0111\u00e1ng k\u1ec3 t\u1ef7 l\u1ec7 b\u00f3c v\u1ecf.<\/li> <\/ol>    <figure class=\"wp-block-gallery has-nested-images columns-default is-cropped wp-block-gallery-2 is-layout-flex wp-block-gallery-is-layout-flex\"> <figure class=\"wp-block-image size-large\"><img loading=\"lazy\" decoding=\"async\" width=\"720\" height=\"540\" data-id=\"1287\" src=\"https:\/\/bestpeanutmachine.com\/wp-content\/uploads\/2026\/03\/grading-screens.webp\" alt=\"M\u00e0n h\u00ecnh ph\u00e2n lo\u1ea1i\" class=\"wp-image-1287\" srcset=\"https:\/\/bestpeanutmachine.com\/wp-content\/uploads\/2026\/03\/grading-screens.webp 720w, https:\/\/bestpeanutmachine.com\/wp-content\/uploads\/2026\/03\/grading-screens-300x225.webp 300w, https:\/\/bestpeanutmachine.com\/wp-content\/uploads\/2026\/03\/grading-screens-16x12.webp 16w\" sizes=\"auto, (max-width: 720px) 100vw, 720px\" \/><figcaption class=\"wp-element-caption\">M\u00e0n h\u00ecnh ph\u00e2n lo\u1ea1i<\/figcaption><\/figure>    <figure class=\"wp-block-image size-large\"><img loading=\"lazy\" decoding=\"async\" width=\"720\" height=\"540\" data-id=\"1288\" src=\"https:\/\/bestpeanutmachine.com\/wp-content\/uploads\/2026\/03\/peanut-shell-removing-machine.webp\" alt=\"m\u00e1y t\u00e1ch v\u1ecf \u0111\u1eadu ph\u1ed9ng\" class=\"wp-image-1288\" srcset=\"https:\/\/bestpeanutmachine.com\/wp-content\/uploads\/2026\/03\/peanut-shell-removing-machine.webp 720w, https:\/\/bestpeanutmachine.com\/wp-content\/uploads\/2026\/03\/peanut-shell-removing-machine-300x225.webp 300w, https:\/\/bestpeanutmachine.com\/wp-content\/uploads\/2026\/03\/peanut-shell-removing-machine-16x12.webp 16w\" sizes=\"auto, (max-width: 720px) 100vw, 720px\" \/><figcaption class=\"wp-element-caption\">m\u00e1y t\u00e1ch v\u1ecf \u0111\u1eadu ph\u1ed9ng<\/figcaption><\/figure> <\/figure>    <h2 class=\"wp-block-heading\"><strong>C\u00e1c m\u1eabu c\u1ee7a m\u00e1y b\u00f3c v\u1ecf \u0111\u1eadu ph\u1ed9ng v\u00e0 th\u00f4ng s\u1ed1 k\u1ef9 thu\u1eadt<\/strong><\/h2>    <figure class=\"wp-block-table\"><table class=\"has-fixed-layout\"><thead><tr><th>Ng\u01b0\u1eddi m\u1eabu<\/th><th>6BHX-35000<\/th><th>6BHX-28000<\/th><th>6BHX-20000<\/th><th>6BHX-3500<\/th><th>6BHX-1500<\/th><\/tr><\/thead><tbody><tr><td>Dung t\u00edch <\/td><td>\u22658000kg\/h<\/td><td>\u22656000kg\/h<\/td><td>\u22655000kg\/h<\/td><td>\u22652000kg\/h<\/td><td>\u22651000kg\/h<\/td><\/tr><tr><td>T\u1ef7 l\u1ec7 l\u00e0m s\u1ea1ch<\/td><td>\u226599%<\/td><td>\u226599%<\/td><td>\u226599(%<\/td><td>\u226599%<\/td><td>\u226599%<\/td><\/tr><tr><td>T\u1ec9 l\u1ec7 b\u00f3c v\u1ecf<\/td><td>\u226599%<\/td><td>\u226599%<\/td><td>\u226599%<\/td><td>\u226599%<\/td><td>\u226599%<\/td><\/tr><tr><td>T\u1ef7 l\u1ec7 t\u1ed5n th\u1ea5t<\/td><td>\u22640.5%<\/td><td>\u22640.5%<\/td><td>\u22640.5%<\/td><td>\u22640.5%<\/td><td>\u22640.5%<\/td><\/tr><tr><td>T\u1ef7 l\u1ec7 v\u1ee1<\/td><td>\u22645%<\/td><td>\u22645%<\/td><td>\u22645%<\/td><td>\u22645%<\/td><td>\u22645%<\/td><\/tr><tr><td>\u0110\u1ed9 \u1ea9m <\/td><td>10%<\/td><td>10%<\/td><td>10%<\/td><td>10%<\/td><td>10%<\/td><\/tr><\/tbody><\/table><figcaption class=\"wp-element-caption\">Th\u00f4ng s\u1ed1 c\u1ee7a \u0111\u01a1n v\u1ecb v\u1ecf \u0111\u1eadu ph\u1ed9ng<\/figcaption><\/figure>    <figure class=\"wp-block-gallery has-nested-images columns-default is-cropped wp-block-gallery-3 is-layout-flex wp-block-gallery-is-layout-flex\"> <figure class=\"wp-block-image size-large\"><img loading=\"lazy\" decoding=\"async\" width=\"720\" height=\"540\" data-id=\"1281\" src=\"https:\/\/bestpeanutmachine.com\/wp-content\/uploads\/2026\/03\/6BHX-1500-peanut-shelling-machine.webp\" alt=\"M\u00e1y b\u00f3c v\u1ecf \u0111\u1eadu ph\u1ed9ng 6BHX-1500\" class=\"wp-image-1281\" srcset=\"https:\/\/bestpeanutmachine.com\/wp-content\/uploads\/2026\/03\/6BHX-1500-peanut-shelling-machine.webp 720w, https:\/\/bestpeanutmachine.com\/wp-content\/uploads\/2026\/03\/6BHX-1500-peanut-shelling-machine-300x225.webp 300w, https:\/\/bestpeanutmachine.com\/wp-content\/uploads\/2026\/03\/6BHX-1500-peanut-shelling-machine-16x12.webp 16w\" sizes=\"auto, (max-width: 720px) 100vw, 720px\" \/><figcaption class=\"wp-element-caption\">M\u00e1y b\u00f3c v\u1ecf \u0111\u1eadu ph\u1ed9ng 6BHX-1500<\/figcaption><\/figure>    <figure class=\"wp-block-image size-large\"><img loading=\"lazy\" decoding=\"async\" width=\"720\" height=\"540\" data-id=\"1282\" src=\"https:\/\/bestpeanutmachine.com\/wp-content\/uploads\/2026\/03\/6BHX-3500-peanut-shelling-processing-line.webp\" alt=\"D\u00e2y chuy\u1ec1n b\u00f3c v\u1ecf \u0111\u1eadu ph\u1ed9ng 6BHX-3500\" class=\"wp-image-1282\" srcset=\"https:\/\/bestpeanutmachine.com\/wp-content\/uploads\/2026\/03\/6BHX-3500-peanut-shelling-processing-line.webp 720w, https:\/\/bestpeanutmachine.com\/wp-content\/uploads\/2026\/03\/6BHX-3500-peanut-shelling-processing-line-300x225.webp 300w, https:\/\/bestpeanutmachine.com\/wp-content\/uploads\/2026\/03\/6BHX-3500-peanut-shelling-processing-line-16x12.webp 16w\" sizes=\"auto, (max-width: 720px) 100vw, 720px\" \/><figcaption class=\"wp-element-caption\">D\u00e2y chuy\u1ec1n b\u00f3c v\u1ecf \u0111\u1eadu ph\u1ed9ng 6BHX-3500<\/figcaption><\/figure> <\/figure>    <p>Suitable for different production scales from 1 ton\/hour to 8 tons\/hour. If you don&#8217;t know which one is more suitable for your requirements, contact us for professional advice.<\/p>    <figure class=\"wp-block-gallery has-nested-images columns-default is-cropped wp-block-gallery-4 is-layout-flex wp-block-gallery-is-layout-flex\"> <figure class=\"wp-block-image size-large\"><img loading=\"lazy\" decoding=\"async\" width=\"720\" height=\"540\" data-id=\"1284\" src=\"https:\/\/bestpeanutmachine.com\/wp-content\/uploads\/2026\/03\/6BHX-20000-groundnut-shelling-plant.webp\" alt=\"Nh\u00e0 m\u00e1y v\u1ecf \u0111\u1eadu ph\u1ed9ng 6BHX-20000\" class=\"wp-image-1284\" srcset=\"https:\/\/bestpeanutmachine.com\/wp-content\/uploads\/2026\/03\/6BHX-20000-groundnut-shelling-plant.webp 720w, https:\/\/bestpeanutmachine.com\/wp-content\/uploads\/2026\/03\/6BHX-20000-groundnut-shelling-plant-300x225.webp 300w, https:\/\/bestpeanutmachine.com\/wp-content\/uploads\/2026\/03\/6BHX-20000-groundnut-shelling-plant-16x12.webp 16w\" sizes=\"auto, (max-width: 720px) 100vw, 720px\" \/><figcaption class=\"wp-element-caption\">Nh\u00e0 m\u00e1y v\u1ecf \u0111\u1eadu ph\u1ed9ng 6BHX-20000<\/figcaption><\/figure>    <figure class=\"wp-block-image size-large\"><img loading=\"lazy\" decoding=\"async\" width=\"720\" height=\"540\" data-id=\"1285\" src=\"https:\/\/bestpeanutmachine.com\/wp-content\/uploads\/2026\/03\/6BHX-28000-peanut-shelling-unit.webp\" alt=\"\u0110\u01a1n v\u1ecb v\u1ecf \u0111\u1eadu ph\u1ed9ng 6BHX-28000\" class=\"wp-image-1285\" srcset=\"https:\/\/bestpeanutmachine.com\/wp-content\/uploads\/2026\/03\/6BHX-28000-peanut-shelling-unit.webp 720w, https:\/\/bestpeanutmachine.com\/wp-content\/uploads\/2026\/03\/6BHX-28000-peanut-shelling-unit-300x225.webp 300w, https:\/\/bestpeanutmachine.com\/wp-content\/uploads\/2026\/03\/6BHX-28000-peanut-shelling-unit-16x12.webp 16w\" sizes=\"auto, (max-width: 720px) 100vw, 720px\" \/><figcaption class=\"wp-element-caption\">\u0110\u01a1n v\u1ecb v\u1ecf \u0111\u1eadu ph\u1ed9ng 6BHX-28000<\/figcaption><\/figure>    <figure class=\"wp-block-image size-large\"><img loading=\"lazy\" decoding=\"async\" width=\"720\" height=\"540\" data-id=\"1283\" src=\"https:\/\/bestpeanutmachine.com\/wp-content\/uploads\/2026\/03\/6BHX-35000-peanut-shell-removing-machine.webp\" alt=\"6BHX- 35000 m\u00e1y lo\u1ea1i b\u1ecf v\u1ecf \u0111\u1eadu ph\u1ed9ng\" class=\"wp-image-1283\" srcset=\"https:\/\/bestpeanutmachine.com\/wp-content\/uploads\/2026\/03\/6BHX-35000-peanut-shell-removing-machine.webp 720w, https:\/\/bestpeanutmachine.com\/wp-content\/uploads\/2026\/03\/6BHX-35000-peanut-shell-removing-machine-300x225.webp 300w, https:\/\/bestpeanutmachine.com\/wp-content\/uploads\/2026\/03\/6BHX-35000-peanut-shell-removing-machine-16x12.webp 16w\" sizes=\"auto, (max-width: 720px) 100vw, 720px\" \/><figcaption class=\"wp-element-caption\">6BHX- 35000 m\u00e1y lo\u1ea1i b\u1ecf v\u1ecf \u0111\u1eadu ph\u1ed9ng<\/figcaption><\/figure> <\/figure>    <h2 class=\"wp-block-heading\"><strong>C\u1ea5u tr\u00fac v\u00e0 ch\u1ee9c n\u0103ng c\u1ee7a m\u00e1y b\u00f3c v\u1ecf \u0111\u1eadu ph\u1ed9ng<\/strong><\/h2>    <h3 class=\"wp-block-heading\"><strong>C\u1ea5u tr\u00fac h\u1ec7 th\u1ed1ng l\u00e0m s\u1ea1ch<\/strong><\/h3>    <p class=\"translation-block\"><strong>Th\u00e0nh ph\u1ea7n<\/strong>:<\/p>    <ul class=\"wp-block-list\"> <li>\u0110\u1ed9ng c\u01a1<\/li>    <li>Ph\u1ec5u c\u1ea5p li\u1ec7u<\/li>    <li>M\u00e0n h\u00ecnh ph\u00e2n lo\u1ea1i<\/li>    <li>Tr\u1ee5c khu\u1ef7u<\/li>    <li>Qu\u1ea1t h\u00fat ch\u00e2n kh\u00f4ng<\/li>    <li>Thi\u1ebft b\u1ecb v\u1eadn chuy\u1ec3n kh\u00ed<\/li> <\/ul>    <p class=\"translation-block\"><strong>Ch\u1ee9c n\u0103ng<\/strong>:<\/p>    <ol class=\"wp-block-list\"> <li>Lo\u1ea1i b\u1ecf t\u1ea1p ch\u1ea5t n\u1eb7ng (\u0111\u00e1, \u0111\u1ea5t s\u00e9t)<\/li>    <li>Lo\u1ea1i b\u1ecf t\u1ea1p ch\u1ea5t nh\u1eb9 (b\u1ee5i, l\u00e1, r\u01a1m)<\/li>    <li>B\u1ea3o v\u1ec7 tr\u1ee5c v\u1ecf<\/li>    <li>C\u1ea3i thi\u1ec7n ch\u1ea5t l\u01b0\u1ee3ng \u0111\u1eadu ph\u1ed9ng<\/li> <\/ol>    <h3 class=\"wp-block-heading\"><strong>C\u1ea5u tr\u00fac h\u1ec7 th\u1ed1ng b\u00f3c v\u1ecf<\/strong><\/h3>    <p class=\"translation-block\"><strong>Th\u00e0nh ph\u1ea7n<\/strong>:<\/p>    <ul class=\"wp-block-list\"> <li>\u0110\u1ed9ng c\u01a1<\/li>    <li>Ph\u1ec5u c\u1ea5p li\u1ec7u<\/li>    <li>Tr\u1ee5c v\u1ecf (I, II, III)<\/li>    <li>L\u01b0\u1edbi l\u1ed3i<\/li>    <li>M\u00e0n h\u00ecnh ph\u00e2n lo\u1ea1i v\u00e0 s\u00e0ng l\u1ecdc<\/li>    <li>Tr\u1ee5c khu\u1ef7u<\/li>    <li>Qu\u1ea1t h\u00fat ch\u00e2n kh\u00f4ng<\/li>    <li>Thi\u1ebft b\u1ecb v\u1eadn chuy\u1ec3n A<\/li>    <li>Thi\u1ebft b\u1ecb v\u1eadn chuy\u1ec3n B<\/li> <\/ul>    <p class=\"translation-block\"><strong>Ch\u1ee9c n\u0103ng<\/strong>:<\/p>    <ol class=\"wp-block-list\"> <li>S\u1eed d\u1ee5ng ma s\u00e1t gi\u1eefa c\u00e1c tr\u1ee5c c\u00f3 hoa v\u0103n v\u00e0 l\u01b0\u1edbi l\u1ed3i \u0111\u1ec3 b\u00f3c v\u1ecf \u0111\u1eadu ph\u1ed9ng<\/li>    <li>Ph\u00e2n t\u00e1ch nh\u00e2n kh\u1ecfi v\u1ecf<\/li>    <li>T\u1ef1 \u0111\u1ed9ng th\u1ef1c hi\u1ec7n b\u00f3c v\u1ecf l\u1ea7n hai tr\u00ean \u0111\u1eadu ph\u1ed9ng ch\u01b0a x\u1eed l\u00fd<\/li>    <li>Gi\u1ea3m thi\u1ec3u v\u1ee1<\/li> <\/ol>   <div class=\"wp-block-image\"> <figure class=\"aligncenter size-full\"><img loading=\"lazy\" decoding=\"async\" width=\"720\" height=\"540\" src=\"https:\/\/bestpeanutmachine.com\/wp-content\/uploads\/2026\/03\/structure-of-peanut-shelling-processing-line.webp\" alt=\"C\u1ea5u tr\u00fac c\u1ee7a d\u00e2y chuy\u1ec1n x\u1eed l\u00fd v\u1ecf \u0111\u1eadu ph\u1ed9ng\" class=\"wp-image-1280\" srcset=\"https:\/\/bestpeanutmachine.com\/wp-content\/uploads\/2026\/03\/structure-of-peanut-shelling-processing-line.webp 720w, https:\/\/bestpeanutmachine.com\/wp-content\/uploads\/2026\/03\/structure-of-peanut-shelling-processing-line-300x225.webp 300w, https:\/\/bestpeanutmachine.com\/wp-content\/uploads\/2026\/03\/structure-of-peanut-shelling-processing-line-16x12.webp 16w\" sizes=\"auto, (max-width: 720px) 100vw, 720px\" \/><figcaption class=\"wp-element-caption\">C\u1ea5u tr\u00fac c\u1ee7a d\u00e2y chuy\u1ec1n x\u1eed l\u00fd v\u1ecf \u0111\u1eadu ph\u1ed9ng<\/figcaption><\/figure> <\/div>   <ol class=\"wp-block-list\"> <li><strong>L\u1ed7 c\u1ea5p li\u1ec7u<\/strong>: \u0110\u1eb7t \u0111\u1eadu ph\u1ed9ng \u1edf \u0111\u00f3.<\/li>    <li><strong>M\u00e1y t\u00e1ch \u0111\u00e1<\/strong>| Lo\u1ea1i b\u1ecf \u0111\u00e1 v\u00e0 t\u1ea1p ch\u1ea5t kh\u00e1c trong \u0111\u1eadu ph\u1ed9ng.<\/li>    <li><strong>B\u0103ng chuy\u1ec1n<\/strong>| Chuy\u1ec3n \u0111\u1eadu ph\u1ed9ng \u0111\u1ebfn m\u00e1y b\u00f3c v\u1ecf.<\/li>    <li><strong>L\u1ed7 x\u1ea3<\/strong>| \u0110\u1ea7u ra h\u1ea1t \u0111\u1eadu ph\u1ed9ng.<\/li>    <li><strong>M\u00e1y t\u00e1ch v\u1ecf<\/strong>| Lo\u1ea1i b\u1ecf v\u1ecf c\u1ee7a \u0111\u1eadu ph\u1ed9ng.<\/li> <\/ol>    <h2 class=\"wp-block-heading\"><strong>Nguy\u00ean l\u00fd ho\u1ea1t \u0111\u1ed9ng c\u1ee7a \u0111\u01a1n v\u1ecb b\u00f3c v\u1ecf \u0111\u1eadu ph\u1ed9ng<\/strong><\/h2>    <h3 class=\"wp-block-heading\"><strong>B\u01b0\u1edbc 1: Lo\u1ea1i b\u1ecf t\u1ea1p ch\u1ea5t<\/strong><\/h3>    <p>H\u1ea1t \u0111\u1eadu ph\u1ed9ng s\u1ed1ng \u0111i v\u00e0o ph\u1ec5u c\u1ea5p li\u1ec7u r\u1ed3i sau \u0111\u00f3 \u0111i v\u00e0o m\u00e0n h\u00ecnh ph\u00e2n lo\u1ea1i. D\u01b0\u1edbi t\u00e1c d\u1ee5ng c\u1ee7a rung tr\u1ee5c khu\u1ef7u v\u00e0 lu\u1ed3ng kh\u00ed t\u1eeb qu\u1ea1t h\u00fat, t\u1ea1p ch\u1ea5t n\u1eb7ng h\u01a1n (\u0111\u00e1, \u0111\u1ea5t s\u00e9t) \u0111\u01b0\u1ee3c x\u1ea3 ra qua l\u1ed7 t\u1ea1p ch\u1ea5t, trong khi t\u1ea1p ch\u1ea5t nh\u1eb9 h\u01a1n (b\u1ee5i, l\u00e1) b\u1ecb h\u00fat ra b\u1edfi qu\u1ea1t.<\/p>    <p>Cu\u1ed1i c\u00f9ng, \u0111\u1eadu ph\u1ed9ng s\u1ea1ch \u0111i v\u00e0o h\u1ec7 th\u1ed1ng v\u1eadn chuy\u1ec3n kh\u00ed v\u00e0 \u0111\u01b0\u1ee3c v\u1eadn chuy\u1ec3n \u0111\u1ebfn h\u1ec7 th\u1ed1ng b\u00f3c v\u1ecf.<\/p>    <h3 class=\"wp-block-heading\"><strong>B\u01b0\u1edbc 2: B\u00f3c v\u1ecf ba giai \u0111o\u1ea1n<\/strong><\/h3>    <p>H\u1ea1t \u0111\u1eadu ph\u1ed9ng \u0111i v\u00e0o tr\u1ee5c v\u1ecf I \u2192 V\u1ecf s\u01a1 c\u1ea5p<\/p>    <p>H\u1ea1t \u0111\u1eadu ph\u1ed9ng ch\u01b0a b\u00f3c v\u1ecf \u0111i v\u00e0o tr\u1ee5c II \u2192 B\u00f3c v\u1ecf l\u1ea7n th\u1ee9 hai<\/p>    <p>H\u1ea1t \u0111\u1eadu ph\u1ed9ng c\u00f2n l\u1ea1i \u0111i v\u00e0o tr\u1ee5c III \u2192 B\u00f3c v\u1ecf l\u1ea7n th\u1ee9 ba<\/p>    <p>Nguy\u00ean l\u00fd b\u00f3c v\u1ecf c\u1ee7a m\u00e1y: B\u00f3c v\u1ecf \u0111\u1ea1t \u0111\u01b0\u1ee3c th\u00f4ng qua ma s\u00e1t l\u1eb7p \u0111i l\u1eb7p l\u1ea1i gi\u1eefa c\u00e1c tr\u1ee5c v\u00e0 l\u01b0\u1edbi l\u1ed3i.<\/p>    <h3 class=\"wp-block-heading\"><strong>B\u01b0\u1edbc 3: Ph\u00e2n lo\u1ea1i v\u00e0 t\u00e1ch<\/strong><\/h3>    <p>Sau khi h\u1ed7n h\u1ee3p \u0111i v\u00e0o m\u00e0n h\u00ecnh ph\u00e2n lo\u1ea1i, v\u1ecf ngo\u00e0i \u0111\u01b0\u1ee3c x\u1ea3 ra b\u1eb1ng qu\u1ea1t, trong khi nh\u00e2n \u0111\u01b0\u1ee3c x\u1ea3 ra t\u1eeb l\u1ed1i ra. \u0110\u1eadu ph\u1ed9ng ch\u01b0a b\u00f3c v\u1ecf \u0111\u01b0\u1ee3c t\u00e1ch ra v\u00e0 t\u1ef1 \u0111\u1ed9ng quay tr\u1edf l\u1ea1i \u0111\u1ec3 b\u00f3c v\u1ecf l\u1ea7n hai. Chu tr\u00ecnh n\u00e0y c\u00f3 th\u1ec3 \u0111\u1ea1t t\u1ef7 l\u1ec7 lo\u1ea1i b\u1ecf v\u1ecf l\u00ean t\u1edbi 99%.<\/p>    <h2 class=\"wp-block-heading\"><strong>\u1ee8ng d\u1ee5ng c\u1ee7a m\u00e1y n\u00e0y<\/strong><\/h2>    <p>D\u00e2y chuy\u1ec1n x\u1eed l\u00fd v\u1ecf \u0111\u1eadu ph\u1ed9ng n\u00e0y th\u01b0\u1eddng \u0111\u01b0\u1ee3c s\u1eed d\u1ee5ng trong c\u00e1c v\u00f9ng tr\u1ed3ng \u0111\u1eadu ph\u1ed9ng, \u0111\u1eb7c bi\u1ec7t l\u00e0 \u1edf c\u00e1c khu v\u1ef1c \u0111\u1ed3i n\u00fai, \u0111\u1ea5t c\u00e1t, \u0111\u1ec3 b\u00f3c v\u1ecf \u0111\u1eadu ph\u1ed9ng, lo\u1ea1i b\u1ecf t\u1ea1p ch\u1ea5t v\u00e0 \u0111\u1ea1t hi\u1ec7u qu\u1ea3 b\u00f3c v\u1ecf cao.<\/p>    <p>H\u01a1n n\u1eefa, n\u00f3 \u0111\u1eb7c bi\u1ec7t ph\u00f9 h\u1ee3p v\u1edbi c\u00e1c v\u00f9ng tr\u1ed3ng \u0111\u1eadu ph\u1ed9ng, nh\u00e0 m\u00e1y ch\u1ebf bi\u1ebfn h\u1ea1t gi\u1ed1ng, nh\u00e0 m\u00e1y th\u01b0\u01a1ng m\u1ea1i, h\u1ee3p t\u00e1c x\u00e3 n\u00f4ng nghi\u1ec7p v\u00e0 doanh nghi\u1ec7p xu\u1ea5t kh\u1ea9u y\u00eau c\u1ea7u h\u1ea1t \u0111\u1eadu ph\u1ed9ng s\u1ea1ch, \u0111\u1ed3ng \u0111\u1ec1u v\u00e0 ch\u1ea5t l\u01b0\u1ee3ng cao.<\/p>    <figure class=\"wp-block-gallery has-nested-images columns-default is-cropped wp-block-gallery-5 is-layout-flex wp-block-gallery-is-layout-flex\"> <figure class=\"wp-block-image size-large\"><img loading=\"lazy\" decoding=\"async\" width=\"720\" height=\"540\" data-id=\"1290\" src=\"https:\/\/bestpeanutmachine.com\/wp-content\/uploads\/2026\/03\/peanut-farm.webp\" alt=\"Trang tr\u1ea1i \u0111\u1eadu ph\u1ed9ng\" class=\"wp-image-1290\" srcset=\"https:\/\/bestpeanutmachine.com\/wp-content\/uploads\/2026\/03\/peanut-farm.webp 720w, https:\/\/bestpeanutmachine.com\/wp-content\/uploads\/2026\/03\/peanut-farm-300x225.webp 300w, https:\/\/bestpeanutmachine.com\/wp-content\/uploads\/2026\/03\/peanut-farm-16x12.webp 16w\" sizes=\"auto, (max-width: 720px) 100vw, 720px\" \/><figcaption class=\"wp-element-caption\">Trang tr\u1ea1i \u0111\u1eadu ph\u1ed9ng<\/figcaption><\/figure>    <figure class=\"wp-block-image size-large\"><img loading=\"lazy\" decoding=\"async\" width=\"720\" height=\"540\" data-id=\"1289\" src=\"https:\/\/bestpeanutmachine.com\/wp-content\/uploads\/2026\/03\/industrial-peanut-factory.webp\" alt=\"Nh\u00e0 m\u00e1y \u0111\u1eadu ph\u1ed9ng c\u00f4ng nghi\u1ec7p\" class=\"wp-image-1289\" srcset=\"https:\/\/bestpeanutmachine.com\/wp-content\/uploads\/2026\/03\/industrial-peanut-factory.webp 720w, https:\/\/bestpeanutmachine.com\/wp-content\/uploads\/2026\/03\/industrial-peanut-factory-300x225.webp 300w, https:\/\/bestpeanutmachine.com\/wp-content\/uploads\/2026\/03\/industrial-peanut-factory-16x12.webp 16w\" sizes=\"auto, (max-width: 720px) 100vw, 720px\" \/><figcaption class=\"wp-element-caption\">Nh\u00e0 m\u00e1y \u0111\u1eadu ph\u1ed9ng c\u00f4ng nghi\u1ec7p<\/figcaption><\/figure> <\/figure>    <p>N\u1ebfu b\u1ea1n \u0111ang t\u00ecm ki\u1ebfm m\u1ed9t gi\u1ea3i ph\u00e1p ch\u1ebf bi\u1ebfn \u0111\u1eadu ph\u1ed9ng \u0111\u00e1ng tin c\u1eady, c\u00f3 th\u1ec3 m\u1edf r\u1ed9ng v\u00e0 l\u00e2u d\u00e0i, th\u00ec m\u1ed9t \u0111\u01a1n v\u1ecb v\u1ecf \u0111\u1eadu ph\u1ed9ng l\u00e0 m\u1ed9t kho\u1ea3n \u0111\u1ea7u t\u01b0 l\u00fd t\u01b0\u1edfng \u0111\u1ec3 n\u00e2ng cao hi\u1ec7u qu\u1ea3, gi\u1ea3m thi\u1ec7t h\u1ea1i v\u00e0 t\u0103ng kh\u1ea3 n\u0103ng c\u1ea1nh tranh tr\u00ean th\u1ecb tr\u01b0\u1eddng. Li\u00ean h\u1ec7 v\u1edbi ch\u00fang t\u00f4i \u0111\u1ec3 bi\u1ebft b\u1ea3ng gi\u00e1!<\/p>    <p>Thi\u1ebft b\u1ecb ch\u1ebf bi\u1ebfn ph\u00f9 h\u1ee3p h\u01a1n cho c\u00e1c trang tr\u1ea1i \u0111\u1eadu ph\u1ed9ng:<\/p>    <ul class=\"wp-block-list\"> <li><a href=\"https:\/\/bestpeanutmachine.com\/vi\/product\/peanut-picker-machine\/\">M\u00e1y h\u00e1i \u0111\u1eadu ph\u1ed9ng<\/a><\/li>    <li><a href=\"https:\/\/bestpeanutmachine.com\/vi\/product\/peanut-harvesting-machine\/\">M\u00e1y thu ho\u1ea1ch \u0111\u1eadu ph\u1ed9ng<\/a><\/li>    <li><a href=\"https:\/\/bestpeanutmachine.com\/vi\/product\/peanut-planter-machine\/\">M\u00e1y tr\u1ed3ng \u0111\u1eadu ph\u1ed9ng cho n\u00f4ng nghi\u1ec7p \u0111\u1eadu ph\u1ed9ng hi\u1ec7u qu\u1ea3<\/a><\/li> <\/ul>","protected":false},"excerpt":{"rendered":"<p>This peanut shelling machine integrates impurity removal and three-stage shelling technology, achieving a shelling and cleaning rate of \u226599% and a breakage rate of \u22640.5%. It is suitable for large-scale factories and peanut-growing areas for the initial processing of peanuts.<\/p>","protected":false},"author":1,"featured_media":1286,"parent":0,"template":"","tags":[11],"product-type":[69,6],"class_list":["post-1274","product","type-product","status-publish","has-post-thumbnail","hentry","tag-peanut","product-type-peanut-machine","product-type-product"],"_links":{"self":[{"href":"https:\/\/bestpeanutmachine.com\/vi\/wp-json\/wp\/v2\/product\/1274","targetHints":{"allow":["GET"]}}],"collection":[{"href":"https:\/\/bestpeanutmachine.com\/vi\/wp-json\/wp\/v2\/product"}],"about":[{"href":"https:\/\/bestpeanutmachine.com\/vi\/wp-json\/wp\/v2\/types\/product"}],"author":[{"embeddable":true,"href":"https:\/\/bestpeanutmachine.com\/vi\/wp-json\/wp\/v2\/users\/1"}],"wp:featuredmedia":[{"embeddable":true,"href":"https:\/\/bestpeanutmachine.com\/vi\/wp-json\/wp\/v2\/media\/1286"}],"wp:attachment":[{"href":"https:\/\/bestpeanutmachine.com\/vi\/wp-json\/wp\/v2\/media?parent=1274"}],"wp:term":[{"taxonomy":"post_tag","embeddable":true,"href":"https:\/\/bestpeanutmachine.com\/vi\/wp-json\/wp\/v2\/tags?post=1274"},{"taxonomy":"product-type","embeddable":true,"href":"https:\/\/bestpeanutmachine.com\/vi\/wp-json\/wp\/v2\/product-type?post=1274"}],"curies":[{"name":"wp","href":"https:\/\/api.w.org\/{rel}","templated":true}]}}