{"id":1362,"date":"2026-04-02T14:42:31","date_gmt":"2026-04-02T06:42:31","guid":{"rendered":"https:\/\/bestpeanutmachine.com\/?post_type=product&#038;p=1362"},"modified":"2026-04-02T14:50:51","modified_gmt":"2026-04-02T06:50:51","slug":"macadamia-nut-shelling-machine","status":"publish","type":"product","link":"https:\/\/bestpeanutmachine.com\/vi\/product\/macadamia-nut-shelling-machine\/","title":{"rendered":"M\u00e1y b\u00f3c v\u1ecf h\u1ea1t macadamia"},"content":{"rendered":"<p class=\"translation-block\"><strong>M\u00e1y b\u00f3c v\u1ecf h\u1ea1t macadamia<\/strong> \u0111\u1eb7c bi\u1ec7t \u0111\u01b0\u1ee3c thi\u1ebft k\u1ebf \u0111\u1ec3 n\u1ee9t v\u1ee1 nhanh v\u00e0 hi\u1ec7u qu\u1ea3 c\u00e1c h\u1ea1t macadamia. V\u1edbi c\u00f4ng su\u1ea5t cao 300\u2013400 kg\/h v\u00e0 k\u00edch th\u01b0\u1edbc nh\u1ecf g\u1ecdn (k\u00edch th\u01b0\u1edbc: 1650\u00d7800\u00d71200 mm), n\u00f3 ph\u00f9 h\u1ee3p l\u00fd t\u01b0\u1edfng cho c\u00e1c c\u01a1 s\u1edf x\u1eed l\u00fd h\u1ea1t nh\u1ecf \u0111\u1ebfn trung b\u00ecnh.<\/p>    <p>Ph\u1ea7n c\u1ea5p li\u1ec7u, th\u00e2n s\u00e0ng v\u00e0 l\u01b0\u1edbi \u0111\u1ec1u \u0111\u01b0\u1ee3c l\u00e0m t\u1eeb th\u00e9p kh\u00f4ng g\u1ec9 304, v\u00e0 n\u00f3 \u0111\u01b0\u1ee3c v\u1eadn h\u00e0nh b\u1edfi \u0111\u1ed9ng c\u01a1 2.45 kW \u0111\u1ec3 \u0111\u1ea3m b\u1ea3o hi\u1ec7u su\u1ea5t b\u00f3c v\u1ecf \u1ed5n \u0111\u1ecbnh v\u00e0 nh\u1ea5t qu\u00e1n. Ngo\u00e0i h\u1ea1t macadamia, thi\u1ebft b\u1ecb n\u00e0y c\u00f2n c\u00f3 kh\u1ea3 n\u0103ng x\u1eed l\u00fd c\u00e1c lo\u1ea1i h\u1ea1t kh\u00e1c nh\u01b0 h\u1ea1nh nh\u00e2n v\u00e0 h\u1ea1t ph\u1ec9.<\/p>    <h2 class=\"wp-block-heading\"><strong>\u01afu \u0111i\u1ec3m c\u1ee7a M\u00e1y b\u00f3c v\u1ecf h\u1ea1t macadamia n\u00e0y<\/strong><\/h2>    <ul class=\"wp-block-list\"> <li><strong>Hi\u1ec7u qu\u1ea3 cao<\/strong>- C\u00f4ng su\u1ea5t b\u00f3c v\u1ecf \u0111\u1ea1t t\u1edbi 400 kg m\u1ed7i gi\u1edd.<\/li>    <li><strong>\u0110\u1ed9 b\u1ec1n v\u1eefng<\/strong>- \u0110\u01b0\u1ee3c ch\u1ebf t\u1ea1o t\u1eeb th\u00e9p kh\u00f4ng g\u1ec9 304, \u0111\u1ea3m b\u1ea3o \u0111\u1ed9 b\u1ec1n l\u00e2u d\u00e0i v\u00e0 tu\u00e2n th\u1ee7 ti\u00eau chu\u1ea9n an to\u00e0n th\u1ef1c ph\u1ea9m.<\/li>    <li><strong>B\u00f3c v\u1ecf ch\u00ednh x\u00e1c<\/strong>- T\u00ednh n\u0103ng \u0111i\u1ec1u ch\u1ec9nh khe h\u1edf \u0111\u1ec3 gi\u1ea3m thi\u1ec3u h\u01b0 h\u1ecfng h\u1ea1t.<\/li>    <li><strong>\u1ee8ng d\u1ee5ng \u0111a d\u1ea1ng<\/strong>- Ph\u00f9 h\u1ee3p v\u1edbi h\u1ea1t macadamia, h\u1ea1nh nh\u00e2n, h\u1ea1t Brazil v\u00e0 c\u00e1c lo\u1ea1i h\u1ea1t c\u1ee9ng kh\u00e1c.<\/li>    <li><strong>Thi\u1ebft k\u1ebf t\u1eadp trung v\u00e0o an to\u00e0n<\/strong>- \u0110\u01b0\u1ee3c trang b\u1ecb nhi\u1ec1u c\u01a1 ch\u1ebf b\u1ea3o v\u1ec7 \u0111\u1ec3 \u0111\u1ea3m b\u1ea3o v\u1eadn h\u00e0nh an to\u00e0n v\u00e0 \u0111\u00e1ng tin c\u1eady.<\/li> <\/ul>    <figure class=\"wp-block-gallery aligncenter has-nested-images columns-default is-cropped wp-block-gallery-2 is-layout-flex wp-block-gallery-is-layout-flex\"> <figure class=\"wp-block-image size-full\"><img loading=\"lazy\" decoding=\"async\" width=\"720\" height=\"540\" data-id=\"1378\" src=\"https:\/\/bestpeanutmachine.com\/wp-content\/uploads\/2026\/04\/electric-motor-of-almond-sheller-machine.webp\" alt=\"\u0111\u1ed9ng c\u01a1 \u0111i\u1ec7n c\u1ee7a m\u00e1y b\u00f3c v\u1ecf h\u1ea1nh nh\u00e2n\" class=\"wp-image-1378\" srcset=\"https:\/\/bestpeanutmachine.com\/wp-content\/uploads\/2026\/04\/electric-motor-of-almond-sheller-machine.webp 720w, https:\/\/bestpeanutmachine.com\/wp-content\/uploads\/2026\/04\/electric-motor-of-almond-sheller-machine-300x225.webp 300w, https:\/\/bestpeanutmachine.com\/wp-content\/uploads\/2026\/04\/electric-motor-of-almond-sheller-machine-16x12.webp 16w\" sizes=\"auto, (max-width: 720px) 100vw, 720px\" \/><figcaption class=\"wp-element-caption\">\u0111\u1ed9ng c\u01a1 \u0111i\u1ec7n c\u1ee7a m\u00e1y b\u00f3c v\u1ecf h\u1ea1nh nh\u00e2n<\/figcaption><\/figure>    <figure class=\"wp-block-image size-full\"><img loading=\"lazy\" decoding=\"async\" width=\"720\" height=\"540\" data-id=\"1379\" src=\"https:\/\/bestpeanutmachine.com\/wp-content\/uploads\/2026\/04\/seive-of-nut-cracker-machine.webp\" alt=\"L\u01b0\u1edbi c\u1ee7a m\u00e1y nghi\u1ec1n h\u1ea1t\" class=\"wp-image-1379\" srcset=\"https:\/\/bestpeanutmachine.com\/wp-content\/uploads\/2026\/04\/seive-of-nut-cracker-machine.webp 720w, https:\/\/bestpeanutmachine.com\/wp-content\/uploads\/2026\/04\/seive-of-nut-cracker-machine-300x225.webp 300w, https:\/\/bestpeanutmachine.com\/wp-content\/uploads\/2026\/04\/seive-of-nut-cracker-machine-16x12.webp 16w\" sizes=\"auto, (max-width: 720px) 100vw, 720px\" \/><figcaption class=\"wp-element-caption\">L\u01b0\u1edbi c\u1ee7a m\u00e1y nghi\u1ec1n h\u1ea1t<\/figcaption><\/figure> <\/figure>    <h2 class=\"wp-block-heading\"><strong>Th\u00f4ng s\u1ed1 k\u1ef9 thu\u1eadt c\u1ee7a M\u00e1y b\u00f3c v\u1ecf h\u1ea1t macadamia<\/strong><\/h2>    <figure class=\"wp-block-table\"><table class=\"has-fixed-layout\"><thead><tr><th>Th\u00f4ng s\u1ed1 k\u1ef9 thu\u1eadt<\/th><th>Th\u00f4ng s\u1ed1 k\u1ef9 thu\u1eadt<\/th><\/tr><\/thead><tbody><tr><td><strong>Quy\u1ec1n l\u1ef1c<\/strong><\/td><td>2.45 kW<\/td><\/tr><tr><td><strong>\u0110i\u1ec7n \u00e1p \/ T\u1ea7n s\u1ed1<\/strong><\/td><td>\u0110i\u1ec7n \u00e1p 380V, 50Hz, Ba pha<\/td><\/tr><tr><td><strong>Dung t\u00edch<\/strong><\/td><td>300\u2013400 kg\/h<\/td><\/tr><tr><td><strong>K\u00edch th\u01b0\u1edbc m\u00e1y (D\u00e0i\u00d7R\u1ed9ng\u00d7Cao)<\/strong><\/td><td>1650 \u00d7 800 \u00d7 1200 mm<\/td><\/tr><tr><td><strong>C\u00e2n n\u1eb7ng<\/strong><\/td><td>280 kg<\/td><\/tr><tr><td><strong>Ch\u1ea5t li\u1ec7u (Hopper \/ S\u00e0ng \/ L\u01b0\u1edbi)<\/strong><\/td><td>Th\u00e9p kh\u00f4ng g\u1ec9 304<\/td><\/tr><\/tbody><\/table><figcaption class=\"wp-element-caption\">Th\u00f4ng s\u1ed1 c\u1ee7a m\u00e1y n\u1ee9t v\u1ee1 h\u1ea1t macadamia<\/figcaption><\/figure>   <div class=\"wp-block-image\"> <figure class=\"aligncenter size-full\"><img loading=\"lazy\" decoding=\"async\" width=\"720\" height=\"540\" src=\"https:\/\/bestpeanutmachine.com\/wp-content\/uploads\/2026\/04\/macadamia-nuts-cracking-machine.webp\" alt=\"m\u00e1y nghi\u1ec1n h\u1ea1t m\u1eafc ca\" class=\"wp-image-1376\" srcset=\"https:\/\/bestpeanutmachine.com\/wp-content\/uploads\/2026\/04\/macadamia-nuts-cracking-machine.webp 720w, https:\/\/bestpeanutmachine.com\/wp-content\/uploads\/2026\/04\/macadamia-nuts-cracking-machine-300x225.webp 300w, https:\/\/bestpeanutmachine.com\/wp-content\/uploads\/2026\/04\/macadamia-nuts-cracking-machine-16x12.webp 16w\" sizes=\"auto, (max-width: 720px) 100vw, 720px\" \/><figcaption class=\"wp-element-caption\">m\u00e1y nghi\u1ec1n h\u1ea1t m\u1eafc ca<\/figcaption><\/figure> <\/div>   <h2 class=\"wp-block-heading\"><strong>M\u00e1y b\u00f3c v\u1ecf h\u1ea1t macadamia ho\u1ea1t \u0111\u1ed9ng nh\u01b0 th\u1ebf n\u00e0o?<\/strong><\/h2>    <p>Nguy\u00ean l\u00fd ho\u1ea1t \u0111\u1ed9ng c\u1ee7a m\u00e1y b\u00f3c v\u1ecf h\u1ea1t macadamia k\u1ebft h\u1ee3p gi\u1eefa \u00e1p l\u1ef1c c\u01a1 h\u1ecdc v\u00e0 c\u00f4ng ngh\u1ec7 s\u00e0ng l\u1ecdc. H\u1ea1t c\u1ea7n x\u1eed l\u00fd \u0111\u01b0\u1ee3c \u0111\u01b0a v\u00e0o ph\u1ec5u. <\/p>    <p>Ti\u1ebfp theo, m\u1ed9t c\u01a1 ch\u1ebf c\u01a1 kh\u00ed \u0111i\u1ec1u khi\u1ec3n b\u1eb1ng \u0111\u1ed9ng c\u01a1 \u00e1p d\u1ee5ng l\u1ef1c \u0111\u1ec3 m\u1edf v\u1ecf c\u1ee9ng m\u00e0 kh\u00f4ng l\u00e0m h\u1ecfng h\u1ea1t b\u00ean trong. <\/p>    <p>Ngay sau \u0111\u00f3, h\u1ec7 th\u1ed1ng s\u00e0ng l\u1ecdc t\u00e1ch v\u1ecf v\u1ee5n kh\u1ecfi h\u1ea1t nguy\u00ean v\u1eb9n, \u0111\u1ea3m b\u1ea3o t\u1ef7 l\u1ec7 m\u1ea5t m\u00e1t c\u1ef1c th\u1ea5p v\u00e0 n\u0103ng su\u1ea5t th\u00e0nh ph\u1ea9m cao.<\/p>    <p>C\u00e1c \u0111\u1eb7c \u0111i\u1ec3m ch\u00ednh c\u1ee7a nguy\u00ean l\u00fd ho\u1ea1t \u0111\u1ed9ng n\u00e0y bao g\u1ed3m:<\/p>    <ul class=\"wp-block-list\"> <li><strong>B\u01a1m c\u1ea5p li\u1ec7u<\/strong> \u2014 C\u00f3 kh\u1ea3 n\u0103ng ch\u1ee9a l\u01b0\u1ee3ng l\u1edbn h\u1ea1t macadamia, cho ph\u00e9p x\u1eed l\u00fd li\u00ean t\u1ee5c v\u00e0 kh\u00f4ng gi\u00e1n \u0111o\u1ea1n.<\/li>    <li><strong>B\u00f3c v\u1ecf c\u01a1 kh\u00ed<\/strong> \u2014 \u00c1p d\u1ee5ng ch\u00ednh x\u00e1c l\u1ef1c qua c\u00e1c b\u1ed9 ph\u1eadn quay \u0111\u1ec3 m\u1edf v\u1ecf m\u1ed9t c\u00e1ch hi\u1ec7u qu\u1ea3.<\/li>    <li><strong>Ph\u00e2n lo\u1ea1i s\u00e0ng l\u1ecdc<\/strong> \u2014 L\u1ecdc b\u1ecf v\u00e0 lo\u1ea1i b\u1ecf v\u1ecf v\u1ee5n trong khi gi\u1eef nguy\u00ean h\u1ea1t.<\/li> <\/ul>    <h2 class=\"wp-block-heading\"><strong>L\u00e0m th\u1ebf n\u00e0o \u0111\u1ec3 ch\u1ecdn mua m\u00e1y b\u00f3c v\u1ecf h\u1ea1t macadamia?<\/strong><\/h2>    <p>When selecting a macadamia nut shelling machine, there are numerous factors to consider, as these significantly impact a factory&#8217;s actual production efficiency and profitability:<\/p>    <ol class=\"wp-block-list\"> <li>Ch\u1ecdn thi\u1ebft b\u1ecb c\u00f3 c\u00f4ng su\u1ea5t ph\u00f9 h\u1ee3p v\u1edbi y\u00eau c\u1ea7u s\u1ea3n xu\u1ea5t h\u00e0ng ng\u00e0y c\u1ee7a b\u1ea1n.<\/li>    <li>Th\u00f4ng th\u01b0\u1eddng, n\u00ean ch\u1ecdn thi\u1ebft b\u1ecb l\u00e0m t\u1eeb th\u00e9p kh\u00f4ng g\u1ec9.<\/li>    <li>Ch\u00fang t\u00f4i khuy\u00ean ch\u1ecdn c\u00e1c m\u1eabu c\u00f3 l\u01b0\u1edbi ho\u1eb7c tr\u1ee5c \u0111i\u1ec1u ch\u1ec9nh; \u0111i\u1ec1u n\u00e0y \u0111\u1ea3m b\u1ea3o b\u00f3c v\u1ecf hi\u1ec7u qu\u1ea3 trong khi gi\u1ea3m thi\u1ec3u h\u01b0 h\u1ecfng h\u1ea1t.<\/li>    <li>Ch\u1ecdn c\u00e1c m\u00e1y c\u00f3 h\u1ec7 th\u1ed1ng \u0111i\u1ec1u khi\u1ec3n th\u00e2n thi\u1ec7n, c\u00e1c \u0111i\u1ec3m truy c\u1eadp thi\u1ebft k\u1ebf th\u00f4ng minh \u0111\u1ec3 b\u1ea3o tr\u00ec v\u00e0 ki\u1ec3m tra, c\u00f9ng c\u00e1c t\u00ednh n\u0103ng an to\u00e0n v\u1eefng ch\u1eafc s\u1ebd gi\u00fap gi\u1ea3m th\u1eddi gian ch\u1ebft hi\u1ec7u qu\u1ea3.<\/li> <\/ol>   <div class=\"wp-block-image\"> <figure class=\"aligncenter size-full\"><img loading=\"lazy\" decoding=\"async\" width=\"720\" height=\"540\" src=\"https:\/\/bestpeanutmachine.com\/wp-content\/uploads\/2026\/04\/industrial-macadamia-nut-cracker-machine.webp\" alt=\"m\u00e1y nghi\u1ec1n h\u1ea1t macadamia c\u00f4ng nghi\u1ec7p\" class=\"wp-image-1377\" srcset=\"https:\/\/bestpeanutmachine.com\/wp-content\/uploads\/2026\/04\/industrial-macadamia-nut-cracker-machine.webp 720w, https:\/\/bestpeanutmachine.com\/wp-content\/uploads\/2026\/04\/industrial-macadamia-nut-cracker-machine-300x225.webp 300w, https:\/\/bestpeanutmachine.com\/wp-content\/uploads\/2026\/04\/industrial-macadamia-nut-cracker-machine-16x12.webp 16w\" sizes=\"auto, (max-width: 720px) 100vw, 720px\" \/><figcaption class=\"wp-element-caption\">m\u00e1y nghi\u1ec1n h\u1ea1t macadamia c\u00f4ng nghi\u1ec7p<\/figcaption><\/figure> <\/div>   <h2 class=\"wp-block-heading\"><strong>H\u01b0\u1edbng d\u1eabn s\u1eed d\u1ee5ng m\u00e1y b\u00f3c v\u1ecf h\u1ea1t macadamia<\/strong><\/h2>    <p>Vi\u1ec7c v\u1eadn h\u00e0nh m\u00e1y b\u00f3c v\u1ecf h\u1ea1t macadamia r\u1ea5t \u0111\u01a1n gi\u1ea3n:<\/p>    <ul class=\"wp-block-list\"> <li>Chu\u1ea9n b\u1ecb h\u1ea1t \u2014 R\u1eeda s\u1ea1ch v\u00e0 s\u1ea5y kh\u00f4 h\u1ea1t macadamia \u0111\u1ec3 tr\u00e1nh t\u1eafc ngh\u1ebdn.<\/li>    <li>\u0110i\u1ec1u ch\u1ec9nh khe h\u1edf l\u01b0\u1edbi \u2014 C\u1ea5u h\u00ecnh c\u00e1c tham s\u1ed1 c\u1ee7a m\u00e1y nghi\u1ec1n h\u1ea1t macadamia d\u1ef1a tr\u00ean k\u00edch th\u01b0\u1edbc v\u00e0 \u0111\u1ed9 c\u1ee9ng c\u1ee7a h\u1ea1t.<\/li>    <li>T\u1ea3i ph\u1ec5u \u2014 Tr\u00e1nh qu\u00e1 t\u1ea3i ph\u1ec5u \u0111\u1ec3 \u0111\u1ea3m b\u1ea3o hi\u1ec7u qu\u1ea3 v\u1eadn h\u00e0nh t\u1ed1i \u01b0u.<\/li>    <li>Kh\u1edfi \u0111\u1ed9ng m\u00e1y \u2014 \u0110\u1ed9ng c\u01a1 s\u1ebd \u00e1p d\u1ee5ng l\u1ef1c li\u00ean t\u1ee5c v\u00e0 \u0111\u1ec1u \u0111\u1ec3 m\u1edf v\u1ecf.<\/li>    <li>Thu th\u1eadp h\u1ea1t v\u00e0 v\u1ecf \u2014 S\u1eed d\u1ee5ng h\u1ec7 th\u1ed1ng s\u00e0ng l\u1ecdc \u0111\u1ec3 t\u00e1ch h\u1ea1t \u0111\u00e3 b\u00f3c kh\u1ecfi m\u1ea3nh v\u1ecf.<\/li> <\/ul>    <p class=\"translation-block\">B\u1eb1ng c\u00e1ch l\u00e0m theo c\u00e1c b\u01b0\u1edbc n\u00e0y, b\u1ea1n c\u00f3 th\u1ec3 \u0111\u1ea3m b\u1ea3o n\u0103ng su\u1ea5t t\u1ed1i \u0111a trong khi gi\u1ea3m thi\u1ec3u h\u01b0 h\u1ecfng h\u1ea1t. Ngo\u00e0i ra, m\u00e1y c\u1eaft l\u00e1t tr\u01b0\u1edbc h\u1ea1t macadamia  c\u00f3 th\u1ec3 \u0111\u01b0\u1ee3c s\u1eed d\u1ee5ng \u0111\u1ec3 x\u1eed l\u00fd s\u01a1 b\u1ed9 h\u1ea1t. N\u00f3 kh\u00f4ng ch\u1ec9 th\u00fac \u0111\u1ea9y qu\u00e1 tr\u00ecnh b\u00f3c v\u1ecf m\u00e0 c\u00f2n gi\u1ea3m hi\u1ec7u qu\u1ea3 t\u1ef7 l\u1ec7 v\u1ee1 h\u1ea1t.<\/p>   <div class=\"wp-block-image\"> <figure class=\"aligncenter size-full\"><img loading=\"lazy\" decoding=\"async\" width=\"720\" height=\"540\" src=\"https:\/\/bestpeanutmachine.com\/wp-content\/uploads\/2026\/04\/macadamia-nut-shell-cracker-machine.webp\" alt=\"m\u00e1y b\u00f3c v\u1ecf h\u1ea1t macadamia\" class=\"wp-image-1375\" srcset=\"https:\/\/bestpeanutmachine.com\/wp-content\/uploads\/2026\/04\/macadamia-nut-shell-cracker-machine.webp 720w, https:\/\/bestpeanutmachine.com\/wp-content\/uploads\/2026\/04\/macadamia-nut-shell-cracker-machine-300x225.webp 300w, https:\/\/bestpeanutmachine.com\/wp-content\/uploads\/2026\/04\/macadamia-nut-shell-cracker-machine-16x12.webp 16w\" sizes=\"auto, (max-width: 720px) 100vw, 720px\" \/><figcaption class=\"wp-element-caption\">m\u00e1y b\u00f3c v\u1ecf h\u1ea1t macadamia<\/figcaption><\/figure> <\/div>   <h2 class=\"wp-block-heading\"><strong>C\u00e2u h\u1ecfi th\u01b0\u1eddng g\u1eb7p v\u1ec1 m\u00e1y n\u1ee9t v\u1ee1 h\u1ea1t macadamia c\u00f4ng nghi\u1ec7p<\/strong><\/h2>   <div id=\"rank-math-faq\" class=\"rank-math-block\"> <div class=\"rank-math-list\"> <div id=\"faq-question-1775109812208\" class=\"rank-math-list-item\"> <h3 class=\"rank-math-question\">M\u00e1y b\u00f3c v\u1ecf h\u1ea1nh nh\u00e2n n\u00e0y c\u00f3 th\u1ec3 x\u1eed l\u00fd c\u00e1c lo\u1ea1i h\u1ea1t kh\u00e1c kh\u00f4ng?<\/h3> <div class=\"rank-math-answer\">  <p>\u0110\u00fang. Nhi\u1ec1u m\u00e1y b\u00f3c v\u1ecf h\u1ea1t macadamia c\u00f2n c\u00f3 th\u1ec3 n\u1ee9t v\u1ee1 h\u1ea1nh nh\u00e2n, h\u1ed3 tr\u0103n, h\u1ea1t Brazil, pecan v\u00e0 c\u00e1c lo\u1ea1i h\u1ea1t c\u1ee9ng kh\u00e1c \u2014 mi\u1ec5n l\u00e0 c\u00f3 khe h\u1edf \u0111i\u1ec1u ch\u1ec9nh v\u00e0 ph\u1ee5 ki\u1ec7n s\u00e0ng ph\u00f9 h\u1ee3p.<\/p>  <\/div> <\/div> <div id=\"faq-question-1775109829052\" class=\"rank-math-list-item\"> <h3 class=\"rank-math-question\">Li\u1ec7u m\u00e1y b\u00f3c v\u1ecf c\u00f3 l\u00e0m h\u1ecfng h\u1ea1t macadamia kh\u00f4ng?<\/h3> <div class=\"rank-math-answer\">  <p>M\u1ed9t m\u00e1y b\u00f3c v\u1ecf ch\u1ea5t l\u01b0\u1ee3ng \u0111\u01b0\u1ee3c thi\u1ebft k\u1ebf \u0111\u1ec3 gi\u1ea3m thi\u1ec3u v\u1ee1 h\u1ea1t. C\u00e1c c\u00e0i \u0111\u1eb7t \u0111i\u1ec1u ch\u1ec9nh cho ph\u00e9p ng\u01b0\u1eddi v\u1eadn h\u00e0nh t\u1ed1i \u01b0u h\u00f3a theo k\u00edch th\u01b0\u1edbc v\u00e0 \u0111\u1ed9 c\u1ee9ng c\u1ee7a h\u1ea1t. V\u1edbi \u0111i\u1ec1u ch\u1ec9nh ph\u00f9 h\u1ee3p, thi\u1ec7t h\u1ea1i h\u1ea1t c\u00f3 th\u1ec3 gi\u1eef \u1edf m\u1ee9c r\u1ea5t th\u1ea5p.<\/p>  <\/div> <\/div> <div id=\"faq-question-1775109879451\" class=\"rank-math-list-item\"> <h3 class=\"rank-math-question\">C\u00e1c v\u1eadt li\u1ec7u \u0111\u01b0\u1ee3c s\u1eed d\u1ee5ng trong c\u1ea5u t\u1ea1o c\u1ee7a m\u00e1y b\u00f3c v\u1ecf h\u1ea1t macadamia l\u00e0 g\u00ec?<\/h3> <div class=\"rank-math-answer\">  <p>C\u00e1c m\u00e1y b\u00f3c v\u1ecf h\u1ea1nh nh\u00e2n ch\u1ea5t l\u01b0\u1ee3ng cao th\u01b0\u1eddng s\u1eed d\u1ee5ng th\u00e9p kh\u00f4ng g\u1ec9 304 cho ph\u1ec5u, th\u00e2n s\u00e0ng v\u00e0 l\u01b0\u1edbi. \u0110i\u1ec1u n\u00e0y \u0111\u1ea3m b\u1ea3o an to\u00e0n th\u1ef1c ph\u1ea9m, ch\u1ed1ng \u0103n m\u00f2n v\u00e0 tu\u1ed5i th\u1ecd d\u00e0i.<\/p>  <\/div> <\/div> <div id=\"faq-question-1775109912022\" class=\"rank-math-list-item\"> <h3 class=\"rank-math-question\">C\u00e1c v\u1ea5n \u0111\u1ec1 ph\u1ed5 bi\u1ebfn l\u00e0 g\u00ec v\u00e0 l\u00e0m th\u1ebf n\u00e0o \u0111\u1ec3 gi\u1ea3i quy\u1ebft ch\u00fang?<\/h3> <div class=\"rank-math-answer\">  <p>T\u1ed1c \u0111\u1ed9 b\u00f3c v\u1ecf th\u1ea5p \u2192 \u0110i\u1ec1u ch\u1ec9nh khe h\u1edf ho\u1eb7c gi\u1ea3m t\u1ed1c \u0111\u1ed9 c\u1ea5p li\u1ec7u.<br \/>H\u1ea1t b\u1ecb v\u1ee1 nhi\u1ec1u \u2192 Gi\u1ea3m \u00e1p l\u1ef1c ho\u1eb7c \u0111i\u1ec1u ch\u1ec9nh c\u00e0i \u0111\u1eb7t.<br \/>Rung m\u00e1y \u2192 \u0110\u1ea3m b\u1ea3o l\u1eafp \u0111\u1eb7t \u1ed5n \u0111\u1ecbnh v\u00e0 ki\u1ec3m tra c\u00e1c \u1ed1c v\u00edt l\u1ecfng.<\/p>  <\/div> <\/div> <div id=\"faq-question-1775109954348\" class=\"rank-math-list-item\"> <h3 class=\"rank-math-question\">B\u1ea1n c\u00f3 cung c\u1ea5p h\u1ed7 tr\u1ee3 l\u1eafp \u0111\u1eb7t ho\u1eb7c d\u1ecbch v\u1ee5 \u0111\u00e0o t\u1ea1o kh\u00f4ng?<\/h3> <div class=\"rank-math-answer\">  <p>Taizy cung c\u1ea5p d\u1ecbch v\u1ee5 h\u1eadu m\u00e3i nh\u01b0 h\u01b0\u1edbng d\u1eabn l\u1eafp \u0111\u1eb7t t\u1eeb xa, h\u1ed7 tr\u1ee3 video tr\u1ef1c tuy\u1ebfn v\u00e0 t\u01b0 v\u1ea5n k\u1ef9 thu\u1eadt.<\/p>  <\/div> <\/div> <div id=\"faq-question-1775110046485\" class=\"rank-math-list-item\"> <h3 class=\"rank-math-question\">L\u00e0m th\u1ebf n\u00e0o \u0111\u1ec3 v\u1ec7 sinh m\u00e1y nghi\u1ec1n h\u1ea1t macadamia sau khi s\u1eed d\u1ee5ng?<\/h3> <div class=\"rank-math-answer\">  <p>Tr\u01b0\u1edbc ti\u00ean, t\u1eaft ngu\u1ed3n v\u00e0 ng\u1eaft k\u1ebft n\u1ed1i ngu\u1ed3n \u0111i\u1ec7n. Sau \u0111\u00f3, lo\u1ea1i b\u1ecf c\u00e1c h\u1ea1t v\u00e0 v\u1ecf c\u00f2n d\u01b0, d\u00f9ng b\u00e0n ch\u1ea3i l\u00f4ng m\u1ec1m \u0111\u1ec3 l\u00e0m s\u1ea1ch s\u00e0ng v\u00e0 ph\u1ec5u. Cu\u1ed1i c\u00f9ng, lau s\u1ea1ch c\u00e1c b\u1ec1 m\u1eb7t b\u1eb1ng dung d\u1ecbch l\u00e0m s\u1ea1ch th\u1ef1c ph\u1ea9m, v\u00e0 \u0111\u1ea3m b\u1ea3o t\u1ea5t c\u1ea3 c\u00e1c th\u00e0nh ph\u1ea7n \u0111\u01b0\u1ee3c l\u00e0m kh\u00f4 ho\u00e0n to\u00e0n tr\u01b0\u1edbc l\u1ea7n s\u1eed d\u1ee5ng ti\u1ebfp theo.<\/p>  <\/div> <\/div> <\/div> <\/div>   <h2 class=\"wp-block-heading\"><strong>Taizy - Nh\u00e0 cung c\u1ea5p m\u00e1y ch\u1ebf bi\u1ebfn h\u1ea1t chuy\u00ean nghi\u1ec7p<\/strong><\/h2>    <p>\u0110\u1ed1i v\u1edbi b\u1ea5t k\u1ef3 nh\u00e0 ch\u1ebf bi\u1ebfn h\u1ea1t n\u00e0o mu\u1ed1n n\u00e2ng cao hi\u1ec7u qu\u1ea3, gi\u1ea3m chi ph\u00ed lao \u0111\u1ed9ng v\u00e0 duy tr\u00ec ch\u1ea5t l\u01b0\u1ee3ng cao c\u1ee7a h\u1ea1t, m\u00e1y b\u00f3c v\u1ecf h\u1ea1t macadamia l\u00e0 m\u1ed9t kho\u1ea3n \u0111\u1ea7u t\u01b0 quan tr\u1ecdng.<\/p>    <p>V\u1edbi k\u1ebft c\u1ea5u v\u1eefng ch\u1eafc, c\u00f4ng ngh\u1ec7 b\u00f3c v\u1ecf ti\u00ean ti\u1ebfn v\u00e0 kh\u1ea3 n\u0103ng \u1ee9ng d\u1ee5ng r\u1ed9ng r\u00e3i, thi\u1ebft b\u1ecb n\u00e0y cung c\u1ea5p gi\u1ea3i ph\u00e1p \u0111\u00e1ng tin c\u1eady \u0111\u1ec3 m\u1edf v\u1ecf c\u00e1c lo\u1ea1i h\u1ea1t c\u1ee9ng, \u0111\u1ed3ng th\u1eddi \u0111\u1ea3m b\u1ea3o an to\u00e0n v\u1eadn h\u00e0nh v\u00e0 gi\u1ea3m thi\u1ec3u m\u1ea5t m\u00e1t s\u1ea3n ph\u1ea9m.<\/p>    <p class=\"translation-block\">Vui l\u00f2ng li\u00ean h\u1ec7 v\u1edbi ch\u00fang t\u00f4i \u0111\u1ec3 bi\u1ebft ch\u00ednh x\u00e1c v\u1ec1 gi\u00e1 c\u1ea3. N\u1ebfu b\u1ea1n quan t\u00e2m \u0111\u1ebfn d\u00e2y chuy\u1ec1n x\u1eed l\u00fd h\u1ea1t macadamia ho\u00e0n ch\u1ec9nh, h\u00e3y nh\u1ea5p v\u00e0o \u0111\u00e2y \u0111\u1ec3 xem c\u00e1c th\u00f4ng s\u1ed1 k\u1ef9 thu\u1eadt ch\u00ednh x\u00e1c nh\u1ea5t: <a href=\"https:\/\/bestpeanutmachine.com\/vi\/product\/2-3t-h-hazelnut-almond-shelling-line\/\">D\u00e2y chuy\u1ec1n x\u1eed l\u00fd s\u00e2u h\u1ea1t macadamia<\/a>.<\/p>","protected":false},"excerpt":{"rendered":"<p>A high-performance macadamia nut shelling machine, specifically designed for the rapid and efficient shelling of hard-shelled nuts. Constructed from stainless steel and featuring adjustable settings, it is ideally suited for medium-scale production requirements.<\/p>","protected":false},"author":1,"featured_media":1374,"parent":0,"template":"","tags":[77],"product-type":[76,6],"class_list":["post-1362","product","type-product","status-publish","has-post-thumbnail","hentry","tag-almond","product-type-other-nuts-machine","product-type-product"],"_links":{"self":[{"href":"https:\/\/bestpeanutmachine.com\/vi\/wp-json\/wp\/v2\/product\/1362","targetHints":{"allow":["GET"]}}],"collection":[{"href":"https:\/\/bestpeanutmachine.com\/vi\/wp-json\/wp\/v2\/product"}],"about":[{"href":"https:\/\/bestpeanutmachine.com\/vi\/wp-json\/wp\/v2\/types\/product"}],"author":[{"embeddable":true,"href":"https:\/\/bestpeanutmachine.com\/vi\/wp-json\/wp\/v2\/users\/1"}],"wp:featuredmedia":[{"embeddable":true,"href":"https:\/\/bestpeanutmachine.com\/vi\/wp-json\/wp\/v2\/media\/1374"}],"wp:attachment":[{"href":"https:\/\/bestpeanutmachine.com\/vi\/wp-json\/wp\/v2\/media?parent=1362"}],"wp:term":[{"taxonomy":"post_tag","embeddable":true,"href":"https:\/\/bestpeanutmachine.com\/vi\/wp-json\/wp\/v2\/tags?post=1362"},{"taxonomy":"product-type","embeddable":true,"href":"https:\/\/bestpeanutmachine.com\/vi\/wp-json\/wp\/v2\/product-type?post=1362"}],"curies":[{"name":"wp","href":"https:\/\/api.w.org\/{rel}","templated":true}]}}