{"id":1397,"date":"2026-04-21T14:24:31","date_gmt":"2026-04-21T06:24:31","guid":{"rendered":"https:\/\/bestpeanutmachine.com\/?post_type=product&#038;p=1397"},"modified":"2026-04-21T17:44:57","modified_gmt":"2026-04-21T09:44:57","slug":"nut-packaging-machine","status":"publish","type":"product","link":"https:\/\/bestpeanutmachine.com\/vi\/product\/nut-packaging-machine\/","title":{"rendered":"M\u00e1y \u0111\u00f3ng g\u00f3i h\u1ea1t"},"content":{"rendered":"<p class=\"translation-block\">M\u1ed9t <strong>m\u00e1y \u0111\u00f3ng g\u00f3i h\u1ea1t<\/strong> l\u00e0 m\u1ed9t h\u1ec7 th\u1ed1ng t\u1ef1 \u0111\u1ed9ng \u0111\u01b0\u1ee3c thi\u1ebft k\u1ebf \u0111\u1ec3 c\u00e2n, \u0111\u1ed5 \u0111\u1ea7y, ni\u00eam phong v\u00e0 c\u1eaft t\u00fai \u0111\u00f3ng g\u00f3i, ph\u00f9 h\u1ee3p cho nhi\u1ec1u lo\u1ea1i h\u1ea1t, bao g\u1ed3m \u0111\u1eadu ph\u1ed9ng, h\u1ea1nh nh\u00e2n v\u00e0 h\u1ea1t ph\u1ec9.<\/p>    <p>M\u00e1y \u0111\u00f3ng g\u00f3i h\u1ea1t r\u1eddi quay n\u00e0y \u0111\u1eb7c bi\u1ec7t ph\u00f9 h\u1ee3p cho c\u00e1c s\u1ea3n ph\u1ea9m h\u1ea1t r\u1eddi c\u00f3 \u0111\u1eb7c t\u00ednh ch\u1ea3y t\u1ed1t, t\u00edch h\u1ee3p c\u00e1c h\u1ec7 th\u1ed1ng \u0111i\u1ec1u khi\u1ec3n c\u01a1 kh\u00ed v\u00e0 \u0111i\u1ec7n t\u1eed \u0111\u1ec3 t\u1ef1 \u0111\u1ed9ng th\u1ef1c hi\u1ec7n to\u00e0n b\u1ed9 quy tr\u00ecnh, t\u1eeb c\u1ea5p li\u1ec7u nguy\u00ean li\u1ec7u \u0111\u1ebfn \u0111\u1ea7u ra c\u1ee7a c\u00e1c t\u00fai ho\u00e0n thi\u1ec7n.<\/p>    <figure class=\"wp-block-embed aligncenter is-type-video is-provider-youtube wp-block-embed-youtube wp-embed-aspect-16-9 wp-has-aspect-ratio\"><div class=\"wp-block-embed__wrapper\"> <iframe loading=\"lazy\" title=\"Nut Packaging Machine Working Process | Rotary Granule Packing Machine for Peanuts &amp; Almonds\" width=\"500\" height=\"281\" src=\"https:\/\/www.youtube.com\/embed\/0KpAwMMxtrE?feature=oembed\" frameborder=\"0\" allow=\"accelerometer; autoplay; clipboard-write; encrypted-media; gyroscope; picture-in-picture; web-share\" referrerpolicy=\"strict-origin-when-cross-origin\" allowfullscreen><\/iframe> <\/div><figcaption class=\"wp-element-caption\">video l\u00e0m vi\u1ec7c c\u1ee7a m\u00e1y \u0111\u00f3ng g\u00f3i \u0111\u1eadu ph\u1ed9ng<\/figcaption><\/figure>    <h2 class=\"wp-block-heading\"><strong>L\u1ee3i th\u1ebf ch\u00ednh c\u1ee7a m\u00e1y \u0111\u00f3ng g\u00f3i h\u1ea1t<\/strong><\/h2>    <ol class=\"wp-block-list\"> <li>B\u00e0n xoay quay ch\u00ednh x\u00e1c chia ph\u1ea7n nguy\u00ean li\u1ec7u th\u00e0nh c\u00e1c ph\u1ea7n ri\u00eang l\u1ebb d\u1ef1a tr\u00ean tr\u1ecdng l\u01b0\u1ee3ng \u0111\u00e3 \u0111\u1eb7t tr\u01b0\u1edbc. C\u00e1c ph\u1ec5u v\u1edbi k\u00edch th\u01b0\u1edbc kh\u00e1c nhau c\u00f3 th\u1ec3 \u0111\u01b0\u1ee3c \u0111i\u1ec1u ch\u1ec9nh ho\u1eb7c thay th\u1ebf \u0111\u1ec3 ph\u00f9 h\u1ee3p v\u1edbi c\u00e1c y\u00eau c\u1ea7u \u0111\u00f3ng g\u00f3i \u0111a d\u1ea1ng.<\/li>    <li>Thi\u1ebft b\u1ecb \u0111\u00f3ng g\u00f3i n\u00e0y c\u00f3 giao di\u1ec7n m\u00e0n h\u00ecnh c\u1ea3m \u1ee9ng LCD 5 inch tr\u1ef1c quan v\u00e0 d\u1ec5 s\u1eed d\u1ee5ng, cho ph\u00e9p ngay c\u1ea3 nh\u1eefng ng\u01b0\u1eddi m\u1edbi c\u0169ng c\u00f3 th\u1ec3 l\u00e0m ch\u1ee7 n\u00f3 nhanh ch\u00f3ng. H\u1ec7 th\u1ed1ng h\u1ed7 tr\u1ee3 c\u1ea3 giao di\u1ec7n ng\u00f4n ng\u1eef ti\u1ebfng Trung v\u00e0 ti\u1ebfng Anh.<\/li>    <li>M\u00e1y \u0111\u00f3ng g\u00f3i h\u1ea1t c\u1ee7a ch\u00fang t\u00f4i \u0111\u01b0\u1ee3c trang b\u1ecb h\u1ec7 th\u1ed1ng theo d\u00f5i quang \u0111i\u1ec7n ch\u00ednh x\u00e1c \u0111o chi\u1ec1u d\u00e0i t\u00fai v\u00e0 \u0111\u1ea3m b\u1ea3o c\u1eaft m\u00e0ng ch\u00ednh x\u00e1c, \u0111\u1ea3m b\u1ea3o cho c\u00e1c g\u00f3i ho\u00e0n thi\u1ec7n c\u00f3 v\u1ebb ngo\u00e0i nh\u1ea5t qu\u00e1n v\u00e0 h\u1ea5p d\u1eabn.<\/li>    <li>Taizy cung c\u1ea5p nhi\u1ec1u t\u00f9y ch\u1ecdn ni\u00eam phong\u2014bao g\u1ed3m ni\u00eam phong l\u01b0ng, ni\u00eam phong ba m\u1eb7t v\u00e0 ni\u00eam phong b\u1ed1n m\u1eb7t. N\u1ebfu c\u1ea7n nhi\u1ec1u ki\u1ec3u \u0111\u00f3ng g\u00f3i, \u0111\u01a1n v\u1ecb t\u1ea1o h\u00ecnh t\u00fai ph\u1ea3i \u0111\u01b0\u1ee3c thay th\u1ebf t\u01b0\u01a1ng \u1ee9ng.<\/li>    <li>N\u00f3 th\u1ef1c hi\u1ec7n to\u00e0n b\u1ed9 quy tr\u00ecnh \u0111\u00f3ng g\u00f3i t\u1ef1 \u0111\u1ed9ng\u2014bao g\u1ed3m t\u1ea1o t\u00fai, \u0111\u1ed5 \u0111\u1ea7y, \u0111\u1ebfm, ni\u00eam phong v\u00e0 c\u1eaft\u2014\u0111\u1ea1t \u0111\u01b0\u1ee3c t\u1ef1 \u0111\u1ed9ng h\u00f3a ho\u00e0n to\u00e0n \u1edf t\u1ea5t c\u1ea3 c\u00e1c giai \u0111o\u1ea1n.<\/li>    <li>L\u00e0 m\u1ed9t kh\u00e1ch h\u00e0ng c\u1ee7a Taizy, b\u1ea1n c\u00f3 quy\u1ec1n truy c\u1eadp v\u00e0o nhi\u1ec1u t\u00ednh n\u0103ng t\u00f9y ch\u1ecdn v\u00e0 d\u1ecbch v\u1ee5 t\u00f9y ch\u1ec9nh, bao g\u1ed3m m\u00e3 ng\u00e0y, x\u1ea3 kh\u00ed nit\u01a1, t\u1ea1o notch d\u1ec5 x\u00e9, v\u00e0 h\u1ec7 th\u1ed1ng \u0111\u00f3ng g\u00f3i t\u00fai li\u00ean t\u1ee5c.<\/li> <\/ol>    <figure class=\"wp-block-gallery has-nested-images columns-2 is-cropped wp-block-gallery-2 is-layout-flex wp-block-gallery-is-layout-flex\"> <figure class=\"wp-block-image size-large\"><img loading=\"lazy\" decoding=\"async\" width=\"720\" height=\"540\" data-id=\"1404\" src=\"https:\/\/bestpeanutmachine.com\/wp-content\/uploads\/2026\/04\/turntable.webp\" alt=\"b\u00e0n xoay\" class=\"wp-image-1404\" srcset=\"https:\/\/bestpeanutmachine.com\/wp-content\/uploads\/2026\/04\/turntable.webp 720w, https:\/\/bestpeanutmachine.com\/wp-content\/uploads\/2026\/04\/turntable-300x225.webp 300w, https:\/\/bestpeanutmachine.com\/wp-content\/uploads\/2026\/04\/turntable-16x12.webp 16w\" sizes=\"auto, (max-width: 720px) 100vw, 720px\" \/><figcaption class=\"wp-element-caption\">b\u00e0n xoay<\/figcaption><\/figure>    <figure class=\"wp-block-image size-large\"><img loading=\"lazy\" decoding=\"async\" width=\"720\" height=\"540\" data-id=\"1402\" src=\"https:\/\/bestpeanutmachine.com\/wp-content\/uploads\/2026\/04\/LCD-touchscreen.webp\" alt=\"M\u00e0n h\u00ecnh c\u1ea3m \u1ee9ng LCD\" class=\"wp-image-1402\" srcset=\"https:\/\/bestpeanutmachine.com\/wp-content\/uploads\/2026\/04\/LCD-touchscreen.webp 720w, https:\/\/bestpeanutmachine.com\/wp-content\/uploads\/2026\/04\/LCD-touchscreen-300x225.webp 300w, https:\/\/bestpeanutmachine.com\/wp-content\/uploads\/2026\/04\/LCD-touchscreen-16x12.webp 16w\" sizes=\"auto, (max-width: 720px) 100vw, 720px\" \/><figcaption class=\"wp-element-caption\">M\u00e0n h\u00ecnh c\u1ea3m \u1ee9ng LCD<\/figcaption><\/figure>    <figure class=\"wp-block-image size-large\"><img loading=\"lazy\" decoding=\"async\" width=\"720\" height=\"540\" data-id=\"1403\" src=\"https:\/\/bestpeanutmachine.com\/wp-content\/uploads\/2026\/04\/former.webp\" alt=\"m\u00e1y t\u1ea1o h\u00ecnh\" class=\"wp-image-1403\" srcset=\"https:\/\/bestpeanutmachine.com\/wp-content\/uploads\/2026\/04\/former.webp 720w, https:\/\/bestpeanutmachine.com\/wp-content\/uploads\/2026\/04\/former-300x225.webp 300w, https:\/\/bestpeanutmachine.com\/wp-content\/uploads\/2026\/04\/former-16x12.webp 16w\" sizes=\"auto, (max-width: 720px) 100vw, 720px\" \/><figcaption class=\"wp-element-caption\">m\u00e1y t\u1ea1o h\u00ecnh<\/figcaption><\/figure>    <figure class=\"wp-block-image size-full\"><img loading=\"lazy\" decoding=\"async\" width=\"720\" height=\"540\" data-id=\"1409\" src=\"https:\/\/bestpeanutmachine.com\/wp-content\/uploads\/2026\/04\/peanut-packaging-machine.webp\" alt=\"m\u00e1y \u0111\u00f3ng g\u00f3i \u0111\u1eadu ph\u1ed9ng\" class=\"wp-image-1409\" srcset=\"https:\/\/bestpeanutmachine.com\/wp-content\/uploads\/2026\/04\/peanut-packaging-machine.webp 720w, https:\/\/bestpeanutmachine.com\/wp-content\/uploads\/2026\/04\/peanut-packaging-machine-300x225.webp 300w, https:\/\/bestpeanutmachine.com\/wp-content\/uploads\/2026\/04\/peanut-packaging-machine-16x12.webp 16w\" sizes=\"auto, (max-width: 720px) 100vw, 720px\" \/><figcaption class=\"wp-element-caption\">m\u00e1y \u0111\u00f3ng g\u00f3i \u0111\u1eadu ph\u1ed9ng<\/figcaption><\/figure> <\/figure>    <h2 class=\"wp-block-heading\"><strong>C\u1ea5u tr\u00fac \u0111\u01a1n v\u1ecb ch\u00ednh c\u1ee7a m\u00e1y \u0111\u00f3ng g\u00f3i h\u1ea1t<\/strong><\/h2>    <ul class=\"wp-block-list\"> <li><strong>Ph\u1ec5u<\/strong>: L\u01b0u tr\u1eef nguy\u00ean li\u1ec7u v\u00e0 v\u1eadn chuy\u1ec3n h\u1ea1t v\u00e0o m\u00e1y.<\/li>    <li><strong>B\u00e0n xoay quay<\/strong>: Ph\u00e2n ph\u1ed1i ch\u00ednh x\u00e1c nguy\u00ean li\u1ec7u v\u00e0o t\u1eebng t\u00fai \u0111\u00f3ng g\u00f3i.<\/li>    <li><strong>Thi\u1ebft b\u1ecb t\u1ea1o h\u00ecnh<\/strong>: \u0110\u1ecbnh h\u00ecnh m\u00e0ng th\u00e0nh t\u00fai theo chi\u1ec1u r\u1ed9ng \u0111\u00e3 \u0111\u1eb7t.<\/li>    <li><strong>Cu\u1ed9n phim<\/strong>: H\u1ed7 tr\u1ee3 v\u00e0 gi\u1eef m\u00e0ng \u0111\u00f3ng g\u00f3i.<\/li>    <li><strong>C\u1ea7n \u0111i\u1ec1u khi\u1ec3n m\u00e0ng<\/strong>: \u0110o l\u01b0\u1eddng v\u00e0 \u0111i\u1ec1u ch\u1ec9nh chi\u1ec1u d\u00e0i c\u1ea5p li\u1ec7u m\u00e0ng.<\/li>    <li><strong>H\u1ec7 th\u1ed1ng rung<\/strong>: \u0110\u1ea3m b\u1ea3o v\u1eadn chuy\u1ec3n nguy\u00ean li\u1ec7u m\u01b0\u1ee3t m\u00e0 v\u00e0 ch\u00ednh x\u00e1c.<\/li>    <li><strong>\u1ed0ng gia nhi\u1ec7t<\/strong>: Cung c\u1ea5p n\u0103ng l\u01b0\u1ee3ng nhi\u1ec7t \u0111\u1ec3 h\u1ed7 tr\u1ee3 ni\u00eam phong.<\/li> <\/ul>    <h2 class=\"wp-block-heading\"><strong>Th\u00f4ng s\u1ed1 k\u1ef9 thu\u1eadt c\u1ee7a m\u00e1y \u0111\u00f3ng g\u00f3i h\u1ea1t<\/strong><\/h2>    <figure class=\"wp-block-table\"><table class=\"has-fixed-layout\"><thead><tr><th>Ng\u01b0\u1eddi m\u1eabu<\/th><th class=\"has-text-align-center\" data-align=\"center\">TZ-320<\/th><th class=\"has-text-align-center\" data-align=\"center\">TZ-450 <\/th><\/tr><\/thead><tbody><tr><td>Ki\u1ec3u t\u00fai<\/td><td class=\"has-text-align-center\" data-align=\"center\">Ni\u00eam phong l\u01b0ng \/ Ni\u00eam phong ba m\u1eb7t<\/td><td class=\"has-text-align-center\" data-align=\"center\">Ni\u00eam phong l\u01b0ng \/ Ni\u00eam phong ba m\u1eb7t<\/td><\/tr><tr><td>T\u1ed1c \u0111\u1ed9 \u0111\u00f3ng g\u00f3i<\/td><td class=\"has-text-align-center\" data-align=\"center\">20\u201380 t\u00fai\/ph\u00fat<\/td><td class=\"has-text-align-center\" data-align=\"center\">20\u201380 t\u00fai\/ph\u00fat<\/td><\/tr><tr><td>Quy\u1ec1n l\u1ef1c<\/td><td class=\"has-text-align-center\" data-align=\"center\">1.8 kW<\/td><td class=\"has-text-align-center\" data-align=\"center\">2.2 kW<\/td><\/tr><tr><td>C\u00e2n n\u1eb7ng<\/td><td class=\"has-text-align-center\" data-align=\"center\">250 kg<\/td><td class=\"has-text-align-center\" data-align=\"center\">420 kg<\/td><\/tr><tr><td>K\u00edch th\u01b0\u1edbc<\/td><td class=\"has-text-align-center\" data-align=\"center\">650 \u00d7 1050 \u00d7 1950 mm<\/td><td class=\"has-text-align-center\" data-align=\"center\">750 \u00d7 750 \u00d7 2100 mm<\/td><\/tr><tr><td>Chi\u1ec1u r\u1ed9ng m\u00e0ng t\u1ed1i \u0111a<\/td><td class=\"has-text-align-center\" data-align=\"center\">\u2264 30 cm<\/td><td class=\"has-text-align-center\" data-align=\"center\">\u2264 43 cm<\/td><\/tr><tr><td>Ph\u1ea1m vi \u0111\u00f3ng g\u00f3i<\/td><td class=\"has-text-align-center\" data-align=\"center\">\u2264 200 g<\/td><td class=\"has-text-align-center\" data-align=\"center\">\u2264 600 g<\/td><\/tr><tr><td>V\u1eadt li\u1ec7u m\u00e1y<\/td><td class=\"has-text-align-center\" data-align=\"center\">Inox<\/td><td class=\"has-text-align-center\" data-align=\"center\">Inox<\/td><\/tr><\/tbody><\/table><figcaption class=\"wp-element-caption\">th\u00f4ng s\u1ed1 k\u1ef9 thu\u1eadt c\u1ee7a m\u00e1y \u0111\u00f3ng g\u00f3i h\u1ea1t<\/figcaption><\/figure>   <div class=\"wp-block-image\"> <figure class=\"aligncenter size-full\"><img decoding=\"async\" src=\"https:\/\/bestpeanutmachine.com\/wp-content\/uploads\/2026\/04\/nuts-filling-packaging-machines-1.webp\" alt=\"m\u00e1y \u0111\u00f3ng g\u00f3i h\u1ea1t\" class=\"wp-image-1407\"\/><figcaption class=\"wp-element-caption\">m\u00e1y \u0111\u00f3ng g\u00f3i h\u1ea1t<\/figcaption><\/figure> <\/div>   <h2 class=\"wp-block-heading\"><strong>\u1ee8ng d\u1ee5ng c\u1ee7a m\u00e1y \u0111\u00f3ng g\u00f3i \u0111\u1ed3 \u0103n nh\u1eb9 h\u1ea1t<\/strong><\/h2>    <p>M\u00e1y \u0111\u00f3ng g\u00f3i h\u1ea1t n\u00e0y c\u00f3 th\u1ec3 \u00e1p d\u1ee5ng r\u1ed9ng r\u00e3i cho nhi\u1ec1u s\u1ea3n ph\u1ea9m th\u1ef1c ph\u1ea9m h\u1ea1t r\u1eddi v\u00e0 b\u00e1n h\u1ea1t r\u1eddi, \u0111\u1eb7c bi\u1ec7t h\u1eefu \u00edch trong ng\u00e0nh c\u00f4ng nghi\u1ec7p h\u1ea1t v\u00e0 th\u1ef1c ph\u1ea9m \u0103n nh\u1eb9.<\/p>    <p>The nuts packaging machine features a combined design incorporating a &#8220;rotary metering system + vibratory feeding + high-precision photoelectric control.&#8221; Consequently, it delivers exceptional performance when handling nuts and similar food items.<\/p>    <p>C\u01a1 ch\u1ebf x\u1eed l\u00fd v\u1eadt li\u1ec7u nh\u1eb9 nh\u00e0ng c\u1ee7a n\u00f3 gi\u1ea3m thi\u1ec3u t\u1ef7 l\u1ec7 g\u00e3y cho c\u00e1c lo\u1ea1i h\u1ea1t\u2014nh\u01b0 h\u1ea1nh nh\u00e2n v\u00e0 h\u1ea1t \u0111i\u1ec1u\u2014\u0111\u1ea3m b\u1ea3o r\u1eb1ng c\u00e1c s\u1ea3n ph\u1ea9m gi\u1eef \u0111\u01b0\u1ee3c v\u1ebb ngo\u00e0i h\u1ea5p d\u1eabn v\u00e0 \u0111\u1eb9p m\u1eaft trong bao b\u00ec b\u00e1n l\u1ebb c\u1ee7a ch\u00fang.<\/p>    <p>Quy tr\u00ecnh \u0111\u00f3ng g\u00f3i t\u1ef1 \u0111\u1ed9ng ho\u00e0n to\u00e0n, k\u00edn, gi\u1ea3m thi\u1ec3u ti\u1ebfp x\u00fac tr\u1ef1c ti\u1ebfp gi\u1eefa ng\u01b0\u1eddi v\u1eadn h\u00e0nh v\u00e0 s\u1ea3n ph\u1ea9m th\u1ef1c ph\u1ea9m, do \u0111\u00f3 ho\u00e0n to\u00e0n tu\u00e2n th\u1ee7 c\u00e1c ti\u00eau chu\u1ea9n v\u1ec7 sinh nghi\u00eam ng\u1eb7t c\u1ea7n thi\u1ebft cho m\u00f4i tr\u01b0\u1eddng s\u1ea3n xu\u1ea5t th\u1ef1c ph\u1ea9m.<\/p>    <p>B\u1eb1ng c\u00e1ch t\u00edch h\u1ee3p li\u1ec1n m\u1ea1ch \u0111\u1ed9 ch\u00ednh x\u00e1c, ho\u1ea1t \u0111\u1ed9ng t\u1ed1c \u0111\u1ed9 cao v\u00e0 kh\u1ea3 n\u0103ng b\u1ea3o v\u1ec7 s\u1ea3n ph\u1ea9m, m\u00e1y \u0111\u00f3ng g\u00f3i h\u1ea1t n\u00e0y hi\u1ec7u qu\u1ea3 gi\u1ea3i quy\u1ebft c\u00e1c th\u00e1ch th\u1ee9c ph\u1ee9c t\u1ea1p v\u1ed1n c\u00f3 trong \u0111\u00f3ng g\u00f3i th\u1ef1c ph\u1ea9m.<\/p>   <div class=\"wp-block-image\"> <figure class=\"aligncenter size-full\"><img loading=\"lazy\" decoding=\"async\" width=\"720\" height=\"540\" src=\"https:\/\/bestpeanutmachine.com\/wp-content\/uploads\/2026\/04\/peanut-snacks.webp\" alt=\"\u0111\u1ed3 \u0103n nh\u1eb9 t\u1eeb \u0111\u1eadu ph\u1ed9ng\" class=\"wp-image-1400\" srcset=\"https:\/\/bestpeanutmachine.com\/wp-content\/uploads\/2026\/04\/peanut-snacks.webp 720w, https:\/\/bestpeanutmachine.com\/wp-content\/uploads\/2026\/04\/peanut-snacks-300x225.webp 300w, https:\/\/bestpeanutmachine.com\/wp-content\/uploads\/2026\/04\/peanut-snacks-16x12.webp 16w\" sizes=\"auto, (max-width: 720px) 100vw, 720px\" \/><figcaption class=\"wp-element-caption\">\u0111\u1ed3 \u0103n nh\u1eb9 t\u1eeb \u0111\u1eadu ph\u1ed9ng<\/figcaption><\/figure> <\/div>   <h2 class=\"wp-block-heading\"><strong>C\u00e1ch ch\u1ecdn m\u00e1y \u0111\u00f3ng g\u00f3i h\u1ea1t ph\u00f9 h\u1ee3p?<\/strong><\/h2>    <p>Khi mua m\u00e1y \u0111\u00f3ng g\u00f3i h\u1ea1t, vui l\u00f2ng xem x\u00e9t c\u00e1c y\u1ebfu t\u1ed1 sau \u0111\u1ec3 \u0111\u1ea3m b\u1ea3o b\u1ea1n ch\u1ecdn \u0111\u01b0\u1ee3c thi\u1ebft b\u1ecb ph\u00f9 h\u1ee3p nh\u1ea5t:<\/p>    <ol class=\"wp-block-list\"> <li><strong>Tr\u1ecdng l\u01b0\u1ee3ng \u0111\u00f3ng g\u00f3i:<\/strong> N\u1ebfu \u0111\u1ecbnh d\u1ea1ng \u0111\u00f3ng g\u00f3i c\u1ee7a b\u1ea1n li\u00ean quan \u0111\u1ebfn c\u00e1c g\u00f3i nh\u1ecf (\u2264200g), M\u00f4 h\u00ecnh 320 l\u00e0 s\u1ef1 l\u1ef1a ch\u1ecdn t\u1ed1t nh\u1ea5t. N\u1ebfu b\u1ea1n c\u1ea7n c\u00e1c g\u00f3i k\u00edch th\u01b0\u1edbc trung b\u00ecnh (\u2264600g), M\u00f4 h\u00ecnh 450 s\u1ebd ph\u00f9 h\u1ee3p h\u01a1n v\u1edbi nhu c\u1ea7u c\u1ee7a b\u1ea1n.<\/li>    <li><strong>K\u00edch th\u01b0\u1edbc t\u00fai v\u00e0 chi\u1ec1u r\u1ed9ng m\u00e0ng:<\/strong> Nh\u1eefng y\u1ebfu t\u1ed1 n\u00e0y c\u0169ng r\u1ea5t quan tr\u1ecdng. B\u1ea1n c\u00f3 th\u1ec3 cung c\u1ea5p cho ch\u00fang t\u00f4i c\u00e1c y\u00eau c\u1ea7u c\u1ee5 th\u1ec3 c\u1ee7a b\u1ea1n v\u1ec1 chi\u1ec1u r\u1ed9ng m\u00e0ng bao b\u00ec, v\u00e0 nh\u00e2n vi\u00ean chuy\u00ean nghi\u1ec7p c\u1ee7a Taizy s\u1ebd h\u1ed7 tr\u1ee3 b\u1ea1n trong vi\u1ec7c ch\u1ecdn m\u00f4 h\u00ecnh m\u00e1y t\u01b0\u01a1ng \u1ee9ng.<\/li>    <li><strong>Kh\u1ea3 n\u0103ng ch\u1ea3y c\u1ee7a s\u1ea3n ph\u1ea9m: <\/strong>Vui l\u00f2ng \u0111\u1ea3m b\u1ea3o r\u1eb1ng c\u00e1c lo\u1ea1i h\u1ea1t ho\u1eb7c s\u1ea3n ph\u1ea9m \u0111\u01b0\u1ee3c ph\u1ee7 c\u1ee7a b\u1ea1n c\u00f3 kh\u1ea3 n\u0103ng ch\u1ea3y t\u1ed1t \u0111\u1ec3 \u0111\u1ea1t \u0111\u01b0\u1ee3c k\u1ebft qu\u1ea3 \u0111\u00f3ng g\u00f3i t\u1ed1i \u01b0u. N\u1ebfu s\u1ea3n ph\u1ea9m c\u1ee7a b\u1ea1n d\u00ednh ho\u1eb7c n\u1ebfu b\u1ea1n c\u00f3 y\u00eau c\u1ea7u \u0111\u00f3ng g\u00f3i c\u1ee5 th\u1ec3 kh\u00e1c, ch\u00fang t\u00f4i c\u00f3 th\u1ec3 \u0111\u1ec1 xu\u1ea5t c\u00e1c m\u00e1y \u0111\u00f3ng g\u00f3i h\u1ea1t r\u1eddi thay th\u1ebf ph\u00f9 h\u1ee3p h\u01a1n v\u1edbi nhu c\u1ea7u c\u1ee7a b\u1ea1n.<\/li>    <li><strong>C\u00e1c t\u00ednh n\u0103ng t\u00f9y ch\u1ecdn:<\/strong> Khi b\u1ea1n \u0111\u00e3 x\u00e1c \u0111\u1ecbnh \u0111\u01b0\u1ee3c m\u00f4 h\u00ecnh m\u00e1y ph\u00f9 h\u1ee3p, vui l\u00f2ng quy\u1ebft \u0111\u1ecbnh xem b\u1ea1n c\u00f3 c\u1ea7n c\u00e1c ch\u1ee9c n\u0103ng b\u1ed5 sung, ch\u1eb3ng h\u1ea1n nh\u01b0 x\u1ea3 nit\u01a1, in ng\u00e0y, ho\u1eb7c t\u00ednh n\u0103ng t\u00fai d\u1ec5 x\u00e9 hay kh\u00f4ng.<\/li>    <li><strong>S\u1ea3n l\u01b0\u1ee3ng s\u1ea3n xu\u1ea5t:<\/strong> N\u1ebfu b\u1ea1n c\u00f3 y\u00eau c\u1ea7u cao v\u1ec1 s\u1ea3n l\u01b0\u1ee3ng s\u1ea3n xu\u1ea5t, ch\u00fang t\u00f4i khuy\u00ean b\u1ea1n n\u00ean k\u1ebft h\u1ee3p m\u00e1y \u0111\u00f3ng g\u00f3i v\u1edbi m\u1ed9t b\u0103ng t\u1ea3i n\u00e2ng. \u0110i\u1ec1u n\u00e0y kh\u00f4ng ch\u1ec9 t\u0103ng t\u1ed1c \u0111\u1ed9 c\u1ea5p li\u1ec7u m\u00e0 c\u00f2n ng\u0103n ng\u1eeba c\u00e1c t\u1eafc ngh\u1ebdn ti\u1ec1m \u1ea9n do vi\u1ec7c c\u1ea5p li\u1ec7u th\u1ee7 c\u00f4ng kh\u00f4ng \u0111\u1ed3ng \u0111\u1ec1u.<\/li> <\/ol>   <div class=\"wp-block-image\"> <figure class=\"aligncenter size-full\"><img loading=\"lazy\" decoding=\"async\" width=\"720\" height=\"540\" src=\"https:\/\/bestpeanutmachine.com\/wp-content\/uploads\/2026\/04\/nuts-packaging-machine-with-elevator.webp\" alt=\"m\u00e1y \u0111\u00f3ng g\u00f3i h\u1ea1t v\u1edbi b\u0103ng t\u1ea3i n\u00e2ng\" class=\"wp-image-1406\" srcset=\"https:\/\/bestpeanutmachine.com\/wp-content\/uploads\/2026\/04\/nuts-packaging-machine-with-elevator.webp 720w, https:\/\/bestpeanutmachine.com\/wp-content\/uploads\/2026\/04\/nuts-packaging-machine-with-elevator-300x225.webp 300w, https:\/\/bestpeanutmachine.com\/wp-content\/uploads\/2026\/04\/nuts-packaging-machine-with-elevator-16x12.webp 16w\" sizes=\"auto, (max-width: 720px) 100vw, 720px\" \/><figcaption class=\"wp-element-caption\">m\u00e1y \u0111\u00f3ng g\u00f3i h\u1ea1t v\u1edbi b\u0103ng t\u1ea3i n\u00e2ng<\/figcaption><\/figure> <\/div>   <p>Cho d\u00f9 b\u1ea1n l\u00e0 m\u1ed9t nh\u00e0 ch\u1ebf bi\u1ebfn quy m\u00f4 nh\u1ecf hay m\u1ed9t doanh nghi\u1ec7p th\u1ef1c ph\u1ea9m \u0111ang ph\u00e1t tri\u1ec3n, thi\u1ebft b\u1ecb n\u00e0y s\u1ebd gi\u00fap b\u1ea1n \u0111\u1ea1t \u0111\u01b0\u1ee3c c\u00e1c ho\u1ea1t \u0111\u1ed9ng \u0111\u00f3ng g\u00f3i t\u1ef1 \u0111\u1ed9ng, ch\u00ednh x\u00e1c v\u00e0 v\u1ec7 sinh\u2014do \u0111\u00f3 t\u0103ng c\u01b0\u1eddng \u0111\u00e1ng k\u1ec3 n\u0103ng su\u1ea5t v\u00e0 kh\u1ea3 n\u0103ng c\u1ea1nh tranh tr\u00ean th\u1ecb tr\u01b0\u1eddng.<\/p>    <p>N\u1ebfu b\u1ea1n c\u00f3 b\u1ea5t k\u1ef3 y\u00eau c\u1ea7u n\u00e0o, vui l\u00f2ng li\u00ean h\u1ec7 v\u1edbi Taizy. Ch\u00fang t\u00f4i s\u1ebd \u0111\u1ec1 xu\u1ea5t m\u00e1y \u0111\u00f3ng g\u00f3i ph\u00f9 h\u1ee3p nh\u1ea5t cho b\u1ea1n d\u1ef1a tr\u00ean nhu c\u1ea7u c\u1ee5 th\u1ec3 c\u1ee7a b\u1ea1n.<\/p>    <p>B\u1ea1n c\u00f3 th\u1ec3 quan t\u00e2m \u0111\u1ebfn \u0111i\u1ec1u n\u00e0y:<\/p>    <div class=\"wp-block-media-text is-stacked-on-mobile\"><figure class=\"wp-block-media-text__media\"><img loading=\"lazy\" decoding=\"async\" width=\"720\" height=\"540\" src=\"https:\/\/bestpeanutmachine.com\/wp-content\/uploads\/2023\/05\/peanut-coating-machine.jpg\" alt=\"m\u00e1y ph\u1ee7 \u0111\u1eadu ph\u1ed9ng\" class=\"wp-image-148 size-full\" srcset=\"https:\/\/bestpeanutmachine.com\/wp-content\/uploads\/2023\/05\/peanut-coating-machine.jpg 720w, https:\/\/bestpeanutmachine.com\/wp-content\/uploads\/2023\/05\/peanut-coating-machine-300x225.jpg 300w\" sizes=\"auto, (max-width: 720px) 100vw, 720px\" \/><\/figure><div class=\"wp-block-media-text__content\"> <p><a href=\"https:\/\/bestpeanutmachine.com\/vi\/product\/peanut-coating-machine\/\">M\u00e1y ph\u1ee7 \u0111\u1eadu ph\u1ed9ng<\/a><\/p>    <p>N\u00f3 c\u00f3 th\u1ec3 gi\u00fap b\u1ea1n ph\u1ee7 \u0111\u1eadu ph\u1ed9ng b\u1eb1ng s\u1ed1t s\u00f4 c\u00f4 la ho\u1eb7c c\u00e1c gia v\u1ecb kh\u00e1c \u0111\u1ec3 t\u1ea1o ra m\u00f3n \u0103n nh\u1eb9 \u0111\u1eadu ph\u1ed9ng gi\u00f2n.<\/p> <\/div><\/div>    <div class=\"wp-block-media-text has-media-on-the-right is-stacked-on-mobile\"><div class=\"wp-block-media-text__content\"> <p><a href=\"https:\/\/bestpeanutmachine.com\/vi\/product\/peanut-roasting-machine\/\">M\u00e1y rang \u0111\u1eadu ph\u1ed9ng<\/a><\/p>    <p>As one of the most widely used pieces of nut processing equipment, the peanut roasting machine imparts a rich, earthy flavor to peanut snacks, thereby greatly enhancing the nuts&#8217; natural aroma.<\/p> <\/div><figure class=\"wp-block-media-text__media\"><img loading=\"lazy\" decoding=\"async\" width=\"720\" height=\"540\" src=\"https:\/\/bestpeanutmachine.com\/wp-content\/uploads\/2022\/08\/peanut-roaster-machine-for-sale.jpg\" alt=\"C\u1ea7n b\u00e1n m\u00e1y rang \u0111\u1eadu ph\u1ed9ng\" class=\"wp-image-78 size-full\" srcset=\"https:\/\/bestpeanutmachine.com\/wp-content\/uploads\/2022\/08\/peanut-roaster-machine-for-sale.jpg 720w, https:\/\/bestpeanutmachine.com\/wp-content\/uploads\/2022\/08\/peanut-roaster-machine-for-sale-300x225.jpg 300w\" sizes=\"auto, (max-width: 720px) 100vw, 720px\" \/><\/figure><\/div>","protected":false},"excerpt":{"rendered":"<p>Looking for an efficient nut packaging machine? This rotary granule packing machine offers accurate weighing, fast speed, and reliable sealing\u2014ideal for packaging peanuts, coated nuts, almonds, and hazelnuts.<\/p>","protected":false},"author":1,"featured_media":1408,"parent":0,"template":"","tags":[11],"product-type":[88,6],"class_list":["post-1397","product","type-product","status-publish","has-post-thumbnail","hentry","tag-peanut","product-type-nuts-packaging-machine","product-type-product"],"_links":{"self":[{"href":"https:\/\/bestpeanutmachine.com\/vi\/wp-json\/wp\/v2\/product\/1397","targetHints":{"allow":["GET"]}}],"collection":[{"href":"https:\/\/bestpeanutmachine.com\/vi\/wp-json\/wp\/v2\/product"}],"about":[{"href":"https:\/\/bestpeanutmachine.com\/vi\/wp-json\/wp\/v2\/types\/product"}],"author":[{"embeddable":true,"href":"https:\/\/bestpeanutmachine.com\/vi\/wp-json\/wp\/v2\/users\/1"}],"wp:featuredmedia":[{"embeddable":true,"href":"https:\/\/bestpeanutmachine.com\/vi\/wp-json\/wp\/v2\/media\/1408"}],"wp:attachment":[{"href":"https:\/\/bestpeanutmachine.com\/vi\/wp-json\/wp\/v2\/media?parent=1397"}],"wp:term":[{"taxonomy":"post_tag","embeddable":true,"href":"https:\/\/bestpeanutmachine.com\/vi\/wp-json\/wp\/v2\/tags?post=1397"},{"taxonomy":"product-type","embeddable":true,"href":"https:\/\/bestpeanutmachine.com\/vi\/wp-json\/wp\/v2\/product-type?post=1397"}],"curies":[{"name":"wp","href":"https:\/\/api.w.org\/{rel}","templated":true}]}}