{"id":33,"date":"2022-08-25T02:28:06","date_gmt":"2022-08-24T18:28:06","guid":{"rendered":"https:\/\/bestpeanutmachine.com\/?post_type=product&#038;p=33"},"modified":"2025-08-28T10:25:41","modified_gmt":"2025-08-28T02:25:41","slug":"peanut-harvesting-machine","status":"publish","type":"product","link":"https:\/\/bestpeanutmachine.com\/vi\/product\/peanut-harvesting-machine\/","title":{"rendered":"M\u00e1y thu ho\u1ea1ch \u0111\u1eadu ph\u1ed9ng"},"content":{"rendered":"<p class=\"translation-block\"><strong>M\u00e1y thu ho\u1ea1ch \u0111\u1eadu ph\u1ed9ng<\/strong> \u0111\u01b0\u1ee3c thi\u1ebft k\u1ebf \u0111\u1eb7c bi\u1ec7t \u0111\u1ec3 \u0111\u00e0o \u0111\u1eadu ph\u1ed9ng t\u1eeb \u0111\u1ea5t. Th\u00f4ng th\u01b0\u1eddng, m\u00e1y thu ho\u1ea1ch \u0111\u1eadu ph\u1ed9ng \u0111\u01b0\u1ee3c g\u1eafn tr\u00ean m\u1ed9t chi\u1ebfc m\u00e1y k\u00e9o c\u00f3 c\u00f4ng su\u1ea5t t\u1eeb 20 \u0111\u1ebfn 35 m\u00e3 l\u1ef1c. N\u00f3 c\u00f3 th\u1ec3 t\u1ef1 \u0111\u1ed9ng v\u00e0 hi\u1ec7u qu\u1ea3 thu ho\u1ea1ch \u0111\u1eadu ph\u1ed9ng. <\/p>    <p>M\u00e1y thu ho\u1ea1ch l\u1ea1c c\u00f3 hi\u1ec7u su\u1ea5t kh\u00e1 cao, c\u00f3 th\u1ec3 x\u1eed l\u00fd tr\u00ean di\u1ec7n t\u00edch 1300 ~ 2000 m\u00e9t vu\u00f4ng. B\u00ean c\u1ea1nh \u0111\u00f3, chi\u1ebfc m\u00e1y n\u00e0y c\u00f3 t\u1ef7 l\u1ec7 h\u1ecfng h\u00f3c r\u1ea5t th\u1ea5p, ch\u1ec9 d\u01b0\u1edbi 1%. \u0110\u1ed3ng th\u1eddi, thi\u1ebft b\u1ecb thu ho\u1ea1ch l\u1ea1c c\u00f3 t\u1ef7 l\u1ec7 s\u1ea1ch tr\u00ean 95%. <\/p>    <p>N\u00f3 c\u0169ng ti\u1ebft ki\u1ec7m n\u0103ng l\u01b0\u1ee3ng v\u00e0 c\u00f3 gi\u00e1 c\u1ea3 ph\u1ea3i ch\u0103ng. M\u00e1y r\u1ea5t ph\u00f9 h\u1ee3p cho trang tr\u1ea1i c\u1ee7a b\u1ea1n. N\u1ebfu b\u1ea1n \u0111ang t\u00ecm ki\u1ebfm m\u1ed9t m\u00e1y thu ho\u1ea1ch \u0111\u1eadu ph\u1ed9ng nh\u1ecf \u0111\u00e1ng tin c\u1eady, vui l\u00f2ng li\u00ean h\u1ec7 v\u1edbi ch\u00fang t\u00f4i \u0111\u1ec3 nh\u1eadn b\u1ea3ng gi\u00e1 mi\u1ec5n ph\u00ed.<\/p>    <figure class=\"wp-block-embed is-type-video is-provider-youtube wp-block-embed-youtube wp-embed-aspect-16-9 wp-has-aspect-ratio\"><div class=\"wp-block-embed__wrapper\"> <iframe loading=\"lazy\" title=\"Ngh\u1ec7 thu\u1eadt b\u1ea3o tr\u00ec: Gi\u1eef cho m\u00e1y thu ho\u1ea1ch \u0111\u1eadu ph\u1ed9ng ho\u1ea1t \u0111\u1ed9ng tr\u01a1n tru #n\u00f4ng nghi\u1ec7p #peanut #groundnut\" width=\"500\" height=\"281\" src=\"https:\/\/www.youtube.com\/embed\/uj-5wb4jFbk?start=44&#038;feature=oembed\" frameborder=\"0\" allow=\"accelerometer; autoplay; clipboard-write; encrypted-media; gyroscope; picture-in-picture; web-share\" referrerpolicy=\"strict-origin-when-cross-origin\" allowfullscreen><\/iframe> <\/div><figcaption class=\"wp-element-caption\">Video ho\u1ea1t \u0111\u1ed9ng c\u1ee7a m\u00e1y thu ho\u1ea1ch \u0111\u1eadu ph\u1ed9ng<\/figcaption><\/figure>    <h2 class=\"wp-block-heading\" id=\"h-benefits-of-taizy-groundnut-harvester-machine\">L\u1ee3i \u00edch c\u1ee7a m\u00e1y g\u1eb7t l\u1ea1c TAIZY<\/h2>    <ol class=\"wp-block-list\"> <li>M\u00e1y thu ho\u1ea1ch l\u1ea1c c\u00f3 th\u1ec3 v\u1eadn h\u00e0nh linh ho\u1ea1t ngay c\u1ea3 \u1edf nh\u1eefng c\u00e1nh \u0111\u1ed3ng ng\u1eadp n\u01b0\u1edbc \u0111\u1ec3 \u0111\u00e1p \u1ee9ng c\u00e1c \u0111i\u1ec1u ki\u1ec7n \u0111\u1ed3ng ru\u1ed9ng kh\u00e1c nhau.<\/li>    <li>\u00a0Sau khi thu ho\u1ea1ch kh\u00f4ng c\u00f2n t\u1ea1p ch\u1ea5t, s\u00e0ng rung \u0111\u00f3ng vai tr\u00f2 thi\u1ebft y\u1ebfu trong vi\u1ec7c thu gom l\u1ea1c v\u00e0 c\u00f3 th\u1ec3 l\u00e0m cho s\u1ea3n ph\u1ea9m s\u1ea1ch h\u01a1n.<\/li>    <li>M\u00e1y g\u1eb7t \u0111\u1eadu ph\u1ed9ng \u0111\u1ec3 b\u00e1n c\u00f3 hi\u1ec7u su\u1ea5t l\u00e0m vi\u1ec7c cao v\u00e0 ti\u1ebft ki\u1ec7m nhi\u1ec1u th\u1eddi gian lao \u0111\u1ed9ng. Trong khi \u0111\u00f3, ch\u00fang ta c\u00f3 th\u1ec3 v\u1eadn h\u00e0nh m\u00e1y m\u1ed9t c\u00e1ch d\u1ec5 d\u00e0ng.<\/li>    <li>T\u1ed1c \u0111\u1ed9 h\u00e1i m\u00e1y g\u1eb7t l\u1ea1c t\u1ef1 \u0111\u1ed9ng \u2265 98%, hi\u1ec7u qu\u1ea3 cao.<\/li>    <li>X\u00fac \u0111\u1ea5t \u1edf m\u1ed9t g\u00f3c c\u1ee5 th\u1ec3, l\u01b0\u1ee1i dao s\u1eafc b\u00e9n c\u00f3 th\u1ec3 thu ho\u1ea1ch ho\u00e0n to\u00e0n tr\u00e1i c\u00e2y. V\u00ec v\u1eady, \u0111\u1eebng lo l\u1eafng r\u1eb1ng v\u1eabn c\u00f2n r\u1ea5t nhi\u1ec1u tr\u00e1i c\u00e2y trong \u0111\u1ea5t.<\/li>    <li>C\u00e2y gi\u1ed1ng l\u1ea1c \u0111\u01b0\u1ee3c thu ho\u1ea1ch v\u00e0 nhanh ch\u00f3ng v\u1eadn chuy\u1ec3n ra l\u1ed1i tho\u00e1t ph\u00eda sau th\u00f4ng qua d\u00e2y x\u00edch con l\u0103n \u0111\u1ec3 kh\u00f4ng b\u1ecb r\u01a1i xu\u1ed1ng \u0111\u1ea5t. \u00a0<\/li> <\/ol>    <figure class=\"wp-block-image size-full\"><img loading=\"lazy\" decoding=\"async\" width=\"720\" height=\"540\" src=\"https:\/\/bestpeanutmachine.com\/wp-content\/uploads\/2022\/08\/peanut-harvester-machine.jpg\" alt=\"m\u00e1y thu ho\u1ea1ch \u0111\u1eadu ph\u1ed9ng\" class=\"wp-image-84\" srcset=\"https:\/\/bestpeanutmachine.com\/wp-content\/uploads\/2022\/08\/peanut-harvester-machine.jpg 720w, https:\/\/bestpeanutmachine.com\/wp-content\/uploads\/2022\/08\/peanut-harvester-machine-300x225.jpg 300w\" sizes=\"auto, (max-width: 720px) 100vw, 720px\" \/><figcaption class=\"wp-element-caption\">m\u00e1y thu ho\u1ea1ch \u0111\u1eadu ph\u1ed9ng<\/figcaption><\/figure>    <h2 class=\"wp-block-heading\" id=\"h-parameters-of-taizy-peanut-harvesting-machine\">Th\u00f4ng s\u1ed1 c\u1ee7a m\u00e1y thu ho\u1ea1ch l\u1ea1c TAIZY<\/h2>    <figure class=\"wp-block-table\"><table><tbody><tr><td>Ng\u01b0\u1eddi m\u1eabu<\/td><td>HS-800<\/td><\/tr><tr><td>Quy\u1ec1n l\u1ef1c<\/td><td>M\u00e1y k\u00e9o 20-35HP<\/td><\/tr><tr><td>Dung t\u00edch<\/td><td>1300-2000m2\/gi\u1edd<\/td><\/tr><tr><td>Chi\u1ec1u r\u1ed9ng thu ho\u1ea1ch<\/td><td>800mm<\/td><\/tr><tr><td>C\u00e2n n\u1eb7ng<\/td><td>280kg<\/td><\/tr><tr><td>K\u00edch c\u1ee1<\/td><td>2100*1050*1030mm<\/td><\/tr><tr><td>T\u1ef7 l\u1ec7 \u0111\u00f3ng g\u00f3i<\/td><td>\u226598%<\/td><\/tr><tr><td>T\u1ef7 l\u1ec7 ph\u00e1 v\u1ee1<\/td><td>1%<\/td><\/tr><tr><td>T\u1ef7 l\u1ec7 l\u00e0m s\u1ea1ch<\/td><td>\u226595%<\/td><\/tr><tr><td>Chi\u1ec1u r\u1ed9ng m\u00e1y g\u1eb7t<\/td><td>hai h\u00e0ng<\/td><\/tr><tr><td>Kho\u1ea3ng c\u00e1ch gi\u1eefa c\u00e1c h\u00e0ng<\/td><td>750-850mm<\/td><\/tr><tr><td>Kho\u1ea3ng c\u00e1ch h\u00e0ng<\/td><td>180-250mm<\/td><\/tr><tr><td>K\u00edch th\u01b0\u1edbc<\/td><td>2100*1050*1030mm<\/td><\/tr><\/tbody><\/table><figcaption class=\"wp-element-caption\">th\u00f4ng s\u1ed1 m\u00e1y thu ho\u1ea1ch \u0111\u1eadu ph\u1ed9ng<\/figcaption><\/figure>    <h2 class=\"wp-block-heading\" id=\"h-what-machine-is-used-to-harvest-peanuts\">M\u00e1y n\u00e0o \u0111\u01b0\u1ee3c s\u1eed d\u1ee5ng \u0111\u1ec3 thu ho\u1ea1ch \u0111\u1eadu ph\u1ed9ng?<\/h2>    <p>M\u00e1y thu ho\u1ea1ch \u0111\u1eadu ph\u1ed9ng \u0111\u01b0\u1ee3c thi\u1ebft k\u1ebf \u0111\u1ec3 thu ho\u1ea1ch \u0111\u1eadu ph\u1ed9ng t\u1ef1 \u0111\u1ed9ng. T\u00f3m l\u1ea1i, nguy\u00ean l\u00fd l\u00e0m vi\u1ec7c l\u00e0 d\u00f9ng x\u1ebbng nh\u1eb7t \u0111\u1eadu ph\u1ed9ng ra kh\u1ecfi \u0111\u1ea5t. <\/p>    <p>Sau m\u1ed9t lo\u1ea1t h\u00e0nh \u0111\u1ed9ng, h\u1ea7u h\u1ebft c\u00e1c m\u1ea3nh \u0111\u1ea5t \u0111\u1ec1u b\u1ecb v\u1ee1 v\u1ee5n, \u0111\u1eadu ph\u1ed9ng c\u00f9ng d\u00e2y leo n\u1eb1m r\u1ea3i r\u00e1c tr\u00ean \u0111\u1ed3ng. M\u00e1y g\u1eb7t \u0111\u1eadp li\u00ean h\u1ee3p \u0111\u1eadu ph\u1ed9ng c\u00f3 c\u00e1c t\u00ednh n\u0103ng hi\u1ec7u qu\u1ea3 cao, hi\u1ec7u su\u1ea5t \u1ed5n \u0111\u1ecbnh v\u00e0 v\u1eadn h\u00e0nh d\u1ec5 d\u00e0ng.<\/p>    <figure class=\"wp-block-image size-full\"><img loading=\"lazy\" decoding=\"async\" width=\"720\" height=\"540\" src=\"https:\/\/bestpeanutmachine.com\/wp-content\/uploads\/2022\/08\/ground-nut-harvesting-equipment.jpg\" alt=\"thi\u1ebft b\u1ecb thu ho\u1ea1ch h\u1ea1t l\u1ea1c\" class=\"wp-image-85\" srcset=\"https:\/\/bestpeanutmachine.com\/wp-content\/uploads\/2022\/08\/ground-nut-harvesting-equipment.jpg 720w, https:\/\/bestpeanutmachine.com\/wp-content\/uploads\/2022\/08\/ground-nut-harvesting-equipment-300x225.jpg 300w\" sizes=\"auto, (max-width: 720px) 100vw, 720px\" \/><figcaption class=\"wp-element-caption\">thi\u1ebft b\u1ecb thu ho\u1ea1ch h\u1ea1t l\u1ea1c<\/figcaption><\/figure>    <h2 class=\"wp-block-heading\" id=\"h-how-does-a-peanut-harvester-work\">M\u00e1y thu ho\u1ea1ch \u0111\u1eadu ph\u1ed9ng ho\u1ea1t \u0111\u1ed9ng nh\u01b0 th\u1ebf n\u00e0o?<\/h2>    <p>Trong qu\u00e1 tr\u00ecnh v\u1eadn h\u00e0nh, x\u1ebbng s\u1ebd nh\u1eb7t l\u1ea1c c\u00f9ng v\u1edbi \u0111\u1ea5t. D\u01b0\u1edbi t\u00e1c \u0111\u1ed9ng c\u1ee7a b\u00e1nh xe n\u00e9m v\u00e0 b\u00e1nh xe chuy\u1ec3n, \u0111\u1ea5t b\u1ecb v\u1ee1 v\u00e0 r\u1ec9 ra ngo\u00e0i m\u1ed9t ph\u1ea7n. Sau \u0111\u00f3, n\u00f3 \u0111\u01b0\u1ee3c li\u00ean t\u1ee5c n\u00e9m ra ngo\u00e0i b\u1edfi ng\u00f3n tay c\u1ee7a 3 b\u00e1nh xe \u0111\u1ecbnh s\u1ed1. <\/p>    <p>C\u00e1c c\u1ee5c \u0111\u1ea5t m\u1ecbn v\u00e0 c\u00e1c h\u1ea1t \u0111\u1ea5t v\u1ee1 \u0111\u01b0\u1ee3c th\u1ea3i ra qua s\u00e0ng thanh cong. V\u1ecf \u0111\u1eadu ph\u1ed9ng c\u00f9ng m\u1ed9t s\u1ed1 \u00edt r\u1ec5 m\u1ecbn v\u00e0 \u0111\u1ea5t m\u1ecbn \u0111\u01b0\u1ee3c \u0111\u01b0a v\u00e0o s\u00e0ng dao \u0111\u1ed9ng. \u0110\u1ea5t m\u1ecbn \u0111\u01b0\u1ee3c th\u1ea3i qua c\u00e1c l\u1ed7 s\u00e0ng. V\u1ecf \u0111\u1eadu ph\u1ed9ng tr\u01b0\u1ee3t qua r\u00e2y v\u00e0o h\u1ed9p tr\u00e1i c\u00e2y.<\/p>    <figure class=\"wp-block-gallery has-nested-images columns-default is-cropped wp-block-gallery-2 is-layout-flex wp-block-gallery-is-layout-flex\"> <figure class=\"wp-block-image size-large\"><img loading=\"lazy\" decoding=\"async\" width=\"720\" height=\"540\" data-id=\"236\" src=\"https:\/\/bestpeanutmachine.com\/wp-content\/uploads\/2022\/08\/automatic-Peanut-Harvesting-Machine.webp\" alt=\"M\u00e1y thu ho\u1ea1ch \u0111\u1eadu ph\u1ed9ng t\u1ef1 \u0111\u1ed9ng\" class=\"wp-image-236\" srcset=\"https:\/\/bestpeanutmachine.com\/wp-content\/uploads\/2022\/08\/automatic-Peanut-Harvesting-Machine.webp 720w, https:\/\/bestpeanutmachine.com\/wp-content\/uploads\/2022\/08\/automatic-Peanut-Harvesting-Machine-300x225.webp 300w, https:\/\/bestpeanutmachine.com\/wp-content\/uploads\/2022\/08\/automatic-Peanut-Harvesting-Machine-16x12.webp 16w\" sizes=\"auto, (max-width: 720px) 100vw, 720px\" \/><figcaption class=\"wp-element-caption\">M\u00e1y thu ho\u1ea1ch \u0111\u1eadu ph\u1ed9ng t\u1ef1 \u0111\u1ed9ng<\/figcaption><\/figure>    <figure class=\"wp-block-image size-large\"><img loading=\"lazy\" decoding=\"async\" width=\"720\" height=\"540\" data-id=\"237\" src=\"https:\/\/bestpeanutmachine.com\/wp-content\/uploads\/2022\/08\/best-Peanut-Harvesting-Machine.webp\" alt=\"M\u00e1y thu ho\u1ea1ch \u0111\u1eadu ph\u1ed9ng t\u1ed1t nh\u1ea5t\" class=\"wp-image-237\" srcset=\"https:\/\/bestpeanutmachine.com\/wp-content\/uploads\/2022\/08\/best-Peanut-Harvesting-Machine.webp 720w, https:\/\/bestpeanutmachine.com\/wp-content\/uploads\/2022\/08\/best-Peanut-Harvesting-Machine-300x225.webp 300w, https:\/\/bestpeanutmachine.com\/wp-content\/uploads\/2022\/08\/best-Peanut-Harvesting-Machine-16x12.webp 16w\" sizes=\"auto, (max-width: 720px) 100vw, 720px\" \/><figcaption class=\"wp-element-caption\">M\u00e1y thu ho\u1ea1ch \u0111\u1eadu ph\u1ed9ng t\u1ed1t nh\u1ea5t<\/figcaption><\/figure> <\/figure>    <p>M\u00e1y g\u1eb7t n\u00e0y ph\u00f9 h\u1ee3p v\u1edbi \u0111\u1ea5t th\u1ecbt pha c\u00e1t c\u00f3 \u0111\u1ed9 \u1ea9m t\u1eeb 10% \u0111\u1ebfn 18%. M\u1ed9t lo\u1ea1i m\u00e1y thu ho\u1ea1ch \u0111\u1eadu ph\u1ed9ng nho kh\u00e1c \u0111\u01b0\u1ee3c s\u1eed d\u1ee5ng \u0111\u1ec3 thu ho\u1ea1ch \u0111\u1eadu ph\u1ed9ng th\u1eb3ng. X\u1ebbng \u0111\u00e0o c\u1ee7a n\u00f3 x\u00fac \u0111\u1eadu ph\u1ed9ng c\u00f9ng v\u1edbi \u0111\u1ea5t, d\u00e2ng l\u00ean x\u00edch n\u00e2ng, n\u1edbi l\u1ecfng m\u1ed9t s\u1ed1 c\u1ee5c v\u00e0 ph\u1ec5u ch\u00fang ra ngo\u00e0i, sau \u0111\u00f3 \u0111\u01b0a ch\u00fang \u0111\u1ebfn c\u00e1c b\u00e1nh xe ph\u00e2n chia ph\u00eda tr\u01b0\u1edbc v\u00e0 ph\u00eda sau c\u0169ng nh\u01b0 m\u00e0n ch\u1eafn thanh cong. <\/p>    <p>Sau v\u00e0i l\u1ea7n tung, h\u1ea7u h\u1ebft c\u00e1c m\u1ea3nh \u0111\u1ea5t \u0111\u1ec1u v\u1ee1 ra v\u00e0 t\u00e1ch ra, nh\u1eefng h\u1ea1t l\u1ea1c c\u00f9ng d\u00e2y leo \u0111\u01b0\u1ee3c \u0111\u01b0a l\u00ean d\u00e2y chuy\u1ec1n ngang \u0111\u1ec3 r\u1ea3i r\u1ea3i tr\u00ean ru\u1ed9ng \u0111\u00e3 thu ho\u1ea1ch.\u00a0\u00a0\u00a0\u00a0<\/p>    <h2 class=\"wp-block-heading\">B\u1eaft \u0111\u1ea7u kinh doanh c\u1ee7a b\u1ea1n b\u00e2y gi\u1edd<\/h2>    <figure class=\"wp-block-gallery has-nested-images columns-default is-cropped wp-block-gallery-3 is-layout-flex wp-block-gallery-is-layout-flex\"> <figure class=\"wp-block-image size-large\"><img loading=\"lazy\" decoding=\"async\" width=\"720\" height=\"540\" data-id=\"238\" src=\"https:\/\/bestpeanutmachine.com\/wp-content\/uploads\/2022\/08\/commercial-Peanut-Harvesting-Machine.webp\" alt=\"M\u00e1y thu ho\u1ea1ch \u0111\u1eadu ph\u1ed9ng th\u01b0\u01a1ng m\u1ea1i\" class=\"wp-image-238\" srcset=\"https:\/\/bestpeanutmachine.com\/wp-content\/uploads\/2022\/08\/commercial-Peanut-Harvesting-Machine.webp 720w, https:\/\/bestpeanutmachine.com\/wp-content\/uploads\/2022\/08\/commercial-Peanut-Harvesting-Machine-300x225.webp 300w, https:\/\/bestpeanutmachine.com\/wp-content\/uploads\/2022\/08\/commercial-Peanut-Harvesting-Machine-16x12.webp 16w\" sizes=\"auto, (max-width: 720px) 100vw, 720px\" \/><figcaption class=\"wp-element-caption\">M\u00e1y thu ho\u1ea1ch \u0111\u1eadu ph\u1ed9ng th\u01b0\u01a1ng m\u1ea1i<\/figcaption><\/figure>    <figure class=\"wp-block-image size-large\"><img loading=\"lazy\" decoding=\"async\" width=\"720\" height=\"540\" data-id=\"239\" src=\"https:\/\/bestpeanutmachine.com\/wp-content\/uploads\/2022\/08\/Peanut-Harvesting-Machine-for-business.webp\" alt=\"M\u00e1y thu ho\u1ea1ch \u0111\u1eadu ph\u1ed9ng d\u00e0nh cho doanh nghi\u1ec7p\" class=\"wp-image-239\" srcset=\"https:\/\/bestpeanutmachine.com\/wp-content\/uploads\/2022\/08\/Peanut-Harvesting-Machine-for-business.webp 720w, https:\/\/bestpeanutmachine.com\/wp-content\/uploads\/2022\/08\/Peanut-Harvesting-Machine-for-business-300x225.webp 300w, https:\/\/bestpeanutmachine.com\/wp-content\/uploads\/2022\/08\/Peanut-Harvesting-Machine-for-business-16x12.webp 16w\" sizes=\"auto, (max-width: 720px) 100vw, 720px\" \/><figcaption class=\"wp-element-caption\">M\u00e1y thu ho\u1ea1ch \u0111\u1eadu ph\u1ed9ng d\u00e0nh cho doanh nghi\u1ec7p<\/figcaption><\/figure> <\/figure>    <p class=\"translation-block\">M\u00e1y thu ho\u1ea1ch \u0111\u1eadu ph\u1ed9ng l\u00e0 l\u00fd t\u01b0\u1edfng cho vi\u1ec7c <a href=\"https:\/\/en.wikipedia.org\/wiki\/Harvest\" data-type=\"link\" data-id=\"https:\/\/en.wikipedia.org\/wiki\/Harvest\" target=\"_blank\" rel=\"noopener\">thu ho\u1ea1ch<\/a> \u0111\u1eadu ph\u1ed9ng quy m\u00f4 l\u1edbn. N\u00f3 c\u00f3 c\u00e1c t\u00ednh n\u0103ng hi\u1ec7u su\u1ea5t cao, tu\u1ed5i th\u1ecd l\u00e2u d\u00e0i v\u00e0 hi\u1ec7u su\u1ea5t t\u1ed1t. M\u00e1y thu ho\u1ea1ch \u0111\u1eadu ph\u1ed9ng l\u00e0 thi\u1ebft b\u1ecb tuy\u1ec7t v\u1eddi cho c\u00e1c trang tr\u1ea1i c\u1ee7a b\u1ea1n. M\u00e1y thu ho\u1ea1ch \u0111\u1eadu ph\u1ed9ng hai h\u00e0ng n\u00e0y \u0111ang \u0111\u01b0\u1ee3c b\u00e1n t\u1eeb TAIZY r\u1ea5t ph\u1ed5 bi\u1ebfn. V\u00e0 \u0111\u00e3 \u0111\u01b0\u1ee3c xu\u1ea5t kh\u1ea9u th\u00e0nh c\u00f4ng sang h\u01a1n 30 qu\u1ed1c gia v\u00e0 khu v\u1ef1c. <\/p>    <p class=\"translation-block\">Ngo\u00e0i ra, ch\u00fang t\u00f4i cung c\u1ea5p \u0111\u1ea7y \u0111\u1ee7 c\u00e1c lo\u1ea1i m\u00e1y \u0111\u1eadu ph\u1ed9ng, bao g\u1ed3m <a href=\"https:\/\/bestpeanutmachine.com\/vi\/product\/peanut-picker-machine\/\" data-type=\"link\" data-id=\"https:\/\/bestpeanutmachine.com\/product\/peanut-picker-machine\/\">m\u00e1y nh\u1eb7t \u0111\u1eadu ph\u1ed9ng<\/a>, <a href=\"https:\/\/bestpeanutmachine.com\/vi\/product\/peanut-shelling-machine\/\" data-type=\"link\" data-id=\"https:\/\/bestpeanutmachine.com\/product\/peanut-shelling-machine\/\">m\u00e1y t\u00e1ch v\u1ecf \u0111\u1eadu ph\u1ed9ng<\/a>, <a href=\"https:\/\/bestpeanutmachine.com\/vi\/product\/peanut-peeling-machine\/\" data-type=\"link\" data-id=\"https:\/\/bestpeanutmachine.com\/product\/peanut-peeling-machine\/\">m\u00e1y b\u00f3c \u0111\u1eadu ph\u1ed9ng<\/a>, <a href=\"https:\/\/bestpeanutmachine.com\/vi\/product\/peanut-roasting-machine\/\" data-type=\"link\" data-id=\"https:\/\/bestpeanutmachine.com\/product\/peanut-roasting-machine\/\">m\u00e1y rang \u0111\u1eadu ph\u1ed9ng<\/a>, v.v. T\u1ea5t c\u1ea3 c\u00e1c m\u00e1y c\u1ee7a ch\u00fang t\u00f4i \u0111\u1ec1u c\u00f3 ch\u1ea5t l\u01b0\u1ee3ng t\u1ed1t v\u00e0 giao h\u00e0ng nhanh ch\u00f3ng. Ch\u00e0o m\u1eebng b\u1ea1n li\u00ean h\u1ec7 v\u1edbi ch\u00fang t\u00f4i \u0111\u1ec3 c\u00f3 gi\u00e1 t\u1ed1t nh\u1ea5t.<\/p>","protected":false},"excerpt":{"rendered":"<p>M\u00e1y thu ho\u1ea1ch \u0111\u1eadu ph\u1ed9ng \u0111\u01b0\u1ee3c thi\u1ebft k\u1ebf \u0111\u1eb7c bi\u1ec7t \u0111\u1ec3 \u0111\u00e0o \u0111\u1eadu ph\u1ed9ng t\u1eeb \u0111\u1ea5t. Th\u00f4ng th\u01b0\u1eddng, m\u00e1y g\u1eb7t \u0111\u1eadu ph\u1ed9ng \u0111\u01b0\u1ee3c g\u1eafn tr\u00ean m\u00e1y k\u00e9o c\u00f3 c\u00f4ng su\u1ea5t 20 ~ 35 m\u00e3 l\u1ef1c. N\u00f3 c\u00f3 th\u1ec3 thu ho\u1ea1ch \u0111\u1eadu ph\u1ed9ng m\u1ed9t c\u00e1ch t\u1ef1 \u0111\u1ed9ng v\u00e0 hi\u1ec7u qu\u1ea3. <\/p>","protected":false},"author":1,"featured_media":83,"parent":0,"template":"","tags":[12,14,11,8],"product-type":[6,69],"class_list":["post-33","product","type-product","status-publish","has-post-thumbnail","hentry","tag-groundnut","tag-harvester","tag-peanut","tag-peanut-processing-machine","product-type-product","product-type-peanut-machine"],"_links":{"self":[{"href":"https:\/\/bestpeanutmachine.com\/vi\/wp-json\/wp\/v2\/product\/33","targetHints":{"allow":["GET"]}}],"collection":[{"href":"https:\/\/bestpeanutmachine.com\/vi\/wp-json\/wp\/v2\/product"}],"about":[{"href":"https:\/\/bestpeanutmachine.com\/vi\/wp-json\/wp\/v2\/types\/product"}],"author":[{"embeddable":true,"href":"https:\/\/bestpeanutmachine.com\/vi\/wp-json\/wp\/v2\/users\/1"}],"wp:featuredmedia":[{"embeddable":true,"href":"https:\/\/bestpeanutmachine.com\/vi\/wp-json\/wp\/v2\/media\/83"}],"wp:attachment":[{"href":"https:\/\/bestpeanutmachine.com\/vi\/wp-json\/wp\/v2\/media?parent=33"}],"wp:term":[{"taxonomy":"post_tag","embeddable":true,"href":"https:\/\/bestpeanutmachine.com\/vi\/wp-json\/wp\/v2\/tags?post=33"},{"taxonomy":"product-type","embeddable":true,"href":"https:\/\/bestpeanutmachine.com\/vi\/wp-json\/wp\/v2\/product-type?post=33"}],"curies":[{"name":"wp","href":"https:\/\/api.w.org\/{rel}","templated":true}]}}