{"id":35,"date":"2022-08-25T02:30:34","date_gmt":"2022-08-24T18:30:34","guid":{"rendered":"https:\/\/bestpeanutmachine.com\/?post_type=product&#038;p=35"},"modified":"2025-08-28T10:27:22","modified_gmt":"2025-08-28T02:27:22","slug":"peanut-peeling-machine","status":"publish","type":"product","link":"https:\/\/bestpeanutmachine.com\/vi\/product\/peanut-peeling-machine\/","title":{"rendered":"M\u00e1y b\u00f3c v\u1ecf \u0111\u1eadu ph\u1ed9ng"},"content":{"rendered":"<p>M\u00e1y b\u00f3c v\u1ecf \u0111\u1eadu ph\u1ed9ng mang l\u1ea1i hi\u1ec7u qu\u1ea3 cao v\u00e0 ch\u1ea5t th\u1ea3i th\u1ea5p, khi\u1ebfn n\u00f3 tr\u1edf th\u00e0nh thi\u1ebft b\u1ecb l\u00fd t\u01b0\u1edfng \u0111\u1ec3 lo\u1ea1i b\u1ecf v\u1ecf \u0111\u1eadu ph\u1ed9ng. M\u00e1y n\u00e0y s\u1eed d\u1ee5ng c\u00f4ng ngh\u1ec7 ti\u00ean ti\u1ebfn \u0111\u1ec3 b\u00f3c v\u1ecf nhanh ch\u00f3ng v\u00e0 \u0111\u1ed3ng \u0111\u1ec1u th\u00f4ng qua ph\u01b0\u01a1ng ph\u00e1p ma s\u00e1t v\u00e0 b\u00f3c v\u1ecf, \u0111\u1ea3m b\u1ea3o \u0111\u1eadu ph\u1ed9ng kh\u00f4ng b\u1ecb h\u01b0 h\u1ea1i. Thi\u1ebft k\u1ebf \u0111\u01a1n gi\u1ea3n v\u00e0 nh\u1ecf g\u1ecdn c\u1ee7a n\u00f3 chi\u1ebfm kh\u00f4ng gian t\u1ed1i thi\u1ec3u, gi\u00fap d\u1ec5 d\u00e0ng v\u1eadn h\u00e0nh v\u00e0 b\u1ea3o tr\u00ec. <\/p>    <p>Ph\u00f9 h\u1ee3p v\u1edbi c\u00e1c doanh nghi\u1ec7p ch\u1ebf bi\u1ebfn th\u1ef1c ph\u1ea9m \u1edf m\u1ecdi quy m\u00f4, M\u00e1y b\u00f3c v\u1ecf \u0111\u1eadu ph\u1ed9ng kh\u00f4ng ch\u1ec9 n\u00e2ng cao hi\u1ec7u qu\u1ea3 s\u1ea3n xu\u1ea5t m\u00e0 c\u00f2n gi\u1ea3m \u0111\u00e1ng k\u1ec3 chi ph\u00ed nh\u00e2n c\u00f4ng, tr\u1edf th\u00e0nh c\u00f4ng c\u1ee5 kh\u00f4ng th\u1ec3 thi\u1ebfu trong ng\u00e0nh ch\u1ebf bi\u1ebfn \u0111\u1eadu ph\u1ed9ng. N\u00f3 l\u00e0 m\u1ed9t ph\u1ea7n kh\u00e1 quan tr\u1ecdng c\u1ee7a d\u00e2y chuy\u1ec1n l\u00e0m b\u01a1 \u0111\u1eadu ph\u1ed9ng v\u00e0 d\u00e2y chuy\u1ec1n l\u00e0m \u0111\u1eadu ph\u1ed9ng tr\u00e1ng. <\/p>    <p>L\u00e0 nh\u00e0 cung c\u1ea5p m\u00e1y b\u00f3c v\u1ecf \u0111\u1eadu ph\u1ed9ng to\u00e0n di\u1ec7n, ch\u00fang t\u00f4i cung c\u1ea5p m\u00e1y b\u00f3c v\u1ecf \u0111\u1eadu ph\u1ed9ng ti\u00eau chu\u1ea9n v\u00e0 t\u00f9y ch\u1ec9nh v\u1edbi hi\u1ec7u su\u1ea5t t\u1ed1t v\u00e0 gi\u00e1 c\u1ea3 ph\u1ea3i ch\u0103ng. Ch\u00e0o m\u1eebng b\u1ea1n \u0111\u1ebfn li\u00ean h\u1ec7 v\u1edbi ch\u00fang t\u00f4i \u0111\u1ec3 mang l\u1ea1i l\u1ee3i \u00edch cho doanh nghi\u1ec7p c\u1ee7a b\u1ea1n.<\/p>    <figure class=\"wp-block-embed is-type-video is-provider-youtube wp-block-embed-youtube wp-embed-aspect-16-9 wp-has-aspect-ratio\"><div class=\"wp-block-embed__wrapper\"> <iframe loading=\"lazy\" title=\"S\u1ef1 ho\u00e0n h\u1ea3o c\u1ee7a \u0111\u1eadu ph\u1ed9ng: \u0110\u1ea1t \u0111\u01b0\u1ee3c k\u1ebft qu\u1ea3 nh\u1ea5t qu\u00e1n v\u1edbi M\u00e1y b\u00f3c v\u1ecf ti\u00ean ti\u1ebfn #peanuts c\u1ee7a ch\u00fang t\u00f4i\" width=\"500\" height=\"281\" src=\"https:\/\/www.youtube.com\/embed\/SPfiZD0FZFY?start=5&#038;feature=oembed\" frameborder=\"0\" allow=\"accelerometer; autoplay; clipboard-write; encrypted-media; gyroscope; picture-in-picture; web-share\" referrerpolicy=\"strict-origin-when-cross-origin\" allowfullscreen><\/iframe> <\/div><figcaption class=\"wp-element-caption\">Video l\u00e0m vi\u1ec7c c\u1ee7a m\u00e1y b\u00f3c v\u1ecf \u0111\u1eadu ph\u1ed9ng<\/figcaption><\/figure>    <h2 class=\"wp-block-heading\" id=\"h-what-is-peanut-peeling-machine\">M\u00e1y b\u00f3c v\u1ecf \u0111\u1eadu ph\u1ed9ng d\u00e0nh cho doanh nghi\u1ec7p<\/h2>    <p>M\u00e1y b\u00f3c v\u1ecf l\u1ea1c \u0111\u01b0\u1ee3c thi\u1ebft k\u1ebf \u0111\u1eb7c bi\u1ec7t \u0111\u1ec3 lo\u1ea1i b\u1ecf l\u1edbp v\u1ecf \u0111\u1ecf c\u1ee7a \u0111\u1eadu ph\u1ed9ng m\u1ed9t c\u00e1ch t\u1ef1 \u0111\u1ed9ng v\u00e0 hi\u1ec7u qu\u1ea3, \u0111\u01a1n gi\u1ea3n h\u00f3a quy tr\u00ecnh s\u1ea3n xu\u1ea5t. <\/p>    <p>\u0110\u1eadu ph\u1ed9ng \u0111\u00e3 b\u00f3c v\u1ecf \u0111\u01b0\u1ee3c s\u1ea3n xu\u1ea5t b\u1eb1ng m\u00e1y n\u00e0y c\u00f3 th\u1ec3 \u0111\u01b0\u1ee3c s\u1eed d\u1ee5ng trong nhi\u1ec1u lo\u1ea1i s\u1ea3n ph\u1ea9m, bao g\u1ed3m b\u00e1nh \u0111\u1eadu ph\u1ed9ng, s\u1eefa \u0111\u1eadu ph\u1ed9ng, \u0111\u1eadu ph\u1ed9ng chi\u00ean, k\u1eb9o \u0111\u1eadu ph\u1ed9ng, \u0111\u1eadu ph\u1ed9ng c\u00f3 h\u01b0\u01a1ng v\u1ecb, b\u1ed9t protein \u0111\u1eadu ph\u1ed9ng v\u00e0 n\u01b0\u1edbc s\u1ed1t \u0111\u1eadu ph\u1ed9ng. <\/p>    <p>B\u1eb1ng c\u00e1ch k\u1ebft h\u1ee3p m\u00e1y b\u00f3c v\u1ecf \u0111\u1eadu ph\u1ed9ng v\u00e0o ho\u1ea1t \u0111\u1ed9ng c\u1ee7a m\u00ecnh, c\u00e1c doanh nghi\u1ec7p c\u00f3 th\u1ec3 n\u00e2ng cao \u0111\u00e1ng k\u1ec3 n\u0103ng su\u1ea5t v\u00e0 ch\u1ea5t l\u01b0\u1ee3ng s\u1ea3n ph\u1ea9m, \u0111\u1ea3m b\u1ea3o cung c\u1ea5p \u1ed5n \u0111\u1ecbnh \u0111\u1eadu ph\u1ed9ng b\u00f3c v\u1ecf ch\u1ea5t l\u01b0\u1ee3ng cao cho c\u00e1c \u1ee9ng d\u1ee5ng th\u01b0\u01a1ng m\u1ea1i v\u00e0 \u1ea9m th\u1ef1c kh\u00e1c nhau.<\/p>    <figure class=\"wp-block-image size-full\"><img loading=\"lazy\" decoding=\"async\" width=\"720\" height=\"540\" src=\"https:\/\/bestpeanutmachine.com\/wp-content\/uploads\/2022\/08\/peanut-peeler-machine.jpg\" alt=\"m\u00e1y b\u00f3c v\u1ecf \u0111\u1eadu ph\u1ed9ng\" class=\"wp-image-63\" srcset=\"https:\/\/bestpeanutmachine.com\/wp-content\/uploads\/2022\/08\/peanut-peeler-machine.jpg 720w, https:\/\/bestpeanutmachine.com\/wp-content\/uploads\/2022\/08\/peanut-peeler-machine-300x225.jpg 300w\" sizes=\"auto, (max-width: 720px) 100vw, 720px\" \/><figcaption class=\"wp-element-caption\">C\u1ea7n b\u00e1n m\u00e1y b\u00f3c v\u1ecf \u0111\u1eadu ph\u1ed9ng<\/figcaption><\/figure>    <h2 class=\"wp-block-heading\" id=\"h-features-of-peanut-peeler-machine\">\u0110\u1eb7c \u0111i\u1ec3m c\u1ee7a m\u00e1y b\u00f3c v\u1ecf \u0111\u1eadu ph\u1ed9ng<\/h2>    <ol class=\"wp-block-list\" style=\"list-style-type:1\"> <li>M\u00e1y b\u00f3c v\u1ecf \u0111\u1eadu ph\u1ed9ng c\u00f3 c\u1ea5u t\u1ea1o \u0111\u01a1n gi\u1ea3n, thi\u1ebft k\u1ebf h\u1ee3p l\u00fd n\u00ean d\u1ec5 v\u1eadn h\u00e0nh v\u00e0 b\u1ea3o tr\u00ec.<\/li>    <li>N\u00f3 c\u00f3 t\u1ed1c \u0111\u1ed9 bong tr\u00f3c cao, hi\u1ec7u qu\u1ea3 cao v\u00e0 kh\u00f4ng g\u00e2y \u00f4 nhi\u1ec5m.<\/li>    <li>\u0110\u1eadu ph\u1ed9ng \u0111\u00e3 b\u00f3c v\u1ecf c\u00f3 nhi\u1ec1u c\u00f4ng d\u1ee5ng nh\u01b0 l\u00e0m s\u1eefa \u0111\u1eadu ph\u1ed9ng, l\u00e0m b\u00e1nh \u0111\u1eadu ph\u1ed9ng, \u0111\u1eadu ph\u1ed9ng tr\u00e1ng, \u0111\u1eadu ph\u1ed9ng chi\u00ean, b\u1ed9t protein \u0111\u1eadu ph\u1ed9ng, v.v.<\/li>    <li>M\u00e1y lo\u1ea1i b\u1ecf \u0111\u1eadu ph\u1ed9ng c\u00f3 \u01b0u \u0111i\u1ec3m l\u00e0 ti\u1ebft ki\u1ec7m n\u0103ng l\u01b0\u1ee3ng, th\u00e2n thi\u1ec7n v\u1edbi m\u00f4i tr\u01b0\u1eddng v\u00e0 ti\u1ebft ki\u1ec7m nh\u00e2n c\u00f4ng.<\/li>    <li>T\u1ea5t c\u1ea3 c\u00e1c m\u00e1y \u0111\u1ec1u s\u1eed d\u1ee5ng th\u00e9p kh\u00f4ng g\u1ec9, d\u00f9ng cho th\u1ef1c ph\u1ea9m v\u00e0 b\u1ec1n.<\/li>    <li>Ch\u00fang t\u00f4i c\u00f3 kh\u1ea3 n\u0103ng m\u1ea1nh m\u1ebd \u0111\u1ec3 cung c\u1ea5p thi\u1ebft b\u1ecb b\u00f3c v\u1ecf \u0111\u1eadu ph\u1ed9ng ti\u00eau chu\u1ea9n v\u00e0 t\u00f9y ch\u1ec9nh.<\/li> <\/ol>    <figure class=\"wp-block-gallery has-nested-images columns-default is-cropped wp-block-gallery-2 is-layout-flex wp-block-gallery-is-layout-flex\"> <figure class=\"wp-block-image size-large\"><img loading=\"lazy\" decoding=\"async\" width=\"720\" height=\"540\" data-id=\"243\" src=\"https:\/\/bestpeanutmachine.com\/wp-content\/uploads\/2022\/08\/groundnut-peeler.webp\" alt=\"d\u1ee5ng c\u1ee5 g\u1ecdt v\u1ecf l\u1ea1c\" class=\"wp-image-243\" srcset=\"https:\/\/bestpeanutmachine.com\/wp-content\/uploads\/2022\/08\/groundnut-peeler.webp 720w, https:\/\/bestpeanutmachine.com\/wp-content\/uploads\/2022\/08\/groundnut-peeler-300x225.webp 300w, https:\/\/bestpeanutmachine.com\/wp-content\/uploads\/2022\/08\/groundnut-peeler-16x12.webp 16w\" sizes=\"auto, (max-width: 720px) 100vw, 720px\" \/><figcaption class=\"wp-element-caption\">d\u1ee5ng c\u1ee5 g\u1ecdt v\u1ecf l\u1ea1c<\/figcaption><\/figure>    <figure class=\"wp-block-image size-large\"><img loading=\"lazy\" decoding=\"async\" width=\"720\" height=\"540\" data-id=\"244\" src=\"https:\/\/bestpeanutmachine.com\/wp-content\/uploads\/2022\/08\/groundnut-peeling-machine.webp\" alt=\"m\u00e1y b\u00f3c v\u1ecf l\u1ea1c\" class=\"wp-image-244\" srcset=\"https:\/\/bestpeanutmachine.com\/wp-content\/uploads\/2022\/08\/groundnut-peeling-machine.webp 720w, https:\/\/bestpeanutmachine.com\/wp-content\/uploads\/2022\/08\/groundnut-peeling-machine-300x225.webp 300w, https:\/\/bestpeanutmachine.com\/wp-content\/uploads\/2022\/08\/groundnut-peeling-machine-16x12.webp 16w\" sizes=\"auto, (max-width: 720px) 100vw, 720px\" \/><figcaption class=\"wp-element-caption\">m\u00e1y b\u00f3c v\u1ecf l\u1ea1c<\/figcaption><\/figure> <\/figure>    <h2 class=\"wp-block-heading\" id=\"h-parameters-of-taizy-peanut-peeling-machine\">Th\u00f4ng s\u1ed1 c\u1ee7a m\u00e1y b\u00f3c v\u1ecf \u0111\u1eadu ph\u1ed9ng Taizy<\/h2>    <figure class=\"wp-block-table\"><table><tbody><tr><td>Ng\u01b0\u1eddi m\u1eabu<\/td><td>C\u00f4ng su\u1ea5t (kg \/ gi\u1edd)<\/td><td>C\u00e1i qu\u1ea1t<br>C\u00f4ng su\u1ea5t (kW)<\/td><td>C\u00e1i qu\u1ea1t<br>C\u00f4ng su\u1ea5t(kw)<\/td><td>\u0110i\u1ec7n \u00e1p(v)<\/td><td>t\u1ed1c \u0111\u1ed9 \u0111\u1eadp (%)<\/td><td>T\u1ea7n s\u1ed1 (HZ)<\/td><td>K\u00edch th\u01b0\u1edbc (mm)<\/td><\/tr><tr><td>TP-1<\/td><td>200-300<\/td><td>0.55<\/td><td>0.37<\/td><td>380\/220<\/td><td>\u226598<\/td><td>50<\/td><td>1100*400*1100<\/td><\/tr><tr><td>TP-2<\/td><td>400-500<\/td><td>0.55*2<\/td><td>0.37<\/td><td>380\/220<\/td><td>\u226598<\/td><td>50<\/td><td>1100*700*1100<\/td><\/tr><tr><td>TP-3<\/td><td>600-800<\/td><td>0.55*3<\/td><td>0.37<\/td><td>380\/220<\/td><td>\u226598<\/td><td>50<\/td><td>1100*1000*1100<\/td><\/tr><tr><td>TP-4<\/td><td>800-1000<\/td><td>0.55*4<\/td><td>0.37<\/td><td>380\/220<\/td><td>\u226598<\/td><td>50<\/td><td>1100*1400*1100<\/td><\/tr><\/tbody><\/table><figcaption class=\"wp-element-caption\">th\u00f4ng s\u1ed1 m\u00e1y b\u00f3c v\u1ecf \u0111\u1eadu ph\u1ed9ng<\/figcaption><\/figure>    <h2 class=\"wp-block-heading\" id=\"h-structure-details-of-roasted-peanut-peeling-machine\">C\u1ea5u t\u1ea1o chi ti\u1ebft c\u1ee7a m\u00e1y b\u00f3c v\u1ecf l\u1ea1c rang<\/h2>    <p>M\u00e1y b\u00f3c v\u1ecf l\u1ea1c bao g\u1ed3m b\u1ed9 ngu\u1ed3n (\u0111\u1ed9ng c\u01a1, r\u00f2ng r\u1ecdc, d\u00e2y \u0111ai, \u1ed5 tr\u1ee5c\u2026), khung, c\u1eeda n\u1ea1p, con l\u0103n b\u00f3c v\u1ecf (con l\u0103n th\u00e9p ho\u1eb7c con l\u0103n c\u00e1t), qu\u1ea1t h\u00fat,\u2026 H\u1ec7 th\u1ed1ng x\u1ea3 v\u00e0 m\u00e0n rung. <\/p>    <figure class=\"wp-block-image size-full\"><img loading=\"lazy\" decoding=\"async\" width=\"810\" height=\"391\" src=\"https:\/\/bestpeanutmachine.com\/wp-content\/uploads\/2022\/08\/peanut-skin-removing-machine-details.jpg\" alt=\"chi ti\u1ebft m\u00e1y lo\u1ea1i b\u1ecf da \u0111\u1eadu ph\u1ed9ng\" class=\"wp-image-64\" srcset=\"https:\/\/bestpeanutmachine.com\/wp-content\/uploads\/2022\/08\/peanut-skin-removing-machine-details.jpg 810w, https:\/\/bestpeanutmachine.com\/wp-content\/uploads\/2022\/08\/peanut-skin-removing-machine-details-300x145.jpg 300w, https:\/\/bestpeanutmachine.com\/wp-content\/uploads\/2022\/08\/peanut-skin-removing-machine-details-768x371.jpg 768w\" sizes=\"auto, (max-width: 810px) 100vw, 810px\" \/><figcaption class=\"wp-element-caption\">chi ti\u1ebft m\u00e1y lo\u1ea1i b\u1ecf da \u0111\u1eadu ph\u1ed9ng<\/figcaption><\/figure>    <h2 class=\"wp-block-heading\" id=\"h-is-there-machines-for-peeling-groundnut\">C\u00e1c nh\u00e0 m\u00e1y b\u00f3c v\u1ecf \u0111\u1eadu ph\u1ed9ng nh\u01b0 th\u1ebf n\u00e0o?<\/h2>    <p>Khi thi\u1ebft b\u1ecb ho\u1ea1t \u0111\u1ed9ng, n\u00f3 l\u0103n v\u00e0 chuy\u1ec3n v\u1eadt li\u1ec7u c\u00f3 ma s\u00e1t \u1edf c\u00e1c t\u1ed1c \u0111\u1ed9 kh\u00e1c nhau. Khi \u0111\u1ed9 \u1ea9m c\u1ee7a l\u1ea1c rang d\u01b0\u1edbi 5% (\u0111\u1ec3 tr\u00e1nh b\u1ecb ch\u00e1y) l\u00e0 l\u00fac b\u00f3c v\u1ecf t\u1ed1t nh\u1ea5t. <\/p>    <p>L\u00fac n\u00e0y, h\u1ec7 th\u1ed1ng \u1ed1ng x\u1ea3 c\u1ee7a m\u00e1y b\u00f3c v\u1ecf h\u00fat ra l\u1edbp v\u1ecf \u0111\u1eadu ph\u1ed9ng m\u00e0u \u0111\u1ecf. M\u1ed9t m\u00e0n h\u00ecnh rung s\u1ebd lo\u1ea1i b\u1ecf m\u1ea7m \u0111\u1eadu ph\u1ed9ng. Kho\u1ea3ng 6% h\u1ea1t \u0111\u1eadu ph\u1ed9ng \u0111\u01b0\u1ee3c chia th\u00e0nh hai ph\u1ea7n.<\/p>    <p class=\"translation-block\">X\u00e9t v\u1ec1 hi\u1ec7u qu\u1ea3 v\u00e0 hi\u1ec7u su\u1ea5t cao, m\u00e1y t\u00e1ch v\u1ecf l\u1ea1c th\u01b0\u01a1ng m\u1ea1i l\u00e0 c\u00e1ch l\u00fd t\u01b0\u1edfng nh\u1ea5t cho c\u00e1c nh\u00e0 m\u00e1y. V\u00e0 \u0111\u00f3 c\u0169ng l\u00e0 c\u00e1ch d\u1ec5 d\u00e0ng nh\u1ea5t \u0111\u1ec3 t\u00e1ch <a href=\"https:\/\/en.wikipedia.org\/wiki\/Groundnut\" data-type=\"link\" data-id=\"https:\/\/en.wikipedia.org\/wiki\/Groundnut\" target=\"_blank\" rel=\"noopener\">l\u1ea1c<\/a>. So v\u1edbi ph\u01b0\u01a1ng ph\u00e1p t\u00e1ch v\u1ecf l\u1ea1c th\u1ee7 c\u00f4ng, n\u00f3 si\u00eau hi\u1ec7u qu\u1ea3 v\u00e0 xu\u1ea5t s\u1eafc.<\/p>    <figure class=\"wp-block-image size-full\"><img loading=\"lazy\" decoding=\"async\" width=\"720\" height=\"540\" src=\"https:\/\/bestpeanutmachine.com\/wp-content\/uploads\/2022\/08\/peanut-peeler-factory.jpg\" alt=\"nh\u00e0 m\u00e1y b\u00f3c v\u1ecf \u0111\u1eadu ph\u1ed9ng\" class=\"wp-image-65\" srcset=\"https:\/\/bestpeanutmachine.com\/wp-content\/uploads\/2022\/08\/peanut-peeler-factory.jpg 720w, https:\/\/bestpeanutmachine.com\/wp-content\/uploads\/2022\/08\/peanut-peeler-factory-300x225.jpg 300w\" sizes=\"auto, (max-width: 720px) 100vw, 720px\" \/><figcaption class=\"wp-element-caption\">nh\u00e0 m\u00e1y b\u00f3c v\u1ecf \u0111\u1eadu ph\u1ed9ng<\/figcaption><\/figure>    <h2 class=\"wp-block-heading\">Tr\u01b0\u1eddng h\u1ee3p th\u00e0nh c\u00f4ng c\u1ee7a m\u00e1y b\u00f3c v\u1ecf \u0111\u1eadu ph\u1ed9ng<\/h2>    <p>Trong m\u1ed9t tr\u01b0\u1eddng h\u1ee3p th\u00e0nh c\u00f4ng g\u1ea7n \u0111\u00e2y, m\u1ed9t c\u00f4ng ty ch\u1ebf bi\u1ebfn th\u1ef1c ph\u1ea9m h\u00e0ng \u0111\u1ea7u t\u1ea1i Vi\u1ec7t Nam \u0111\u00e3 t\u00edch h\u1ee3p M\u00e1y b\u00f3c v\u1ecf \u0111\u1eadu ph\u1ed9ng c\u1ee7a ch\u00fang t\u00f4i v\u00e0o d\u00e2y chuy\u1ec1n s\u1ea3n xu\u1ea5t c\u1ee7a h\u1ecd. Hi\u1ec7u su\u1ea5t cao v\u00e0 ph\u01b0\u01a1ng ph\u00e1p b\u00f3c v\u1ecf nh\u1eb9 nh\u00e0ng c\u1ee7a m\u00e1y gi\u00fap t\u0103ng s\u1ea3n l\u01b0\u1ee3ng 30% v\u00e0 gi\u1ea3m \u0111\u00e1ng k\u1ec3 chi ph\u00ed nh\u00e2n c\u00f4ng. Vi\u1ec7c b\u00f3c v\u1ecf \u0111\u1ed3ng \u0111\u1ec1u v\u00e0 kh\u00f4ng g\u00e2y h\u01b0 h\u1ea1i \u0111\u00e3 b\u1ea3o to\u00e0n ch\u1ea5t l\u01b0\u1ee3ng c\u1ee7a \u0111\u1eadu ph\u1ed9ng, n\u00e2ng cao ch\u1ea5t l\u01b0\u1ee3ng t\u1ed5ng th\u1ec3 c\u1ee7a s\u1ea3n ph\u1ea9m. <\/p>    <p>Vi\u1ec7c tri\u1ec3n khai th\u00e0nh c\u00f4ng n\u00e0y ch\u1ee9ng t\u1ecf \u0111\u1ed9 tin c\u1eady v\u00e0 hi\u1ec7u qu\u1ea3 c\u1ee7a m\u00e1y, khi\u1ebfn n\u00f3 tr\u1edf th\u00e0nh t\u00e0i s\u1ea3n qu\u00fd gi\u00e1 cho c\u00e1c doanh nghi\u1ec7p ch\u1ebf bi\u1ebfn \u0111\u1eadu ph\u1ed9ng nh\u1eb1m n\u00e2ng cao n\u0103ng su\u1ea5t v\u00e0 ti\u00eau chu\u1ea9n s\u1ea3n ph\u1ea9m.<\/p>    <figure class=\"wp-block-gallery has-nested-images columns-default is-cropped wp-block-gallery-3 is-layout-flex wp-block-gallery-is-layout-flex\"> <figure class=\"wp-block-image size-large\"><img loading=\"lazy\" decoding=\"async\" width=\"720\" height=\"540\" data-id=\"245\" src=\"https:\/\/bestpeanutmachine.com\/wp-content\/uploads\/2022\/08\/groundnut-skin-remover.webp\" alt=\"t\u1ea9y da ch\u1ebft l\u1ea1c\" class=\"wp-image-245\" srcset=\"https:\/\/bestpeanutmachine.com\/wp-content\/uploads\/2022\/08\/groundnut-skin-remover.webp 720w, https:\/\/bestpeanutmachine.com\/wp-content\/uploads\/2022\/08\/groundnut-skin-remover-300x225.webp 300w, https:\/\/bestpeanutmachine.com\/wp-content\/uploads\/2022\/08\/groundnut-skin-remover-16x12.webp 16w\" sizes=\"auto, (max-width: 720px) 100vw, 720px\" \/><figcaption class=\"wp-element-caption\">t\u1ea9y da ch\u1ebft l\u1ea1c<\/figcaption><\/figure>    <figure class=\"wp-block-image size-large\"><img loading=\"lazy\" decoding=\"async\" width=\"720\" height=\"540\" data-id=\"246\" src=\"https:\/\/bestpeanutmachine.com\/wp-content\/uploads\/2022\/08\/Peanut-Peeling-Machine-for-sale.webp\" alt=\"C\u1ea7n b\u00e1n m\u00e1y b\u00f3c v\u1ecf \u0111\u1eadu ph\u1ed9ng\" class=\"wp-image-246\" srcset=\"https:\/\/bestpeanutmachine.com\/wp-content\/uploads\/2022\/08\/Peanut-Peeling-Machine-for-sale.webp 720w, https:\/\/bestpeanutmachine.com\/wp-content\/uploads\/2022\/08\/Peanut-Peeling-Machine-for-sale-300x225.webp 300w, https:\/\/bestpeanutmachine.com\/wp-content\/uploads\/2022\/08\/Peanut-Peeling-Machine-for-sale-16x12.webp 16w\" sizes=\"auto, (max-width: 720px) 100vw, 720px\" \/><figcaption class=\"wp-element-caption\">C\u1ea7n b\u00e1n m\u00e1y b\u00f3c v\u1ecf \u0111\u1eadu ph\u1ed9ng<\/figcaption><\/figure> <\/figure>    <h2 class=\"wp-block-heading\">H\u00e3y li\u00ean h\u1ec7 v\u1edbi ch\u00fang t\u00f4i ngay h\u00f4m nay \u0111\u1ec3 b\u1eaft \u0111\u1ea7u c\u00f4ng vi\u1ec7c kinh doanh c\u1ee7a b\u1ea1n <\/h2>    <p>M\u00e1y b\u00f3c v\u1ecf \u0111\u1eadu ph\u1ed9ng hay m\u00e1y b\u00f3c v\u1ecf \u0111\u1eadu ph\u1ed9ng r\u1ea5t quan tr\u1ecdng \u0111\u1ed1i v\u1edbi c\u00e1c nh\u00e0 m\u00e1y ch\u1ebf bi\u1ebfn \u0111\u1eadu ph\u1ed9ng ho\u1eb7c nh\u00e0 m\u00e1y th\u1ef1c ph\u1ea9m. N\u00f3 c\u00f3 th\u1ec3 c\u1ea3i thi\u1ec7n \u0111\u00e1ng k\u1ec3 n\u0103ng su\u1ea5t c\u1ee7a b\u1ea1n v\u00e0 mang l\u1ea1i l\u1ee3i \u00edch cho doanh nghi\u1ec7p c\u1ee7a b\u1ea1n. Qu\u00e1 tr\u00ecnh b\u00f3c v\u1ecf \u0111\u1eadu ph\u1ed9ng l\u00e0 c\u1ea7n thi\u1ebft \u0111\u1ec3 s\u1ea3n xu\u1ea5t snack \u0111\u1eadu ph\u1ed9ng. <\/p>    <p class=\"translation-block\">L\u00e0 nh\u00e0 s\u1ea3n xu\u1ea5t m\u00e1y ch\u1ebf bi\u1ebfn l\u1ea1c chuy\u00ean nghi\u1ec7p, ch\u00fang t\u00f4i cung c\u1ea5p \u0111\u1ea7y \u0111\u1ee7 c\u00e1c lo\u1ea1i m\u00e1y l\u00e0m l\u1ea1c, ch\u1eb3ng h\u1ea1n nh\u01b0 m\u00e1y thu ho\u1ea1ch l\u1ea1c, m\u00e1y nh\u1eb7t l\u1ea1c, m\u00e1y t\u00e1ch v\u1ecf l\u1ea1c, <a href=\"https:\/\/bestpeanutmachine.com\/vi\/product\/peanut-roasting-machine\/\">m\u00e1y rang l\u1ea1c<\/a>, <a href=\"https:\/\/bestpeanutmachine.com\/vi\/product\/peanut-oil-extraction-machine\/\">m\u00e1y \u00e9p d\u1ea7u l\u1ea1c<\/a>, v.v. <\/p>    <p>T\u1ea5t c\u1ea3 c\u00e1c m\u00e1y m\u00f3c c\u1ee7a ch\u00fang t\u00f4i \u0111\u01b0\u1ee3c thi\u1ebft k\u1ebf v\u00e0 s\u1ea3n xu\u1ea5t theo ti\u00eau chu\u1ea9n qu\u1ed1c t\u1ebf. B\u00ean c\u1ea1nh \u0111\u00f3, ch\u00fang t\u00f4i cung c\u1ea5p m\u1ed9t d\u1ecbch v\u1ee5 t\u00f9y ch\u1ec9nh m\u1ea1nh m\u1ebd \u0111\u1ec3 \u0111\u00e1p \u1ee9ng nhu c\u1ea7u c\u1ee5 th\u1ec3 c\u1ee7a b\u1ea1n.<\/p>    <figure class=\"wp-block-gallery has-nested-images columns-default is-cropped wp-block-gallery-4 is-layout-flex wp-block-gallery-is-layout-flex\"> <figure class=\"wp-block-image size-large\"><img loading=\"lazy\" decoding=\"async\" width=\"720\" height=\"540\" data-id=\"247\" src=\"https:\/\/bestpeanutmachine.com\/wp-content\/uploads\/2022\/08\/Peanut-Peeling-Machine.webp\" alt=\"M\u00e1y b\u00f3c v\u1ecf \u0111\u1eadu ph\u1ed9ng\" class=\"wp-image-247\" srcset=\"https:\/\/bestpeanutmachine.com\/wp-content\/uploads\/2022\/08\/Peanut-Peeling-Machine.webp 720w, https:\/\/bestpeanutmachine.com\/wp-content\/uploads\/2022\/08\/Peanut-Peeling-Machine-300x225.webp 300w, https:\/\/bestpeanutmachine.com\/wp-content\/uploads\/2022\/08\/Peanut-Peeling-Machine-16x12.webp 16w\" sizes=\"auto, (max-width: 720px) 100vw, 720px\" \/><figcaption class=\"wp-element-caption\">M\u00e1y b\u00f3c v\u1ecf \u0111\u1eadu ph\u1ed9ng<\/figcaption><\/figure>    <figure class=\"wp-block-image size-large\"><img loading=\"lazy\" decoding=\"async\" width=\"720\" height=\"540\" data-id=\"248\" src=\"https:\/\/bestpeanutmachine.com\/wp-content\/uploads\/2022\/08\/peanut-skin-removing-machine.webp\" alt=\"m\u00e1y b\u00f3c v\u1ecf \u0111\u1eadu ph\u1ed9ng\" class=\"wp-image-248\" srcset=\"https:\/\/bestpeanutmachine.com\/wp-content\/uploads\/2022\/08\/peanut-skin-removing-machine.webp 720w, https:\/\/bestpeanutmachine.com\/wp-content\/uploads\/2022\/08\/peanut-skin-removing-machine-300x225.webp 300w, https:\/\/bestpeanutmachine.com\/wp-content\/uploads\/2022\/08\/peanut-skin-removing-machine-16x12.webp 16w\" sizes=\"auto, (max-width: 720px) 100vw, 720px\" \/><figcaption class=\"wp-element-caption\">m\u00e1y b\u00f3c v\u1ecf \u0111\u1eadu ph\u1ed9ng<\/figcaption><\/figure> <\/figure>","protected":false},"excerpt":{"rendered":"<p>M\u00e1y b\u00f3c v\u1ecf \u0111\u1eadu ph\u1ed9ng mang l\u1ea1i hi\u1ec7u qu\u1ea3 cao v\u00e0 ch\u1ea5t th\u1ea3i th\u1ea5p, khi\u1ebfn n\u00f3 tr\u1edf th\u00e0nh thi\u1ebft b\u1ecb l\u00fd t\u01b0\u1edfng \u0111\u1ec3 lo\u1ea1i b\u1ecf v\u1ecf \u0111\u1eadu ph\u1ed9ng.<\/p>","protected":false},"author":1,"featured_media":62,"parent":0,"template":"","tags":[12,11,8],"product-type":[6,69],"class_list":["post-35","product","type-product","status-publish","has-post-thumbnail","hentry","tag-groundnut","tag-peanut","tag-peanut-processing-machine","product-type-product","product-type-peanut-machine"],"_links":{"self":[{"href":"https:\/\/bestpeanutmachine.com\/vi\/wp-json\/wp\/v2\/product\/35","targetHints":{"allow":["GET"]}}],"collection":[{"href":"https:\/\/bestpeanutmachine.com\/vi\/wp-json\/wp\/v2\/product"}],"about":[{"href":"https:\/\/bestpeanutmachine.com\/vi\/wp-json\/wp\/v2\/types\/product"}],"author":[{"embeddable":true,"href":"https:\/\/bestpeanutmachine.com\/vi\/wp-json\/wp\/v2\/users\/1"}],"wp:featuredmedia":[{"embeddable":true,"href":"https:\/\/bestpeanutmachine.com\/vi\/wp-json\/wp\/v2\/media\/62"}],"wp:attachment":[{"href":"https:\/\/bestpeanutmachine.com\/vi\/wp-json\/wp\/v2\/media?parent=35"}],"wp:term":[{"taxonomy":"post_tag","embeddable":true,"href":"https:\/\/bestpeanutmachine.com\/vi\/wp-json\/wp\/v2\/tags?post=35"},{"taxonomy":"product-type","embeddable":true,"href":"https:\/\/bestpeanutmachine.com\/vi\/wp-json\/wp\/v2\/product-type?post=35"}],"curies":[{"name":"wp","href":"https:\/\/api.w.org\/{rel}","templated":true}]}}