{"id":37,"date":"2022-08-25T02:33:00","date_gmt":"2022-08-24T18:33:00","guid":{"rendered":"https:\/\/bestpeanutmachine.com\/?post_type=product&#038;p=37"},"modified":"2025-08-28T10:27:45","modified_gmt":"2025-08-28T02:27:45","slug":"peanut-picker-machine","status":"publish","type":"product","link":"https:\/\/bestpeanutmachine.com\/vi\/product\/peanut-picker-machine\/","title":{"rendered":"M\u00e1y h\u00e1i \u0111\u1eadu ph\u1ed9ng"},"content":{"rendered":"<p class=\"translation-block\"><strong>M\u00e1y thu ho\u1ea1ch \u0111\u1eadu ph\u1ed9ng<\/strong> \u0111\u01b0\u1ee3c s\u1eed d\u1ee5ng \u0111\u1ec3 thu ho\u1ea1ch tr\u00e1i \u0111\u1eadu ph\u1ed9ng sau khi thu ho\u1ea1ch. \u0110\u00e2y l\u00e0 thi\u1ebft b\u1ecb ch\u1ebf bi\u1ebfn \u0111\u1eadu ph\u1ed9ng tuy\u1ec7t v\u1eddi cho n\u00f4ng d\u00e2n. N\u00f3 c\u00f3 nh\u1eefng \u0111\u1eb7c \u0111i\u1ec3m nh\u01b0 hi\u1ec7u su\u1ea5t si\u00eau cao, hi\u1ec7u su\u1ea5t \u1ed5n \u0111\u1ecbnh v\u00e0 tu\u1ed5i th\u1ecd l\u00e2u d\u00e0i. <strong>M\u00e1y thu ho\u1ea1ch \u0111\u1eadu ph\u1ed9ng<\/strong> s\u1ebd c\u1ea3i thi\u1ec7n \u0111\u00e1ng k\u1ec3 n\u0103ng su\u1ea5t c\u1ee7a b\u1ea1n v\u00e0 ti\u1ebft ki\u1ec7m lao \u0111\u1ed9ng. <\/p>    <p>C\u00f4ng su\u1ea5t m\u00e1y h\u00e1i l\u1ea1c \u0111\u1ec3 b\u00e1n l\u00e0 t\u1eeb 800kg \u0111\u1ebfn 1100kg m\u1ed7i gi\u1edd. Ch\u00fang t\u00f4i cung c\u1ea5p c\u00e1c ti\u00eau chu\u1ea9n m\u1ea1nh m\u1ebd v\u00e0 m\u00e1y m\u00f3c t\u00f9y ch\u1ec9nh cho nhu c\u1ea7u c\u1ee7a b\u1ea1n. M\u1ed9t \u0111\u1ed9ng c\u01a1 \u0111i\u1ec7n ho\u1eb7c \u0111\u1ed9ng c\u01a1 diesel c\u00f3 s\u1eb5n. V\u00ec v\u1eady, n\u00f3 c\u00f3 th\u1ec3 ph\u00f9 h\u1ee3p v\u1edbi c\u00e1c m\u00f4i tr\u01b0\u1eddng s\u1eed d\u1ee5ng kh\u00e1c nhau.<\/p>    <p>Ngo\u00e0i ra, m\u00e1y c\u00f3 t\u1ed1c \u0111\u1ed9 nh\u1eb7t h\u00e0ng l\u00e0 99%, t\u1ed1c \u0111\u1ed9 \u0111\u1ee9t ch\u1ec9 d\u01b0\u1edbi 1%. n\u00f3 s\u1ebd l\u00e0 ng\u01b0\u1eddi tr\u1ee3 gi\u00fap ho\u00e0n h\u1ea3o cho trang tr\u1ea1i \u0111\u1eadu ph\u1ed9ng c\u1ee7a b\u1ea1n. B\u1ea1n c\u00f3 quan t\u00e2m \u0111\u1ebfn chi\u1ebfc m\u00e1y n\u00e0y kh\u00f4ng? Li\u00ean h\u1ec7 v\u1edbi ch\u00fang t\u00f4i \u0111\u1ec3 c\u00f3 b\u1ea3ng gi\u00e1 mi\u1ec5n ph\u00ed. &nbsp;&nbsp;<\/p>    <figure class=\"wp-block-embed is-type-video is-provider-youtube wp-block-embed-youtube wp-embed-aspect-16-9 wp-has-aspect-ratio\"><div class=\"wp-block-embed__wrapper\"> <iframe loading=\"lazy\" title=\"Thu ho\u1ea1ch \u0111\u1eadu ph\u1ed9ng d\u1ec5 d\u00e0ng: C\u00e1c ph\u01b0\u01a1ng ph\u00e1p hay nh\u1ea5t v\u1edbi m\u00e1y h\u00e1i \u0111\u1eadu ph\u1ed9ng #peanut #groundnut #farming\" width=\"500\" height=\"281\" src=\"https:\/\/www.youtube.com\/embed\/wmhkLU3XioA?feature=oembed\" frameborder=\"0\" allow=\"accelerometer; autoplay; clipboard-write; encrypted-media; gyroscope; picture-in-picture; web-share\" referrerpolicy=\"strict-origin-when-cross-origin\" allowfullscreen><\/iframe> <\/div><figcaption class=\"wp-element-caption\">Video ho\u1ea1t \u0111\u1ed9ng c\u1ee7a m\u00e1y h\u00e1i \u0111\u1eadu ph\u1ed9ng<\/figcaption><\/figure>    <h2 class=\"wp-block-heading\" id=\"h-what-is-a-peanut-picker\">M\u00e1y Peanut Picker \u0111\u1ec3 b\u00e1n<\/h2>    <div class=\"wp-block-media-text is-stacked-on-mobile\"><figure class=\"wp-block-media-text__media\"><img loading=\"lazy\" decoding=\"async\" width=\"720\" height=\"540\" src=\"https:\/\/bestpeanutmachine.com\/wp-content\/uploads\/2022\/08\/small-peanut-picking-machine.jpg\" alt=\"m\u00e1y h\u00e1i \u0111\u1eadu ph\u1ed9ng nh\u1ecf\" class=\"wp-image-90 size-full\" srcset=\"https:\/\/bestpeanutmachine.com\/wp-content\/uploads\/2022\/08\/small-peanut-picking-machine.jpg 720w, https:\/\/bestpeanutmachine.com\/wp-content\/uploads\/2022\/08\/small-peanut-picking-machine-300x225.jpg 300w\" sizes=\"auto, (max-width: 720px) 100vw, 720px\" \/><\/figure><div class=\"wp-block-media-text__content\"> <ul class=\"wp-block-list\"> <li><strong>Ch\u1ecdn \u0111\u1eadu ph\u1ed9ng hi\u1ec7u qu\u1ea3<\/strong> - \u0110\u01b0\u1ee3c thi\u1ebft k\u1ebf \u0111\u1ec3 t\u00e1ch tr\u00e1i c\u00e2y \u0111\u1eadu ph\u1ed9ng kh\u1ecfi c\u00e2y con m\u1ed9t c\u00e1ch nhanh ch\u00f3ng v\u00e0 d\u1ec5 d\u00e0ng.<\/li>    <li><strong>Hi\u1ec7n \u0111\u1ea1i v\u00e0 t\u1ef1 \u0111\u1ed9ng<\/strong> - M\u1ed9t ti\u1ebfn b\u1ed9 l\u1edbn trong ch\u1ebf bi\u1ebfn \u0111\u1eadu ph\u1ed9ng, ph\u00f9 h\u1ee3p v\u1edbi xu h\u01b0\u1edbng n\u00f4ng nghi\u1ec7p t\u1ef1 \u0111\u1ed9ng.<\/li>    <li><strong>Hi\u1ec7u qu\u1ea3 cao h\u01a1n<\/strong> - V\u01b0\u1ee3t xa vi\u1ec7c ch\u1ecdn \u0111\u1eadu ph\u1ed9ng th\u1ee7 c\u00f4ng truy\u1ec1n th\u1ed1ng v\u1ec1 t\u1ed1c \u0111\u1ed9 v\u00e0 n\u0103ng su\u1ea5t.<\/li> <\/ul> <\/div><\/div>    <div class=\"wp-block-media-text has-media-on-the-right is-stacked-on-mobile\"><div class=\"wp-block-media-text__content\"> <ul class=\"wp-block-list\"> <li><strong>Hai m\u00f4 h\u00ecnh c\u00f3 s\u1eb5n<\/strong>: <ul class=\"wp-block-list\"> <li><strong>M\u00e1y ch\u1ecdn \u0111\u1eadu ph\u1ed9ng nh\u1ecf<\/strong> -C\u00f4ng su\u1ea5t 800-1000kg m\u1ed7i gi\u1edd.<\/li>    <li><strong>M\u00e1y ch\u1ecdn \u0111\u1eadu ph\u1ed9ng l\u1edbn<\/strong> - C\u00f4ng su\u1ea5t 1100kg m\u1ed7i gi\u1edd.<\/li> <\/ul> <\/li>    <li><strong>Ch\u1ea5t l\u01b0\u1ee3ng cao v\u00e0 kh\u1ea3 n\u0103ng chi tr\u1ea3<\/strong> - M\u00e1y b\u1ec1n v\u1edbi gi\u00e1 c\u1ea1nh tranh.<\/li> <\/ul> <\/div><figure class=\"wp-block-media-text__media\"><img loading=\"lazy\" decoding=\"async\" width=\"720\" height=\"540\" src=\"https:\/\/bestpeanutmachine.com\/wp-content\/uploads\/2022\/08\/large-capacity-peanut-picker-1.jpg\" alt=\"m\u00e1y h\u00e1i \u0111\u1eadu ph\u1ed9ng c\u00f4ng su\u1ea5t l\u1edbn\" class=\"wp-image-95 size-full\" srcset=\"https:\/\/bestpeanutmachine.com\/wp-content\/uploads\/2022\/08\/large-capacity-peanut-picker-1.jpg 720w, https:\/\/bestpeanutmachine.com\/wp-content\/uploads\/2022\/08\/large-capacity-peanut-picker-1-300x225.jpg 300w\" sizes=\"auto, (max-width: 720px) 100vw, 720px\" \/><\/figure><\/div>    <h2 class=\"wp-block-heading\" id=\"h-features-of-groundnut-picker-machine\">\u0110\u1eb7c \u0111i\u1ec3m c\u1ee7a m\u00e1y h\u00e1i l\u1ea1c <\/h2>    <div class=\"wp-block-media-text is-stacked-on-mobile\"><figure class=\"wp-block-media-text__media\"><img loading=\"lazy\" decoding=\"async\" width=\"720\" height=\"540\" src=\"https:\/\/bestpeanutmachine.com\/wp-content\/uploads\/2022\/08\/groundnut-picking-machine-for-business.webp\" alt=\"m\u00e1y h\u00e1i l\u1ea1c cho doanh nghi\u1ec7p\" class=\"wp-image-227 size-full\" srcset=\"https:\/\/bestpeanutmachine.com\/wp-content\/uploads\/2022\/08\/groundnut-picking-machine-for-business.webp 720w, https:\/\/bestpeanutmachine.com\/wp-content\/uploads\/2022\/08\/groundnut-picking-machine-for-business-300x225.webp 300w, https:\/\/bestpeanutmachine.com\/wp-content\/uploads\/2022\/08\/groundnut-picking-machine-for-business-16x12.webp 16w\" sizes=\"auto, (max-width: 720px) 100vw, 720px\" \/><\/figure><div class=\"wp-block-media-text__content\"> <ul class=\"wp-block-list\"> <li><strong class=\"\">Qu\u1ea1t gi\u00f3 m\u1ea1nh \u0111\u01b0\u1ee3c t\u1ed1i \u01b0u h\u00f3a<\/strong>. Hi\u1ec7u qu\u1ea3 th\u1ed5i ra t\u1ea1p ch\u1ea5t trong qu\u00e1 tr\u00ecnh h\u00e1i, \u0111\u1ea3m b\u1ea3o tr\u00e1i c\u00e2y \u0111\u1eadu ph\u1ed9ng s\u1ea1ch h\u01a1n.<\/li>    <li><strong class=\"\">L\u1ed1p xe r\u1ed9ng<\/strong>. Cung c\u1ea5p s\u1ef1 \u1ed5n \u0111\u1ecbnh tuy\u1ec7t v\u1eddi cho m\u00e1y khi ho\u1ea1t \u0111\u1ed9ng tr\u00ean c\u00e1c \u0111\u1ecba h\u00ecnh n\u00f4ng nghi\u1ec7p kh\u00f4ng \u0111\u1ed3ng \u0111\u1ec1u.<\/li>    <li><strong class=\"\">Hi\u1ec7u su\u1ea5t truy\u1ec1n \u1ed5n \u0111\u1ecbnh<\/strong>. \u0110\u1ea3m b\u1ea3o truy\u1ec1n t\u1ea3i c\u00f4ng su\u1ea5t tr\u01a1n tru v\u00e0 \u0111\u00e1ng tin c\u1eady, gi\u1ea3m th\u1ea5t b\u1ea1i c\u01a1 h\u1ecdc v\u00e0 c\u1ea3i thi\u1ec7n hi\u1ec7u qu\u1ea3 l\u00e0m vi\u1ec7c.<\/li>    <li><strong class=\"\">Hai thanh h\u1ed7 tr\u1ee3 \u1edf l\u1ed1i v\u00e0o<\/strong>. T\u0103ng c\u01b0\u1eddng t\u00ednh \u1ed5n \u0111\u1ecbnh t\u1ed5ng th\u1ec3 c\u1ee7a m\u00e1y, ng\u0103n kh\u00f4ng cho n\u00f3 b\u1ecb l\u1eadt trong qu\u00e1 tr\u00ecnh ho\u1ea1t \u0111\u1ed9ng.<\/li> <\/ul> <\/div><\/div>    <div class=\"wp-block-media-text has-media-on-the-right is-stacked-on-mobile\"><div class=\"wp-block-media-text__content\"> <ul class=\"wp-block-list\"> <li><strong class=\"\">M\u1edf ngu\u1ed3n c\u1ea5p d\u1eef li\u1ec7u r\u1ed9ng h\u01a1n<\/strong>. Cho ph\u00e9p t\u1ef1 \u0111\u1ed9ng v\u1eadn chuy\u1ec3n c\u00e2y \u0111\u1eadu ph\u1ed9ng, gi\u1ea3m thi\u1ec3u can thi\u1ec7p th\u1ee7 c\u00f4ng v\u00e0 t\u0103ng t\u1ed1c \u0111\u1ed9 x\u1eed l\u00fd.<\/li>    <li><strong class=\"\">B\u00e1nh xe<\/strong>. L\u01b0u \u0111\u00e1ng k\u1ec3 nh\u00e2n l\u1ef1c b\u1eb1ng c\u00e1ch cho ph\u00e9p di chuy\u1ec3n d\u1ec5 d\u00e0ng v\u00e0 v\u1eadn chuy\u1ec3n m\u00e1y xung quanh trang tr\u1ea1i.<\/li>    <li><strong class=\"\">Kh\u1eafc ph\u1ee5c v\u00edt h\u00ecnh ch\u1eef U.<\/strong>. Cung c\u1ea5p s\u1ef1 linh ho\u1ea1t v\u00e0 thu\u1eadn ti\u1ec7n h\u01a1n trong vi\u1ec7c c\u00e0i \u0111\u1eb7t v\u00e0 \u0111i\u1ec1u ch\u1ec9nh, th\u00edch \u1ee9ng v\u1edbi c\u00e1c \u0111i\u1ec1u ki\u1ec7n l\u00e0m vi\u1ec7c kh\u00e1c nhau.<\/li>    <li><strong class=\"\">\u0110\u00f3ng g\u00f3i v\u00e0 t\u1ea3i t\u1ef1 \u0111\u1ed9ng<\/strong>. \u0110\u01a1n gi\u1ea3n h\u00f3a r\u1ea5t nhi\u1ec1u quy tr\u00ecnh sau thu ho\u1ea1ch v\u00e0 s\u1ef1 th\u00e1o g\u1ee1 linh ho\u1ea1t c\u1ee7a ch\u00ednh Peanut Picker t\u1ea1o \u0111i\u1ec1u ki\u1ec7n b\u1ea3o tr\u00ec v\u00e0 l\u01b0u tr\u1eef.<\/li> <\/ul> <\/div><figure class=\"wp-block-media-text__media\"><img loading=\"lazy\" decoding=\"async\" width=\"720\" height=\"540\" src=\"https:\/\/bestpeanutmachine.com\/wp-content\/uploads\/2022\/08\/groundnut-picking-machine.webp\" alt=\"m\u00e1y h\u00e1i l\u1ea1c\" class=\"wp-image-228 size-full\" srcset=\"https:\/\/bestpeanutmachine.com\/wp-content\/uploads\/2022\/08\/groundnut-picking-machine.webp 720w, https:\/\/bestpeanutmachine.com\/wp-content\/uploads\/2022\/08\/groundnut-picking-machine-300x225.webp 300w, https:\/\/bestpeanutmachine.com\/wp-content\/uploads\/2022\/08\/groundnut-picking-machine-16x12.webp 16w\" sizes=\"auto, (max-width: 720px) 100vw, 720px\" \/><\/figure><\/div>    <h2 class=\"wp-block-heading\" id=\"h-how-does-a-peanut-picker-work\">M\u00e1y nh\u1eb7t \u0111\u1eadu ph\u1ed9ng ho\u1ea1t \u0111\u1ed9ng nh\u01b0 th\u1ebf n\u00e0o?<\/h2>    <div class=\"wp-block-media-text is-stacked-on-mobile\"><figure class=\"wp-block-media-text__media\"><img loading=\"lazy\" decoding=\"async\" width=\"720\" height=\"540\" src=\"https:\/\/bestpeanutmachine.com\/wp-content\/uploads\/2022\/08\/Peanut-Picker-Machine-with-good-price.webp\" alt=\"M\u00e1y h\u00e1i \u0111\u1eadu ph\u1ed9ng gi\u00e1 t\u1ed1t\" class=\"wp-image-231 size-full\" srcset=\"https:\/\/bestpeanutmachine.com\/wp-content\/uploads\/2022\/08\/Peanut-Picker-Machine-with-good-price.webp 720w, https:\/\/bestpeanutmachine.com\/wp-content\/uploads\/2022\/08\/Peanut-Picker-Machine-with-good-price-300x225.webp 300w, https:\/\/bestpeanutmachine.com\/wp-content\/uploads\/2022\/08\/Peanut-Picker-Machine-with-good-price-16x12.webp 16w\" sizes=\"auto, (max-width: 720px) 100vw, 720px\" \/><\/figure><div class=\"wp-block-media-text__content\"> <ul class=\"wp-block-list\"> <li><strong>K\u00edch ho\u1ea1t ngu\u1ed3n n\u0103ng l\u01b0\u1ee3ng<\/strong> - M\u00e1y \u0111\u01b0\u1ee3c \u0111i\u1ec1u khi\u1ec3n b\u1edfi \u0111\u1ed9ng c\u01a1 \u0111i\u1ec7n ho\u1eb7c \u0111\u1ed9ng c\u01a1 diesel.<\/li>    <li><strong>Nu\u00f4i \u0111\u1eadu ph\u1ed9ng<\/strong> - \u0110\u1eadu ph\u1ed9ng v\u00e0o h\u1ec7 th\u1ed1ng h\u00e1i tr\u00e1i c\u00e2y th\u00f4ng qua \u0111\u1ea7u v\u00e0o.<\/li>    <li><strong>C\u01a1 ch\u1ebf ch\u1ecdn tr\u1ed1ng<\/strong> - Thanh \u0111\u00e1nh tr\u1ed1ng quay t\u00e1ch \u0111\u1eadu ph\u1ed9ng t\u1eeb th\u00e2n c\u00e2y b\u1eb1ng c\u00e1ch s\u1eed d\u1ee5ng lu\u1ed3ng kh\u00f4ng kh\u00ed.<\/li>    <li><strong>Qu\u00e1 tr\u00ecnh t\u00e1ch<\/strong> - Tr\u00e1i c\u00e2y v\u00e0 c\u00e1c m\u1ea3nh v\u1ee5n r\u01a1i qua c\u00e1c l\u1ed7 intaglio l\u00ean m\u00e0n h\u00ecnh rung.<\/li> <\/ul> <\/div><\/div>    <div class=\"wp-block-media-text has-media-on-the-right is-stacked-on-mobile\"><div class=\"wp-block-media-text__content\"> <ul class=\"wp-block-list\"> <li><strong>X\u1ea3 cu\u1ed1ng<\/strong> - STALKS STALKS LI\u00caN QUAN \u0110\u1ebeN C\u1ed5ng x\u1ea3.<\/li>    <li><strong>Lo\u1ea1i b\u1ecf m\u1ea3nh v\u1ee5n<\/strong> - Tr\u00e1i c\u00e2y \u0111i l\u1ea1c tr\u00ean m\u00e0n h\u00ecnh rung di chuy\u1ec3n \u0111\u1ebfn c\u1ed5ng h\u00fat qu\u1ea1t, n\u01a1i c\u00e1c m\u1ea3nh v\u1ee1 \u0111\u01b0\u1ee3c xu\u1ea5t vi\u1ec7n.<\/li>    <li><strong>L\u00e0m s\u1ea1ch b\u1ed9 s\u01b0u t\u1eadp \u0111\u1eadu ph\u1ed9ng<\/strong> - \u0110\u1eadu ph\u1ed9ng \u0111\u01b0\u1ee3c l\u00e0m s\u1ea1ch \u0111\u01b0\u1ee3c ch\u1ecdn v\u00e0 thu th\u1eadp, ho\u00e0n th\u00e0nh qu\u00e1 tr\u00ecnh.<\/li> <\/ul> <\/div><figure class=\"wp-block-media-text__media\"><img loading=\"lazy\" decoding=\"async\" width=\"720\" height=\"540\" src=\"https:\/\/bestpeanutmachine.com\/wp-content\/uploads\/2022\/08\/Peanut-Picker-Machine.webp\" alt=\"M\u00e1y h\u00e1i \u0111\u1eadu ph\u1ed9ng\" class=\"wp-image-232 size-full\" srcset=\"https:\/\/bestpeanutmachine.com\/wp-content\/uploads\/2022\/08\/Peanut-Picker-Machine.webp 720w, https:\/\/bestpeanutmachine.com\/wp-content\/uploads\/2022\/08\/Peanut-Picker-Machine-300x225.webp 300w, https:\/\/bestpeanutmachine.com\/wp-content\/uploads\/2022\/08\/Peanut-Picker-Machine-16x12.webp 16w\" sizes=\"auto, (max-width: 720px) 100vw, 720px\" \/><\/figure><\/div>    <h2 class=\"wp-block-heading\" id=\"h-small-type-peanut-picker-parameters\">Th\u00f4ng s\u1ed1 m\u00e1y h\u00e1i \u0111\u1eadu ph\u1ed9ng lo\u1ea1i nh\u1ecf<\/h2>    <figure class=\"wp-block-table\"><table><tbody><tr><td>Ng\u01b0\u1eddi m\u1eabu<\/td><td>5HZ- 600<\/td><\/tr><tr><td>K\u00edch c\u1ee1<\/td><td>1960*1500*1370mm<\/td><\/tr><tr><td>C\u00e2n n\u1eb7ng<\/td><td>150Kg<\/td><\/tr><tr><td>Quy\u1ec1n l\u1ef1c<\/td><td>\u0110\u1ed9ng c\u01a1 7,5kw, \u0111\u1ed9ng c\u01a1 diesel 10HP<\/td><\/tr><tr><td>Dung t\u00edch<\/td><td>800-1000kg\/gi\u1edd<\/td><\/tr><tr><td>T\u1ef7 l\u1ec7 ch\u1ecdn<\/td><td>\uff1e99%<\/td><\/tr><tr><td>T\u1ef7 l\u1ec7 ph\u00e1 v\u1ee1<\/td><td>\uff1c1%<\/td><\/tr><tr><td>T\u1ef7 l\u1ec7 t\u1ea1p ch\u1ea5t<\/td><td>\uff1c1%<\/td><\/tr><tr><td>40HQ<\/td><td>45 b\u1ed9<\/td><\/tr><\/tbody><\/table><figcaption class=\"wp-element-caption\">th\u00f4ng s\u1ed1 m\u00e1y h\u00e1i \u0111\u1eadu ph\u1ed9ng<\/figcaption><\/figure>    <figure class=\"wp-block-image size-full\"><img loading=\"lazy\" decoding=\"async\" width=\"720\" height=\"540\" src=\"https:\/\/bestpeanutmachine.com\/wp-content\/uploads\/2022\/08\/small-peanut-picker-features.jpg\" alt=\"t\u00ednh n\u0103ng h\u00e1i \u0111\u1eadu ph\u1ed9ng nh\u1ecf\" class=\"wp-image-96\" srcset=\"https:\/\/bestpeanutmachine.com\/wp-content\/uploads\/2022\/08\/small-peanut-picker-features.jpg 720w, https:\/\/bestpeanutmachine.com\/wp-content\/uploads\/2022\/08\/small-peanut-picker-features-300x225.jpg 300w\" sizes=\"auto, (max-width: 720px) 100vw, 720px\" \/><figcaption class=\"wp-element-caption\">t\u00ednh n\u0103ng h\u00e1i \u0111\u1eadu ph\u1ed9ng nh\u1ecf<\/figcaption><\/figure>    <h2 class=\"wp-block-heading\" id=\"h-large-capacity-peanut-picker-machine\">M\u00e1y h\u00e1i \u0111\u1eadu ph\u1ed9ng c\u00f4ng su\u1ea5t l\u1edbn<\/h2>    <figure class=\"wp-block-table\"><table><tbody><tr><td>Ng\u01b0\u1eddi m\u1eabu<\/td><td>5HZ-1800<\/td><\/tr><tr><td>Quy\u1ec1n l\u1ef1c<\/td><td>25-37kw<\/td><\/tr><tr><td>T\u1ed1c \u0111\u1ed9 quay c\u1ee7a con l\u0103n<\/td><td>550r\/ph\u00fat<\/td><\/tr><tr><td>T\u1ef7 l\u1ec7 t\u1ed5n th\u1ea5t<\/td><td>1%<\/td><\/tr><tr><td>T\u1ef7 l\u1ec7 b\u1ecb h\u1ecfng<\/td><td>3%<\/td><\/tr><tr><td>T\u1ef7 l\u1ec7 t\u1ea1p ch\u1ea5t<\/td><td>2%<\/td><\/tr><tr><td>Dung t\u00edch<\/td><td>1100kg\/h (\u0111\u1eadu ph\u1ed9ng \u01b0\u1edbt)<\/td><\/tr><tr><td>K\u00edch th\u01b0\u1edbc \u0111\u1ea7u v\u00e0o<\/td><td>1100*700mm<\/td><\/tr><tr><td>C\u00e1c k\u00edch th\u01b0\u1edbc c\u1ee7a m\u00e0n h\u00ecnh<\/td><td>1050mm<\/td><\/tr><tr><td>C\u00e2n n\u1eb7ng<\/td><td>720kg<\/td><\/tr><tr><td>M\u00f4 h\u00ecnh t\u00e1ch v\u00e0 l\u00e0m s\u1ea1ch<\/td><td>M\u00e0n h\u00ecnh rung v\u00e0 qu\u1ea1t gi\u00f3<\/td><\/tr><tr><td>K\u00edch th\u01b0\u1edbc c\u1ee7a m\u00e0n h\u00ecnh<\/td><td>3340*640mm<\/td><\/tr><tr><td>K\u00edch th\u01b0\u1edbc c\u1ee7a m\u00e1y<\/td><td>5800*2100*1900mm<\/td><\/tr><tr><td>\u0110\u01b0\u1eddng k\u00ednh c\u1ee7a con l\u0103n<\/td><td>600mm<\/td><\/tr><tr><td>Chi\u1ec1u d\u00e0i c\u1ee7a con l\u0103n<\/td><td>1800mm<\/td><\/tr><tr><td>C\u00f4ng su\u1ea5t \u0111\u01a1n v\u1ecb c\u00f4ng su\u1ea5t<\/td><td>\u226530kg\/kWh<\/td><\/tr><\/tbody><\/table><figcaption class=\"wp-element-caption\">th\u00f4ng s\u1ed1 c\u1ee7a m\u00e1y h\u00e1i \u0111\u1eadu ph\u1ed9ng<\/figcaption><\/figure>    <figure class=\"wp-block-image size-full\"><img loading=\"lazy\" decoding=\"async\" width=\"720\" height=\"540\" src=\"https:\/\/bestpeanutmachine.com\/wp-content\/uploads\/2022\/08\/large-groundnut-picking-machine.jpg\" alt=\"m\u00e1y h\u00e1i l\u1ea1c l\u1edbn\" class=\"wp-image-97\" srcset=\"https:\/\/bestpeanutmachine.com\/wp-content\/uploads\/2022\/08\/large-groundnut-picking-machine.jpg 720w, https:\/\/bestpeanutmachine.com\/wp-content\/uploads\/2022\/08\/large-groundnut-picking-machine-300x225.jpg 300w\" sizes=\"auto, (max-width: 720px) 100vw, 720px\" \/><figcaption class=\"wp-element-caption\">m\u00e1y h\u00e1i l\u1ea1c l\u1edbn<\/figcaption><\/figure>    <h2 class=\"wp-block-heading\" id=\"h-what-is-the-peanut-picker-machine-price\">Gi\u00e1 m\u00e1y h\u00e1i l\u1ea1c l\u00e0 bao nhi\u00eau?<\/h2>    <p>Gi\u00e1 m\u00e1y h\u00e1i l\u1ea1c kh\u00e1c nhau do nhi\u1ec1u th\u00f4ng s\u1ed1, v\u1eadt li\u1ec7u v\u00e0 k\u1ebft c\u1ea5u kh\u00e1c nhau. V\u00ec v\u1eady, gi\u00e1 th\u00e0nh c\u1ee7a m\u1ed9t chi\u1ebfc m\u00e1y h\u00e1i l\u1ea1c c\u0169ng kh\u00f4ng gi\u1ed1ng nhau. V\u00e0 ch\u00fang t\u00f4i h\u1ed7 tr\u1ee3 c\u00e1c d\u1ecbch v\u1ee5 t\u00f9y bi\u1ebfn m\u1ea1nh m\u1ebd \u0111\u1ec3 ph\u00f9 h\u1ee3p v\u1edbi nhu c\u1ea7u c\u1ee5 th\u1ec3 c\u1ee7a b\u1ea1n. V\u00ec v\u1eady s\u1ebd c\u00f3 b\u00e1o gi\u00e1 c\u1ee5 th\u1ec3 v\u00e0 chi ti\u1ebft cho y\u00eau c\u1ea7u c\u1ee7a b\u1ea1n nh\u01b0 ch\u1ee7ng lo\u1ea1i, model, h\u1ec7 th\u1ed1ng \u0111i\u1ec7n, v\u1eadt li\u1ec7u,.. <\/p>    <p>Ngo\u00e0i ra, gi\u00e1 m\u00e1y h\u00e1i l\u1ea1c c\u00f2n li\u00ean quan ch\u1eb7t ch\u1ebd \u0111\u1ebfn nhi\u1ec1u y\u1ebfu t\u1ed1 b\u00ean ngo\u00e0i nh\u01b0 chi ph\u00ed v\u1eadn chuy\u1ec3n v\u00e0 t\u1ef7 gi\u00e1 h\u1ed1i \u0111o\u00e1i qu\u1ed1c t\u1ebf. V\u00ec v\u1eady, n\u00f3 r\u1ea5t ph\u1ee9c t\u1ea1p. H\u00e3y cho ch\u00fang t\u00f4i bi\u1ebft nhu c\u1ea7u c\u1ee7a b\u1ea1n, ch\u00fang t\u00f4i s\u1ebd g\u1ee3i \u00fd cho b\u1ea1n lo\u1ea1i m\u00e1y ph\u00f9 h\u1ee3p nh\u1ea5t, \u0111\u1ed3ng th\u1eddi cung c\u1ea5p cho b\u1ea1n m\u1ee9c gi\u00e1 t\u1ed1t nh\u1ea5t v\u00e0 m\u1edbi nh\u1ea5t.<\/p>    <figure class=\"wp-block-gallery has-nested-images columns-default is-cropped wp-block-gallery-2 is-layout-flex wp-block-gallery-is-layout-flex\"> <figure class=\"wp-block-image size-large\"><img loading=\"lazy\" decoding=\"async\" width=\"720\" height=\"540\" data-id=\"229\" src=\"https:\/\/bestpeanutmachine.com\/wp-content\/uploads\/2022\/08\/Peanut-Picker-Machine-for-sale.webp\" alt=\"C\u1ea7n b\u00e1n m\u00e1y h\u00e1i \u0111\u1eadu ph\u1ed9ng\" class=\"wp-image-229\" srcset=\"https:\/\/bestpeanutmachine.com\/wp-content\/uploads\/2022\/08\/Peanut-Picker-Machine-for-sale.webp 720w, https:\/\/bestpeanutmachine.com\/wp-content\/uploads\/2022\/08\/Peanut-Picker-Machine-for-sale-300x225.webp 300w, https:\/\/bestpeanutmachine.com\/wp-content\/uploads\/2022\/08\/Peanut-Picker-Machine-for-sale-16x12.webp 16w\" sizes=\"auto, (max-width: 720px) 100vw, 720px\" \/><figcaption class=\"wp-element-caption\">C\u1ea7n b\u00e1n m\u00e1y h\u00e1i \u0111\u1eadu ph\u1ed9ng<\/figcaption><\/figure>    <figure class=\"wp-block-image size-large\"><img loading=\"lazy\" decoding=\"async\" width=\"720\" height=\"540\" data-id=\"230\" src=\"https:\/\/bestpeanutmachine.com\/wp-content\/uploads\/2022\/08\/peanut-picker-price.webp\" alt=\"gi\u00e1 m\u00e1y h\u00e1i \u0111\u1eadu ph\u1ed9ng\" class=\"wp-image-230\" srcset=\"https:\/\/bestpeanutmachine.com\/wp-content\/uploads\/2022\/08\/peanut-picker-price.webp 720w, https:\/\/bestpeanutmachine.com\/wp-content\/uploads\/2022\/08\/peanut-picker-price-300x225.webp 300w, https:\/\/bestpeanutmachine.com\/wp-content\/uploads\/2022\/08\/peanut-picker-price-16x12.webp 16w\" sizes=\"auto, (max-width: 720px) 100vw, 720px\" \/><figcaption class=\"wp-element-caption\">gi\u00e1 m\u00e1y h\u00e1i \u0111\u1eadu ph\u1ed9ng<\/figcaption><\/figure> <\/figure>    <h2 class=\"wp-block-heading\">\u0110\u1ec3 l\u1ea1i tin nh\u1eafn c\u1ee7a b\u1ea1n!<\/h2>    <p class=\"translation-block\">M\u00e1y thu ho\u1ea1ch \u0111\u1eadu ph\u1ed9ng kh\u00f4ng ch\u1ec9 hi\u1ec7u qu\u1ea3 v\u00e0 b\u1ec1n b\u1ec9 m\u00e0 c\u00f2n d\u1ec5 v\u1eadn h\u00e0nh, l\u00e0 l\u1ef1a ch\u1ecdn l\u00fd t\u01b0\u1edfng cho nhu c\u1ea7u thu ho\u1ea1ch \u0111\u1eadu ph\u1ed9ng c\u1ee7a b\u1ea1n. \u0110\u1ec3 n\u00e2ng cao hi\u1ec7u qu\u1ea3 ch\u1ebf bi\u1ebfn \u0111\u1eadu ph\u1ed9ng c\u1ee7a b\u1ea1n, ch\u00fang t\u00f4i khuy\u00ean b\u1ea1n n\u00ean k\u1ebft h\u1ee3p n\u00f3 v\u1edbi <a href=\"https:\/\/bestpeanutmachine.com\/vi\/product\/peanut-shelling-machine\/\" data-type=\"link\" data-id=\"https:\/\/bestpeanutmachine.com\/product\/peanut-shelling-machine\/\">M\u00e1y b\u00f3c v\u1ecf \u0111\u1eadu ph\u1ed9ng<\/a> v\u00e0 <a href=\"https:\/\/bestpeanutmachine.com\/vi\/product\/peanut-roasting-machine\/\" data-type=\"link\" data-id=\"https:\/\/bestpeanutmachine.com\/product\/peanut-roasting-machine\/\">M\u00e1y rang \u0111\u1eadu ph\u1ed9ng<\/a> c\u1ee7a ch\u00fang t\u00f4i. <\/p>    <p>S\u1ef1 k\u1ebft h\u1ee3p n\u00e0y mang \u0111\u1ebfn m\u1ed9t quy tr\u00ecnh l\u00e0m vi\u1ec7c li\u1ec1n m\u1ea1ch t\u1eeb thu ho\u1ea1ch \u0111\u1ebfn ch\u1ebf bi\u1ebfn, n\u00e2ng cao \u0111\u00e1ng k\u1ec3 hi\u1ec7u qu\u1ea3 s\u1ea3n xu\u1ea5t v\u00e0 \u0111\u1ea3m b\u1ea3o ch\u1ea5t l\u01b0\u1ee3ng c\u0169ng nh\u01b0 n\u0103ng su\u1ea5t s\u1ea3n ph\u1ea9m \u0111\u1eadu ph\u1ed9ng c\u1ee7a b\u1ea1n. <\/p>    <p class=\"translation-block\">Li\u00ean h\u1ec7 v\u1edbi ch\u00fang t\u00f4i h\u00f4m nay \u0111\u1ec3 t\u00ecm hi\u1ec3u th\u00eam v\u00e0 tr\u1ea3i nghi\u1ec7m s\u1ef1 ti\u1ec7n l\u1ee3i v\u00e0 hi\u1ec7u qu\u1ea3 c\u1ee7a c\u00e1c gi\u1ea3i ph\u00e1p ch\u1ebf bi\u1ebfn <a href=\"https:\/\/en.wikipedia.org\/wiki\/Peanut\" data-type=\"link\" data-id=\"https:\/\/en.wikipedia.org\/wiki\/Peanut\" target=\"_blank\" rel=\"noopener\">\u0111\u1eadu ph\u1ed9ng<\/a> to\u00e0n di\u1ec7n c\u1ee7a ch\u00fang t\u00f4i.<\/p>    <figure class=\"wp-block-image size-full\"><img loading=\"lazy\" decoding=\"async\" width=\"720\" height=\"540\" src=\"https:\/\/bestpeanutmachine.com\/wp-content\/uploads\/2022\/08\/groundnut-picker.webp\" alt=\"ng\u01b0\u1eddi h\u00e1i l\u1ea1c\" class=\"wp-image-233\" srcset=\"https:\/\/bestpeanutmachine.com\/wp-content\/uploads\/2022\/08\/groundnut-picker.webp 720w, https:\/\/bestpeanutmachine.com\/wp-content\/uploads\/2022\/08\/groundnut-picker-300x225.webp 300w, https:\/\/bestpeanutmachine.com\/wp-content\/uploads\/2022\/08\/groundnut-picker-16x12.webp 16w\" sizes=\"auto, (max-width: 720px) 100vw, 720px\" \/><figcaption class=\"wp-element-caption\">ng\u01b0\u1eddi h\u00e1i l\u1ea1c<\/figcaption><\/figure>","protected":false},"excerpt":{"rendered":"<p>M\u00e1y h\u00e1i l\u1ea1c \u0111\u01b0\u1ee3c s\u1eed d\u1ee5ng \u0111\u1ec3 h\u00e1i qu\u1ea3 l\u1ea1c sau khi thu ho\u1ea1ch. \u0110\u00e2y l\u00e0 thi\u1ebft b\u1ecb ch\u1ebf bi\u1ebfn \u0111\u1eadu ph\u1ed9ng tuy\u1ec7t v\u1eddi cho n\u00f4ng d\u00e2n. <\/p>","protected":false},"author":1,"featured_media":87,"parent":0,"template":"","tags":[22,8],"product-type":[6,69],"class_list":["post-37","product","type-product","status-publish","has-post-thumbnail","hentry","tag-peanut-picker","tag-peanut-processing-machine","product-type-product","product-type-peanut-machine"],"_links":{"self":[{"href":"https:\/\/bestpeanutmachine.com\/vi\/wp-json\/wp\/v2\/product\/37","targetHints":{"allow":["GET"]}}],"collection":[{"href":"https:\/\/bestpeanutmachine.com\/vi\/wp-json\/wp\/v2\/product"}],"about":[{"href":"https:\/\/bestpeanutmachine.com\/vi\/wp-json\/wp\/v2\/types\/product"}],"author":[{"embeddable":true,"href":"https:\/\/bestpeanutmachine.com\/vi\/wp-json\/wp\/v2\/users\/1"}],"wp:featuredmedia":[{"embeddable":true,"href":"https:\/\/bestpeanutmachine.com\/vi\/wp-json\/wp\/v2\/media\/87"}],"wp:attachment":[{"href":"https:\/\/bestpeanutmachine.com\/vi\/wp-json\/wp\/v2\/media?parent=37"}],"wp:term":[{"taxonomy":"post_tag","embeddable":true,"href":"https:\/\/bestpeanutmachine.com\/vi\/wp-json\/wp\/v2\/tags?post=37"},{"taxonomy":"product-type","embeddable":true,"href":"https:\/\/bestpeanutmachine.com\/vi\/wp-json\/wp\/v2\/product-type?post=37"}],"curies":[{"name":"wp","href":"https:\/\/api.w.org\/{rel}","templated":true}]}}