{"id":377,"date":"2025-08-28T16:02:34","date_gmt":"2025-08-28T08:02:34","guid":{"rendered":"https:\/\/bestpeanutmachine.com\/?post_type=product&#038;p=377"},"modified":"2025-09-08T11:35:36","modified_gmt":"2025-09-08T03:35:36","slug":"peanut-powder-machine","status":"publish","type":"product","link":"https:\/\/bestpeanutmachine.com\/vi\/product\/peanut-powder-machine\/","title":{"rendered":"M\u00e1y xay b\u1ed9t \u0111\u1eadu ph\u1ed9ng cho xay h\u1ea1t \u0111i\u1ec1u"},"content":{"rendered":"<p class=\"translation-block\">Taizy <strong>m\u00e1y nghi\u1ec1n b\u1ed9t \u0111\u1eadu ph\u1ed9ng<\/strong> l\u00e0 m\u1ed9t m\u00e1y nghi\u1ec1n c\u00f4ng nghi\u1ec7p \u0111\u1ec3 t\u1ea1o b\u1ed9t c\u00e1c lo\u1ea1i h\u1ea1t, nh\u01b0 \u0111\u1eadu ph\u1ed9ng, h\u1ea1t \u0111i\u1ec1u, h\u1ea1nh nh\u00e2n, v.v. N\u00f3 c\u00f3 th\u1ec3 s\u1ea3n xu\u1ea5t 200-600kg b\u1ed9t \u0111\u1ea1t 30 mesh m\u1ed7i gi\u1edd, v\u00ec v\u1eady n\u00f3 lu\u00f4n l\u00e0 m\u1ed9t ph\u1ea7n kh\u00f4ng th\u1ec3 thi\u1ebfu trong c\u00e1c d\u00e2y chuy\u1ec1n s\u1ea3n xu\u1ea5t th\u1ef1c ph\u1ea9m t\u1eeb h\u1ea1t kh\u00e1c nhau.<\/p>    <p>M\u00e1y ch\u1ec9 chi\u1ebfm di\u1ec7n t\u00edch nh\u1ecf v\u00e0 d\u1ec5 v\u1eadn h\u00e0nh. Do \u0111\u00f3, n\u00f3 ph\u1ed5 bi\u1ebfn \u0111\u1ed1i v\u1edbi c\u00e1c nh\u00e0 m\u00e1y ch\u1ebf bi\u1ebfn th\u1ef1c ph\u1ea9m \u1edf nhi\u1ec1u qu\u1ed1c gia, nh\u01b0 \u1ea4n \u0110\u1ed9, Hoa K\u1ef3, Canada v\u00e0 \u00dac.<\/p>    <h2 class=\"wp-block-heading\"><strong>Video th\u1eed nghi\u1ec7m m\u00e1y xay \u0111\u1eadu ph\u1ed9ng<\/strong><\/h2>    <p>M\u00e1y nghi\u1ec1n b\u1ed9t \u0111\u1eadu ph\u1ed9ng n\u00e0y ch\u1ec9 c\u00f3 th\u1ec3 x\u1eed l\u00fd \u0111\u1eadu ph\u1ed9ng \u0111\u00e3 b\u00f3c v\u1ecf v\u00e0 c\u00e1c lo\u1ea1i h\u1ea1t kh\u00e1c. D\u01b0\u1edbi \u0111\u00e2y l\u00e0 video v\u1ec1 nh\u00e0 m\u00e1y c\u1ee7a ch\u00fang t\u00f4i v\u1ec1 ho\u1ea1t \u0111\u1ed9ng c\u1ee7a m\u00e1y xay b\u1ed9t \u0111\u1eadu ph\u1ed9ng.<\/p>    <figure class=\"wp-block-embed is-type-video is-provider-youtube wp-block-embed-youtube wp-embed-aspect-16-9 wp-has-aspect-ratio\"><div class=\"wp-block-embed__wrapper\"> <iframe loading=\"lazy\" title=\"\ud83e\udd5cM\u00e1y Xay B\u1ed9t \u0110\u1eadu Ph\u1ed9ng cho B\u00e1nh Ng\u1ecdt &amp; Snacks | M\u00e1y Xay H\u1ea1t C\u00f4ng Nghi\u1ec7p#peanutpowder\" width=\"500\" height=\"281\" src=\"https:\/\/www.youtube.com\/embed\/F2I767Nd9lc?feature=oembed\" frameborder=\"0\" allow=\"accelerometer; autoplay; clipboard-write; encrypted-media; gyroscope; picture-in-picture; web-share\" referrerpolicy=\"strict-origin-when-cross-origin\" allowfullscreen><\/iframe> <\/div><figcaption class=\"wp-element-caption\">video l\u00e0m vi\u1ec7c c\u1ee7a m\u00e1y b\u1ed9t \u0111\u1eadu ph\u1ed9ng<\/figcaption><\/figure>    <h2 class=\"wp-block-heading\"><strong>\u01afu \u0111i\u1ec3m c\u1ee7a m\u00e1y b\u1ed9t \u0111\u1eadu ph\u1ed9ng Taizy<\/strong><\/h2>    <ol class=\"wp-block-list\"> <li>M\u00e1y xay h\u1ea1t \u0111a n\u0103ng n\u00e0y c\u00f3 th\u1ec3<strong> x\u1eed l\u00fd c\u00e1c v\u1eadt li\u1ec7u d\u1ea7u m\u1ee1<\/strong>, ch\u1eb3ng h\u1ea1n nh\u01b0 v\u1eebng, \u0111\u1eadu ph\u1ed9ng, v.v.<\/li>    <li>So v\u1edbi xay b\u1eb1ng tay, m\u00e1y n\u00e0y <strong>cung c\u1ea5p s\u1ea3n l\u01b0\u1ee3ng theo gi\u1edd cao h\u01a1n,<\/strong> 200-600kg\/h, v\u00e0 cho ph\u00e9p v\u1eadn h\u00e0nh li\u00ean t\u1ee5c. Ch\u1ec9 c\u1ea7n xay m\u1ed9t l\u1ea7n, b\u1ea1n s\u1ebd c\u00f3 s\u1ea3n ph\u1ea9m ho\u00e0n ch\u1ec9nh.<\/li>    <li>M\u00e1y xay b\u1ed9t h\u1ea1nh nh\u00e2n c\u00f3 <strong>t\u1ed1c \u0111\u1ed9 \u0111i\u1ec1u ch\u1ec9nh \u0111\u01b0\u1ee3c v\u00e0 \u0111\u1ed9 m\u1ecbn t\u00f9y ch\u1ec9nh<\/strong>, v\u00ec v\u1eady n\u00f3 ph\u00f9 h\u1ee3p v\u1edbi nhi\u1ec1u \u1ee9ng d\u1ee5ng th\u1ef1c ph\u1ea9m (v\u00ed d\u1ee5: n\u01b0\u1edbng b\u00e1nh, b\u1ed9t protein).<\/li>    <li>K\u1ebft qu\u1ea3 <strong>b\u1ed9t m\u1ecbn 30 l\u01b0\u1edbi <\/strong>ho\u00e0n to\u00e0n \u0111\u00e1p \u1ee9ng c\u00e1c y\u00eau c\u1ea7u ch\u1ebf bi\u1ebfn c\u1ee7a ng\u00e0nh n\u01b0\u1edbng b\u00e1nh, k\u1eb9o v\u00e0 gia v\u1ecb.<\/li>    <li>M\u00e1y xay h\u1ea1nh nh\u00e2n Taizy <strong>c\u00f3 th\u1ec3 t\u00f9y ch\u1ec9nh b\u1eb1ng v\u1eadt li\u1ec7u 304<\/strong>, \u0111\u1ea3m b\u1ea3o an to\u00e0n th\u1ef1c ph\u1ea9m v\u00e0 \u0111\u00e1p \u1ee9ng nhu c\u1ea7u c\u1ee7a c\u00e1c m\u00e1y ch\u1ea5t l\u01b0\u1ee3ng cao.<\/li>    <li>\u0110\u01b0\u1ee3c thi\u1ebft k\u1ebf cho c\u00e1c nh\u00e0 m\u00e1y v\u1eeba v\u00e0 nh\u1ecf, b\u1ebfp \u0103n th\u01b0\u01a1ng m\u1ea1i v\u00e0 kh\u1edfi nghi\u1ec7p, m\u00e1y xay nh\u1ecf nh\u01b0ng cho c\u00f4ng su\u1ea5t cao n\u00e0y <strong>c\u00f3 th\u1ec3 \u0111\u01b0\u1ee3c trang b\u1ecb b\u00e1nh xe \u0111\u1ec3 di chuy\u1ec3n d\u1ec5 d\u00e0ng<\/strong>.<\/li> <\/ol>   <div class=\"wp-block-image\"> <figure class=\"aligncenter size-full\"><img loading=\"lazy\" decoding=\"async\" width=\"720\" height=\"540\" src=\"https:\/\/bestpeanutmachine.com\/wp-content\/uploads\/2025\/08\/peanut-powder-processing-machine-with-wheels.webp\" alt=\"m\u00e1y x\u1eed l\u00fd b\u1ed9t \u0111\u1eadu ph\u1ed9ng c\u00f3 b\u00e1nh xe\" class=\"wp-image-383\" srcset=\"https:\/\/bestpeanutmachine.com\/wp-content\/uploads\/2025\/08\/peanut-powder-processing-machine-with-wheels.webp 720w, https:\/\/bestpeanutmachine.com\/wp-content\/uploads\/2025\/08\/peanut-powder-processing-machine-with-wheels-300x225.webp 300w, https:\/\/bestpeanutmachine.com\/wp-content\/uploads\/2025\/08\/peanut-powder-processing-machine-with-wheels-16x12.webp 16w\" sizes=\"auto, (max-width: 720px) 100vw, 720px\" \/><figcaption class=\"wp-element-caption\">m\u00e1y x\u1eed l\u00fd b\u1ed9t \u0111\u1eadu ph\u1ed9ng c\u00f3 b\u00e1nh xe<\/figcaption><\/figure> <\/div>   <h2 class=\"wp-block-heading\"><strong>Th\u00f4ng s\u1ed1 k\u1ef9 thu\u1eadt c\u1ee7a m\u00e1y l\u00e0m b\u1ed9t h\u1ea1nh nh\u00e2n<\/strong><\/h2>    <figure class=\"wp-block-table\"><table class=\"has-fixed-layout\"><tbody><tr><td>Quy\u1ec1n l\u1ef1c<\/td><td class=\"has-text-align-center\" data-align=\"center\">3 KW<\/td><\/tr><tr><td>Dung t\u00edch<\/td><td class=\"has-text-align-center\" data-align=\"center\">200-600 kg\/h<\/td><\/tr><tr><td>\u0110i\u1ec7n \u00e1p<\/td><td class=\"has-text-align-center\" data-align=\"center\">380 V<\/td><\/tr><tr><td>T\u1ea7n s\u1ed1<\/td><td class=\"has-text-align-center\" data-align=\"center\">50 Hz<\/td><\/tr><tr><td>K\u00edch th\u01b0\u1edbc<\/td><td class=\"has-text-align-center\" data-align=\"center\">1200x1050x1400 mm<\/td><\/tr><tr><td>\u0110\u1ed9 m\u1ecbn<\/td><td class=\"has-text-align-center\" data-align=\"center\">Kho\u1ea3ng 30 mesh<\/td><\/tr><tr><td>V\u1eadt li\u1ec7u<\/td><td class=\"has-text-align-center\" data-align=\"center\">SUS201, tu\u1ef3 ch\u1ecdn t\u00f9y ch\u1ec9nh SUS304<\/td><\/tr><\/tbody><\/table><figcaption class=\"wp-element-caption\">parameter k\u1ef9 thu\u1eadt c\u1ee7a m\u00e1y nghi\u1ec1n b\u1ed9t \u0111\u1eadu ph\u1ed9ng<\/figcaption><\/figure>    <h2 class=\"wp-block-heading\"><strong>Nguy\u00ean l\u00fd ho\u1ea1t \u0111\u1ed9ng c\u1ee7a m\u00e1y xay b\u1ed9t \u0111\u1eadu ph\u1ed9ng<\/strong><\/h2>    <p>M\u00e1y \u00e1p d\u1ee5ng c\u1ea5u tr\u00fac nghi\u1ec1n 3 giai \u0111o\u1ea1n \u0111\u1ec3 s\u1ea3n xu\u1ea5t b\u1ed9t h\u1ea1t \u0111\u1ed3ng \u0111\u1ec1u:<\/p>    <ul class=\"wp-block-list\"> <li>Hai giai \u0111o\u1ea1n \u0111\u1ea7u s\u1eed d\u1ee5ng roller c\u00f3 r\u00e3nh (cu\u1ed9n r\u0103ng) \u0111\u1ec3 nghi\u1ec1n s\u01a1 v\u00e0 \u0111\u1eadp h\u1ea1t \u0111\u1eadu ph\u1ed9ng th\u00e0nh h\u1ea1t nh\u1ecf h\u01a1n.<\/li>    <li>Giai \u0111o\u1ea1n cu\u1ed1i s\u1eed d\u1ee5ng roller m\u1ecbn \u0111\u1ec3 xay v\u00e0 mi\u1ebft h\u1ea1t \u0111\u1eadu ph\u1ed9ng \u0111\u00e3 nghi\u1ec1n th\u00e0nh b\u1ed9t m\u1ecbn.<\/li> <\/ul>    <p>M\u1ed7i giai \u0111o\u1ea1n c\u00f3 hai b\u00e1nh roller, t\u1ed5ng c\u1ed9ng c\u00f3 s\u00e1u b\u00e1nh roller trong m\u00e1y xay b\u1ed9t h\u1ea1nh nh\u00e2n n\u00e0y. Thi\u1ebft k\u1ebf n\u00e0y th\u1ef1c hi\u1ec7n nghi\u1ec1n ti\u1ebfn v\u00e0 xay m\u1ecbn, cho k\u1ebft qu\u1ea3 k\u00edch th\u01b0\u1edbc h\u1ea1t \u1ed5n \u0111\u1ecbnh \u0111\u1ec3 l\u00e0m b\u1ed9t m\u1ecbn \u0111\u1ed3ng \u0111\u1ec1u.<\/p>    <p>N\u1ebfu b\u1ea1n ch\u1ec9 d\u00f9ng b\u1ebfp v\u00e0 t\u00e1ch c\u00e1c tr\u1ee5c l\u0103n nghi\u1ec1n, th\u00e0nh ph\u1ea9m s\u1ebd c\u00f3 d\u1ea1ng h\u1ea1t tr\u00ean 2mm, nh\u01b0ng k\u00edch th\u01b0\u1edbc s\u1ebd kh\u00f4ng \u0111\u1ed3ng \u0111\u1ec1u nh\u01b0 v\u1eady.<\/p>    <figure class=\"wp-block-gallery has-nested-images columns-default is-cropped wp-block-gallery-2 is-layout-flex wp-block-gallery-is-layout-flex\"> <figure class=\"wp-block-image size-large\"><img loading=\"lazy\" decoding=\"async\" width=\"720\" height=\"540\" data-id=\"384\" src=\"https:\/\/bestpeanutmachine.com\/wp-content\/uploads\/2025\/08\/first-two-stage-of-cashew-grinding-machine.webp\" alt=\"giai \u0111o\u1ea1n \u0111\u1ea7u c\u1ee7a m\u00e1y xay h\u1ea1t \u0111i\u1ec1u\" class=\"wp-image-384\" srcset=\"https:\/\/bestpeanutmachine.com\/wp-content\/uploads\/2025\/08\/first-two-stage-of-cashew-grinding-machine.webp 720w, https:\/\/bestpeanutmachine.com\/wp-content\/uploads\/2025\/08\/first-two-stage-of-cashew-grinding-machine-300x225.webp 300w, https:\/\/bestpeanutmachine.com\/wp-content\/uploads\/2025\/08\/first-two-stage-of-cashew-grinding-machine-16x12.webp 16w\" sizes=\"auto, (max-width: 720px) 100vw, 720px\" \/><figcaption class=\"wp-element-caption\">giai \u0111o\u1ea1n \u0111\u1ea7u c\u1ee7a m\u00e1y xay h\u1ea1t \u0111i\u1ec1u<\/figcaption><\/figure>    <figure class=\"wp-block-image size-full\"><img loading=\"lazy\" decoding=\"async\" width=\"720\" height=\"540\" data-id=\"386\" src=\"https:\/\/bestpeanutmachine.com\/wp-content\/uploads\/2025\/08\/final-stage-of-almond-flour-grinder.webp\" alt=\"giai \u0111o\u1ea1n cu\u1ed1i c\u1ee7a m\u00e1y xay b\u1ed9t h\u1ea1nh nh\u00e2n\" class=\"wp-image-386\" srcset=\"https:\/\/bestpeanutmachine.com\/wp-content\/uploads\/2025\/08\/final-stage-of-almond-flour-grinder.webp 720w, https:\/\/bestpeanutmachine.com\/wp-content\/uploads\/2025\/08\/final-stage-of-almond-flour-grinder-300x225.webp 300w, https:\/\/bestpeanutmachine.com\/wp-content\/uploads\/2025\/08\/final-stage-of-almond-flour-grinder-16x12.webp 16w\" sizes=\"auto, (max-width: 720px) 100vw, 720px\" \/><figcaption class=\"wp-element-caption\">giai \u0111o\u1ea1n cu\u1ed1i c\u1ee7a m\u00e1y xay b\u1ed9t h\u1ea1nh nh\u00e2n<\/figcaption><\/figure> <\/figure>    <h2 class=\"wp-block-heading\"><strong>\u1ee8ng d\u1ee5ng c\u1ee7a m\u00e1y b\u1ed9t \u0111\u1eadu ph\u1ed9ng<\/strong><\/h2>    <p>Ch\u00fang ta bi\u1ebft r\u1eb1ng m\u00e1y ch\u1ebf bi\u1ebfn b\u1ed9t \u0111\u1eadu ph\u1ed9ng c\u00f3 th\u1ec3 xay c\u00e1c lo\u1ea1i h\u1ea1t th\u00e0nh b\u1ed9t m\u1ecbn, nh\u01b0ng t\u1ea1i sao b\u1ed9t \u0111\u1eadu ph\u1ed9ng v\u00e0 b\u1ed9t h\u1ea1nh nh\u00e2n l\u1ea1i ph\u1ed5 bi\u1ebfn \u0111\u1ebfn v\u1eady?<br>Peanut flour is commonly used in snacks, sauces, and peanut butter bases. Therefore, it&#8217;s essential equipment for peanut food processing plants.<\/p>    <p>C\u00e1c s\u1ea3n ph\u1ea9m \u0111\u01b0\u1ee3c ch\u1ebf bi\u1ebfn b\u1edfi m\u00e1y l\u00e0m b\u1ed9t \u0111\u1eadu ph\u1ed9ng c\u1ee7a ch\u00fang t\u00f4i c\u0169ng c\u00f3 th\u1ec3 \u0111\u01b0\u1ee3c d\u00f9ng l\u00e0m l\u1edbp ph\u1ee7 h\u1ea1t cho b\u00e1nh n\u01b0\u1edbng, k\u1eb9o v\u00e0 m\u00f3n tr\u00e1ng mi\u1ec7ng. V\u00ec v\u1eady, m\u1ed9t s\u1ed1 nh\u00e0 cung c\u1ea5p nguy\u00ean li\u1ec7u l\u00e0m b\u00e1nh th\u01b0\u1eddng y\u00eau c\u1ea7u m\u00e1y n\u00e0y \u0111\u1ec3 ho\u00e0n thi\u1ec7n d\u00e2y chuy\u1ec1n s\u1ea3n xu\u1ea5t c\u1ee7a h\u1ecd.<\/p>    <p>Trong ng\u00e0nh \u0111\u1ed3 u\u1ed1ng, c\u00e1c lo\u1ea1i \u0111\u1ed3 u\u1ed1ng t\u1eeb h\u1ea1t nh\u01b0 s\u1eefa \u0111\u1eadu ph\u1ed9ng v\u00e0 b\u1ed9t s\u1eefa h\u1ea1nh nh\u00e2n c\u1ea7n b\u1ed9t h\u1ea1t l\u00e0m th\u00e0nh ph\u1ea7n. M\u1ed9t s\u1ed1 th\u01b0\u01a1ng hi\u1ec7u s\u1eed d\u1ee5ng m\u00e1y n\u00e0y \u0111\u1ec3 ti\u1ec1n x\u1eed l\u00fd l\u1ea5y b\u1ed9t \u0111\u1eadu ph\u1ed9ng, mang l\u1ea1i h\u01b0\u01a1ng v\u1ecb tinh t\u1ebf h\u01a1n cho \u0111\u1ed3 u\u1ed1ng c\u1ee7a h\u1ecd.<\/p>    <figure class=\"wp-block-gallery has-nested-images columns-2 is-cropped wp-block-gallery-3 is-layout-flex wp-block-gallery-is-layout-flex\"> <figure class=\"wp-block-image size-large\"><img loading=\"lazy\" decoding=\"async\" width=\"720\" height=\"540\" data-id=\"388\" src=\"https:\/\/bestpeanutmachine.com\/wp-content\/uploads\/2025\/08\/peanut-butter.webp\" alt=\"b\u01a1 \u0111\u1eadu ph\u1ed9ng\" class=\"wp-image-388\" srcset=\"https:\/\/bestpeanutmachine.com\/wp-content\/uploads\/2025\/08\/peanut-butter.webp 720w, https:\/\/bestpeanutmachine.com\/wp-content\/uploads\/2025\/08\/peanut-butter-300x225.webp 300w, https:\/\/bestpeanutmachine.com\/wp-content\/uploads\/2025\/08\/peanut-butter-16x12.webp 16w\" sizes=\"auto, (max-width: 720px) 100vw, 720px\" \/><figcaption class=\"wp-element-caption\">b\u01a1 \u0111\u1eadu ph\u1ed9ng<\/figcaption><\/figure>    <figure class=\"wp-block-image size-large\"><img loading=\"lazy\" decoding=\"async\" width=\"720\" height=\"540\" data-id=\"387\" src=\"https:\/\/bestpeanutmachine.com\/wp-content\/uploads\/2025\/08\/almond-flour-cake.webp\" alt=\"b\u00e1nh b\u1ed9t h\u1ea1nh nh\u00e2n\" class=\"wp-image-387\" srcset=\"https:\/\/bestpeanutmachine.com\/wp-content\/uploads\/2025\/08\/almond-flour-cake.webp 720w, https:\/\/bestpeanutmachine.com\/wp-content\/uploads\/2025\/08\/almond-flour-cake-300x225.webp 300w, https:\/\/bestpeanutmachine.com\/wp-content\/uploads\/2025\/08\/almond-flour-cake-16x12.webp 16w\" sizes=\"auto, (max-width: 720px) 100vw, 720px\" \/><figcaption class=\"wp-element-caption\">b\u00e1nh b\u1ed9t h\u1ea1nh nh\u00e2n<\/figcaption><\/figure>    <figure class=\"wp-block-image size-large\"><img loading=\"lazy\" decoding=\"async\" width=\"720\" height=\"540\" data-id=\"389\" src=\"https:\/\/bestpeanutmachine.com\/wp-content\/uploads\/2025\/08\/peanut-milk.webp\" alt=\"s\u1eefa \u0111\u1eadu ph\u1ed9ng\" class=\"wp-image-389\" srcset=\"https:\/\/bestpeanutmachine.com\/wp-content\/uploads\/2025\/08\/peanut-milk.webp 720w, https:\/\/bestpeanutmachine.com\/wp-content\/uploads\/2025\/08\/peanut-milk-300x225.webp 300w, https:\/\/bestpeanutmachine.com\/wp-content\/uploads\/2025\/08\/peanut-milk-16x12.webp 16w\" sizes=\"auto, (max-width: 720px) 100vw, 720px\" \/><figcaption class=\"wp-element-caption\">s\u1eefa \u0111\u1eadu ph\u1ed9ng<\/figcaption><\/figure>    <figure class=\"wp-block-image size-large\"><img loading=\"lazy\" decoding=\"async\" width=\"720\" height=\"540\" data-id=\"390\" src=\"https:\/\/bestpeanutmachine.com\/wp-content\/uploads\/2025\/08\/peanut-protein-powder.webp\" alt=\"b\u1ed9t protein \u0111\u1eadu ph\u1ed9ng\" class=\"wp-image-390\" srcset=\"https:\/\/bestpeanutmachine.com\/wp-content\/uploads\/2025\/08\/peanut-protein-powder.webp 720w, https:\/\/bestpeanutmachine.com\/wp-content\/uploads\/2025\/08\/peanut-protein-powder-300x225.webp 300w, https:\/\/bestpeanutmachine.com\/wp-content\/uploads\/2025\/08\/peanut-protein-powder-16x12.webp 16w\" sizes=\"auto, (max-width: 720px) 100vw, 720px\" \/><figcaption class=\"wp-element-caption\">b\u1ed9t protein \u0111\u1eadu ph\u1ed9ng<\/figcaption><\/figure> <\/figure>    <p>N\u1ebfu b\u1ea1n quan t\u00e2m \u0111\u1ebfn lo\u1ea1i m\u00e1y n\u00e0y ho\u1eb7c c\u00f3 b\u1ea5t k\u1ef3 c\u00e2u h\u1ecfi n\u00e0o v\u1ec1 n\u00f3, h\u00e3y li\u00ean h\u1ec7 v\u1edbi t\u00f4i v\u00e0 cho bi\u1ebft nh\u1eefng th\u1eafc m\u1eafc c\u1ee7a b\u1ea1n. Ch\u00fang t\u00f4i s\u1ebd cung c\u1ea5p b\u1ea3ng b\u00e1o gi\u00e1 mi\u1ec5n ph\u00ed v\u00e0 danh s\u00e1ch m\u1eabu cho b\u1ea1n.<\/p>    <p class=\"translation-block\">Ch\u00fang t\u00f4i c\u0169ng cung c\u1ea5p <a href=\"https:\/\/bestpeanutmachine.com\/vi\/product\/peanut-butter-production-line\/\">d\u00e2y chuy\u1ec1n s\u1ea3n xu\u1ea5t b\u01a1 \u0111\u1eadu ph\u1ed9ng<\/a> bao g\u1ed3m thi\u1ebft b\u1ecb n\u00e0y. N\u1ebfu b\u1ea1n mu\u1ed1n t\u00ecm hi\u1ec3u th\u00eam v\u1ec1 d\u00e2y chuy\u1ec1n s\u1ea3n xu\u1ea5t b\u01a1 \u0111\u1eadu ph\u1ed9ng, vui l\u00f2ng li\u00ean h\u1ec7 tr\u1ef1c ti\u1ebfp v\u1edbi ch\u00fang t\u00f4i.<\/p>","protected":false},"excerpt":{"rendered":"<p>M\u00e1y nghi\u1ec1n b\u1ed9t \u0111\u1eadu ph\u1ed9ng Taizy l\u00e0 m\u1ed9t m\u00e1y nghi\u1ec1n c\u00f4ng nghi\u1ec7p \u0111\u1ec3 l\u00e0m b\u1ed9t c\u00e1c lo\u1ea1i h\u1ea1t, ch\u1eb3ng h\u1ea1n: \u0111\u1eadu ph\u1ed9ng, \u0111i\u1ec1u, h\u1ea1nh nh\u00e2n, v.v. N\u00f3 c\u00f3 th\u1ec3 s\u1ea3n xu\u1ea5t 200-600kg b\u1ed9t 30-mesh m\u1ed7i gi\u1edd. M\u00e1y n\u00e0y ph\u1ed5 bi\u1ebfn trong c\u00e1c nh\u00e0 m\u00e1y ch\u1ebf bi\u1ebfn th\u1ef1c ph\u1ea9m \u1edf nhi\u1ec1u qu\u1ed1c gia, ch\u1eb3ng h\u1ea1n India, the USA, Canada, and Australia.<\/p>","protected":false},"author":1,"featured_media":382,"parent":0,"template":"","tags":[11],"product-type":[69,6],"class_list":["post-377","product","type-product","status-publish","has-post-thumbnail","hentry","tag-peanut","product-type-peanut-machine","product-type-product"],"_links":{"self":[{"href":"https:\/\/bestpeanutmachine.com\/vi\/wp-json\/wp\/v2\/product\/377","targetHints":{"allow":["GET"]}}],"collection":[{"href":"https:\/\/bestpeanutmachine.com\/vi\/wp-json\/wp\/v2\/product"}],"about":[{"href":"https:\/\/bestpeanutmachine.com\/vi\/wp-json\/wp\/v2\/types\/product"}],"author":[{"embeddable":true,"href":"https:\/\/bestpeanutmachine.com\/vi\/wp-json\/wp\/v2\/users\/1"}],"wp:featuredmedia":[{"embeddable":true,"href":"https:\/\/bestpeanutmachine.com\/vi\/wp-json\/wp\/v2\/media\/382"}],"wp:attachment":[{"href":"https:\/\/bestpeanutmachine.com\/vi\/wp-json\/wp\/v2\/media?parent=377"}],"wp:term":[{"taxonomy":"post_tag","embeddable":true,"href":"https:\/\/bestpeanutmachine.com\/vi\/wp-json\/wp\/v2\/tags?post=377"},{"taxonomy":"product-type","embeddable":true,"href":"https:\/\/bestpeanutmachine.com\/vi\/wp-json\/wp\/v2\/product-type?post=377"}],"curies":[{"name":"wp","href":"https:\/\/api.w.org\/{rel}","templated":true}]}}