{"id":39,"date":"2022-08-25T02:35:43","date_gmt":"2022-08-24T18:35:43","guid":{"rendered":"https:\/\/bestpeanutmachine.com\/?post_type=product&#038;p=39"},"modified":"2025-11-05T17:15:59","modified_gmt":"2025-11-05T09:15:59","slug":"peanut-shelling-machine","status":"publish","type":"product","link":"https:\/\/bestpeanutmachine.com\/vi\/product\/peanut-shelling-machine\/","title":{"rendered":"M\u00e1y b\u00f3c v\u1ecf \u0111\u1eadu ph\u1ed9ng"},"content":{"rendered":"<p class=\"translation-block\">M\u00e1y b\u00f3c v\u1ecf \u0111\u1eadu ph\u1ed9ng <strong>Peanut Shelling Machine<\/strong> c\u1ee7a ch\u00fang t\u00f4i cung c\u1ea5p qu\u00e1 tr\u00ecnh x\u1eed l\u00fd hi\u1ec7u qu\u1ea3 cao t\u1eeb 200\u2013800kg m\u1ed7i gi\u1edd, \u0111\u1ea3m b\u1ea3o b\u00f3c v\u1ecf \u0111\u1eadu ph\u1ed9ng t\u1ef1 \u0111\u1ed9ng v\u00e0 \u0111\u00e1ng tin c\u1eady. L\u00e0m b\u1eb1ng th\u00e9p kh\u00f4ng g\u1ec9, n\u00f3 mang l\u1ea1i \u0111\u1ed9 b\u1ec1n, ch\u1ed1ng \u0103n m\u00f2n v\u00e0 ho\u1ea1t \u0111\u1ed9ng \u1ed5n \u0111\u1ecbnh.<\/p>    <p>Ph\u00f9 h\u1ee3p cho c\u1ea3 s\u1ea3n xu\u1ea5t quy m\u00f4 nh\u1ecf v\u00e0 l\u1edbn, n\u00f3 c\u00f3 th\u1ec3 ho\u1ea1t \u0111\u1ed9ng \u0111\u1ed9c l\u1eadp ho\u1eb7c t\u00edch h\u1ee3p v\u00e0o d\u00e2y chuy\u1ec1n l\u00e0m b\u01a1 \u0111\u1eadu ph\u1ed9ng v\u00e0 rang.<\/p>    <p>M\u00e1y duy tr\u00ec \u0111\u1ed9 to\u00e0n v\u1eb9n c\u1ee7a h\u1ea1t cao, l\u00e0m cho \u0111\u1eadu ph\u1ed9ng tr\u1edf th\u00e0nh nguy\u00ean li\u1ec7u l\u00fd t\u01b0\u1edfng cho s\u1ea3n xu\u1ea5t b\u01a1, k\u1eb9o, d\u1ea7u v\u00e0 b\u00e1nh ng\u1ecdt, trong khi v\u1ecf c\u00f3 th\u1ec3 \u0111\u01b0\u1ee3c t\u00e1i ch\u1ebf th\u00e0nh nhi\u00ean li\u1ec7u sinh kh\u1ed1i, h\u1ed7 tr\u1ee3 n\u1ec1n kinh t\u1ebf kh\u00f4ng ch\u1ea5t th\u1ea3i.<\/p>    <p>H\u00e3y ch\u1ecdn ch\u00fang t\u00f4i \u0111\u1ec3 c\u00f3 hi\u1ec7u qu\u1ea3, \u0111\u1ed9 tin c\u1eady v\u00e0 t\u00ednh b\u1ec1n v\u1eefng!<\/p>    <figure class=\"wp-block-embed is-type-video is-provider-youtube wp-block-embed-youtube wp-embed-aspect-16-9 wp-has-aspect-ratio\"><div class=\"wp-block-embed__wrapper\"> <iframe loading=\"lazy\" title=\"H\u1ee3p l\u00fd h\u00f3a quy tr\u00ecnh c\u1ee7a b\u1ea1n: C\u00e1ch s\u1eed d\u1ee5ng m\u00e1y b\u00f3c v\u1ecf \u0111\u1eadu ph\u1ed9ng #agriculture #farming #peanut #groundnut\" width=\"500\" height=\"281\" src=\"https:\/\/www.youtube.com\/embed\/3OmrrTGSkqc?start=2&#038;feature=oembed\" frameborder=\"0\" allow=\"accelerometer; autoplay; clipboard-write; encrypted-media; gyroscope; picture-in-picture; web-share\" referrerpolicy=\"strict-origin-when-cross-origin\" allowfullscreen><\/iframe> <\/div><figcaption class=\"wp-element-caption\">M\u00e1y b\u1eafn ph\u00e1o \u0111\u1eadu ph\u1ed9ng Video l\u00e0m vi\u1ec7c<\/figcaption><\/figure>    <h2 class=\"wp-block-heading\">M\u00e1y t\u00e1ch v\u1ecf \u0111\u1eadu ph\u1ed9ng \u0111\u1ec3 b\u00e1n<\/h2>    <p>D\u00f2ng m\u00e1y b\u00f3c v\u1ecf \u0111\u1eadu ph\u1ed9ng bao g\u1ed3m b\u1ed1n m\u1eabu: TBH200, TBH400, TBH800 v\u00e0 6BHD-800D. M\u1ed7i m\u00f4 h\u00ecnh \u0111\u1ec1u c\u00f3 kh\u1ea3 n\u0103ng t\u01b0\u01a1ng th\u00edch v\u1edbi \u0111\u1ed9ng c\u01a1 \u0111i\u1ec7n, x\u0103ng ho\u1eb7c diesel, \u0111\u1ea3m b\u1ea3o ph\u00f9 h\u1ee3p cho c\u00e1c trang tr\u1ea1i thu\u1ed9c m\u1ecdi quy m\u00f4.<\/p>    <h3 class=\"wp-block-heading\"><strong>TBH200: Sheller Peanut c\u1ea5p nh\u1eadp c\u1ea3nh hi\u1ec7u qu\u1ea3<\/strong><\/h3>    <div class=\"wp-block-media-text is-stacked-on-mobile\"><figure class=\"wp-block-media-text__media\"><img loading=\"lazy\" decoding=\"async\" width=\"720\" height=\"540\" src=\"https:\/\/bestpeanutmachine.com\/wp-content\/uploads\/2022\/08\/TBH200-peanut-shelling-machine.webp\" alt=\"M\u00e1y b\u00f3c v\u1ecf \u0111\u1eadu ph\u1ed9ng TBH200\" class=\"wp-image-215 size-full\" srcset=\"https:\/\/bestpeanutmachine.com\/wp-content\/uploads\/2022\/08\/TBH200-peanut-shelling-machine.webp 720w, https:\/\/bestpeanutmachine.com\/wp-content\/uploads\/2022\/08\/TBH200-peanut-shelling-machine-300x225.webp 300w, https:\/\/bestpeanutmachine.com\/wp-content\/uploads\/2022\/08\/TBH200-peanut-shelling-machine-16x12.webp 16w\" sizes=\"auto, (max-width: 720px) 100vw, 720px\" \/><\/figure><div class=\"wp-block-media-text__content\"> <ul class=\"wp-block-list\"> <li><strong>M\u00f4 h\u00ecnh c\u1ea5p nh\u1eadp c\u1ea3nh TBH200.<\/strong> \u0110\u01b0\u1ee3c thi\u1ebft k\u1ebf \u0111\u1ec3 lo\u1ea1i b\u1ecf v\u1ecf \u0111\u1eadu ph\u1ed9ng hi\u1ec7u qu\u1ea3. <\/li>    <li><strong>N\u00e2ng cao n\u0103ng su\u1ea5t.<\/strong> C\u1ea3i thi\u1ec7n hi\u1ec7u qu\u1ea3 ho\u1ea1t \u0111\u1ed9ng. <\/li>    <li><strong>L\u00fd t\u01b0\u1edfng cho c\u00e1c trang tr\u1ea1i nh\u1ecf \u0111\u1ebfn trung b\u00ecnh.<\/strong> Cung c\u1ea5p m\u1ed9t gi\u1ea3i ph\u00e1p ph\u00e1o k\u00edch \u0111\u00e1ng tin c\u1eady v\u00e0 d\u1ec5 s\u1eed d\u1ee5ng.<\/li> <\/ul> <\/div><\/div>    <h3 class=\"wp-block-heading\"><strong>TBH400: M\u00e1y x\u00fac x\u00edch t\u1ea7m trung hi\u1ec7u qu\u1ea3<\/strong><\/h3>    <div class=\"wp-block-media-text has-media-on-the-right is-stacked-on-mobile\"><div class=\"wp-block-media-text__content\"> <ul class=\"wp-block-list\"> <li><strong>M\u00f4 h\u00ecnh t\u1ea7m trung TBH400.<\/strong> \u0110\u01b0\u1ee3c n\u00e2ng c\u1ea5p t\u1eeb TBH200 v\u1edbi c\u00e1c t\u00ednh n\u0103ng n\u00e2ng cao. <\/li>    <li><strong>M\u00e0n h\u00ecnh b\u1ed5 sung.<\/strong> C\u1ea3i thi\u1ec7n kh\u1ea3 n\u0103ng s\u00e0ng cho hi\u1ec7u qu\u1ea3 ph\u00e1o k\u00edch t\u1ed1t h\u01a1n. <\/li>    <li><strong>Hi\u1ec7u su\u1ea5t \u0111\u00e1ng tin c\u1eady.<\/strong> \u0110\u1ea3m b\u1ea3o c\u00e1c ho\u1ea1t \u0111\u1ed9ng ph\u00e1o k\u00edch hi\u1ec7u qu\u1ea3 v\u00e0 nh\u1ea5t qu\u00e1n.<\/li> <\/ul> <\/div><figure class=\"wp-block-media-text__media\"><img loading=\"lazy\" decoding=\"async\" width=\"720\" height=\"540\" src=\"https:\/\/bestpeanutmachine.com\/wp-content\/uploads\/2022\/08\/TBH400-groundnut-sheller.webp\" alt=\"M\u00e1y b\u00f3c v\u1ecf l\u1ea1c TBH400\" class=\"wp-image-216 size-full\" srcset=\"https:\/\/bestpeanutmachine.com\/wp-content\/uploads\/2022\/08\/TBH400-groundnut-sheller.webp 720w, https:\/\/bestpeanutmachine.com\/wp-content\/uploads\/2022\/08\/TBH400-groundnut-sheller-300x225.webp 300w, https:\/\/bestpeanutmachine.com\/wp-content\/uploads\/2022\/08\/TBH400-groundnut-sheller-16x12.webp 16w\" sizes=\"auto, (max-width: 720px) 100vw, 720px\" \/><\/figure><\/div>    <h3 class=\"wp-block-heading\"><strong>TBH800: V\u1ecf \u0111\u1eadu ph\u1ed9ng hi\u1ec7u su\u1ea5t cao \u0111\u1ec3 s\u1ea3n xu\u1ea5t quy m\u00f4 l\u1edbn<\/strong><\/h3>    <div class=\"wp-block-media-text is-stacked-on-mobile\"><figure class=\"wp-block-media-text__media\"><img loading=\"lazy\" decoding=\"async\" width=\"720\" height=\"540\" src=\"https:\/\/bestpeanutmachine.com\/wp-content\/uploads\/2022\/08\/TBH800-peanut-shelling-machine.webp\" alt=\"M\u00e1y b\u00f3c v\u1ecf \u0111\u1eadu ph\u1ed9ng TBH800\" class=\"wp-image-217 size-full\" srcset=\"https:\/\/bestpeanutmachine.com\/wp-content\/uploads\/2022\/08\/TBH800-peanut-shelling-machine.webp 720w, https:\/\/bestpeanutmachine.com\/wp-content\/uploads\/2022\/08\/TBH800-peanut-shelling-machine-300x225.webp 300w, https:\/\/bestpeanutmachine.com\/wp-content\/uploads\/2022\/08\/TBH800-peanut-shelling-machine-16x12.webp 16w\" sizes=\"auto, (max-width: 720px) 100vw, 720px\" \/><\/figure><div class=\"wp-block-media-text__content\"> <ul class=\"wp-block-list\"> <li><strong>M\u00f4 h\u00ecnh cao c\u1ea5p TBH800.<\/strong> C\u00e1c v\u1ecf \u0111\u1eadu ph\u1ed9ng ti\u00ean ti\u1ebfn nh\u1ea5t trong lo\u1ea1t b\u00e0i c\u1ee7a ch\u00fang t\u00f4i. <\/li>    <li><strong>Ch\u1ee9c n\u0103ng ph\u00e1o k\u00edch th\u1ee9 c\u1ea5p.<\/strong> T\u0103ng c\u01b0\u1eddng hi\u1ec7u qu\u1ea3 ph\u00e1o k\u00edch v\u00e0 s\u1ea3n l\u01b0\u1ee3ng. <\/li>    <li><strong>M\u00e0n h\u00ecnh k\u00e9p v\u00e0 th\u00f9ng cho \u0103n.<\/strong> C\u1ea3i thi\u1ec7n kh\u1ea3 n\u0103ng x\u1eed l\u00fd v\u00e0 \u0111\u1ed9 ch\u00ednh x\u00e1c. <\/li>    <li><strong>L\u00fd t\u01b0\u1edfng cho c\u00e1c trang tr\u1ea1i v\u00e0 ng\u00e0nh c\u00f4ng nghi\u1ec7p quy m\u00f4 l\u1edbn.<\/strong> \u0110\u01b0\u1ee3c thi\u1ebft k\u1ebf \u0111\u1ec3 ch\u1ebf bi\u1ebfn \u0111\u1eadu ph\u1ed9ng kh\u1ed1i l\u01b0\u1ee3ng l\u1edbn. <\/li>    <li><strong>Hi\u1ec7u su\u1ea5t v\u01b0\u1ee3t tr\u1ed9i.<\/strong> \u0110\u1ea3m b\u1ea3o hi\u1ec7u qu\u1ea3 t\u1ed1i \u0111a cho c\u00e1c ho\u1ea1t \u0111\u1ed9ng m\u1edf r\u1ed9ng.<\/li> <\/ul> <\/div><\/div>    <h3 class=\"wp-block-heading\"><strong>6BHD-800D: V\u1ecf \u0111\u1eadu ph\u1ed9ng \u0111a n\u0103ng v\u00e0 hi\u1ec7u qu\u1ea3<\/strong><\/h3>    <div class=\"wp-block-media-text has-media-on-the-right is-stacked-on-mobile\"><div class=\"wp-block-media-text__content\"> <ul class=\"wp-block-list\"> <li><strong>M\u00f4 h\u00ecnh \u0111a ch\u1ee9c n\u0103ng 6BHD-800D.<\/strong> V\u1ecf \u0111\u1eadu ph\u1ed9ng \u0111a n\u0103ng v\u1edbi kh\u1ea3 n\u0103ng n\u00e2ng cao. <\/li>    <li><strong>Thi\u1ebft k\u1ebf n\u00e2ng c\u1ea5p.<\/strong> C\u00f3 th\u1ec3 \u0111\u01b0\u1ee3c trang b\u1ecb khung v\u00e0 l\u1ed1p l\u1edbn \u0111\u1ec3 \u1ed5n \u0111\u1ecbnh v\u00e0 di \u0111\u1ed9ng t\u1ed1t h\u01a1n. <\/li>    <li><strong>Th\u00edch nghi cho c\u00e1c \u1ee9ng d\u1ee5ng kh\u00e1c nhau.<\/strong> Th\u00edch h\u1ee3p cho c\u00e1c k\u1ecbch b\u1ea3n ph\u00e1o k\u00edch kh\u00e1c nhau. <\/li>    <li><strong>Hi\u1ec7u su\u1ea5t hi\u1ec7u qu\u1ea3.<\/strong> Cung c\u1ea5p m\u1ed9t gi\u1ea3i ph\u00e1p ph\u00e1o k\u00edch \u0111\u00e1ng tin c\u1eady v\u00e0 \u0111\u1ea7u ra cao.<\/li> <\/ul> <\/div><figure class=\"wp-block-media-text__media\"><img loading=\"lazy\" decoding=\"async\" width=\"720\" height=\"540\" src=\"https:\/\/bestpeanutmachine.com\/wp-content\/uploads\/2022\/08\/groudnut-shell-removing-machine.webp\" alt=\"m\u00e1y b\u00f3c v\u1ecf h\u1ea1t d\u1ebb\" class=\"wp-image-218 size-full\" srcset=\"https:\/\/bestpeanutmachine.com\/wp-content\/uploads\/2022\/08\/groudnut-shell-removing-machine.webp 720w, https:\/\/bestpeanutmachine.com\/wp-content\/uploads\/2022\/08\/groudnut-shell-removing-machine-300x225.webp 300w, https:\/\/bestpeanutmachine.com\/wp-content\/uploads\/2022\/08\/groudnut-shell-removing-machine-16x12.webp 16w\" sizes=\"auto, (max-width: 720px) 100vw, 720px\" \/><\/figure><\/div>    <h2 class=\"wp-block-heading\" id=\"h-how-does-peanut-shelling-machine-work\">M\u00e1y b\u00f3c v\u1ecf \u0111\u1eadu ph\u1ed9ng ho\u1ea1t \u0111\u1ed9ng nh\u01b0 th\u1ebf n\u00e0o?<\/h2>    <p class=\"translation-block\">M\u00e1y t\u00e1ch v\u1ecf \u0111\u1eadu ph\u1ed9ng ho\u1ea1t \u0111\u1ed9ng qua m\u1ed9t qu\u00e1 tr\u00ecnh t\u1ef1 \u0111\u1ed9ng <strong>b\u1ed1n giai \u0111o\u1ea1n<\/strong> \u0111\u01b0\u1ee3c thi\u1ebft k\u1ebf \u0111\u1ec3 t\u1ed1i \u0111a h\u00f3a hi\u1ec7u qu\u1ea3 v\u00e0 \u0111\u1ed9 ch\u00ednh x\u00e1c t\u00e1ch v\u1ecf trong khi gi\u1ea3m thi\u1ec3u h\u01b0 h\u1ea1i h\u1ea1t. D\u01b0\u1edbi \u0111\u00e2y l\u00e0 ph\u1ea7n t\u1eebng b\u01b0\u1edbc:<\/p>    <div class=\"wp-block-media-text is-stacked-on-mobile\"><figure class=\"wp-block-media-text__media\"><img loading=\"lazy\" decoding=\"async\" width=\"720\" height=\"540\" src=\"https:\/\/bestpeanutmachine.com\/wp-content\/uploads\/2022\/08\/groundnut-sheller-factory.jpg\" alt=\"nh\u00e0 m\u00e1y b\u00f3c v\u1ecf l\u1ea1c\" class=\"wp-image-69 size-full\" srcset=\"https:\/\/bestpeanutmachine.com\/wp-content\/uploads\/2022\/08\/groundnut-sheller-factory.jpg 720w, https:\/\/bestpeanutmachine.com\/wp-content\/uploads\/2022\/08\/groundnut-sheller-factory-300x225.jpg 300w\" sizes=\"auto, (max-width: 720px) 100vw, 720px\" \/><\/figure><div class=\"wp-block-media-text__content\"> <p class=\"translation-block\"><strong>M\u00e1y t\u00e1ch v\u1ecf l\u00faa th\u00f4-tinh<\/strong><\/p>    <ul class=\"wp-block-list\"> <li>\u0110\u1eadu ph\u1ed9ng \u0111\u01b0\u1ee3c \u0111\u01b0a v\u00e0o tr\u1ed1ng xoay \u0111\u01b0\u1ee3c trang b\u1ecb<strong>thanh h\u1ed3 s\u01a1 th\u00f4<\/strong>&nbsp;v\u00e0 a<strong>\u0110\u00e3 s\u1eeda l\u1ed7i b\u1ec1 m\u1eb7t intaglio<\/strong>.<\/li>    <li>Ma s\u00e1t l\u0103n gi\u1eefa c\u00e1c thanh v\u00e0 b\u1ec1 m\u1eb7t l\u00e0m n\u1ee9t v\u1ecf m\u1edf m\u00e0 kh\u00f4ng nghi\u1ec1n n\u00e1t h\u1ea1t nh\u00e2n.<\/li> <\/ul>    <p class=\"translation-block\">\u200b<strong>Ph\u00e2n t\u00e1ch v\u1ecf-h\u1ea1t b\u1eb1ng lu\u1ed3ng kh\u00ed<\/strong><\/p>    <ul class=\"wp-block-list\"> <li>H\u1ed7n h\u1ee3p b\u1ecb n\u1ee9t c\u1ee7a v\u1ecf v\u00e0 h\u1ea1t nh\u00e2n r\u01a1i qua l\u01b0\u1edbi tr\u1ed1ng th\u00e0nh m\u1ed9t \u1ed1ng d\u1eabn.<\/li>    <li>A<strong>qu\u1ea1t t\u1ed1c \u0111\u1ed9 cao<\/strong>&nbsp;th\u1ed5i nh\u1eefng chi\u1ebfc v\u1ecf nh\u1eb9 ra ngo\u00e0i \u0111\u1ec3 thu th\u1eadp, trong khi h\u1ea1t nh\u00e2n n\u1eb7ng h\u01a1n ti\u1ebfn t\u1edbi giai \u0111o\u1ea1n ti\u1ebfp theo.<\/li> <\/ul> <\/div><\/div>    <div class=\"wp-block-media-text has-media-on-the-right is-stacked-on-mobile\"><div class=\"wp-block-media-text__content\"> <p class=\"translation-block\"><strong>L\u00e0m s\u1ea1ch d\u1ef1a tr\u00ean tr\u1ecdng l\u1ef1c<\/strong><\/p>    <ul class=\"wp-block-list\"> <li>H\u1ed7n h\u1ee3p c\u00f2n l\u1ea1i v\u00e0o<strong>ph\u00e2n t\u00e1ch tr\u1ecdng l\u1ef1c<\/strong>.<\/li>    <li>\u200b<strong>H\u1ea1t nh\u00e2n \u0111\u1ea7y \u0111\u1ee7<\/strong>&nbsp;(d\u00e0y \u0111\u1eb7c h\u01a1n) \u0111\u01b0\u1ee3c n\u00e2ng l\u00ean \u0111\u1ebfn c\u1eeda h\u00e0ng x\u1ea3 \u0111\u1ec3 \u0111\u00f3ng g\u00f3i ngay l\u1eadp t\u1ee9c ho\u1eb7c x\u1eed l\u00fd th\u00eam.<\/li>    <li>\u200b<strong>\u0110\u1eadu ph\u1ed9ng kh\u00f4ng \u0111\u01b0\u1ee3c v\u1ecf ho\u1eb7c \u0111\u01b0\u1ee3c b\u00f3c v\u1ecf m\u1ed9t ph\u1ea7n<\/strong>&nbsp;(nh\u1eb9 h\u01a1n) th\u1ea3 xu\u1ed1ng m\u1ed9t thang m\u00e1y \u0111\u1ec3 x\u1eed l\u00fd l\u1ea1i.<\/li> <\/ul>    <p class=\"translation-block\">\u200b<strong>T\u00e1ch l\u1ea1i v\u00f2ng k\u00edn<\/strong><\/p>    <ul class=\"wp-block-list\"> <li>Thang m\u00e1y v\u1eadn chuy\u1ec3n \u0111\u1eadu ph\u1ed9ng \u0111\u01b0\u1ee3c \u0111\u1eb7t d\u01b0\u1edbi<strong>tr\u1ed1ng l\u01b0\u1edbi t\u1ed1t<\/strong>&nbsp;\u0110\u1ed1i v\u1edbi m\u1ed9t v\u00f2ng th\u1ee9 c\u1ea5p c\u1ee7a vi\u1ec7c m\u1ea5t hi\u1ec7u l\u1ef1c.<\/li>    <li>Chu k\u1ef3 n\u00e0y l\u1eb7p l\u1ea1i cho \u0111\u1ebfn khi<strong>98%+ hi\u1ec7u qu\u1ea3 ph\u00e1o k\u00edch<\/strong>&nbsp;\u0111\u1ea1t \u0111\u01b0\u1ee3c, \u0111\u1ea3m b\u1ea3o ch\u1ea5t th\u1ea3i t\u1ed1i thi\u1ec3u.<\/li> <\/ul> <\/div><figure class=\"wp-block-media-text__media\"><img loading=\"lazy\" decoding=\"async\" width=\"720\" height=\"540\" src=\"https:\/\/bestpeanutmachine.com\/wp-content\/uploads\/2022\/08\/peanut-skin-remover.webp\" alt=\"t\u1ea9y v\u1ecf \u0111\u1eadu ph\u1ed9ng\" class=\"wp-image-220 size-full\" srcset=\"https:\/\/bestpeanutmachine.com\/wp-content\/uploads\/2022\/08\/peanut-skin-remover.webp 720w, https:\/\/bestpeanutmachine.com\/wp-content\/uploads\/2022\/08\/peanut-skin-remover-300x225.webp 300w, https:\/\/bestpeanutmachine.com\/wp-content\/uploads\/2022\/08\/peanut-skin-remover-16x12.webp 16w\" sizes=\"auto, (max-width: 720px) 100vw, 720px\" \/><\/figure><\/div>    <p>L\u00fd t\u01b0\u1edfng cho c\u00e1c trang tr\u1ea1i th\u01b0\u01a1ng m\u1ea1i v\u00e0 c\u00e1c nh\u00e0 m\u00e1y ch\u1ebf bi\u1ebfn, m\u00e1y n\u00e0y bi\u1ebfn \u0111\u1eadu ph\u1ed9ng th\u00f4 th\u00e0nh h\u1ea1t nh\u00e2n ch\u1ea5t l\u01b0\u1ee3ng cao v\u1edbi t\u1ed1c \u0111\u1ed9 v\u00e0 \u0111\u1ed9 tin c\u1eady ch\u01b0a t\u1eebng c\u00f3.<\/p>    <h2 class=\"wp-block-heading\" id=\"h-features-of-peanut-sheller-machine\">\u0110\u1eb7c \u0111i\u1ec3m c\u1ee7a m\u00e1y b\u00f3c v\u1ecf \u0111\u1eadu ph\u1ed9ng<\/h2>    <div class=\"wp-block-media-text is-stacked-on-mobile\"><figure class=\"wp-block-media-text__media\"><img loading=\"lazy\" decoding=\"async\" width=\"720\" height=\"540\" src=\"https:\/\/bestpeanutmachine.com\/wp-content\/uploads\/2022\/08\/peanut-sheller-machine.jpg\" alt=\"m\u00e1y b\u00f3c v\u1ecf \u0111\u1eadu ph\u1ed9ng\" class=\"wp-image-68 size-full\" srcset=\"https:\/\/bestpeanutmachine.com\/wp-content\/uploads\/2022\/08\/peanut-sheller-machine.jpg 720w, https:\/\/bestpeanutmachine.com\/wp-content\/uploads\/2022\/08\/peanut-sheller-machine-300x225.jpg 300w\" sizes=\"auto, (max-width: 720px) 100vw, 720px\" \/><\/figure><div class=\"wp-block-media-text__content\"> <ul class=\"wp-block-list\"> <li><strong>Hi\u1ec7u qu\u1ea3 chi ph\u00ed v\u00e0 hi\u1ec7u su\u1ea5t cao.<\/strong> Peanut Sheller k\u1ebft h\u1ee3p kh\u1ea3 n\u0103ng chi tr\u1ea3 v\u1edbi ch\u1ea5t l\u01b0\u1ee3ng tuy\u1ec7t v\u1eddi v\u00e0 hi\u1ec7u qu\u1ea3 \u0111\u1eb7c bi\u1ec7t, \u0111\u1ea3m b\u1ea3o gi\u00e1 tr\u1ecb l\u1edbn cho kho\u1ea3n \u0111\u1ea7u t\u01b0 c\u1ee7a b\u1ea1n. <\/li>    <li><strong>Thi\u1ebft k\u1ebf th\u00e2n thi\u1ec7n v\u1edbi ng\u01b0\u1eddi d\u00f9ng.<\/strong> V\u1edbi c\u1ea5u tr\u00fac \u0111\u01a1n gi\u1ea3n v\u00e0 thi\u1ebft k\u1ebf \u0111\u01b0\u1ee3c suy ngh\u0129 k\u1ef9 l\u01b0\u1ee1ng, m\u00e1y r\u1ea5t d\u1ec5 v\u1eadn h\u00e0nh v\u00e0 b\u1ea3o tr\u00ec, l\u00e0m cho n\u00f3 tr\u1edf n\u00ean l\u00fd t\u01b0\u1edfng cho c\u1ea3 ng\u01b0\u1eddi m\u1edbi b\u1eaft \u0111\u1ea7u v\u00e0 ng\u01b0\u1eddi d\u00f9ng c\u00f3 kinh nghi\u1ec7m. <\/li>    <li><strong>Nh\u1ecf g\u1ecdn v\u00e0 ti\u1ebft ki\u1ec7m kh\u00f4ng gian.<\/strong> K\u00edch th\u01b0\u1edbc nh\u1ecf c\u1ee7a m\u00e1y cho ph\u00e9p n\u00f3 ph\u00f9 h\u1ee3p v\u1edbi kh\u00f4ng gian ch\u1eb7t ch\u1ebd, ho\u00e0n h\u1ea3o cho c\u1ea3 vi\u1ec7c s\u1eed d\u1ee5ng nh\u00e0 v\u00e0 thi\u1ebft l\u1eadp s\u1ea3n xu\u1ea5t nh\u1ecf h\u01a1n.<\/li> <\/ul> <\/div><\/div>    <div class=\"wp-block-media-text has-media-on-the-right is-stacked-on-mobile\"><div class=\"wp-block-media-text__content\"> <ul class=\"wp-block-list\"> <li><strong>Hi\u1ec7u qu\u1ea3 v\u1ecf \u0111\u1eb7c bi\u1ec7t.<\/strong> V\u1edbi t\u1ed1c \u0111\u1ed9 th\u00e2n t\u00e0u v\u01b0\u1ee3t qu\u00e1 98%, m\u00e1y n\u00e0y \u0111\u1ea3m b\u1ea3o k\u1ebft qu\u1ea3 ch\u1ea5t l\u01b0\u1ee3ng cao v\u00e0 \u0111\u1ea7u ra t\u1ed1i \u0111a h\u00f3a. <\/li>    <li><strong>Nhi\u1ec1u t\u00f9y ch\u1ecdn n\u0103ng l\u01b0\u1ee3ng.<\/strong> Cho d\u00f9 b\u1ea1n th\u00edch \u0111\u1ed9ng c\u01a1 \u0111i\u1ec7n, \u0111\u1ed9ng c\u01a1 diesel ho\u1eb7c \u0111\u1ed9ng c\u01a1 x\u0103ng, ch\u00fang t\u00f4i cung c\u1ea5p m\u1ed9t lo\u1ea1t c\u00e1c t\u00f9y ch\u1ecdn n\u0103ng l\u01b0\u1ee3ng ph\u00f9 h\u1ee3p v\u1edbi nhu c\u1ea7u ho\u1ea1t \u0111\u1ed9ng c\u1ee7a b\u1ea1n. <\/li>    <li><strong>T\u00f9y ch\u1ec9nh c\u00f3 s\u1eb5n.<\/strong> Ch\u00fang t\u00f4i cung c\u1ea5p c\u00e1c d\u1ecbch v\u1ee5 t\u00f9y bi\u1ebfn m\u1ea1nh m\u1ebd \u0111\u1ec3 \u0111i\u1ec1u ch\u1ec9nh m\u00e1y theo y\u00eau c\u1ea7u c\u1ee5 th\u1ec3 c\u1ee7a b\u1ea1n, \u0111\u1ea3m b\u1ea3o hi\u1ec7u su\u1ea5t t\u1ed1i \u01b0u cho nhu c\u1ea7u s\u1ea3n xu\u1ea5t \u0111\u1ed9c \u0111\u00e1o c\u1ee7a b\u1ea1n.<\/li> <\/ul> <\/div><figure class=\"wp-block-media-text__media\"><img loading=\"lazy\" decoding=\"async\" width=\"720\" height=\"540\" src=\"https:\/\/bestpeanutmachine.com\/wp-content\/uploads\/2022\/08\/groundnut-shell-removing-machine.webp\" alt=\"m\u00e1y b\u00f3c v\u1ecf l\u1ea1c\" class=\"wp-image-219 size-full\" srcset=\"https:\/\/bestpeanutmachine.com\/wp-content\/uploads\/2022\/08\/groundnut-shell-removing-machine.webp 720w, https:\/\/bestpeanutmachine.com\/wp-content\/uploads\/2022\/08\/groundnut-shell-removing-machine-300x225.webp 300w, https:\/\/bestpeanutmachine.com\/wp-content\/uploads\/2022\/08\/groundnut-shell-removing-machine-16x12.webp 16w\" sizes=\"auto, (max-width: 720px) 100vw, 720px\" \/><\/figure><\/div>    <h2 class=\"wp-block-heading\" id=\"h-parameters-of-taizy-peanut-shelling-machine\">C\u00e1c th\u00f4ng s\u1ed1 c\u1ee7a m\u00e1y b\u1eafn ph\u00e1o \u0111\u1eadu ph\u1ed9ng<\/h2>    <figure class=\"wp-block-table\"><table><tbody><tr><td>Ng\u01b0\u1eddi m\u1eabu<\/td><td>Dung t\u00edch<\/td><td>Quy\u1ec1n l\u1ef1c<\/td><td>C\u00e2n n\u1eb7ng<\/td><td>K\u00edch c\u1ee1<\/td><\/tr><tr><td>TBH-200<\/td><td>200kg\/gi\u1edd<\/td><td>\u0110\u1ed9ng c\u01a1 2.2kW, \u0111\u1ed9ng c\u01a1 x\u0103ng 170F, \u0111\u1ed9ng c\u01a1 diesel 6hp<\/td><td>40kg<\/td><td>650*560*1000mm<\/td><\/tr><tr><td>TBH-400<\/td><td>300-400kg\/gi\u1edd<\/td><td>\u0110\u1ed9ng c\u01a1 3kW, \u0111\u1ed9ng c\u01a1 x\u0103ng 170F, \u0111\u1ed9ng c\u01a1 diesel 8hp<\/td><td>\/<\/td><td>\/<\/td><\/tr><tr><td>TBH-800<\/td><td>600-800kg\/gi\u1edd<\/td><td>\u0110\u1ed9ng c\u01a1 3kW HO\u1eb6C \u0111\u1ed9ng c\u01a1 x\u0103ng 170F, \u0111\u1ed9ng c\u01a1 diesel 8hp<\/td><td>160kg<\/td><td>1330*750*1570mm<\/td><\/tr><tr><td>6BHD-800B<\/td><td>600-800kg\/gi\u1edd<\/td><td>\u0110\u1ed9ng c\u01a1 2,2-3,0kW<\/td><td>160kg<\/td><td>1330*750*1570mm<\/td><\/tr><\/tbody><\/table><figcaption class=\"wp-element-caption\">th\u00f4ng s\u1ed1 m\u00e1y b\u00f3c v\u1ecf \u0111\u1eadu ph\u1ed9ng<\/figcaption><\/figure>    <h2 class=\"wp-block-heading\" id=\"h-what-is-the-best-way-to-shell-peanuts\">C\u1ea5u t\u1ea1o c\u1ee7a m\u00e1y b\u00f3c v\u1ecf \u0111\u1eadu ph\u1ed9ng<\/h2>    <figure class=\"wp-block-image size-full\"><img loading=\"lazy\" decoding=\"async\" width=\"720\" height=\"540\" src=\"https:\/\/bestpeanutmachine.com\/wp-content\/uploads\/2022\/08\/peanut-sheller-machine-structure.webp\" alt=\"c\u1ea5u t\u1ea1o m\u00e1y b\u00f3c v\u1ecf \u0111\u1eadu ph\u1ed9ng\" class=\"wp-image-221\" srcset=\"https:\/\/bestpeanutmachine.com\/wp-content\/uploads\/2022\/08\/peanut-sheller-machine-structure.webp 720w, https:\/\/bestpeanutmachine.com\/wp-content\/uploads\/2022\/08\/peanut-sheller-machine-structure-300x225.webp 300w, https:\/\/bestpeanutmachine.com\/wp-content\/uploads\/2022\/08\/peanut-sheller-machine-structure-16x12.webp 16w\" sizes=\"auto, (max-width: 720px) 100vw, 720px\" \/><figcaption class=\"wp-element-caption\">c\u1ea5u t\u1ea1o m\u00e1y b\u00f3c v\u1ecf \u0111\u1eadu ph\u1ed9ng<\/figcaption><\/figure>    <h2 class=\"wp-block-heading\">Li\u00ean h\u1ec7 v\u1edbi ch\u00fang t\u00f4i<\/h2>    <p class=\"translation-block\">M\u00e1y t\u00e1ch v\u1ecf \u0111\u1eadu ph\u1ed9ng c\u1ee7a ch\u00fang t\u00f4i \u0111\u1ea3m b\u1ea3o hi\u1ec7u qu\u1ea3 cao, t\u1ec9 l\u1ec7 b\u00f3c v\u1ecf cao v\u00e0 h\u01b0 h\u1ea1i h\u1ea1t t\u1ed1i thi\u1ec3u, l\u00e0 l\u1ef1a ch\u1ecdn tuy\u1ec7t v\u1eddi cho c\u00e1c doanh nghi\u1ec7p ch\u1ebf bi\u1ebfn <a href=\"https:\/\/en.wikipedia.org\/wiki\/Peanut\" data-type=\"link\" data-id=\"https:\/\/en.wikipedia.org\/wiki\/Peanut\" target=\"_blank\" rel=\"noopener\">\u0111\u1eadu ph\u1ed9ng<\/a>. \u0110\u01b0\u1ee3c thi\u1ebft k\u1ebf cho \u0111\u1ed9 b\u1ec1n v\u00e0 d\u1ec5 s\u1eed d\u1ee5ng, m\u00e1y n\u00e0y t\u0103ng n\u0103ng su\u1ea5t \u0111\u1ed3ng th\u1eddi gi\u1eef ch\u1ea5t l\u01b0\u1ee3ng \u0111\u1eadu ph\u1ed9ng \u0111\u00e3 b\u00f3c. <\/p>    <p class=\"translation-block\">Ngo\u00e0i m\u00e1y t\u00e1ch v\u1ecf \u0111\u1eadu ph\u1ed9ng, ch\u00fang t\u00f4i c\u00f2n cung c\u1ea5p nhi\u1ec1u lo\u1ea1i <strong>m\u00e1y ch\u1ebf bi\u1ebfn \u0111\u1eadu ph\u1ed9ng<\/strong>, bao g\u1ed3m <a href=\"https:\/\/bestpeanutmachine.com\/vi\/product\/peanut-butter-production-line\/\" data-type=\"link\" data-id=\"https:\/\/bestpeanutmachine.com\/product\/peanut-butter-production-line\/\">m\u00e1y l\u00e0m b\u01a1 \u0111\u1eadu ph\u1ed9ng<\/a>, <a href=\"https:\/\/bestpeanutmachine.com\/vi\/product\/peanut-roasting-machine\/\" data-type=\"link\" data-id=\"https:\/\/bestpeanutmachine.com\/product\/peanut-roasting-machine\/\">m\u00e1y rang \u0111\u1eadu ph\u1ed9ng<\/a>, v\u00e0 <a href=\"https:\/\/bestpeanutmachine.com\/vi\/product\/peanut-oil-extraction-machine\/\" data-type=\"link\" data-id=\"https:\/\/bestpeanutmachine.com\/product\/peanut-oil-extraction-machine\/\">m\u00e1y \u00e9p d\u1ea7u \u0111\u1eadu ph\u1ed9ng<\/a>. Li\u00ean h\u1ec7 v\u1edbi ch\u00fang t\u00f4i ngay h\u00f4m nay \u0111\u1ec3 bi\u1ebft th\u00eam chi ti\u1ebft v\u00e0 nh\u1eadn b\u00e1o gi\u00e1 t\u00f9y ch\u1ec9nh!<\/p>","protected":false},"excerpt":{"rendered":"<p>M\u00e1y ph\u00e1o nhi\u1ec7t \u0111\u1eadu ph\u1ed9ng c\u1ee7a ch\u00fang t\u00f4i cung c\u1ea5p x\u1eed l\u00fd hi\u1ec7u qu\u1ea3 cao 200, 800800kg m\u1ed7i gi\u1edd, \u0111\u1ea3m b\u1ea3o kh\u1eed h\u1ea1t \u0111\u1eadu ph\u1ed9ng \u0111\u00e1ng tin c\u1eady v\u00e0 t\u1ef1 \u0111\u1ed9ng.<\/p>","protected":false},"author":1,"featured_media":67,"parent":0,"template":"","tags":[8],"product-type":[6,69],"class_list":["post-39","product","type-product","status-publish","has-post-thumbnail","hentry","tag-peanut-processing-machine","product-type-product","product-type-peanut-machine"],"_links":{"self":[{"href":"https:\/\/bestpeanutmachine.com\/vi\/wp-json\/wp\/v2\/product\/39","targetHints":{"allow":["GET"]}}],"collection":[{"href":"https:\/\/bestpeanutmachine.com\/vi\/wp-json\/wp\/v2\/product"}],"about":[{"href":"https:\/\/bestpeanutmachine.com\/vi\/wp-json\/wp\/v2\/types\/product"}],"author":[{"embeddable":true,"href":"https:\/\/bestpeanutmachine.com\/vi\/wp-json\/wp\/v2\/users\/1"}],"wp:featuredmedia":[{"embeddable":true,"href":"https:\/\/bestpeanutmachine.com\/vi\/wp-json\/wp\/v2\/media\/67"}],"wp:attachment":[{"href":"https:\/\/bestpeanutmachine.com\/vi\/wp-json\/wp\/v2\/media?parent=39"}],"wp:term":[{"taxonomy":"post_tag","embeddable":true,"href":"https:\/\/bestpeanutmachine.com\/vi\/wp-json\/wp\/v2\/tags?post=39"},{"taxonomy":"product-type","embeddable":true,"href":"https:\/\/bestpeanutmachine.com\/vi\/wp-json\/wp\/v2\/product-type?post=39"}],"curies":[{"name":"wp","href":"https:\/\/api.w.org\/{rel}","templated":true}]}}