{"id":403,"date":"2025-09-12T11:59:57","date_gmt":"2025-09-12T03:59:57","guid":{"rendered":"https:\/\/bestpeanutmachine.com\/?post_type=product&#038;p=403"},"modified":"2026-01-14T16:24:59","modified_gmt":"2026-01-14T08:24:59","slug":"peanut-butter-grinder-machine","status":"publish","type":"product","link":"https:\/\/bestpeanutmachine.com\/vi\/product\/peanut-butter-grinder-machine\/","title":{"rendered":"M\u00e1y nghi\u1ec1n b\u01a1 \u0111\u1eadu ph\u1ed9ng"},"content":{"rendered":"<p class=\"translation-block\">M\u00e1y nghi\u1ec1n b\u01a1 \u0111\u1eadu ph\u1ed9ng Taizy \u0111\u01b0\u1ee3c thi\u1ebft k\u1ebf \u0111\u1eb7c bi\u1ec7t \u0111\u1ec3 nghi\u1ec1n \u0111\u1eadu ph\u1ed9ng, m\u00e8, h\u1ea1nh nh\u00e2n, \u0111i\u1ec1u v\u00e0 c\u00e1c lo\u1ea1i h\u1ea1t kh\u00e1c th\u00e0nh c\u00e1c lo\u1ea1i s\u1ed1t m\u1ecbn. N\u00f3 \u0111\u01b0\u1ee3c trang b\u1ecb \u0111\u1ea7u nghi\u1ec1n b\u1eb1ng th\u00e9p kh\u00f4ng g\u1ec9 9Cr18, gi\u00fap s\u1ea3n ph\u1ea9m cu\u1ed1i c\u00f9ng c\u00f3 k\u1ebft c\u1ea5u m\u1ecbn v\u00e0 tinh t\u1ebf, \u0111\u00e1p \u1ee9ng ho\u00e0n h\u1ea3o c\u00e1c y\u00eau c\u1ea7u l\u00e0m th\u1ef1c ph\u1ea9m ch\u1ea5t l\u01b0\u1ee3ng cao.<\/p>    <p>Ch\u00fang t\u00f4i cung c\u1ea5p c\u00e1c m\u1eabu v\u1edbi d\u1ea3i s\u1ea3n xu\u1ea5t t\u1eeb 10 \u0111\u1ebfn 5000 kg\/h. D\u00f9 b\u1ea1n mu\u1ed1n b\u1eaft \u0111\u1ea7u x\u01b0\u1edfng nh\u1ecf hay m\u1edf r\u1ed9ng s\u1ea3n xu\u1ea5t, ch\u00fang t\u00f4i c\u00f3 th\u1ec3 \u0111\u00e1p \u1ee9ng ho\u00e0n h\u1ea3o y\u00eau c\u1ea7u c\u1ee7a b\u1ea1n. M\u00e1y nghi\u1ec1n b\u01a1 \u0111\u1eadu ph\u1ed9ng \u0111\u00e3 \u0111\u01b0\u1ee3c b\u00e1n kh\u1eafp th\u1ebf gi\u1edbi v\u00e0 \u0111\u00e3 g\u00f3p ph\u1ea7n ph\u00e1t tri\u1ec3n ch\u1ebf bi\u1ebfn th\u1ef1c ph\u1ea9m \u1edf Philippines, Kenya, Zimbabwe, \u1ea4n \u0110\u1ed9 v\u00e0 c\u00e1c n\u01b0\u1edbc kh\u00e1c.<\/p>    <figure class=\"wp-block-embed is-type-video is-provider-youtube wp-block-embed-youtube wp-embed-aspect-16-9 wp-has-aspect-ratio\"><div class=\"wp-block-embed__wrapper\"> <iframe loading=\"lazy\" title=\"\ud83e\udd5c\ud83c\udf36M\u00e1y Xay \u0110\u1eadu Ph\u1ed9ng &amp; \u1edat | Thi\u1ebft B\u1ecb Xay H\u1ea1t v\u00e0 Gia V\u1ecb Hi\u1ec7u Su\u1ea5t Cao\" width=\"500\" height=\"281\" src=\"https:\/\/www.youtube.com\/embed\/ND0DQ5Vnre0?feature=oembed\" frameborder=\"0\" allow=\"accelerometer; autoplay; clipboard-write; encrypted-media; gyroscope; picture-in-picture; web-share\" referrerpolicy=\"strict-origin-when-cross-origin\" allowfullscreen><\/iframe> <\/div><figcaption class=\"wp-element-caption\">video ho\u1ea1t \u0111\u1ed9ng c\u1ee7a m\u00e1y xay b\u01a1 \u0111\u1eadu ph\u1ed9ng<\/figcaption><\/figure>    <h2 class=\"wp-block-heading\"><strong>\u01afu \u0111i\u1ec3m c\u1ee7a m\u00e1y nghi\u1ec1n b\u01a1 l\u1ea1c<\/strong><\/h2>    <ul class=\"wp-block-list\"> <li>Ch\u00fang t\u00f4i s\u1eed d\u1ee5ng \u0111\u1ea7u nghi\u1ec1n b\u1eb1ng th\u00e9p kh\u00f4ng g\u1ec9 9Cr18 c\u00f3 \u0111\u1ed9 c\u1ee9ng cao, \u0111i\u1ec1u n\u00e0y kh\u00f4ng ch\u1ec9 gi\u1eef cho \u0111\u1ea7u nghi\u1ec1n lu\u00f4n s\u1eafc, l\u00e0m cho s\u1ea3n ph\u1ea9m m\u1ecbn v\u00e0 tinh t\u1ebf h\u01a1n, m\u00e0 c\u00f2n thu\u1eadn ti\u1ec7n cho vi\u1ec7c s\u1eed d\u1ee5ng l\u00e2u d\u00e0i v\u00e0 d\u1ec5 d\u00e0ng v\u1ec7 sinh.<\/li>    <li>C\u00e1c b\u1ed9 ph\u1eadn kh\u00e1c c\u1ee7a m\u00e1y c\u0169ng \u0111\u01b0\u1ee3c l\u00e0m b\u1eb1ng th\u00e9p kh\u00f4ng g\u1ec9 \u0111\u1ec3 tr\u00e1nh g\u1ec9 do \u0111\u1ed9 \u1ea9m khi nghi\u1ec1n th\u1ef1c ph\u1ea9m nh\u1eb1m \u0111\u1ea3m b\u1ea3o an to\u00e0n th\u1ef1c ph\u1ea9m.<\/li>    <li>Thi\u1ebft k\u1ebf \u0111\u1eb7c bi\u1ec7t v\u00e0 vi\u1ec7c s\u1eed d\u1ee5ng v\u1eadt li\u1ec7u c\u1ee7a Taizy c\u1ea3i thi\u1ec7n \u0111\u1ed9 ch\u00ednh x\u00e1c to\u00e0n b\u1ed9 quy tr\u00ecnh s\u1ea3n xu\u1ea5t, l\u00e0m cho khe m\u00e0i c\u1ee7a \u0111\u1ea7u nghi\u1ec1n \u0111\u1ed3ng \u0111\u1ec1u h\u01a1n. B\u01a1 \u0111\u1eadu ph\u1ed9ng s\u1ea3n xu\u1ea5t ra c\u00f3 h\u1ea1t m\u1ecbn h\u01a1n v\u00e0 v\u1ecb ngon h\u01a1n.<\/li>    <li>M\u00e1y xay b\u01a1 \u0111\u1eadu ph\u1ed9ng c\u1ee7a ch\u00fang t\u00f4i c\u00f3 ph\u1ea1m vi \u1ee9ng d\u1ee5ng r\u1ed9ng r\u00e3i. Ngo\u00e0i vi\u1ec7c xay c\u00e1c lo\u1ea1i h\u1ea1t th\u00f4ng th\u01b0\u1eddng, n\u00f3 c\u00f2n c\u00f3 th\u1ec3 s\u1ea3n xu\u1ea5t s\u1ed1t \u1edbt, m\u1ee9t, s\u1ed1t th\u1ecbt, v\u00e0 s\u1eefa d\u1eeba, v.v.<\/li> <\/ul>   <div class=\"wp-block-image\"> <figure class=\"aligncenter size-full\"><img loading=\"lazy\" decoding=\"async\" width=\"720\" height=\"540\" src=\"https:\/\/bestpeanutmachine.com\/wp-content\/uploads\/2025\/09\/commercial-peanut-butter-machine-1.webp\" alt=\"m\u00e1y l\u00e0m b\u01a1 \u0111\u1eadu ph\u1ed9ng th\u01b0\u01a1ng m\u1ea1i\" class=\"wp-image-828\" srcset=\"https:\/\/bestpeanutmachine.com\/wp-content\/uploads\/2025\/09\/commercial-peanut-butter-machine-1.webp 720w, https:\/\/bestpeanutmachine.com\/wp-content\/uploads\/2025\/09\/commercial-peanut-butter-machine-1-300x225.webp 300w, https:\/\/bestpeanutmachine.com\/wp-content\/uploads\/2025\/09\/commercial-peanut-butter-machine-1-16x12.webp 16w\" sizes=\"auto, (max-width: 720px) 100vw, 720px\" \/><figcaption class=\"wp-element-caption\">m\u00e1y l\u00e0m b\u01a1 \u0111\u1eadu ph\u1ed9ng th\u01b0\u01a1ng m\u1ea1i<\/figcaption><\/figure> <\/div>   <h2 class=\"wp-block-heading\"><strong>C\u1ea5u tr\u00fac c\u1ee7a m\u00e1y l\u00e0m b\u01a1 (goober butter)<\/strong><\/h2>    <p>M\u00e1y xay b\u01a1 \u0111\u1eadu ph\u1ed9ng c\u1ee7a ch\u00fang t\u00f4i l\u00e0 m\u00e1y nghi\u1ec1n ki\u1ec3u keo. Nguy\u00ean l\u00fd l\u00e0m vi\u1ec7c ch\u00ednh l\u00e0 c\u1eaft, rung t\u1ea7n s\u1ed1 cao v\u00e0 ma s\u00e1t \u0111\u1ec3 nghi\u1ec1n nguy\u00ean li\u1ec7u th\u00e0nh d\u1ea1ng nh\u00e3o. M\u00e1y ch\u1ee7 y\u1ebfu g\u1ed3m ph\u1ec5u n\u1ea1p li\u1ec7u, stato v\u00e0 r\u00f4to (\u0111\u1ea7u nghi\u1ec1n), \u0111\u1ed9ng c\u01a1 v\u00e0 truy\u1ec1n \u0111\u1ed9ng, c\u1eeda x\u1ea3, khung m\u00e1y v\u00e0 v\u1ecf ngo\u00e0i.<\/p>    <ul class=\"wp-block-list\"> <li>Ph\u1ec5u \u0111\u01b0\u1ee3c thi\u1ebft k\u1ebf d\u1ea1ng ph\u1ec5u \u0111\u1ec3 d\u1ec5 d\u00e0ng cho li\u1ec7u. N\u00f3 c\u0169ng ng\u0103n hi\u1ec7u qu\u1ea3 vi\u1ec7c v\u1eadt li\u1ec7u l\u1edbn tr\u00e0n ra trong qu\u00e1 tr\u00ecnh v\u1eadn h\u00e0nh.<\/li>    <li>L\u00f5i ch\u00ednh l\u00e0 \u0111\u1ea7u nghi\u1ec1n \u0111\u01b0\u1ee3c l\u00e0m b\u1eb1ng th\u00e9p kh\u00f4ng g\u1ec9 c\u00f3 \u0111\u1ed9 c\u1ee9ng cao, v\u00e0 khe gi\u1eefa stator v\u00e0 rotor c\u00f3 th\u1ec3 \u0111i\u1ec1u ch\u1ec9nh \u0111\u1ec3 ki\u1ec3m so\u00e1t \u0111\u1ed9 m\u1ecbn c\u1ee7a b\u01a1 \u0111\u1eadu ph\u1ed9ng.<\/li>    <li>Ngu\u1ed3n \u0111i\u1ec7n \u0111\u1ec3 v\u1eadn h\u00e0nh \u0111\u1ea7u nghi\u1ec1n th\u01b0\u1eddng l\u00e0 ba pha 380V, 50Hz. Ch\u00fang t\u00f4i cung c\u1ea5p c\u00e1c m\u1eabu m\u00e1y kh\u00e1c nhau v\u1edbi nhi\u1ec1u c\u00f4ng su\u1ea5t \u0111\u1ed9ng c\u01a1, t\u1eeb m\u1eabu nh\u1ecf 1,5 kW \u0111\u1ebfn m\u1eabu c\u00f4ng nghi\u1ec7p 90 kW.<\/li>    <li>Mi\u1ec7ng x\u1ea3 c\u00f3 th\u1ec3 \u0111\u01b0\u1ee3c thi\u1ebft k\u1ebf \u0111\u1ec3 k\u1ebft n\u1ed1i tr\u1ef1c ti\u1ebfp v\u1edbi b\u1ec3 thu, th\u00f9ng ch\u1ee9a ho\u1eb7c h\u1ec7 th\u1ed1ng chi\u1ebft r\u00f3t. N\u1ebfu b\u1ea1n c\u00f3 b\u1ea5t k\u1ef3 nhu c\u1ea7u t\u00f9y ch\u1ec9nh n\u00e0o kh\u00e1c, b\u1ea1n c\u0169ng c\u00f3 th\u1ec3 n\u00f3i v\u1edbi ch\u00fang t\u00f4i.<\/li>    <li>Khung m\u00e1y th\u01b0\u1eddng \u0111\u01b0\u1ee3c ch\u1ebf t\u1ea1o t\u1eeb th\u00e9p kh\u00f4ng g\u1ec9 c\u1ea5p 201 ho\u1eb7c cao h\u01a1n \u0111\u1ec3 t\u0103ng \u0111\u1ed9 b\u1ec1n v\u00e0 \u0111\u1ea3m b\u1ea3o an to\u00e0n th\u1ef1c ph\u1ea9m.<\/li> <\/ul>    <figure class=\"wp-block-gallery has-nested-images columns-2 is-cropped wp-block-gallery-2 is-layout-flex wp-block-gallery-is-layout-flex\"> <figure class=\"wp-block-image size-full\"><img loading=\"lazy\" decoding=\"async\" width=\"720\" height=\"540\" data-id=\"419\" src=\"https:\/\/bestpeanutmachine.com\/wp-content\/uploads\/2025\/09\/hooper-of-peanut-butter-machine.webp\" alt=\"ph\u1ec5u c\u1ee7a m\u00e1y b\u01a1 \u0111\u1eadu ph\u1ed9ng\" class=\"wp-image-419\" srcset=\"https:\/\/bestpeanutmachine.com\/wp-content\/uploads\/2025\/09\/hooper-of-peanut-butter-machine.webp 720w, https:\/\/bestpeanutmachine.com\/wp-content\/uploads\/2025\/09\/hooper-of-peanut-butter-machine-300x225.webp 300w, https:\/\/bestpeanutmachine.com\/wp-content\/uploads\/2025\/09\/hooper-of-peanut-butter-machine-16x12.webp 16w\" sizes=\"auto, (max-width: 720px) 100vw, 720px\" \/><figcaption class=\"wp-element-caption\">ph\u1ec5u c\u1ee7a m\u00e1y b\u01a1 \u0111\u1eadu ph\u1ed9ng<\/figcaption><\/figure>    <figure class=\"wp-block-image size-full\"><img loading=\"lazy\" decoding=\"async\" width=\"720\" height=\"540\" data-id=\"420\" src=\"https:\/\/bestpeanutmachine.com\/wp-content\/uploads\/2025\/09\/interior-structure-of-peanut-butter-grinding-machine.webp\" alt=\"c\u1ea5u tr\u00fac b\u00ean trong c\u1ee7a m\u00e1y nghi\u1ec1n b\u01a1 \u0111\u1eadu ph\u1ed9ng\" class=\"wp-image-420\" srcset=\"https:\/\/bestpeanutmachine.com\/wp-content\/uploads\/2025\/09\/interior-structure-of-peanut-butter-grinding-machine.webp 720w, https:\/\/bestpeanutmachine.com\/wp-content\/uploads\/2025\/09\/interior-structure-of-peanut-butter-grinding-machine-300x225.webp 300w, https:\/\/bestpeanutmachine.com\/wp-content\/uploads\/2025\/09\/interior-structure-of-peanut-butter-grinding-machine-16x12.webp 16w\" sizes=\"auto, (max-width: 720px) 100vw, 720px\" \/><figcaption class=\"wp-element-caption\">c\u1ea5u tr\u00fac b\u00ean trong c\u1ee7a m\u00e1y nghi\u1ec1n b\u01a1 \u0111\u1eadu ph\u1ed9ng<\/figcaption><\/figure>    <figure class=\"wp-block-image size-full\"><img loading=\"lazy\" decoding=\"async\" width=\"720\" height=\"540\" data-id=\"421\" src=\"https:\/\/bestpeanutmachine.com\/wp-content\/uploads\/2025\/09\/electric-motor-of-nut-butter-machine.webp\" alt=\"\u0111\u1ed9ng c\u01a1 \u0111i\u1ec7n c\u1ee7a m\u00e1y nghi\u1ec1n b\u01a1 h\u1ea1t\" class=\"wp-image-421\" srcset=\"https:\/\/bestpeanutmachine.com\/wp-content\/uploads\/2025\/09\/electric-motor-of-nut-butter-machine.webp 720w, https:\/\/bestpeanutmachine.com\/wp-content\/uploads\/2025\/09\/electric-motor-of-nut-butter-machine-300x225.webp 300w, https:\/\/bestpeanutmachine.com\/wp-content\/uploads\/2025\/09\/electric-motor-of-nut-butter-machine-16x12.webp 16w\" sizes=\"auto, (max-width: 720px) 100vw, 720px\" \/><figcaption class=\"wp-element-caption\">\u0111\u1ed9ng c\u01a1 \u0111i\u1ec7n c\u1ee7a m\u00e1y nghi\u1ec1n b\u01a1 h\u1ea1t<\/figcaption><\/figure>    <figure class=\"wp-block-image size-full\"><img loading=\"lazy\" decoding=\"async\" width=\"720\" height=\"540\" data-id=\"422\" src=\"https:\/\/bestpeanutmachine.com\/wp-content\/uploads\/2025\/09\/peanut-butter-making-machine-1.webp\" alt=\"m\u00e1y l\u00e0m b\u01a1 \u0111\u1eadu ph\u1ed9ng\" class=\"wp-image-422\" srcset=\"https:\/\/bestpeanutmachine.com\/wp-content\/uploads\/2025\/09\/peanut-butter-making-machine-1.webp 720w, https:\/\/bestpeanutmachine.com\/wp-content\/uploads\/2025\/09\/peanut-butter-making-machine-1-300x225.webp 300w, https:\/\/bestpeanutmachine.com\/wp-content\/uploads\/2025\/09\/peanut-butter-making-machine-1-16x12.webp 16w\" sizes=\"auto, (max-width: 720px) 100vw, 720px\" \/><figcaption class=\"wp-element-caption\">m\u00e1y l\u00e0m b\u01a1 \u0111\u1eadu ph\u1ed9ng<\/figcaption><\/figure> <\/figure>    <h2 class=\"wp-block-heading\"><strong>C\u00e1c th\u00f4ng s\u1ed1 chi ti\u1ebft c\u1ee7a m\u00e1y l\u00e0m b\u01a1 l\u1ea1c<\/strong><\/h2>    <p>Ch\u00fang t\u00f4i cung c\u1ea5p nhi\u1ec1u m\u1eabu \u0111\u1ec3 b\u1ea1n l\u1ef1a ch\u1ecdn, v\u00e0 n\u1ebfu b\u1ea1n c\u00f3 y\u00eau c\u1ea7u \u0111\u1eb7c bi\u1ec7t, ch\u00fang t\u00f4i c\u0169ng c\u00f3 th\u1ec3 cung c\u1ea5p d\u1ecbch v\u1ee5 t\u00f9y ch\u1ec9nh.<\/p>    <figure class=\"wp-block-table\"><table><tbody><tr><td>Ng\u01b0\u1eddi m\u1eabu<\/td><td class=\"has-text-align-center\" data-align=\"center\">\u0110i\u1ec7n \u00e1p<\/td><td class=\"has-text-align-center\" data-align=\"center\">Quy\u1ec1n l\u1ef1c<\/td><td class=\"has-text-align-center\" data-align=\"center\">Dung t\u00edch<\/td><td class=\"has-text-align-center\" data-align=\"center\">C\u00e2n n\u1eb7ng<\/td><td class=\"has-text-align-center\" data-align=\"center\">K\u00edch th\u01b0\u1edbc<\/td><\/tr><tr><td>TZ-50<\/td><td class=\"has-text-align-center\" data-align=\"center\">380V\/50Hz<\/td><td class=\"has-text-align-center\" data-align=\"center\">1.5KW<\/td><td class=\"has-text-align-center\" data-align=\"center\">10\u201330Kg\/h<\/td><td class=\"has-text-align-center\" data-align=\"center\">65kg<\/td><td class=\"has-text-align-center\" data-align=\"center\">610*400*700mm<\/td><\/tr><tr><td>TZ-80<\/td><td class=\"has-text-align-center\" data-align=\"center\">380V\/50Hz<\/td><td class=\"has-text-align-center\" data-align=\"center\">4KW<\/td><td class=\"has-text-align-center\" data-align=\"center\">50\u2013100Kg\/h<\/td><td class=\"has-text-align-center\" data-align=\"center\">170kg<\/td><td class=\"has-text-align-center\" data-align=\"center\">850*450*930mm<\/td><\/tr><tr><td>TZ-110<\/td><td class=\"has-text-align-center\" data-align=\"center\">380V\/50Hz<\/td><td class=\"has-text-align-center\" data-align=\"center\">7.5KW<\/td><td class=\"has-text-align-center\" data-align=\"center\">100\u2013200Kg\/h<\/td><td class=\"has-text-align-center\" data-align=\"center\">220kg<\/td><td class=\"has-text-align-center\" data-align=\"center\">850*450*1050mm<\/td><\/tr><tr><td>TZ-130<\/td><td class=\"has-text-align-center\" data-align=\"center\">380V\/50Hz<\/td><td class=\"has-text-align-center\" data-align=\"center\">11KW<\/td><td class=\"has-text-align-center\" data-align=\"center\">200\u2013300Kg\/h<\/td><td class=\"has-text-align-center\" data-align=\"center\">350kg<\/td><td class=\"has-text-align-center\" data-align=\"center\">100*500*1100mm<\/td><\/tr><tr><td>TZ-180<\/td><td class=\"has-text-align-center\" data-align=\"center\">380V\/50Hz<\/td><td class=\"has-text-align-center\" data-align=\"center\">18.5KW<\/td><td class=\"has-text-align-center\" data-align=\"center\">500\u2013800Kg\/h<\/td><td class=\"has-text-align-center\" data-align=\"center\">440kg<\/td><td class=\"has-text-align-center\" data-align=\"center\">610*400*700mm<\/td><\/tr><tr><td>TZ-220<\/td><td class=\"has-text-align-center\" data-align=\"center\">380V\/50Hz<\/td><td class=\"has-text-align-center\" data-align=\"center\">30KW<\/td><td class=\"has-text-align-center\" data-align=\"center\">600\u2013900Kg\/h<\/td><td class=\"has-text-align-center\" data-align=\"center\">580kg<\/td><td class=\"has-text-align-center\" data-align=\"center\">610*400*700mm<\/td><\/tr><tr><td>TZ-240<\/td><td class=\"has-text-align-center\" data-align=\"center\">380V\/50Hz<\/td><td class=\"has-text-align-center\" data-align=\"center\">37\/45KW<\/td><td class=\"has-text-align-center\" data-align=\"center\">1000-1500Kg\/h<\/td><td class=\"has-text-align-center\" data-align=\"center\">800kg<\/td><td class=\"has-text-align-center\" data-align=\"center\">610*400*700mm<\/td><\/tr><tr><td>TZ-300<\/td><td class=\"has-text-align-center\" data-align=\"center\">380V\/50Hz<\/td><td class=\"has-text-align-center\" data-align=\"center\">75\/90KW<\/td><td class=\"has-text-align-center\" data-align=\"center\">3000\u20135000Kg\/h<\/td><td class=\"has-text-align-center\" data-align=\"center\">1200kg<\/td><td class=\"has-text-align-center\" data-align=\"center\">610*400*700mm<\/td><\/tr><\/tbody><\/table><figcaption class=\"wp-element-caption\">Th\u00f4ng s\u1ed1 c\u1ee7a m\u00e1y xay b\u01a1 \u0111\u1eadu ph\u1ed9ng<\/figcaption><\/figure>   <div class=\"wp-block-image\"> <figure class=\"aligncenter size-full\"><img loading=\"lazy\" decoding=\"async\" width=\"720\" height=\"540\" src=\"https:\/\/bestpeanutmachine.com\/wp-content\/uploads\/2025\/09\/industrial-peanut-butter-making-machine.webp\" alt=\"m\u00e1y l\u00e0m b\u01a1 \u0111\u1eadu ph\u1ed9ng\" class=\"wp-image-423\" srcset=\"https:\/\/bestpeanutmachine.com\/wp-content\/uploads\/2025\/09\/industrial-peanut-butter-making-machine.webp 720w, https:\/\/bestpeanutmachine.com\/wp-content\/uploads\/2025\/09\/industrial-peanut-butter-making-machine-300x225.webp 300w, https:\/\/bestpeanutmachine.com\/wp-content\/uploads\/2025\/09\/industrial-peanut-butter-making-machine-16x12.webp 16w\" sizes=\"auto, (max-width: 720px) 100vw, 720px\" \/><figcaption class=\"wp-element-caption\">m\u00e1y l\u00e0m b\u01a1 \u0111\u1eadu ph\u1ed9ng<\/figcaption><\/figure> <\/div>   <h2 class=\"wp-block-heading\"><strong>\u1ee8ng d\u1ee5ng c\u1ee7a m\u00e1y nghi\u1ec1n b\u01a1 h\u1ea1t<\/strong><\/h2>    <p>M\u00e1y nghi\u1ec1n b\u01a1 \u0111\u1eadu ph\u1ed9ng Taizy \u0111\u01b0\u1ee3c s\u1eed d\u1ee5ng r\u1ed9ng r\u00e3i trong c\u00e1c nh\u00e0 m\u00e1y th\u1ef1c ph\u1ea9m. M\u00e1y b\u01a1 \u0111\u1eadu ph\u1ed9ng th\u01b0\u01a1ng m\u1ea1i th\u01b0\u1eddng \u0111\u01b0\u1ee3c d\u00f9ng \u0111\u1ec3 s\u1ea3n xu\u1ea5t c\u00e1c lo\u1ea1i b\u01a1 h\u1ea1t: b\u01a1 \u0111\u1eadu ph\u1ed9ng, b\u01a1 h\u1ea1nh nh\u00e2n, b\u01a1 \u0111i\u1ec1u, b\u01a1 h\u1ea1t ph\u1ec9 v\u00e0 b\u01a1 h\u1ed3 tr\u0103n.<\/p>    <p>Tuy nhi\u00ean, m\u1ed9t s\u1ed1 nh\u00e0 m\u00e1y l\u00e0m m\u1ee9t s\u1ebd s\u1eed d\u1ee5ng n\u00f3 \u0111\u1ec3 xay s\u1ed1t c\u00e0 chua v\u00e0 c\u00e1c lo\u1ea1i m\u1ee9t tr\u00e1i c\u00e2y kh\u00e1c. Ch\u00fang t\u00f4i c\u0169ng c\u00f3 kh\u00e1ch h\u00e0ng s\u1edf h\u1eefu c\u00f4ng ty gia v\u1ecb, d\u00f9ng c\u00e1c m\u00e1y nh\u01b0 v\u1eady \u0111\u1ec3 xay b\u01a1 tr\u00e1i b\u01a1, s\u1ed1t h\u00e0nh, s\u1ed1t \u1edbt, s\u1ed1t t\u1ecfi, s\u1ed1t g\u1eebng v\u00e0 s\u1ed1t m\u00f9 t\u1ea1t.<\/p>   <div class=\"wp-block-image\"> <figure class=\"aligncenter size-full\"><img loading=\"lazy\" decoding=\"async\" width=\"720\" height=\"540\" src=\"https:\/\/bestpeanutmachine.com\/wp-content\/uploads\/2025\/09\/applications-of-peanut-butter-grinding-machine.webp\" alt=\"\u1ee9ng d\u1ee5ng c\u1ee7a m\u00e1y nghi\u1ec1n b\u01a1 \u0111\u1eadu ph\u1ed9ng\" class=\"wp-image-424\" srcset=\"https:\/\/bestpeanutmachine.com\/wp-content\/uploads\/2025\/09\/applications-of-peanut-butter-grinding-machine.webp 720w, https:\/\/bestpeanutmachine.com\/wp-content\/uploads\/2025\/09\/applications-of-peanut-butter-grinding-machine-300x225.webp 300w, https:\/\/bestpeanutmachine.com\/wp-content\/uploads\/2025\/09\/applications-of-peanut-butter-grinding-machine-16x12.webp 16w\" sizes=\"auto, (max-width: 720px) 100vw, 720px\" \/><figcaption class=\"wp-element-caption\">\u1ee9ng d\u1ee5ng c\u1ee7a m\u00e1y nghi\u1ec1n b\u01a1 \u0111\u1eadu ph\u1ed9ng<\/figcaption><\/figure> <\/div>   <h2 class=\"wp-block-heading\"><strong>Gi\u00e1 m\u00e1y nghi\u1ec1n b\u01a1 \u0111\u1eadu ph\u1ed9ng<\/strong><\/h2>    <p>Gi\u00e1 m\u00e1y nghi\u1ec1n b\u01a1 \u0111\u1eadu ph\u1ed9ng dao \u0111\u1ed9ng \u0111\u00e1ng k\u1ec3, v\u1edbi c\u00e1c m\u1eabu nh\u1ecf ch\u1ec9 v\u00e0i tr\u0103m \u0111\u00f4 la, trong khi c\u00e1c m\u1eabu c\u00f4ng nghi\u1ec7p c\u00f3 th\u1ec3 l\u00ean \u0111\u1ebfn h\u00e0ng ngh\u00ecn \u0111\u00f4 la. Gi\u00e1 n\u00e0y bao g\u1ed3m chi ph\u00ed \u0111\u00f3ng g\u00f3i v\u00e0 v\u1eadn chuy\u1ec3n. N\u1ebfu b\u1ea1n c\u1ea7n ph\u1ee5 ki\u1ec7n b\u1ed5 sung, ch\u00fang ph\u1ea3i \u0111\u01b0\u1ee3c nh\u00e0 m\u00e1y t\u00f9y ch\u1ec9nh v\u00e0 s\u1ebd ph\u00e1t sinh th\u00eam chi ph\u00ed.<\/p>    <p>M\u1ed9t s\u1ed1 l\u00fd do sau s\u1ebd \u1ea3nh h\u01b0\u1edfng \u0111\u1ebfn gi\u00e1:<\/p>    <ol class=\"wp-block-list\"> <li>C\u00f4ng su\u1ea5t ch\u1ee7 y\u1ebfu s\u1ebd quy\u1ebft \u0111\u1ecbnh gi\u00e1 m\u00e1y. C\u00f4ng su\u1ea5t \u0111\u1ea7u ra gi\u1edd cao h\u01a1n th\u00ec gi\u00e1 cao h\u01a1n.<\/li>    <li>Th\u00e9p kh\u00f4ng g\u1ec9, c\u00e1c linh ki\u1ec7n cao c\u1ea5p, v\u00f2ng bi b\u1ec1n, ph\u1edbt ch\u1ea5t l\u01b0\u1ee3ng, v.v. \u0110\u00e2y l\u00e0 nh\u1eefng y\u1ebfu t\u1ed1 quy\u1ebft \u0111\u1ecbnh ch\u1ea5t l\u01b0\u1ee3ng c\u1ee7a m\u00e1y. N\u1ebfu b\u1ea1n t\u00ecm th\u1ea5y hai m\u00e1y nghi\u1ec1n h\u1ea1t c\u00f3 gi\u00e1 t\u01b0\u01a1ng t\u1ef1 nh\u01b0ng gi\u00e1 c\u1ee7a ch\u00fang ch\u00eanh l\u1ec7ch l\u1edbn, c\u1ea5u tr\u00fac b\u00ean trong c\u1ee7a m\u00e1y c\u00f3 th\u1ec3 kh\u00e1c nhau.<\/li>    <li>C\u00e1c th\u01b0\u01a1ng hi\u1ec7u n\u1ed5i ti\u1ebfng v\u00e0 d\u1ecbch v\u1ee5 xu\u1ea5t s\u1eafc th\u01b0\u1eddng c\u00f3 gi\u00e1 cao h\u01a1n nh\u01b0ng nh\u00ecn chung mang l\u1ea1i gi\u00e1 tr\u1ecb l\u00e2u d\u00e0i t\u1ed1t h\u01a1n. \u0110\u00e2y l\u00e0 m\u1ed9t kho\u1ea3n \u0111\u1ea7u t\u01b0 \u1ed5n \u0111\u1ecbnh cho doanh nghi\u1ec7p c\u1ee7a b\u1ea1n. <\/li> <\/ol>    <p>M\u1ed9t s\u1ed1 kh\u00e1ch h\u00e0ng c\u1ee7a ch\u00fang t\u00f4i t\u1eebng b\u1ecb \u1ea3nh h\u01b0\u1edfng b\u1edfi c\u00e1c nh\u00e0 m\u00e1y gi\u00e1 r\u1ebb cung c\u1ea5p s\u1ea3n ph\u1ea9m k\u00e9m ch\u1ea5t l\u01b0\u1ee3ng. Sau \u0111\u00f3, h\u1ecd \u0111\u00e3 ch\u1ecdn ch\u00fang t\u00f4i l\u00e0m \u0111\u1ed1i t\u00e1c kinh doanh l\u00e2u d\u00e0i \u0111\u1ec3 \u0111\u1ea3m b\u1ea3o ch\u1ea5t l\u01b0\u1ee3ng m\u00e1y m\u00f3c. \u0110\u1ed1i v\u1edbi h\u1ecd, ch\u1ea5t l\u01b0\u1ee3ng quan tr\u1ecdng h\u01a1n gi\u00e1 c\u1ea3. <\/p>   <div class=\"wp-block-image\"> <figure class=\"aligncenter size-full\"><img loading=\"lazy\" decoding=\"async\" width=\"720\" height=\"540\" src=\"https:\/\/bestpeanutmachine.com\/wp-content\/uploads\/2025\/09\/peanut-butter-machine-1.webp\" alt=\"m\u00e1y b\u01a1 \u0111\u1eadu ph\u1ed9ng\" class=\"wp-image-425\" srcset=\"https:\/\/bestpeanutmachine.com\/wp-content\/uploads\/2025\/09\/peanut-butter-machine-1.webp 720w, https:\/\/bestpeanutmachine.com\/wp-content\/uploads\/2025\/09\/peanut-butter-machine-1-300x225.webp 300w, https:\/\/bestpeanutmachine.com\/wp-content\/uploads\/2025\/09\/peanut-butter-machine-1-16x12.webp 16w\" sizes=\"auto, (max-width: 720px) 100vw, 720px\" \/><figcaption class=\"wp-element-caption\">m\u00e1y b\u01a1 \u0111\u1eadu ph\u1ed9ng<\/figcaption><\/figure> <\/div>   <h2 class=\"wp-block-heading\"><strong>T\u1ea1i sao ch\u1ecdn Taizy l\u00e0m nh\u00e0 cung c\u1ea5p s\u1ea3n ph\u1ea9m c\u1ee7a b\u1ea1n?<\/strong><\/h2>    <ul class=\"wp-block-list\"> <li>Ch\u00fang t\u00f4i c\u00f3 nh\u00e0 m\u00e1y ri\u00eang, v\u00e0 gi\u00e1 ch\u00fang t\u00f4i \u0111\u01b0a ra c\u00f3 t\u00ednh c\u1ea1nh tranh cao.<\/li>    <li>Ch\u00fang t\u00f4i ch\u00fa tr\u1ecdng v\u00e0o ch\u1ea5t l\u01b0\u1ee3ng. Quy tr\u00ecnh s\u1ea3n xu\u1ea5t minh b\u1ea1ch ho\u00e0n to\u00e0n v\u00e0 d\u1ecbch v\u1ee5 sau b\u00e1n h\u00e0ng l\u00e2u d\u00e0i gi\u00fap ch\u00fang t\u00f4i c\u00f3 nhi\u1ec1u kh\u00e1ch h\u00e0ng quay l\u1ea1i.<\/li>    <li>Ch\u00fang t\u00f4i l\u00e0 th\u01b0\u01a1ng hi\u1ec7u xu\u1ea5t kh\u1ea9u n\u1ed5i ti\u1ebfng c\u1ee7a nh\u00e0 cung c\u1ea5p m\u00e1y ch\u1ebf bi\u1ebfn th\u1ef1c ph\u1ea9m Trung Qu\u1ed1c, v\u1edbi d\u1ecbch v\u1ee5 \u0111\u00f3ng g\u00f3i v\u00e0 v\u1eadn chuy\u1ec3n ho\u00e0n ch\u1ec9nh, chuy\u00ean nghi\u1ec7p.<\/li> <\/ul>    <p class=\"translation-block\">Li\u00ean h\u1ec7 ch\u00fang t\u00f4i \u0111\u1ec3 bi\u1ebft h\u1ea1n m\u1ee9c mi\u1ec5n ph\u00ed cho m\u00e1y nghi\u1ec1n b\u01a1 \u0111\u1eadu ph\u1ed9ng b\u1ea1n quan t\u00e2m. \u0110\u1ed1i v\u1edbi nh\u00e0 m\u00e1y th\u1ef1c ph\u1ea9m c\u00f4ng nghi\u1ec7p, ch\u00fang t\u00f4i c\u0169ng cung c\u1ea5p d\u00e2y chuy\u1ec1n s\u1ea3n xu\u1ea5t ho\u00e0n ch\u1ec9nh \u0111\u1ec3 l\u00e0m b\u01a1 \u0111\u1eadu ph\u1ed9ng. N\u1ebfu b\u1ea1n mu\u1ed1n bi\u1ebft th\u00eam chi ti\u1ebft, b\u1ea5m v\u00e0o li\u00ean k\u1ebft: <a href=\"https:\/\/bestpeanutmachine.com\/vi\/product\/peanut-butter-production-line\/\">D\u00e2y chuy\u1ec1n s\u1ea3n xu\u1ea5t b\u01a1 \u0111\u1eadu ph\u1ed9ng<\/a>.<\/p>    <figure class=\"wp-block-gallery has-nested-images columns-default is-cropped wp-block-gallery-3 is-layout-flex wp-block-gallery-is-layout-flex\"> <figure class=\"wp-block-image size-large\"><img loading=\"lazy\" decoding=\"async\" width=\"720\" height=\"540\" data-id=\"826\" src=\"https:\/\/bestpeanutmachine.com\/wp-content\/uploads\/2025\/09\/best-peanut-butter-machine-factory.webp\" alt=\"Nh\u00e0 m\u00e1y m\u00e1y l\u00e0m b\u01a1 \u0111\u1eadu ph\u1ed9ng t\u1ed1t nh\u1ea5t\" class=\"wp-image-826\" srcset=\"https:\/\/bestpeanutmachine.com\/wp-content\/uploads\/2025\/09\/best-peanut-butter-machine-factory.webp 720w, https:\/\/bestpeanutmachine.com\/wp-content\/uploads\/2025\/09\/best-peanut-butter-machine-factory-300x225.webp 300w, https:\/\/bestpeanutmachine.com\/wp-content\/uploads\/2025\/09\/best-peanut-butter-machine-factory-16x12.webp 16w\" sizes=\"auto, (max-width: 720px) 100vw, 720px\" \/><figcaption class=\"wp-element-caption\">Nh\u00e0 m\u00e1y m\u00e1y l\u00e0m b\u01a1 \u0111\u1eadu ph\u1ed9ng t\u1ed1t nh\u1ea5t<\/figcaption><\/figure>    <figure class=\"wp-block-image size-large\"><img loading=\"lazy\" decoding=\"async\" width=\"720\" height=\"540\" data-id=\"827\" src=\"https:\/\/bestpeanutmachine.com\/wp-content\/uploads\/2025\/09\/peanut-butter-making-machine-in-stock.webp\" alt=\"M\u00e1y l\u00e0m b\u01a1 \u0111\u1eadu ph\u1ed9ng c\u00f3 s\u1eb5n trong kho\" class=\"wp-image-827\" srcset=\"https:\/\/bestpeanutmachine.com\/wp-content\/uploads\/2025\/09\/peanut-butter-making-machine-in-stock.webp 720w, https:\/\/bestpeanutmachine.com\/wp-content\/uploads\/2025\/09\/peanut-butter-making-machine-in-stock-300x225.webp 300w, https:\/\/bestpeanutmachine.com\/wp-content\/uploads\/2025\/09\/peanut-butter-making-machine-in-stock-16x12.webp 16w\" sizes=\"auto, (max-width: 720px) 100vw, 720px\" \/><figcaption class=\"wp-element-caption\">M\u00e1y l\u00e0m b\u01a1 \u0111\u1eadu ph\u1ed9ng c\u00f3 s\u1eb5n trong kho<\/figcaption><\/figure> <\/figure>","protected":false},"excerpt":{"rendered":"<p>M\u00e1y xay b\u01a1 \u0111\u1eadu ph\u1ed9ng n\u00e0y \u0111\u01b0\u1ee3c thi\u1ebft k\u1ebf \u0111\u1ec3 s\u1ea3n xu\u1ea5t b\u01a1 \u0111\u1eadu ph\u1ed9ng, n\u01b0\u1edbc s\u1ed1t cay v\u00e0 m\u1ee9t. N\u00f3 xay nguy\u00ean li\u1ec7u th\u00e0nh h\u1ed7n h\u1ee3p d\u1ea1ng s\u1ec1n s\u1ec7t v\u1edbi c\u00f4ng su\u1ea5t s\u1ea3n xu\u1ea5t t\u1eeb 10 kg\/gi\u1edd \u0111\u1ebfn 5000 kg\/gi\u1edd, \u0111\u00e1p \u1ee9ng nhu c\u1ea7u c\u1ee7a c\u00e1c nh\u00e0 m\u00e1y th\u1ef1c ph\u1ea9m \u1edf m\u1ecdi quy m\u00f4.<\/p>","protected":false},"author":1,"featured_media":417,"parent":0,"template":"","tags":[11,75],"product-type":[69,6],"class_list":["post-403","product","type-product","status-publish","has-post-thumbnail","hentry","tag-peanut","tag-peanut-butter","product-type-peanut-machine","product-type-product"],"_links":{"self":[{"href":"https:\/\/bestpeanutmachine.com\/vi\/wp-json\/wp\/v2\/product\/403","targetHints":{"allow":["GET"]}}],"collection":[{"href":"https:\/\/bestpeanutmachine.com\/vi\/wp-json\/wp\/v2\/product"}],"about":[{"href":"https:\/\/bestpeanutmachine.com\/vi\/wp-json\/wp\/v2\/types\/product"}],"author":[{"embeddable":true,"href":"https:\/\/bestpeanutmachine.com\/vi\/wp-json\/wp\/v2\/users\/1"}],"wp:featuredmedia":[{"embeddable":true,"href":"https:\/\/bestpeanutmachine.com\/vi\/wp-json\/wp\/v2\/media\/417"}],"wp:attachment":[{"href":"https:\/\/bestpeanutmachine.com\/vi\/wp-json\/wp\/v2\/media?parent=403"}],"wp:term":[{"taxonomy":"post_tag","embeddable":true,"href":"https:\/\/bestpeanutmachine.com\/vi\/wp-json\/wp\/v2\/tags?post=403"},{"taxonomy":"product-type","embeddable":true,"href":"https:\/\/bestpeanutmachine.com\/vi\/wp-json\/wp\/v2\/product-type?post=403"}],"curies":[{"name":"wp","href":"https:\/\/api.w.org\/{rel}","templated":true}]}}