{"id":432,"date":"2025-09-16T15:43:11","date_gmt":"2025-09-16T07:43:11","guid":{"rendered":"https:\/\/bestpeanutmachine.com\/?post_type=product&#038;p=432"},"modified":"2025-09-16T15:44:27","modified_gmt":"2025-09-16T07:44:27","slug":"almond-slicer-machine","status":"publish","type":"product","link":"https:\/\/bestpeanutmachine.com\/vi\/product\/almond-slicer-machine\/","title":{"rendered":"M\u00e1y th\u00e1i h\u1ea1nh nh\u00e2n cho c\u00e1c lo\u1ea1i h\u1ea1t, c\u1eaft \u0111\u1eadu ph\u1ed9ng"},"content":{"rendered":"<p class=\"translation-block\">Taizy <strong>m\u00e1y th\u00e1i h\u1ea1nh nh\u00e2n<\/strong> ph\u00f9 h\u1ee3p \u0111\u1ec3 th\u00e1i \u0111\u1eadu ph\u1ed9ng, h\u1ea1nh nh\u00e2n, h\u1ea1t ph\u1ec9 v\u00e0 c\u00e1c lo\u1ea1i h\u1ea1t kh\u00e1c. \u0110\u1ed9 d\u00e0y l\u00e1t c\u00f3 th\u1ec3 \u0111i\u1ec1u ch\u1ec9nh t\u1eeb 0,3 mm \u0111\u1ebfn 2 mm theo y\u00eau c\u1ea7u c\u1ee5 th\u1ec3.<\/p>    <p>N\u00f3 c\u00f3 th\u1ec3 \u0111\u1ea1t c\u00f4ng su\u1ea5t 50-300kg\/h \u0111\u1ec3 \u0111\u00e1p \u1ee9ng nhu c\u1ea7u c\u1ee7a h\u1ea7u h\u1ebft c\u00e1c c\u00f4ng ty tr\u00ean to\u00e0n th\u1ebf gi\u1edbi. N\u00f3 \u0111\u00e3 \u0111\u01b0\u1ee3c xu\u1ea5t kh\u1ea9u t\u1edbi Hoa K\u1ef3, Canada, \u00dd, \u0110\u1ee9c v\u00e0 c\u00e1c n\u01b0\u1edbc kh\u00e1c.<\/p>    <p>L\u01b0\u1ee1i dao cho m\u00e1y th\u00e1i l\u00e1t \u0111\u1eadu ph\u1ed9ng n\u00e0y \u0111\u01b0\u1ee3c l\u00e0m t\u1eeb th\u00e9p gi\u00f3 ch\u1ea5t l\u01b0\u1ee3ng cao, \u0111\u1ea3m b\u1ea3o l\u01b0\u1ee1i s\u1eafc v\u00e0 tu\u1ed5i th\u1ecd d\u00e0i. V\u1ecf ngo\u00e0i \u0111\u01b0\u1ee3c l\u00e0m b\u1eb1ng th\u00e9p kh\u00f4ng g\u1ec9, \u0111\u00e1p \u1ee9ng ti\u00eau chu\u1ea9n v\u1ec7 sinh th\u1ef1c ph\u1ea9m.<\/p>    <h2 class=\"wp-block-heading\"><strong>\u01afu \u0111i\u1ec3m c\u1ee7a m\u00e1y c\u1eaft l\u00e1t h\u1ea1nh nh\u00e2n t\u1ef1 \u0111\u1ed9ng<\/strong><\/h2>    <ul class=\"wp-block-list\"> <li>V\u1edbi c\u00f4ng su\u1ea5t 50\u2013200 kg m\u1ed7i gi\u1edd, t\u1ed1c \u0111\u1ed9 \u0111i\u1ec1u ch\u1ec9nh \u0111\u01b0\u1ee3c (100\u2013700 r\/ph), v\u00e0 \u00e1p l\u1ef1c kh\u00ed n\u00e9n \u0111\u00e1ng tin c\u1eady (0,3\u20130,4 MPa), m\u00e1y th\u00e1i h\u1ea1t n\u00e0y \u0111\u1ea3m b\u1ea3o ho\u1ea1t \u0111\u1ed9ng \u1ed5n \u0111\u1ecbnh cho s\u1ea3n xu\u1ea5t li\u00ean t\u1ee5c, c\u00f3 th\u1ec3 \u0111\u00e1p \u1ee9ng nhu c\u1ea7u s\u1ea3n xu\u1ea5t th\u01b0\u01a1ng m\u1ea1i.<\/li>    <li>M\u00e1y l\u00e0m l\u00e1t h\u1ea1t Taziy \u0111\u01b0\u1ee3c trang b\u1ecb b\u1ed9 ph\u1eadn c\u1ea5p li\u1ec7u b\u1eb1ng kh\u00ed n\u00e9n v\u00e0 ph\u1ea7n th\u00e1i. Ph\u1ea7n c\u1ea5p li\u1ec7u kh\u00ed n\u00e9n c\u00f3 th\u1ec3 \u00e9p nhuy\u1ec5n h\u1ea1t v\u00e0o \u0111\u0129a dao, \u0111\u1ea3m b\u1ea3o s\u1ea3n xu\u1ea5t hi\u1ec7u qu\u1ea3 v\u00e0 \u1ed5n \u0111\u1ecbnh v\u00e0 gi\u1ea3m l\u00e3ng ph\u00ed nguy\u00ean li\u1ec7u.<\/li>    <li>To\u00e0n b\u1ed9 th\u00e2n m\u00e1y th\u00e1i h\u1ea1nh nh\u00e2n \u0111\u01b0\u1ee3c l\u00e0m b\u1eb1ng th\u00e9p kh\u00f4ng g\u1ec9, ho\u00e0n to\u00e0n \u0111\u00e1p \u1ee9ng ti\u00eau chu\u1ea9n v\u1ec7 sinh an to\u00e0n th\u1ef1c ph\u1ea9m, d\u1ec5 d\u00e0ng l\u00e0m s\u1ea1ch v\u00e0 b\u1ea3o tr\u00ec.<\/li>    <li>M\u00e1y th\u00e1i \u0111\u1eadu ph\u1ed9ng n\u00e0y c\u00f3 nhi\u1ec1u \u1ee9ng d\u1ee5ng cho h\u1ea1nh nh\u00e2n, h\u1ea1t macadamia, h\u1ea1t \u0111i\u1ec1u v\u00e0 qu\u1ea3 \u00f3c ch\u00f3, v\u00e0 \u0111\u01b0\u1ee3c s\u1eed d\u1ee5ng r\u1ed9ng r\u00e3i trong ng\u00e0nh ch\u1ebf bi\u1ebfn th\u1ef1c ph\u1ea9m.<\/li>    <li>\u0110\u1ed9 d\u00e0y l\u00e1t c\u00f3 th\u1ec3 d\u1ec5 d\u00e0ng \u0111i\u1ec1u ch\u1ec9nh gi\u1eefa 0,3 mm v\u00e0 2 mm, \u0111\u1ea3m b\u1ea3o l\u00e1t \u0111\u1ec1u cho nhi\u1ec1u nhu c\u1ea7u s\u1ea3n xu\u1ea5t, t\u1eeb n\u01b0\u1edbng \u0111\u1ebfn l\u00e0m \u0111\u1ed3 \u0103n nh\u1eb9.<\/li> <\/ul>   <div class=\"wp-block-image\"> <figure class=\"aligncenter size-full\"><img loading=\"lazy\" decoding=\"async\" width=\"720\" height=\"540\" src=\"https:\/\/bestpeanutmachine.com\/wp-content\/uploads\/2025\/09\/peanut-slicing-machine.webp\" alt=\"m\u00e1y th\u00e1i \u0111\u1eadu ph\u1ed9ng\" class=\"wp-image-436\" srcset=\"https:\/\/bestpeanutmachine.com\/wp-content\/uploads\/2025\/09\/peanut-slicing-machine.webp 720w, https:\/\/bestpeanutmachine.com\/wp-content\/uploads\/2025\/09\/peanut-slicing-machine-300x225.webp 300w, https:\/\/bestpeanutmachine.com\/wp-content\/uploads\/2025\/09\/peanut-slicing-machine-16x12.webp 16w\" sizes=\"auto, (max-width: 720px) 100vw, 720px\" \/><figcaption class=\"wp-element-caption\">m\u00e1y th\u00e1i \u0111\u1eadu ph\u1ed9ng<\/figcaption><\/figure> <\/div>   <h2 class=\"wp-block-heading\"><strong>Th\u00f4ng s\u1ed1 k\u1ef9 thu\u1eadt c\u1ee7a m\u00e1y c\u1eaft l\u00e1t h\u1ea1nh nh\u00e2n th\u01b0\u01a1ng m\u1ea1i<\/strong><\/h2>    <figure class=\"wp-block-table\"><table class=\"has-fixed-layout\"><tbody><tr><td>Ng\u01b0\u1eddi m\u1eabu<\/td><td class=\"has-text-align-center\" data-align=\"center\">TZ-2<\/td><td class=\"has-text-align-center\" data-align=\"center\">TZ-3<\/td><\/tr><tr><td>Quy\u1ec1n l\u1ef1c<\/td><td class=\"has-text-align-center\" data-align=\"center\">1,5kw<\/td><td class=\"has-text-align-center\" data-align=\"center\">2,2kw<\/td><\/tr><tr><td>T\u1ed1c \u0111\u1ed9 l\u01b0\u1ee1i<\/td><td class=\"has-text-align-center\" data-align=\"center\">100-700r\/ph<\/td><td class=\"has-text-align-center\" data-align=\"center\">0-600r\/ph<\/td><\/tr><tr><td>\u00c1p su\u1ea5t kh\u00ed<\/td><td class=\"has-text-align-center\" data-align=\"center\">0,3-0,4Mpa<\/td><td class=\"has-text-align-center\" data-align=\"center\">\/<\/td><\/tr><tr><td>Dung t\u00edch<\/td><td class=\"has-text-align-center\" data-align=\"center\">50-200kg\/h<\/td><td class=\"has-text-align-center\" data-align=\"center\">200-300kg\/h<\/td><\/tr><tr><td>\u0110\u1ed9 d\u00e0y l\u00e1t<\/td><td class=\"has-text-align-center\" data-align=\"center\">0,3-2mm \u00a0<\/td><td class=\"has-text-align-center\" data-align=\"center\">0,5-1,2mm<\/td><\/tr><tr><td>K\u00edch th\u01b0\u1edbc<\/td><td class=\"has-text-align-center\" data-align=\"center\">1000*550*1500mm<\/td><td class=\"has-text-align-center\" data-align=\"center\">650*600*1100mm<\/td><\/tr><tr><td>C\u00e2n n\u1eb7ng<\/td><td class=\"has-text-align-center\" data-align=\"center\">150kg<\/td><td class=\"has-text-align-center\" data-align=\"center\">170kg \u00a0<\/td><\/tr><\/tbody><\/table><figcaption class=\"wp-element-caption\">th\u00f4ng s\u1ed1 c\u1ee7a m\u00e1y th\u00e1i h\u1ea1nh nh\u00e2n t\u1ef1 \u0111\u1ed9ng<\/figcaption><\/figure>   <div class=\"wp-block-image\"> <figure class=\"aligncenter size-full\"><img loading=\"lazy\" decoding=\"async\" width=\"720\" height=\"540\" src=\"https:\/\/bestpeanutmachine.com\/wp-content\/uploads\/2025\/09\/nut-slicer-machine.webp\" alt=\"m\u00e1y th\u00e1i h\u1ea1t\" class=\"wp-image-438\" srcset=\"https:\/\/bestpeanutmachine.com\/wp-content\/uploads\/2025\/09\/nut-slicer-machine.webp 720w, https:\/\/bestpeanutmachine.com\/wp-content\/uploads\/2025\/09\/nut-slicer-machine-300x225.webp 300w, https:\/\/bestpeanutmachine.com\/wp-content\/uploads\/2025\/09\/nut-slicer-machine-16x12.webp 16w\" sizes=\"auto, (max-width: 720px) 100vw, 720px\" \/><figcaption class=\"wp-element-caption\">m\u00e1y th\u00e1i h\u1ea1t<\/figcaption><\/figure> <\/div>   <h2 class=\"wp-block-heading\"><strong>Nguy\u00ean l\u00fd ho\u1ea1t \u0111\u1ed9ng v\u00e0 \u0111\u1eb7c \u0111i\u1ec3m c\u1ea5u tr\u00fac c\u1ee7a m\u00e1y c\u1eaft l\u00e1t h\u1ea1nh nh\u00e2n<\/strong><\/h2>    <p>M\u00e1y th\u00e1i h\u1ea1t \u0111i\u1ec1u ho\u1ea1t \u0111\u1ed9ng ch\u1ee7 y\u1ebfu th\u00f4ng qua h\u1ec7 th\u1ed1ng c\u1ea5p li\u1ec7u kh\u00ed n\u00e9n v\u00e0 l\u01b0\u1ee1i c\u1eaft quay. To\u00e0n b\u1ed9 quy tr\u00ecnh \u0111\u01a1n gi\u1ea3n v\u00e0 hi\u1ec7u qu\u1ea3: <\/p>    <p>C\u1ea5p li\u1ec7u h\u1ea1t\u2192\u00c9p kh\u00ed n\u00e9n\u2192Th\u00e1i b\u1eb1ng l\u01b0\u1ee1i dao\u2192Ra s\u1ea3n ph\u1ea9m<\/p>    <ol class=\"wp-block-list\"> <li>Ph\u1ec5u c\u1ea5p li\u1ec7u \u0111\u01b0\u1ee3c thi\u1ebft k\u1ebf d\u1ea1ng h\u00ecnh n\u00f3n, mi\u1ec7ng tr\u00ean r\u1ed9ng v\u00e0 c\u1eeda ra d\u01b0\u1edbi h\u1eb9p, cho ph\u00e9p n\u1ea1p m\u1ed9t l\u01b0\u1ee3ng l\u1edbn h\u1ea1t d\u1ec5 d\u00e0ng trong khi \u0111\u1ea3m b\u1ea3o ch\u00fang \u0111\u01b0\u1ee3c d\u1eabn v\u00e0o m\u1ed9t c\u00e1ch ki\u1ec3m so\u00e1t v\u00e0 \u1ed5n \u0111\u1ecbnh.<\/li>    <li>H\u1ec7 th\u1ed1ng kh\u00ed n\u00e9n c\u1ee7a m\u00e1y th\u00e1i h\u1ea1nh nh\u00e2n n\u00e0y \u00e1p d\u1ee5ng \u00e1p su\u1ea5t kh\u00f4ng kh\u00ed \u0111\u1ed3ng \u0111\u1ec1u \u0111\u1ec3 \u0111\u1ea9y nguy\u00ean li\u1ec7u v\u00e0o l\u01b0\u1ee1i dao quay. \u0110i\u1ec1u n\u00e0y ng\u0103n ng\u1eeba vi\u1ec7c c\u1ea5p li\u1ec7u kh\u00f4ng \u0111\u1ec1u v\u00e0 \u0111\u1ea3m b\u1ea3o ho\u1ea1t \u0111\u1ed9ng \u00eam \u00e1i.<\/li>    <li>L\u01b0\u1ee1i c\u1eaft \u0111\u01b0\u1ee3c l\u00e0m b\u1eb1ng th\u00e9p gi\u00f3 t\u1ed1c \u0111\u1ed9 cao cao c\u1ea5p, \u0111\u1ea3m b\u1ea3o l\u01b0\u1ee1i c\u1eaft s\u1eafc v\u00e0 tu\u1ed5i th\u1ecd d\u00e0i. \u0110i\u1ec1u n\u00e0y cho ph\u00e9p m\u00e1y c\u1eaft qua c\u00e1c lo\u1ea1i h\u1ea1t c\u1ee9ng nh\u01b0 macadamia v\u00e0 h\u1ea1t \u0111i\u1ec1u m\u1ed9t c\u00e1ch m\u01b0\u1ee3t m\u00e0 m\u00e0 kh\u00f4ng bi\u1ebfn d\u1ea1ng.<\/li>    <li>C\u1ed5ng x\u1ea3 c\u1ee7a ch\u00fang t\u00f4i \u0111\u01b0\u1ee3c thi\u1ebft k\u1ebf v\u1edbi mi\u1ec7ng l\u1edbn v\u00e0 b\u1ec1 m\u1eb7t tr\u01a1n, \u0111\u1ea3m b\u1ea3o l\u00e1t h\u1ea1t ch\u1ea3y ra nhanh ch\u00f3ng m\u00e0 kh\u00f4ng b\u1ecb t\u1eafc ho\u1eb7c d\u00ednh. \u0110\u1ed3ng th\u1eddi, thi\u1ebft k\u1ebf \u1edf v\u1ecb tr\u00ed th\u1ea5p cho ph\u00e9p ng\u01b0\u1eddi v\u1eadn h\u00e0nh d\u1ec5 d\u00e0ng \u0111\u1eb7t khay, th\u00f9ng ho\u1eb7c b\u0103ng t\u1ea3i d\u01b0\u1edbi c\u1eeda ra, gi\u00fap thu gom nhanh v\u00e0 hi\u1ec7u qu\u1ea3.<\/li> <\/ol>    <figure class=\"wp-block-gallery has-nested-images columns-default is-cropped wp-block-gallery-2 is-layout-flex wp-block-gallery-is-layout-flex\"> <figure class=\"wp-block-image size-large\"><img loading=\"lazy\" decoding=\"async\" width=\"720\" height=\"540\" data-id=\"439\" src=\"https:\/\/bestpeanutmachine.com\/wp-content\/uploads\/2025\/09\/discharge-port.webp\" alt=\"c\u1ed5ng x\u1ea3 c\u1ee7a m\u00e1y th\u00e1i h\u1ea1nh nh\u00e2n\" class=\"wp-image-439\" srcset=\"https:\/\/bestpeanutmachine.com\/wp-content\/uploads\/2025\/09\/discharge-port.webp 720w, https:\/\/bestpeanutmachine.com\/wp-content\/uploads\/2025\/09\/discharge-port-300x225.webp 300w, https:\/\/bestpeanutmachine.com\/wp-content\/uploads\/2025\/09\/discharge-port-16x12.webp 16w\" sizes=\"auto, (max-width: 720px) 100vw, 720px\" \/><figcaption class=\"wp-element-caption\">c\u1ed5ng x\u1ea3 c\u1ee7a m\u00e1y th\u00e1i h\u1ea1nh nh\u00e2n <\/figcaption><\/figure>    <figure class=\"wp-block-image size-large\"><img loading=\"lazy\" decoding=\"async\" width=\"720\" height=\"540\" data-id=\"440\" src=\"https:\/\/bestpeanutmachine.com\/wp-content\/uploads\/2025\/09\/processed-peanut-slice.webp\" alt=\"l\u00e1t \u0111\u1eadu ph\u1ed9ng \u0111\u00e3 ch\u1ebf bi\u1ebfn\" class=\"wp-image-440\" srcset=\"https:\/\/bestpeanutmachine.com\/wp-content\/uploads\/2025\/09\/processed-peanut-slice.webp 720w, https:\/\/bestpeanutmachine.com\/wp-content\/uploads\/2025\/09\/processed-peanut-slice-300x225.webp 300w, https:\/\/bestpeanutmachine.com\/wp-content\/uploads\/2025\/09\/processed-peanut-slice-16x12.webp 16w\" sizes=\"auto, (max-width: 720px) 100vw, 720px\" \/><figcaption class=\"wp-element-caption\">l\u00e1t \u0111\u1eadu ph\u1ed9ng \u0111\u00e3 ch\u1ebf bi\u1ebfn<\/figcaption><\/figure> <\/figure>    <h2 class=\"wp-block-heading\"><strong>Cashew slice cutting machine&#8217;s application<\/strong><\/h2>    <p class=\"translation-block\">M\u00e1y th\u00e1i h\u1ea1nh nh\u00e2n c\u00f3 th\u1ec3 d\u1ec5 d\u00e0ng c\u1eaft h\u1ea1t macadamia, h\u1ea1nh nh\u00e2n, \u0111\u1eadu ph\u1ed9ng, h\u1ea1t th\u00f4ng, \u00f3c ch\u00f3, v.v., th\u00e0nh l\u00e1t m\u1ecfng v\u00e0 \u0111\u1ec1u. Nh\u1eefng l\u00e1t <a href=\"https:\/\/en.wikipedia.org\/wiki\/Nut_(fruit)\" target=\"_blank\" rel=\"noopener\">h\u1ea1t<\/a> \u0111\u00e3 qua x\u1eed l\u00fd s\u1ebd \u0111\u01b0\u1ee3c d\u00f9ng \u0111\u1ec3 ch\u1ebf bi\u1ebfn b\u00e1nh m\u00ec ho\u1eb7c b\u00e1nh quy, gi\u00fap \u0111\u1ed3 n\u01b0\u1edbng c\u00f3 h\u01b0\u01a1ng v\u1ecb \u0111\u1eadm \u0111\u00e0 h\u01a1n. V\u00ec v\u1eady, m\u1ed9t s\u1ed1 ti\u1ec7m b\u00e1nh ch\u1ecdn m\u00e1y th\u00e1i l\u00e1t h\u1ea1t \u0111\u1ec3 ch\u1ebf bi\u1ebfn h\u1ea1t t\u01b0\u01a1i cho m\u00f3n tr\u00e1ng mi\u1ec7ng v\u00e0 b\u00e1nh ng\u1ecdt \u0111\u1ea1t ch\u1ea5t l\u01b0\u1ee3ng t\u1ed1t nh\u1ea5t.<\/p>    <p>Ngo\u00e0i ra, nhi\u1ec1u nh\u00e0 m\u00e1y ch\u1ebf bi\u1ebfn th\u1ef1c ph\u1ea9m t\u1eeb h\u1ea1t c\u0169ng s\u1ebd mua m\u00e1y c\u00f4ng su\u1ea5t l\u1edbn \u0111\u1ec3 th\u1ef1c hi\u1ec7n ch\u1ebf bi\u1ebfn. Sau khi th\u00e1i l\u00e1t, s\u1ea5y v\u00e0 \u01b0\u1edbp gia v\u1ecb, l\u00e1t h\u1ea1t \u0111\u01b0\u1ee3c \u0111\u00f3ng g\u00f3i v\u00e0 b\u00e1n trong si\u00eau th\u1ecb ho\u1eb7c c\u1eeda h\u00e0ng b\u00e1n l\u1ebb, tr\u1edf th\u00e0nh th\u1ef1c ph\u1ea9m gi\u00e0u protein ph\u1ed5 bi\u1ebfn trong khu v\u1ef1c th\u1ee9c \u0103n nhanh.<\/p>    <figure class=\"wp-block-gallery has-nested-images columns-default is-cropped wp-block-gallery-3 is-layout-flex wp-block-gallery-is-layout-flex\"> <figure class=\"wp-block-image size-large\"><img loading=\"lazy\" decoding=\"async\" width=\"720\" height=\"540\" data-id=\"435\" src=\"https:\/\/bestpeanutmachine.com\/wp-content\/uploads\/2025\/09\/toasted-almond-slices-for-baking.webp\" alt=\"l\u00e1t h\u1ea1nh nh\u00e2n rang \u0111\u1ec3 n\u01b0\u1edbng\" class=\"wp-image-435\" srcset=\"https:\/\/bestpeanutmachine.com\/wp-content\/uploads\/2025\/09\/toasted-almond-slices-for-baking.webp 720w, https:\/\/bestpeanutmachine.com\/wp-content\/uploads\/2025\/09\/toasted-almond-slices-for-baking-300x225.webp 300w, https:\/\/bestpeanutmachine.com\/wp-content\/uploads\/2025\/09\/toasted-almond-slices-for-baking-16x12.webp 16w\" sizes=\"auto, (max-width: 720px) 100vw, 720px\" \/><figcaption class=\"wp-element-caption\">l\u00e1t h\u1ea1nh nh\u00e2n rang \u0111\u1ec3 n\u01b0\u1edbng<\/figcaption><\/figure>    <figure class=\"wp-block-image size-large\"><img loading=\"lazy\" decoding=\"async\" width=\"720\" height=\"540\" data-id=\"434\" src=\"https:\/\/bestpeanutmachine.com\/wp-content\/uploads\/2025\/09\/almond-slice-cake.webp\" alt=\"b\u00e1nh l\u00e1t h\u1ea1nh nh\u00e2n\" class=\"wp-image-434\" srcset=\"https:\/\/bestpeanutmachine.com\/wp-content\/uploads\/2025\/09\/almond-slice-cake.webp 720w, https:\/\/bestpeanutmachine.com\/wp-content\/uploads\/2025\/09\/almond-slice-cake-300x225.webp 300w, https:\/\/bestpeanutmachine.com\/wp-content\/uploads\/2025\/09\/almond-slice-cake-16x12.webp 16w\" sizes=\"auto, (max-width: 720px) 100vw, 720px\" \/><figcaption class=\"wp-element-caption\">b\u00e1nh l\u00e1t h\u1ea1nh nh\u00e2n<\/figcaption><\/figure> <\/figure>    <h2 class=\"wp-block-heading\"><strong>C\u00e1c l\u01b0u \u00fd khi s\u1eed d\u1ee5ng m\u00e1y c\u1eaft l\u00e1t \u0111\u1eadu ph\u1ed9ng<\/strong><\/h2>    <ol class=\"wp-block-list\"> <li>C\u00e1c h\u1ea1t c\u1ea7n \u0111\u01b0\u1ee3c th\u00e1i n\u00ean c\u00f3 m\u1ed9t l\u01b0\u1ee3ng \u0111\u1ed9 \u1ea9m nh\u1ea5t \u0111\u1ecbnh. N\u1ebfu nh\u00e2n qu\u00e1 kh\u00f4, n\u00ean ng\u00e2m v\u00e0 sau \u0111\u00f3 hong kh\u00f4 tr\u01b0\u1edbc khi th\u00e1i. N\u1ebfu nh\u00e2n qu\u00e1 kh\u00f4, l\u00e1t s\u1ebd d\u1ec5 v\u1ee1. <\/li>    <li>Nguy\u00ean li\u1ec7u ph\u1ea3i \u0111\u01b0\u1ee3c ph\u00e2n lo\u1ea1i c\u1ea9n th\u1eadn. N\u1ebfu c\u00f3 t\u1ea1p ch\u1ea5t nh\u01b0 c\u00e1t v\u00e0 \u0111\u00e1, ch\u00fang c\u00f3 th\u1ec3 l\u00e0m m\u1ebb l\u01b0\u1ee1i dao.<\/li>    <li>\u00c1p su\u1ea5t ho\u1ea1t \u0111\u1ed9ng c\u1ee7a xy lanh m\u00e1y th\u00e1i h\u1ea1nh nh\u00e2n kh\u00f4ng n\u00ean \u0111\u1eb7t qu\u00e1 cao. \u00c1p su\u1ea5t kh\u00f4ng kh\u00ed l\u00fd t\u01b0\u1edfng l\u00e0 gi\u1eefa 0,3-0,4 MPa. N\u1ebfu qu\u00e1 th\u1ea5p, l\u00e1t s\u1ebd b\u1ecb v\u1ee1 v\u00e0 s\u1ea3n ph\u1ea9m kh\u00f4ng ho\u00e0n ch\u1ec9nh. N\u1ebfu qu\u00e1 cao, l\u01b0\u1ee1i dao s\u1ebd rung, d\u1eabn \u0111\u1ebfn \u0111\u1ed9 d\u00e0y l\u00e1t kh\u00f4ng \u0111\u1ec1u.<\/li> <\/ol>    <h2 class=\"wp-block-heading\"><strong>C\u00e2u h\u1ecfi th\u01b0\u1eddng g\u1eb7p v\u1ec1 m\u00e1y c\u1eaft l\u00e1t h\u1ea1t<\/strong><\/h2>   <div id=\"rank-math-faq\" class=\"rank-math-block\"> <div class=\"rank-math-list\"> <div id=\"faq-question-1758003177036\" class=\"rank-math-list-item\"> <h3 class=\"rank-math-question\">L\u00e0m th\u1ebf n\u00e0o \u0111\u1ec3 \u0111i\u1ec1u ch\u1ec9nh \u0111\u1ed9 d\u00e0y l\u00e1t\uff1f<\/h3> <div class=\"rank-math-answer\">  <p>Ch\u00fang t\u00f4i l\u1eafp m\u1ed9t \u0111ai \u1ed1c kh\u00f3a tr\u00ean m\u00e1y. B\u1ea1n c\u00f3 th\u1ec3 xoay tay c\u1ea7m theo chi\u1ec1u kim \u0111\u1ed3ng h\u1ed3 \u0111\u1ec3 t\u0103ng \u0111\u1ed9 d\u00e0y cu\u1ed1i c\u00f9ng v\u00e0 ng\u01b0\u1ee3c l\u1ea1i. \u0110\u1ed9 d\u00e0y t\u0103ng ho\u1eb7c gi\u1ea3m kho\u1ea3ng 1,5mm m\u1ed7i v\u00f2ng xoay.<\/p>  <\/div> <\/div> <div id=\"faq-question-1758003429183\" class=\"rank-math-list-item\"> <h3 class=\"rank-math-question\">T\u00f4i c\u00f3 th\u1ec3 ch\u1ebf bi\u1ebfn nguy\u00ean li\u1ec7u kh\u00e1c ngo\u00e0i h\u1ea1nh nh\u00e2n v\u00e0 \u0111\u1eadu ph\u1ed9ng kh\u00f4ng?<\/h3> <div class=\"rank-math-answer\">  <p>T\u1ea5t nhi\u00ean, h\u1ea7u nh\u01b0 t\u1ea5t c\u1ea3 c\u00e1c s\u1ea3n ph\u1ea9m h\u1ea1t \u0111\u1ec1u c\u00f3 th\u1ec3 \u0111\u01b0\u1ee3c ch\u1ebf bi\u1ebfn b\u1eb1ng m\u00e1y th\u00e1i h\u1ea1nh nh\u00e2n n\u00e0y.<\/p>  <\/div> <\/div> <div id=\"faq-question-1758003595946\" class=\"rank-math-list-item\"> <h3 class=\"rank-math-question\">T\u00f4i c\u00f3 th\u1ec3 s\u1eed d\u1ee5ng h\u1ea1t kh\u00f4 \u0111\u1ec3 th\u00e1i kh\u00f4ng?<\/h3> <div class=\"rank-math-answer\">  <p>Ch\u00fang t\u00f4i kh\u00f4ng khuy\u1ebfn ngh\u1ecb l\u00e0m \u0111i\u1ec1u n\u00e0y. S\u1ebd t\u1ed1t h\u01a1n n\u1ebfu nguy\u00ean li\u1ec7u c\u00f3 m\u1ed9t l\u01b0\u1ee3ng \u0111\u1ed9 \u1ea9m nh\u1ea5t \u0111\u1ecbnh, \u0111i\u1ec1u n\u00e0y kh\u00f4ng ch\u1ec9 l\u00e0m s\u1ea3n ph\u1ea9m ho\u00e0n thi\u1ec7n t\u1ed1t h\u01a1n m\u00e0 c\u00f2n gi\u1ea3m m\u00f2n l\u01b0\u1ee1i dao.<\/p>  <\/div> <\/div> <div id=\"faq-question-1758003733160\" class=\"rank-math-list-item\"> <h3 class=\"rank-math-question\">Quy tr\u00ecnh mua s\u1ea3n ph\u1ea9m l\u00e0 g\u00ec?<\/h3> <div class=\"rank-math-answer\">  <p>N\u1ebfu b\u1ea1n quan t\u00e2m \u0111\u1ebfn s\u1ea3n ph\u1ea9m c\u1ee7a ch\u00fang t\u00f4i, b\u1ea1n c\u00f3 th\u1ec3 li\u00ean h\u1ec7 tr\u1ef1c ti\u1ebfp v\u1edbi d\u1ecbch v\u1ee5 kh\u00e1ch h\u00e0ng, v\u00e0 c\u00f4 \u1ea5y s\u1ebd gi\u00fap b\u1ea1n li\u00ean h\u1ec7 b\u1ed9 ph\u1eadn kinh doanh \u0111\u1ec3 \u0111\u1ec1 xu\u1ea5t lo\u1ea1i m\u00e1y ph\u00f9 h\u1ee3p nh\u1ea5t v\u1edbi y\u00eau c\u1ea7u c\u1ee7a b\u1ea1n.<\/p>  <\/div> <\/div> <div id=\"faq-question-1758003862192\" class=\"rank-math-list-item\"> <h3 class=\"rank-math-question\">Gi\u00e1 c\u1ee7a m\u00e1y th\u00e1i h\u1ea1nh nh\u00e2n n\u00e0y l\u00e0 bao nhi\u00eau?<\/h3> <div class=\"rank-math-answer\">  <p>Gi\u00e1 trung b\u00ecnh c\u1ee7a m\u00e1y n\u00e0y l\u00e0 v\u00e0i ngh\u00ecn \u0111\u00f4 la. Do ch\u01b0a r\u00f5 ph\u01b0\u01a1ng th\u1ee9c v\u1eadn chuy\u1ec3n v\u00e0 c\u00f3 hay kh\u00f4ng y\u00eau c\u1ea7u t\u00f9y ch\u1ec9nh, n\u00ean ch\u01b0a c\u00f3 gi\u00e1 c\u1ee5 th\u1ec3.<\/p>  <\/div> <\/div> <\/div> <\/div>  <div class=\"wp-block-image\"> <figure class=\"aligncenter size-full\"><img loading=\"lazy\" decoding=\"async\" width=\"720\" height=\"540\" src=\"https:\/\/bestpeanutmachine.com\/wp-content\/uploads\/2025\/09\/almond-slicing-machine.webp\" alt=\"m\u00e1y th\u00e1i h\u1ea1nh nh\u00e2n\" class=\"wp-image-441\" srcset=\"https:\/\/bestpeanutmachine.com\/wp-content\/uploads\/2025\/09\/almond-slicing-machine.webp 720w, https:\/\/bestpeanutmachine.com\/wp-content\/uploads\/2025\/09\/almond-slicing-machine-300x225.webp 300w, https:\/\/bestpeanutmachine.com\/wp-content\/uploads\/2025\/09\/almond-slicing-machine-16x12.webp 16w\" sizes=\"auto, (max-width: 720px) 100vw, 720px\" \/><figcaption class=\"wp-element-caption\">m\u00e1y th\u00e1i h\u1ea1nh nh\u00e2n<\/figcaption><\/figure> <\/div>   <p>N\u1ebfu b\u1ea1n mu\u1ed1n h\u1ecfi v\u1ec1 gi\u00e1 c\u1ee5 th\u1ec3, b\u1ea1n c\u00f3 th\u1ec3 li\u00ean h\u1ec7 v\u1edbi d\u1ecbch v\u1ee5 kh\u00e1ch h\u00e0ng c\u1ee7a ch\u00fang t\u00f4i. H\u1ecd s\u1ebd cung c\u1ea5p cho b\u1ea1n b\u1ea3ng gi\u00e1 ho\u00e0n ch\u1ec9nh.<\/p>    <p>C\u00e1c m\u00e1y kh\u00e1c:<\/p>    <ul class=\"wp-block-list\"> <li><a href=\"https:\/\/bestpeanutmachine.com\/vi\/product\/peanut-powder-machine\/\">M\u00e1y xay b\u1ed9t \u0111\u1eadu ph\u1ed9ng<\/a><\/li>    <li><a href=\"https:\/\/bestpeanutmachine.com\/vi\/product\/peanut-butter-grinder-machine\/\">M\u00e1y nghi\u1ec1n b\u01a1 \u0111\u1eadu ph\u1ed9ng<\/a><\/li>    <li><a href=\"https:\/\/bestpeanutmachine.com\/vi\/product\/peanut-coating-machine\/\">M\u00e1y ph\u1ee7 \u0111\u1eadu ph\u1ed9ng<\/a><\/li> <\/ul>    <p><\/p>","protected":false},"excerpt":{"rendered":"<p>M\u00e1y th\u00e1i h\u1ea1nh nh\u00e2n l\u00e0 m\u1ed9t trong nh\u1eefng thi\u1ebft b\u1ecb h\u1eefu \u00edch nh\u1ea5t c\u00f3 th\u1ec3 th\u00e1i h\u1ea1nh nh\u00e2n, \u0111\u1eadu ph\u1ed9ng, qu\u1ea3 \u00f3c ch\u00f3 v\u00e0 c\u00e1c lo\u1ea1i h\u1ea1t kh\u00e1c th\u00e0nh l\u00e1t m\u1ecfng, \u0111\u01b0\u1ee3c s\u1eed d\u1ee5ng b\u1edfi nhi\u1ec1u nh\u00e0 m\u00e1y ch\u1ebf bi\u1ebfn h\u1ea1t tr\u00ean to\u00e0n th\u1ebf gi\u1edbi.<\/p>","protected":false},"author":1,"featured_media":447,"parent":0,"template":"","tags":[77,11,78],"product-type":[76,6],"class_list":["post-432","product","type-product","status-publish","has-post-thumbnail","hentry","tag-almond","tag-peanut","tag-slice","product-type-other-nuts-machine","product-type-product"],"_links":{"self":[{"href":"https:\/\/bestpeanutmachine.com\/vi\/wp-json\/wp\/v2\/product\/432","targetHints":{"allow":["GET"]}}],"collection":[{"href":"https:\/\/bestpeanutmachine.com\/vi\/wp-json\/wp\/v2\/product"}],"about":[{"href":"https:\/\/bestpeanutmachine.com\/vi\/wp-json\/wp\/v2\/types\/product"}],"author":[{"embeddable":true,"href":"https:\/\/bestpeanutmachine.com\/vi\/wp-json\/wp\/v2\/users\/1"}],"wp:featuredmedia":[{"embeddable":true,"href":"https:\/\/bestpeanutmachine.com\/vi\/wp-json\/wp\/v2\/media\/447"}],"wp:attachment":[{"href":"https:\/\/bestpeanutmachine.com\/vi\/wp-json\/wp\/v2\/media?parent=432"}],"wp:term":[{"taxonomy":"post_tag","embeddable":true,"href":"https:\/\/bestpeanutmachine.com\/vi\/wp-json\/wp\/v2\/tags?post=432"},{"taxonomy":"product-type","embeddable":true,"href":"https:\/\/bestpeanutmachine.com\/vi\/wp-json\/wp\/v2\/product-type?post=432"}],"curies":[{"name":"wp","href":"https:\/\/api.w.org\/{rel}","templated":true}]}}