{"id":53,"date":"2022-08-26T07:10:37","date_gmt":"2022-08-25T23:10:37","guid":{"rendered":"https:\/\/bestpeanutmachine.com\/?post_type=product&#038;p=53"},"modified":"2026-03-31T10:19:42","modified_gmt":"2026-03-31T02:19:42","slug":"peanut-butter-production-line","status":"publish","type":"product","link":"https:\/\/bestpeanutmachine.com\/vi\/product\/peanut-butter-production-line\/","title":{"rendered":"D\u00f2ng s\u1ea3n xu\u1ea5t B\u01a1 \u0110\u1eadu Ph\u1ed9ng 300kg\/gi\u1edd"},"content":{"rendered":"<p class=\"translation-block\">Taizy<strong> d\u00e2y chuy\u1ec1n s\u1ea3n xu\u1ea5t b\u01a1 \u0111\u1eadu ph\u1ed9ng<\/strong> l\u00e0 m\u1ed9t lo\u1ea1t thi\u1ebft b\u1ecb \u0111\u01b0\u1ee3c s\u1eed d\u1ee5ng \u0111\u1ec3 l\u00e0m b\u01a1 \u0111\u1eadu ph\u1ed9ng, bao g\u1ed3m to\u00e0n b\u1ed9 qu\u00e1 tr\u00ecnh rang, ch\u1ecdn, l\u00e0m m\u00e1t, b\u00f3c v\u1ecf, xay, tr\u1ed9n, tho\u00e1t kh\u00ed v\u00e0 \u0111\u00f3ng g\u00f3i. C\u00f4ng su\u1ea5t s\u1ea3n xu\u1ea5t c\u00f3 th\u1ec3 \u0111\u1ea1t 300kg\/h.<\/p>    <p>T\u1ea5t c\u1ea3 c\u00e1c m\u00e1y c\u1ee7a ch\u00fang t\u00f4i \u0111\u01b0\u1ee3c l\u00e0m t\u1eeb th\u00e9p kh\u00f4ng g\u1ec9 \u0111\u1ea1t ti\u00eau chu\u1ea9n th\u1ef1c ph\u1ea9m, b\u1ec1n v\u00e0 c\u00f3 hi\u1ec7u su\u1ea5t tuy\u1ec7t v\u1eddi. B\u00ean c\u1ea1nh \u0111\u00f3, d\u00e2y chuy\u1ec1n ch\u1ebf bi\u1ebfn b\u01a1 \u0111\u1eadu ph\u1ed9ng c\u00f3 c\u00e1c \u0111\u1eb7c \u0111i\u1ec3m t\u1ef1 \u0111\u1ed9ng h\u00f3a cao, d\u1ec5 v\u1eadn h\u00e0nh v\u00e0 hi\u1ec7u qu\u1ea3 v\u01b0\u1ee3t tr\u1ed9i. <\/p>    <p>N\u1ebfu b\u1ea1n ch\u01b0a ch\u1eafc d\u00e2y chuy\u1ec1n s\u1ea3n xu\u1ea5t c\u00f3 ph\u00f9 h\u1ee3p v\u1edbi c\u01a1 s\u1edf c\u1ee7a b\u1ea1n hay kh\u00f4ng, xin vui l\u00f2ng li\u00ean h\u1ec7 v\u1edbi ch\u00fang t\u00f4i. Taizy s\u1ebd vui l\u00f2ng cung c\u1ea5p cho b\u1ea1n gi\u1ea3i ph\u00e1p ph\u00f9 h\u1ee3p nh\u1ea5t v\u00e0 ti\u1ebft ki\u1ec7m chi ph\u00ed nh\u1ea5t.<\/p>    <figure class=\"wp-block-embed aligncenter is-type-video is-provider-youtube wp-block-embed-youtube wp-embed-aspect-16-9 wp-has-aspect-ratio\"><div class=\"wp-block-embed__wrapper\"> <iframe loading=\"lazy\" title=\"\ud83e\udd5cD\u00e2y chuy\u1ec1n s\u1ea3n xu\u1ea5t b\u01a1 \u0111\u1eadu ph\u1ed9ng 300kg\/h - L\u1ea7n ch\u1ea1y th\u1eed | To\u00e0n b\u1ed9 quy tr\u00ecnh &amp; Demo m\u00e1y \u0111\u00f3ng g\u00f3i\uff01\" width=\"500\" height=\"281\" src=\"https:\/\/www.youtube.com\/embed\/ZE7tNtGVjuc?feature=oembed\" frameborder=\"0\" allow=\"accelerometer; autoplay; clipboard-write; encrypted-media; gyroscope; picture-in-picture; web-share\" referrerpolicy=\"strict-origin-when-cross-origin\" allowfullscreen><\/iframe> <\/div><figcaption class=\"wp-element-caption\">Video th\u1eed nghi\u1ec7m d\u00e2y chuy\u1ec1n s\u1ea3n xu\u1ea5t b\u01a1 \u0111\u1eadu ph\u1ed9ng 300kg\/h<\/figcaption><\/figure>    <h2 class=\"wp-block-heading\" id=\"h-features-of-taizy-peanut-butter-production-line\"><strong>T\u00ednh n\u0103ng c\u1ee7a d\u00e2y chuy\u1ec1n s\u1ea3n xu\u1ea5t b\u01a1 \u0111\u1eadu ph\u1ed9ng Taizy<\/strong><\/h2>    <ul class=\"wp-block-list\"> <li>D\u00e2y chuy\u1ec1n s\u1ea3n xu\u1ea5t b\u01a1 \u0111\u1eadu ph\u1ed9ng \u00e1p d\u1ee5ng c\u00f4ng ngh\u1ec7 ti\u00ean ti\u1ebfn qu\u1ed1c t\u1ebf, bao g\u1ed3m thang feeder, m\u00e1y rang \u0111\u1eadu ph\u1ed9ng, b\u0103ng chuy\u1ec1n, m\u00e1y l\u00e0m m\u00e1t, m\u00e1y g\u1ecdt v\u1ecf, m\u00e1y l\u00e0m b\u01a1 \u0111\u1eadu ph\u1ed9ng, b\u01a1m b\u01a1 v\u00e0 m\u00e1y \u0111\u00f3ng g\u00f3i.<\/li>    <li>D\u00e2y chuy\u1ec1n c\u00f3 th\u1ec3 s\u1ea3n xu\u1ea5t l\u00ean t\u1edbi 300kg\/h, b\u01a1 \u0111\u1eadu ph\u1ed9ng th\u00e0nh ph\u1ea9m m\u1ec1m m\u1ecbn. To\u00e0n b\u1ed9 quy tr\u00ecnh \u0111\u01b0\u1ee3c l\u00e0m b\u1eb1ng th\u00e9p kh\u00f4ng g\u1ec9 c\u1ea5p th\u1ef1c ph\u1ea9m, kh\u00f4ng nh\u1eefng \u0111\u1ea3m b\u1ea3o tu\u1ed5i th\u1ecd c\u1ee7a m\u00e1y m\u00e0 c\u00f2n \u0111\u00e1p \u1ee9ng c\u00e1c ti\u00eau chu\u1ea9n an to\u00e0n th\u1ef1c ph\u1ea9m qu\u1ed1c t\u1ebf.<\/li>    <li>C\u00e1c gi\u1ea3i ph\u00e1p v\u1ea5n \u0111\u1ec1 c\u1ee7a d\u00f2ng s\u1ea3n xu\u1ea5t c\u1ee7a ch\u00fang t\u00f4i r\u1ea5t linh ho\u1ea1t. Ch\u00fang t\u00f4i c\u00f3 k\u1ef9 thu\u1eadt vi\u00ean chuy\u00ean nghi\u1ec7p c\u00f3 th\u1ec3 cung c\u1ea5p cho b\u1ea1n k\u1ebf ho\u1ea1ch s\u1ea3n xu\u1ea5t ph\u00f9 h\u1ee3p nh\u1ea5t. N\u1ebfu b\u1ea1n c\u00f3 y\u00eau c\u1ea7u kh\u00e1c, ch\u00fang t\u00f4i c\u0169ng c\u00f3 th\u1ec3 tu\u1ef3 ch\u1ec9nh y\u00eau c\u1ea7u \u0111\u1ed9c quy\u1ec1n c\u1ee7a b\u1ea1n.<\/li> <\/ul>   <div class=\"wp-block-image\"> <figure class=\"aligncenter size-full\"><img loading=\"lazy\" decoding=\"async\" width=\"720\" height=\"540\" src=\"https:\/\/bestpeanutmachine.com\/wp-content\/uploads\/2022\/08\/peanut-butter-making-production-line.webp\" alt=\"d\u00e2y chuy\u1ec1n s\u1ea3n xu\u1ea5t b\u01a1 \u0111\u1eadu ph\u1ed9ng\" class=\"wp-image-471\" srcset=\"https:\/\/bestpeanutmachine.com\/wp-content\/uploads\/2022\/08\/peanut-butter-making-production-line.webp 720w, https:\/\/bestpeanutmachine.com\/wp-content\/uploads\/2022\/08\/peanut-butter-making-production-line-300x225.webp 300w, https:\/\/bestpeanutmachine.com\/wp-content\/uploads\/2022\/08\/peanut-butter-making-production-line-16x12.webp 16w\" sizes=\"auto, (max-width: 720px) 100vw, 720px\" \/><figcaption class=\"wp-element-caption\">d\u00e2y chuy\u1ec1n s\u1ea3n xu\u1ea5t b\u01a1 \u0111\u1eadu ph\u1ed9ng<\/figcaption><\/figure> <\/div>   <h2 class=\"wp-block-heading\" id=\"h-what-is-the-production-process-of-peanut-butter\"><strong>Quy tr\u00ecnh s\u1ea3n xu\u1ea5t b\u01a1 \u0111\u1eadu ph\u1ed9ng nh\u01b0 th\u1ebf n\u00e0o?<\/strong><\/h2>    <p>To\u00e0n b\u1ed9 d\u00e2y chuy\u1ec1n s\u1ea3n xu\u1ea5t b\u01a1 \u0111\u1eadu ph\u1ed9ng n\u00e0y bao g\u1ed3m m\u1ed9t thang m\u00e1y, m\u1ed9t m\u00e1y rang \u0111\u1eadu ph\u1ed9ng, m\u1ed9t m\u00e1y l\u00e0m m\u00e1t, m\u1ed9t m\u00e1y g\u1ecdt v\u1ecf \u0111\u1eadu ph\u1ed9ng, m\u1ed9t m\u00e1y xay \u0111\u1eadu ph\u1ed9ng, m\u1ed9t b\u1ec3 tr\u1ed9n, m\u1ed9t b\u1ec3 ch\u00e2n kh\u00f4ng, m\u1ed9t b\u1ec3 l\u01b0u tr\u1eef v\u00e0 m\u1ed9t m\u00e1y \u0111\u00f3ng g\u00f3i b\u01a1 \u0111\u1eadu ph\u1ed9ng. M\u1ed7i m\u00e1y c\u00f3 ch\u1ee9c n\u0103ng quan tr\u1ecdng c\u1ee7a ri\u00eang n\u00f3.<\/p>    <p>To\u00e0n b\u1ed9 quy tr\u00ecnh s\u1ea3n xu\u1ea5t c\u1ee7a d\u00e2y chuy\u1ec1n l\u00e0m b\u01a1 \u0111\u1eadu ph\u1ed9ng Taizy nh\u01b0 sau:<\/p>    <p class=\"translation-block\"><strong>Rang \u0111\u1eadu ph\u1ed9ng th\u00f4 \u2192 ch\u1ecdn l\u1ecdc \u2192 b\u00f3c v\u1ecf \u2192 l\u00e0m ngu\u1ed9i \u2192 nghi\u1ec1n \u2192 tr\u1ed9n \u2192 kh\u1eed kh\u00ed \u2192 chi\u1ebft r\u00f3t b\u01a1 \u0111\u1eadu ph\u1ed9ng.<\/strong><\/p>    <figure class=\"wp-block-image size-full\"><img loading=\"lazy\" decoding=\"async\" width=\"720\" height=\"540\" src=\"https:\/\/bestpeanutmachine.com\/wp-content\/uploads\/2022\/08\/complete-peanut-butter-production-line.jpg\" alt=\"d\u00e2y chuy\u1ec1n s\u1ea3n xu\u1ea5t b\u01a1 \u0111\u1eadu ph\u1ed9ng ho\u00e0n ch\u1ec9nh\" class=\"wp-image-58\" srcset=\"https:\/\/bestpeanutmachine.com\/wp-content\/uploads\/2022\/08\/complete-peanut-butter-production-line.jpg 720w, https:\/\/bestpeanutmachine.com\/wp-content\/uploads\/2022\/08\/complete-peanut-butter-production-line-300x225.jpg 300w\" sizes=\"auto, (max-width: 720px) 100vw, 720px\" \/><figcaption class=\"wp-element-caption\">d\u00e2y chuy\u1ec1n s\u1ea3n xu\u1ea5t b\u01a1 \u0111\u1eadu ph\u1ed9ng ho\u00e0n ch\u1ec9nh<\/figcaption><\/figure>    <h2 class=\"wp-block-heading\" id=\"h-technical-data-of-peanut-butter-making-line\"><strong>Technical data and main machines&#8217; functions of this peanut butter making line<\/strong><\/h2>    <p>D\u01b0\u1edbi \u0111\u00e2y l\u00e0 c\u00e1c tham s\u1ed1 \u0111\u01a1n gi\u1ea3n c\u1ee7a c\u00e1c m\u00e1y ch\u00ednh trong d\u00e2y chuy\u1ec1n v\u00e0 ch\u1ee9c n\u0103ng chi ti\u1ebft c\u1ee7a ch\u00fang trong qu\u00e1 tr\u00ecnh l\u00e0m b\u01a1 \u0111\u1eadu ph\u1ed9ng.<\/p>    <figure class=\"wp-block-table\"><table><tbody><tr><td>T\u00ean<\/td><td>C\u00f4ng su\u1ea5t (kg \/ gi\u1edd)<\/td><td>K\u00edch c\u1ee1<\/td><td>Quy\u1ec1n l\u1ef1c<\/td><\/tr><tr><td>M\u00e1y rang \u0111\u1eadu ph\u1ed9ng<\/td><td>200kg\/gi\u1edd<\/td><td>1800*2200*1700mm<\/td><td>2,2kw<\/td><\/tr><tr><td>V\u00e0nh \u0111ai giao h\u00e0ng<\/td><td>200kg\/gi\u1edd<\/td><td>5000*900*850mm<\/td><td>1,1kw<\/td><\/tr><tr><td>M\u00e1y b\u00f3c v\u1ecf \u0111\u1eadu ph\u1ed9ng<\/td><td>200kg\/gi\u1edd<\/td><td>1900*800*1400mm<\/td><td>1,85kw<\/td><\/tr><tr><td>M\u00e1y l\u00e0m b\u01a1 \u0111\u1eadu ph\u1ed9ng<\/td><td>200kg\/gi\u1edd<\/td><td>1100*750*1300mm<\/td><td>29,5kw<\/td><\/tr><tr><td>B\u01a1m d\u00e1n<\/td><td>50kg\/gi\u1edd*3<\/td><td>1500*250*250mm<\/td><td>1,5kw<\/td><\/tr><tr><td>M\u00e1y l\u00e0m m\u00e1t \u0111\u1eadu ph\u1ed9ng<\/td><td>200kg\/gi\u1edd<\/td><td>1000*1000*1700mm<\/td><td>2,2kw<\/td><\/tr><tr><td>M\u00e1y l\u00e0m \u0111\u1eadu ph\u1ed9ng<\/td><td>100-400lon\/gi\u1edd<\/td><td>400*400*1400mm<\/td><td>1,1kw<\/td><\/tr><\/tbody><\/table><figcaption class=\"wp-element-caption\">tham s\u1ed1 c\u1ee7a c\u00e1c m\u00e1y ch\u00ednh c\u1ee7a d\u00e2y chuy\u1ec1n s\u1ea3n xu\u1ea5t b\u01a1 \u0111\u1eadu ph\u1ed9ng<\/figcaption><\/figure>    <h3 class=\"wp-block-heading\"><strong>M\u00e1y rang \u0111\u1eadu ph\u1ed9ng<\/strong><\/h3>    <div class=\"wp-block-media-text is-stacked-on-mobile\"><figure class=\"wp-block-media-text__media\"><img loading=\"lazy\" decoding=\"async\" width=\"720\" height=\"540\" src=\"https:\/\/bestpeanutmachine.com\/wp-content\/uploads\/2022\/08\/peanut-roaster.webp\" alt=\"quay \u0111\u1eadu ph\u1ed9ng trong d\u00e2y chuy\u1ec1n s\u1ea3n xu\u1ea5t b\u01a1 \u0111\u1eadu ph\u1ed9ng\" class=\"wp-image-461 size-full\" srcset=\"https:\/\/bestpeanutmachine.com\/wp-content\/uploads\/2022\/08\/peanut-roaster.webp 720w, https:\/\/bestpeanutmachine.com\/wp-content\/uploads\/2022\/08\/peanut-roaster-300x225.webp 300w, https:\/\/bestpeanutmachine.com\/wp-content\/uploads\/2022\/08\/peanut-roaster-16x12.webp 16w\" sizes=\"auto, (max-width: 720px) 100vw, 720px\" \/><\/figure><div class=\"wp-block-media-text__content\"> <p>Quay \u0111\u1eadu ph\u1ed9ng s\u1eed d\u1ee5ng gi\u00f3 n\u00f3ng ho\u1eb7c \u0111\u1ed1t n\u00f3ng b\u1eb1ng \u0111i\u1ec7n \u0111\u1ec3 l\u00e0m n\u00f3ng \u0111\u1ec1u \u0111\u1eadu ph\u1ed9ng, t\u00e1ch v\u1ecf, l\u00e0m kh\u00f4 v\u00e0 t\u0103ng h\u01b0\u01a1ng v\u1ecb. B\u1ea1n c\u00f3 th\u1ec3 ch\u1ecdn ngu\u1ed3n nhi\u1ec7t l\u00e0 \u0111i\u1ec7n, d\u1ea7u, gas ho\u1eb7c than l\u00e0m ngu\u1ed3n nhi\u1ec7t, v\u1edbi c\u00f4ng su\u1ea5t t\u1eeb 30 \u0111\u1ebfn 650 kg\/h.<\/p> <\/div><\/div>    <h3 class=\"wp-block-heading\"><strong>M\u00e1y l\u00e0m m\u00e1t \u0111\u1eadu ph\u1ed9ng<\/strong><\/h3>    <div class=\"wp-block-media-text is-stacked-on-mobile\"><figure class=\"wp-block-media-text__media\"><img loading=\"lazy\" decoding=\"async\" width=\"720\" height=\"540\" src=\"https:\/\/bestpeanutmachine.com\/wp-content\/uploads\/2022\/08\/peanut-cooling-machine.webp\" alt=\"m\u00e1y l\u00e0m m\u00e1t \u0111\u1eadu ph\u1ed9ng trong d\u00e2y chuy\u1ec1n s\u1ea3n xu\u1ea5t b\u01a1 \u0111\u1eadu ph\u1ed9ng\" class=\"wp-image-462 size-full\" srcset=\"https:\/\/bestpeanutmachine.com\/wp-content\/uploads\/2022\/08\/peanut-cooling-machine.webp 720w, https:\/\/bestpeanutmachine.com\/wp-content\/uploads\/2022\/08\/peanut-cooling-machine-300x225.webp 300w, https:\/\/bestpeanutmachine.com\/wp-content\/uploads\/2022\/08\/peanut-cooling-machine-16x12.webp 16w\" sizes=\"auto, (max-width: 720px) 100vw, 720px\" \/><\/figure><div class=\"wp-block-media-text__content\"> <p>L\u00e0m m\u00e1t nhanh c\u00e1c h\u1ea1t \u0111\u1eadu ph\u1ed9ng rang gi\u00fap ch\u00fang kh\u00f4ng m\u1ea5t \u0111i h\u01b0\u01a1ng v\u1ecb v\u00e0 m\u00f9i. M\u00e1y l\u00e0m m\u00e1t c\u1ee7a ch\u00fang t\u00f4i s\u1eed d\u1ee5ng qu\u1ea1t \u0111\u1ec3 r\u00fat kh\u00f4ng kh\u00ed n\u00f3ng ra, l\u00e0m m\u00e1t nhanh, l\u00fd t\u01b0\u1edfng cho d\u00e2y chuy\u1ec1n s\u1ea3n xu\u1ea5t.<\/p> <\/div><\/div>    <h3 class=\"wp-block-heading\"><strong>M\u00e1y b\u00f3c v\u1ecf \u0111\u1eadu ph\u1ed9ng<\/strong><\/h3>    <div class=\"wp-block-media-text is-stacked-on-mobile\"><figure class=\"wp-block-media-text__media\"><img loading=\"lazy\" decoding=\"async\" width=\"720\" height=\"540\" src=\"https:\/\/bestpeanutmachine.com\/wp-content\/uploads\/2022\/08\/peanut-peeling-machine-1.webp\" alt=\"m\u00e1y g\u1ecdt v\u1ecf \u0111\u1eadu ph\u1ed9ng trong d\u00e2y chuy\u1ec1n s\u1ea3n xu\u1ea5t b\u01a1 \u0111\u1eadu ph\u1ed9ng\" class=\"wp-image-463 size-full\" srcset=\"https:\/\/bestpeanutmachine.com\/wp-content\/uploads\/2022\/08\/peanut-peeling-machine-1.webp 720w, https:\/\/bestpeanutmachine.com\/wp-content\/uploads\/2022\/08\/peanut-peeling-machine-1-300x225.webp 300w, https:\/\/bestpeanutmachine.com\/wp-content\/uploads\/2022\/08\/peanut-peeling-machine-1-16x12.webp 16w\" sizes=\"auto, (max-width: 720px) 100vw, 720px\" \/><\/figure><div class=\"wp-block-media-text__content\"> <p>M\u00e1y g\u1ed9t v\u1ecf l\u1ea1c Tiazy s\u1eed d\u1ee5ng nguy\u00ean l\u00fd c\u1ecd x\u00e1t b\u1eb1ng tr\u1ee5c cao su ho\u1eb7c ma s\u00e1t drum \u0111\u1ec3 lo\u1ea1i b\u1ecf v\u1ecf \u0111\u1ecf c\u1ee7a \u0111\u1eadu ph\u1ed9ng m\u1ed9t c\u00e1ch nhanh ch\u00f3ng v\u00e0 hi\u1ec7u qu\u1ea3. T\u1ef7 l\u1ec7 g\u1eb7t h\u00e1i c\u00f3 th\u1ec3 \u0111\u1ea1t 98% v\u1edbi c\u00f4ng su\u1ea5t 200-1000kg\/h.<\/p> <\/div><\/div>    <h3 class=\"wp-block-heading\"><strong>M\u00e1y l\u00e0m b\u01a1 \u0111\u1eadu ph\u1ed9ng<\/strong><\/h3>    <div class=\"wp-block-media-text is-stacked-on-mobile\"><figure class=\"wp-block-media-text__media\"><img loading=\"lazy\" decoding=\"async\" width=\"720\" height=\"540\" src=\"https:\/\/bestpeanutmachine.com\/wp-content\/uploads\/2022\/08\/peanut-butter-grinding-machine.webp\" alt=\"m\u00e1y xay b\u01a1 \u0111\u1eadu ph\u1ed9ng trong d\u00e2y chuy\u1ec1n s\u1ea3n xu\u1ea5t b\u01a1 \u0111\u1eadu ph\u1ed9ng\" class=\"wp-image-464 size-full\" srcset=\"https:\/\/bestpeanutmachine.com\/wp-content\/uploads\/2022\/08\/peanut-butter-grinding-machine.webp 720w, https:\/\/bestpeanutmachine.com\/wp-content\/uploads\/2022\/08\/peanut-butter-grinding-machine-300x225.webp 300w, https:\/\/bestpeanutmachine.com\/wp-content\/uploads\/2022\/08\/peanut-butter-grinding-machine-16x12.webp 16w\" sizes=\"auto, (max-width: 720px) 100vw, 720px\" \/><\/figure><div class=\"wp-block-media-text__content\"> <p>Ch\u00fang t\u00f4i cung c\u1ea5p c\u00e1c m\u00f4 h\u00ecnh m\u00e1y b\u01a1 \u0111\u1eadu ph\u1ed9ng kh\u00e1c nhau v\u1edbi c\u00f4ng su\u1ea5t t\u1eeb 200 \u0111\u1ebfn 5000 kg\/h. S\u1ea3n ph\u1ea9m ho\u00e0n ch\u1ec9nh kh\u00f4ng c\u00f3 h\u1ea1t m\u1ecbn v\u00e0 c\u00f3 v\u1ecb m\u1ecbn m\u00e0ng. M\u00e1y l\u00e0m b\u1eb1ng th\u00e9p kh\u00f4ng g\u1ec9 c\u1ea5p th\u1ef1c ph\u1ea9m c\u00f3 th\u1ec3 \u0111\u00e1p \u1ee9ng h\u1ea7u h\u1ebft c\u00e1c y\u00eau c\u1ea7u s\u1ea3n xu\u1ea5t.<\/p> <\/div><\/div>    <p>Ngo\u00e0i nh\u1eefng m\u00e1y n\u00e0y, th\u00f9ng tr\u1ed9n, m\u00e1y tho\u00e1t kh\u00ed ch\u00e2n kh\u00f4ng v\u00e0 m\u00e1y \u0111\u00f3ng g\u00f3i b\u01a1 \u0111\u1eadu ph\u1ed9ng c\u0169ng l\u00e0 c\u00e1c th\u00e0nh ph\u1ea7n quan tr\u1ecdng. Ch\u00fang ho\u00e0n thi\u1ec7n qu\u00e1 tr\u00ecnh d\u00e2y chuy\u1ec1n s\u1ea3n xu\u1ea5t v\u00e0 th\u1ef1c s\u1ef1 cung c\u1ea5p \u0111\u1ea7y \u0111\u1ee7 t\u1eeb nguy\u00ean li\u1ec7u \u0111\u1ebfn s\u1ea3n ph\u1ea9m.<\/p>    <p>Ngo\u00e0i ra, ch\u00fang t\u00f4i cung c\u1ea5p hai lo\u1ea1i m\u00e1y \u0111\u00f3ng g\u00f3i: m\u00e1y \u0111\u00f3ng g\u00f3i ho\u00e0n to\u00e0n t\u1ef1 \u0111\u1ed9ng v\u00e0 m\u00e1y \u0111\u00f3ng g\u00f3i b\u00e1n t\u1ef1 \u0111\u1ed9ng.<\/p>    <ul class=\"wp-block-list\"> <li>M\u00e1y \u0111\u1ed5 peanut t\u1ef1 \u0111\u1ed9ng ho\u00e0n ch\u1ec9nh bao g\u1ed3m to\u00e0n b\u1ed9 qu\u00e1 tr\u00ecnh \u0111\u00f3ng, \u0111\u1eady n\u1eafp, ni\u00eam phong ch\u00e2n kh\u00f4ng, v.v., c\u00f3 th\u1ec3 \u0111\u1ea1t \u0111\u01b0\u1ee3c t\u1ef1 \u0111\u1ed9ng h\u00f3a to\u00e0n b\u1ed9 d\u00e2y chuy\u1ec1n s\u1ea3n xu\u1ea5t v\u00e0 ti\u1ebft ki\u1ec7m nh\u00e2n c\u00f4ng, nh\u01b0ng gi\u00e1 s\u1ebd cao.<\/li>    <li>M\u00e1y \u0111\u1ed5 b\u01a1 \u0111\u1eadu ph\u1ed9ng b\u00e1n t\u1ef1 \u0111\u1ed9ng th\u01b0\u1eddng ch\u1ec9 cung c\u1ea5p ch\u1ee9c n\u0103ng \u0111\u1ed5, c\u00f3 th\u1ec3 \u0111\u1ed5 theo \u0111\u1ecbnh l\u01b0\u1ee3ng, nh\u01b0ng \u0111\u00f2i h\u1ecfi \u0111\u1eb7t containers b\u1eb1ng tay. V\u00e0 t\u1ea5t nhi\u00ean, chi ph\u00ed thi\u1ebft b\u1ecb b\u00e1n t\u1ef1 \u0111\u1ed9ng th\u1ea5p h\u01a1n.<\/li> <\/ul>    <figure class=\"wp-block-gallery has-nested-images columns-default is-cropped wp-block-gallery-2 is-layout-flex wp-block-gallery-is-layout-flex\"> <figure class=\"wp-block-image size-large\"><img loading=\"lazy\" decoding=\"async\" width=\"720\" height=\"540\" data-id=\"474\" src=\"https:\/\/bestpeanutmachine.com\/wp-content\/uploads\/2022\/08\/peanut-butter-filling-and-sealing-part.webp\" alt=\"ph\u1ea7n \u0111\u00f3ng g\u00f3i v\u00e0 ni\u00eam phong b\u01a1 \u0111\u1eadu ph\u1ed9ng\" class=\"wp-image-474\" srcset=\"https:\/\/bestpeanutmachine.com\/wp-content\/uploads\/2022\/08\/peanut-butter-filling-and-sealing-part.webp 720w, https:\/\/bestpeanutmachine.com\/wp-content\/uploads\/2022\/08\/peanut-butter-filling-and-sealing-part-300x225.webp 300w, https:\/\/bestpeanutmachine.com\/wp-content\/uploads\/2022\/08\/peanut-butter-filling-and-sealing-part-16x12.webp 16w\" sizes=\"auto, (max-width: 720px) 100vw, 720px\" \/><figcaption class=\"wp-element-caption\">ph\u1ea7n \u0111\u00f3ng g\u00f3i v\u00e0 ni\u00eam phong b\u01a1 \u0111\u1eadu ph\u1ed9ng<\/figcaption><\/figure>    <figure class=\"wp-block-image size-large\"><img loading=\"lazy\" decoding=\"async\" width=\"720\" height=\"540\" data-id=\"480\" src=\"https:\/\/bestpeanutmachine.com\/wp-content\/uploads\/2022\/08\/semi-auto-filling-machine.webp\" alt=\"m\u00e1y \u0111\u00f3ng g\u00f3i b\u00e1n t\u1ef1 \u0111\u1ed9ng\" class=\"wp-image-480\" srcset=\"https:\/\/bestpeanutmachine.com\/wp-content\/uploads\/2022\/08\/semi-auto-filling-machine.webp 720w, https:\/\/bestpeanutmachine.com\/wp-content\/uploads\/2022\/08\/semi-auto-filling-machine-300x225.webp 300w, https:\/\/bestpeanutmachine.com\/wp-content\/uploads\/2022\/08\/semi-auto-filling-machine-16x12.webp 16w\" sizes=\"auto, (max-width: 720px) 100vw, 720px\" \/><figcaption class=\"wp-element-caption\">m\u00e1y \u0111\u00f3ng g\u00f3i b\u00e1n t\u1ef1 \u0111\u1ed9ng<\/figcaption><\/figure> <\/figure>    <h2 class=\"wp-block-heading\" id=\"h-main-parts-of-the-peanut-butter-production-line\"><strong>Tr\u01b0\u1eddng h\u1ee3p th\u00e0nh c\u00f4ng c\u1ee7a d\u00e2y chuy\u1ec1n s\u1ea3n xu\u1ea5t b\u01a1 \u0111\u1eadu ph\u1ed9ng<\/strong><\/h2>    <p>M\u1ed9t kh\u00e1ch h\u00e0ng t\u1eeb Santania t\u00f9y ch\u1ec9nh d\u00e2y chuy\u1ec1n s\u1ea3n xu\u1ea5t b\u00e1n t\u1ef1 \u0111\u1ed9ng c\u1ee7a ch\u00fang t\u00f4i bao g\u1ed3m m\u00e1y nghi\u1ec1n b\u01a1 \u0111\u1eadu ph\u1ed9ng, b\u1ed3n tr\u1ed9n b\u01a1 \u0111\u1eadu ph\u1ed9ng, b\u1ed3n ch\u1ee9a b\u01a1 \u0111\u1eadu ph\u1ed9ng v\u00e0 m\u00e1y \u0111\u00f3ng g\u00f3i b\u01a1 \u0111\u1eadu ph\u1ed9ng t\u1ef1 \u0111\u1ed9ng.<\/p>    <p>H\u1ecd l\u00e0 m\u1ed9t h\u1ee3p t\u00e1c x\u00e3 n\u00f4ng nghi\u1ec7p c\u1ee1 v\u1eeba t\u1eadp trung v\u00e0o s\u1ea3n xu\u1ea5t \u0111\u1eadu ph\u1ed9ng v\u00e0 ch\u1ebf bi\u1ebfn c\u00e1c s\u1ea3n ph\u1ea9m t\u1eeb \u0111\u1eadu ph\u1ed9ng \u0111\u1ec3 b\u00e1n. Do kh\u00f4ng gian h\u1ea1n ch\u1ebf, h\u1ecd tham kh\u1ea3o \u00fd ki\u1ebfn c\u1ee7a ch\u00fang t\u00f4i v\u1ec1 vi\u1ec7c mua m\u00e1y v\u00e0 \u0111\u00e3 \u0111\u1ea7u t\u01b0 l\u1edbn v\u00e0o c\u00e1c m\u00e1y \u0111\u01a1n ch\u1ee7 ch\u1ed1t.<\/p>    <p>V\u00ec k\u1ebft qu\u1ea3 b\u00e1n h\u00e0ng t\u1ed1t, h\u1ecd quy\u1ebft \u0111\u1ecbnh m\u1edf r\u1ed9ng s\u1ea3n xu\u1ea5t v\u00e0 n\u00e2ng c\u1ea5p d\u00e2y chuy\u1ec1n l\u00ean h\u1ec7 th\u1ed1ng m\u00e1y \u0111\u00f3ng g\u00f3i t\u1ef1 \u0111\u1ed9ng ho\u00e0n to\u00e0n. B\u00e2y gi\u1edd th\u01b0\u01a1ng hi\u1ec7u c\u1ee7a h\u1ecd r\u1ea5t ph\u1ed5 bi\u1ebfn t\u1ea1i \u0111\u1ecba ph\u01b0\u01a1ng, \u0111\u00e3 v\u00e0o si\u00eau th\u1ecb v\u00e0 c\u1eeda h\u00e0ng, v\u00e0 kh\u1ed1i l\u01b0\u1ee3ng \u0111\u01a1n \u0111\u1eb7t h\u00e0ng c\u0169ng t\u0103ng l\u00ean \u0111\u00e1ng k\u1ec3.<\/p>    <p>\u201cNay m\u1ecdi th\u1ee9 d\u1ec5 d\u00e0ng h\u01a1n tr\u01b0\u1edbc nhi\u1ec1u. Ch\u00fang t\u00f4i r\u1ea5t h\u00e0i l\u00f2ng v\u1edbi \u0111\u1ea7u t\u01b0 v\u00e0o s\u1ea3n xu\u1ea5t m\u00e1y, hi\u1ec7u qu\u1ea3 s\u1ea3n xu\u1ea5t th\u1eadt \u0111\u00e1ng kinh ng\u1ea1c.\u201d<\/p>    <figure class=\"wp-block-gallery has-nested-images columns-2 is-cropped wp-block-gallery-3 is-layout-flex wp-block-gallery-is-layout-flex\"> <figure class=\"wp-block-image size-large\"><img loading=\"lazy\" decoding=\"async\" width=\"720\" height=\"540\" data-id=\"472\" src=\"https:\/\/bestpeanutmachine.com\/wp-content\/uploads\/2022\/08\/small-storage-tank.webp\" alt=\"b\u1ed3n ch\u1ee9a nh\u1ecf\" class=\"wp-image-472\" srcset=\"https:\/\/bestpeanutmachine.com\/wp-content\/uploads\/2022\/08\/small-storage-tank.webp 720w, https:\/\/bestpeanutmachine.com\/wp-content\/uploads\/2022\/08\/small-storage-tank-300x225.webp 300w, https:\/\/bestpeanutmachine.com\/wp-content\/uploads\/2022\/08\/small-storage-tank-16x12.webp 16w\" sizes=\"auto, (max-width: 720px) 100vw, 720px\" \/><figcaption class=\"wp-element-caption\">b\u1ed3n ch\u1ee9a nh\u1ecf<\/figcaption><\/figure>    <figure class=\"wp-block-image size-large\"><img loading=\"lazy\" decoding=\"async\" width=\"720\" height=\"540\" data-id=\"473\" src=\"https:\/\/bestpeanutmachine.com\/wp-content\/uploads\/2022\/08\/double-peanut-grinding-part.webp\" alt=\"ph\u1ea7n xay \u0111\u1eadu ph\u1ed9ng k\u00e9p\" class=\"wp-image-473\" srcset=\"https:\/\/bestpeanutmachine.com\/wp-content\/uploads\/2022\/08\/double-peanut-grinding-part.webp 720w, https:\/\/bestpeanutmachine.com\/wp-content\/uploads\/2022\/08\/double-peanut-grinding-part-300x225.webp 300w, https:\/\/bestpeanutmachine.com\/wp-content\/uploads\/2022\/08\/double-peanut-grinding-part-16x12.webp 16w\" sizes=\"auto, (max-width: 720px) 100vw, 720px\" \/><figcaption class=\"wp-element-caption\">ph\u1ea7n xay \u0111\u1eadu ph\u1ed9ng k\u00e9p<\/figcaption><\/figure>    <figure class=\"wp-block-image size-large\"><img loading=\"lazy\" decoding=\"async\" width=\"720\" height=\"540\" data-id=\"475\" src=\"https:\/\/bestpeanutmachine.com\/wp-content\/uploads\/2022\/08\/packaging-and-shipping-of-the-production-line.webp\" alt=\"\u0111\u00f3ng g\u00f3i v\u00e0 v\u1eadn chuy\u1ec3n c\u1ee7a d\u00e2y chuy\u1ec1n s\u1ea3n xu\u1ea5t\" class=\"wp-image-475\" srcset=\"https:\/\/bestpeanutmachine.com\/wp-content\/uploads\/2022\/08\/packaging-and-shipping-of-the-production-line.webp 720w, https:\/\/bestpeanutmachine.com\/wp-content\/uploads\/2022\/08\/packaging-and-shipping-of-the-production-line-300x225.webp 300w, https:\/\/bestpeanutmachine.com\/wp-content\/uploads\/2022\/08\/packaging-and-shipping-of-the-production-line-16x12.webp 16w\" sizes=\"auto, (max-width: 720px) 100vw, 720px\" \/><figcaption class=\"wp-element-caption\">\u0111\u00f3ng g\u00f3i v\u00e0 v\u1eadn chuy\u1ec3n c\u1ee7a d\u00e2y chuy\u1ec1n s\u1ea3n xu\u1ea5t<\/figcaption><\/figure>    <figure class=\"wp-block-image size-large\"><img loading=\"lazy\" decoding=\"async\" width=\"720\" height=\"540\" data-id=\"449\" src=\"https:\/\/bestpeanutmachine.com\/wp-content\/uploads\/2025\/09\/clientss-feedback-of-peanut-butter-machine.webp\" alt=\"ph\u1ea3n h\u1ed3i c\u1ee7a kh\u00e1ch h\u00e0ng v\u1ec1 m\u00e1y l\u00e0m b\u01a1 \u0111\u1eadu ph\u1ed9ng\" class=\"wp-image-449\" srcset=\"https:\/\/bestpeanutmachine.com\/wp-content\/uploads\/2025\/09\/clientss-feedback-of-peanut-butter-machine.webp 720w, https:\/\/bestpeanutmachine.com\/wp-content\/uploads\/2025\/09\/clientss-feedback-of-peanut-butter-machine-300x225.webp 300w, https:\/\/bestpeanutmachine.com\/wp-content\/uploads\/2025\/09\/clientss-feedback-of-peanut-butter-machine-16x12.webp 16w\" sizes=\"auto, (max-width: 720px) 100vw, 720px\" \/><figcaption class=\"wp-element-caption\">ph\u1ea3n h\u1ed3i c\u1ee7a kh\u00e1ch h\u00e0ng v\u1ec1 m\u00e1y l\u00e0m b\u01a1 \u0111\u1eadu ph\u1ed9ng<\/figcaption><\/figure> <\/figure>    <p>Taizy l\u00e0 m\u1ed9t nh\u00e0 s\u1ea3n xu\u1ea5t m\u00e1y ch\u1ebf bi\u1ebfn \u0111\u1eadu ph\u1ed9ng chuy\u00ean nghi\u1ec7p. N\u1ebfu b\u1ea1n g\u1eb7p b\u1ea5t k\u1ef3 v\u1ea5n \u0111\u1ec1 ho\u1eb7c mu\u1ed1n tu\u1ef3 ch\u1ec9nh d\u00e2y chuy\u1ec1n c\u1ee7a b\u1ea1n, xin h\u00e3y tham kh\u1ea3o \u00fd ki\u1ebfn c\u1ee7a ch\u00fang t\u00f4i \u0111\u1ec3 nh\u1eadn b\u1ea3ng quota.<\/p>","protected":false},"excerpt":{"rendered":"<p>N\u1ebfu b\u1ea1n \u0111ang t\u00ecm ki\u1ebfm m\u1ed9t d\u00e2y chuy\u1ec1n s\u1ea3n xu\u1ea5t b\u01a1 \u0111\u1eadu ph\u1ed9ng l\u00fd t\u01b0\u1edfng, Taizy gi\u1edbi thi\u1ec7u gi\u1ea3i ph\u00e1p n\u00e0y, c\u00f3 th\u1ec3 t\u00f9y ch\u1ec9nh \u0111\u1ec3 ph\u00f9 h\u1ee3p v\u1edbi y\u00eau c\u1ea7u th\u1ef1c t\u1ebf cho kinh doanh th\u1ef1c ph\u1ea9m \u0111\u1eadu ph\u1ed9ng c\u1ee7a b\u1ea1n.<\/p>","protected":false},"author":1,"featured_media":58,"parent":0,"template":"","tags":[11,8],"product-type":[60],"class_list":["post-53","product","type-product","status-publish","has-post-thumbnail","hentry","tag-peanut","tag-peanut-processing-machine","product-type-production-line"],"_links":{"self":[{"href":"https:\/\/bestpeanutmachine.com\/vi\/wp-json\/wp\/v2\/product\/53","targetHints":{"allow":["GET"]}}],"collection":[{"href":"https:\/\/bestpeanutmachine.com\/vi\/wp-json\/wp\/v2\/product"}],"about":[{"href":"https:\/\/bestpeanutmachine.com\/vi\/wp-json\/wp\/v2\/types\/product"}],"author":[{"embeddable":true,"href":"https:\/\/bestpeanutmachine.com\/vi\/wp-json\/wp\/v2\/users\/1"}],"wp:featuredmedia":[{"embeddable":true,"href":"https:\/\/bestpeanutmachine.com\/vi\/wp-json\/wp\/v2\/media\/58"}],"wp:attachment":[{"href":"https:\/\/bestpeanutmachine.com\/vi\/wp-json\/wp\/v2\/media?parent=53"}],"wp:term":[{"taxonomy":"post_tag","embeddable":true,"href":"https:\/\/bestpeanutmachine.com\/vi\/wp-json\/wp\/v2\/tags?post=53"},{"taxonomy":"product-type","embeddable":true,"href":"https:\/\/bestpeanutmachine.com\/vi\/wp-json\/wp\/v2\/product-type?post=53"}],"curies":[{"name":"wp","href":"https:\/\/api.w.org\/{rel}","templated":true}]}}