{"id":596,"date":"2025-11-18T15:56:40","date_gmt":"2025-11-18T07:56:40","guid":{"rendered":"https:\/\/bestpeanutmachine.com\/?post_type=product&#038;p=596"},"modified":"2025-11-18T15:57:49","modified_gmt":"2025-11-18T07:57:49","slug":"peanut-planter-machine","status":"publish","type":"product","link":"https:\/\/bestpeanutmachine.com\/vi\/product\/peanut-planter-machine\/","title":{"rendered":"M\u00e1y tr\u1ed3ng \u0111\u1eadu ph\u1ed9ng cho n\u00f4ng nghi\u1ec7p \u0111\u1eadu ph\u1ed9ng hi\u1ec7u qu\u1ea3"},"content":{"rendered":"<p class=\"translation-block\">Taizy <strong>m\u00e1y tr\u1ed3ng \u0111\u1eadu<\/strong> c\u00f3 th\u1ec3 s\u1eed d\u1ee5ng v\u1edbi m\u00e1y k\u00e9o b\u1ed1n b\u00e1nh t\u1eeb 20 m\u00e3 l\u1ef1c tr\u1edf l\u00ean. N\u00f3 t\u00edch h\u1ee3p c\u00e1c ch\u1ee9c n\u0103ng nh\u01b0 \u0111\u00e0o r\u00e3nh, b\u00f3n ph\u00e2n, gieo h\u1ea1t v\u00e0 ph\u1ee7 \u0111\u1ea5t, c\u00f3 th\u1ec3 ho\u00e0n th\u00e0nh c\u1ea3 vi\u1ec7c b\u00f3n ph\u00e2n v\u00e0 gieo h\u1ea1t c\u00f9ng l\u00fac. <\/p>    <p>This peanut seeder&#8217;s production efficiency can reach over 0.5-3.2acres per hour with a lower seeding\u00a0rate of >98%. Besides, its sowing depth, spacing, and distance can be adjusted according to the agricultural planting needs of different regions.<\/p>    <h2 class=\"wp-block-heading\"><strong>\u0110i\u1ec3m n\u1ed5i b\u1eadt c\u1ee7a m\u00e1y tr\u1ed3ng \u0111\u1eadu ph\u1ed9ng Taizy<\/strong><\/h2>    <ul class=\"wp-block-list\"> <li>M\u00e1y tr\u1ed3ng \u0111\u1eadu c\u1ee7a ch\u00fang t\u00f4i c\u00f3 th\u1ec3 ho\u00e0n th\u00e0nh nhi\u1ec1u ch\u1ee9c n\u0103ng trong m\u1ed9t l\u1ea7n v\u1eadn h\u00e0nh, bao g\u1ed3m \u0111\u00e0o r\u00e3nh, b\u00f3n ph\u00e2n, gieo h\u1ea1t v\u00e0 ph\u1ee7 \u0111\u1ea5t. Ho\u1ea1t \u0111\u1ed9ng t\u00edch h\u1ee3p n\u00e0y gi\u00fap n\u00e2ng cao hi\u1ec7u qu\u1ea3 gieo tr\u1ed3ng v\u00e0 ph\u00f9 h\u1ee3p cho tr\u1ed3ng quy m\u00f4 l\u1edbn.<\/li>    <li>The peanut seeder&#8217;s design incorporates advanced foreign seeding technology, achieving a seeding accuracy of over 98%. This not only ensures uniform seed spacing but also stabilizes seeding depth, resulting in a high germination rate and higher yield.<\/li>    <li>M\u00e1y gieo h\u1ea1t n\u00e0y c\u00f3 th\u1ec3 t\u1ef1 \u0111\u1ed9ng \u0111i\u1ec1u ch\u1ec9nh kho\u1ea3ng c\u00e1ch h\u00e0ng (300\u2013350 mm), kho\u1ea3ng c\u00e1ch h\u1ea1t (80\u2013300 mm), v\u00e0 \u0111\u1ed9 s\u00e2u gieo theo \u0111i\u1ec1u ki\u1ec7n \u0111\u1ea5t \u0111ai \u0111\u1ecba ph\u01b0\u01a1ng. Do \u0111\u00f3, m\u00e1y n\u00e0y ph\u00f9 h\u1ee3p v\u1edbi c\u00e1c v\u00f9ng n\u00f4ng nghi\u1ec7p, lo\u1ea1i \u0111\u1ea5t v\u00e0 th\u00f3i quen tr\u1ed3ng tr\u1ecdt kh\u00e1c nhau.<\/li> <\/ul>   <div class=\"wp-block-image\"> <figure class=\"aligncenter size-full\"><img loading=\"lazy\" decoding=\"async\" width=\"720\" height=\"540\" src=\"https:\/\/bestpeanutmachine.com\/wp-content\/uploads\/2025\/11\/peanut-sowing-machine.webp\" alt=\"m\u00e1y gieo \u0111\u1eadu\" class=\"wp-image-598\" srcset=\"https:\/\/bestpeanutmachine.com\/wp-content\/uploads\/2025\/11\/peanut-sowing-machine.webp 720w, https:\/\/bestpeanutmachine.com\/wp-content\/uploads\/2025\/11\/peanut-sowing-machine-300x225.webp 300w, https:\/\/bestpeanutmachine.com\/wp-content\/uploads\/2025\/11\/peanut-sowing-machine-16x12.webp 16w\" sizes=\"auto, (max-width: 720px) 100vw, 720px\" \/><figcaption class=\"wp-element-caption\">m\u00e1y gieo \u0111\u1eadu<\/figcaption><\/figure> <\/div>   <h2 class=\"wp-block-heading\"><strong>M\u00e1y gieo \u0111\u1eadu ph\u1ed9ng l\u00e0 g\u00ec?<\/strong><\/h2>    <p>The peanut planter is specifically designed for precise and efficient peanut planting. It&#8217;s typically paired with a 20-90 horsepower four-wheel tractor, integrating multiple agricultural steps into a continuous workflow, significantly reducing manual labor and improving field efficiency.<\/p>    <p class=\"translation-block\">M\u00e1y tr\u1ed3ng \u0111\u1eadu ph\u00f9 h\u1ee3p v\u1edbi nhi\u1ec1u m\u00f4i tr\u01b0\u1eddng n\u00f4ng nghi\u1ec7p kh\u00e1c nhau, nh\u01b0 tr\u1ed3ng \u0111\u1eadu, tr\u1ed3ng tr\u00ean \u0111\u1ed3i, tr\u1ed3ng \u0111\u1eadu tr\u00ean \u0111\u1ed3ng b\u1eb1ng, v.v. Ngo\u00e0i \u0111\u1eadu ph\u1ed9ng, v\u1edbi c\u00e1c \u0111i\u1ec1u ch\u1ec9nh nh\u1ecf c\u1ee7a khay h\u1ea1t t\u00f9y ch\u1ec9nh, n\u00f3 c\u0169ng c\u00f3 th\u1ec3 tr\u1ed3ng \u0111\u1eadu n\u00e0nh, <a href=\"https:\/\/en.wikipedia.org\/wiki\/Vicia_faba\" target=\"_blank\" rel=\"noopener\">\u0111\u1eadu broad bean<\/a>, \u0111\u1eadu kidney, v\u00e0 c\u00e1c lo\u1ea1i h\u1ea1t trung b\u00ecnh \u0111\u1ebfn l\u1edbn kh\u00e1c.<\/p>    <p>Ngo\u00e0i vi\u1ec7c t\u1ea1o lu\u1ed1ng, gieo h\u1ea1t, ph\u1ee7 \u0111\u1ea5t v\u00e0 b\u00f3n ph\u00e2n, m\u00e1y n\u00e0y c\u00f2n c\u00f3 th\u1ec3 t\u00f9y ch\u1ec9nh c\u00e1c ch\u1ee9c n\u0103ng nh\u01b0 phun thu\u1ed1c tr\u1eeb s\u00e2u, t\u01b0\u1edbi nh\u1ecf gi\u1ecdt, v\u00e0 ph\u1ee7 mulching.<\/p>    <h2 class=\"wp-block-heading\"><strong>C\u00e1c lo\u1ea1i m\u00e1y tr\u1ed3ng \u0111\u1eadu ph\u1ed9ng<\/strong><\/h2>    <p>C\u00e1c m\u00e1y tr\u1ed3ng \u0111\u1eadu ph\u1ed9ng c\u00f3 s\u1eb5n trong c\u00e1c m\u00f4 h\u00ecnh 2 h\u00e0ng, 4 h\u00e0ng v\u00e0 6 h\u00e0ng. C\u00e1c m\u00f4 h\u00ecnh kh\u00e1c nhau \u0111\u01b0\u1ee3c thi\u1ebft k\u1ebf \u0111\u1ec3 \u0111\u00e1p \u1ee9ng nhu c\u1ea7u c\u1ee7a c\u00e1c trang tr\u1ea1i c\u00f3 quy m\u00f4 kh\u00e1c nhau, c\u00f4ng su\u1ea5t m\u00e1y k\u00e9o v\u00e0 y\u00eau c\u1ea7u hi\u1ec7u qu\u1ea3 tr\u1ed3ng tr\u1ecdt.<\/p>    <h3 class=\"wp-block-heading\"><strong>M\u00e1y gieo groundnut 2 h\u00e0ng<\/strong><\/h3>    <figure class=\"wp-block-table\"><table class=\"has-fixed-layout\"><tbody><tr><td>Ng\u01b0\u1eddi m\u1eabu<\/td><td>2BHMF-2<\/td><\/tr><tr><td>C\u00f4ng su\u1ea5t ph\u00f9 h\u1ee3p<\/td><td>20-40 hp<\/td><\/tr><tr><td>K\u00edch c\u1ee1<\/td><td>2940\u00d71200\u00d71300 mm<\/td><\/tr><tr><td>C\u00e2n n\u1eb7ng<\/td><td>180 kg<\/td><\/tr><tr><td>Dung t\u00edch h\u1ed9p h\u1ea1t gi\u1ed1ng<\/td><td>10 kg *2<\/td><\/tr><tr><td>S\u1ed1 h\u00e0ng<\/td><td>2<\/td><\/tr><tr><td>Kho\u1ea3ng c\u00e1ch c\u00e1c h\u00e0ng<\/td><td>300-350 mm<\/td><\/tr><tr><td>Kho\u1ea3ng c\u00e1ch h\u1ea1t gi\u1ed1ng<\/td><td>80-300 mm<\/td><\/tr><tr><td>N\u0103ng su\u1ea5t<\/td><td>0.5-0.8 m\u1eabu Anh\/gi\u1edd<\/td><\/tr><tr><td>T\u1ef7 l\u1ec7 gieo<\/td><td>&gt;98%<\/td><\/tr><\/tbody><\/table><figcaption class=\"wp-element-caption\">Th\u00f4ng s\u1ed1 k\u1ef9 thu\u1eadt c\u1ee7a m\u00e1y tr\u1ed3ng groundnut<\/figcaption><\/figure>    <figure class=\"wp-block-gallery has-nested-images columns-default is-cropped wp-block-gallery-2 is-layout-flex wp-block-gallery-is-layout-flex\"> <figure class=\"wp-block-image size-large\"><img loading=\"lazy\" decoding=\"async\" width=\"720\" height=\"540\" data-id=\"599\" src=\"https:\/\/bestpeanutmachine.com\/wp-content\/uploads\/2025\/11\/2-row-groundnut-planter-machine.webp\" alt=\"M\u00e1y tr\u1ed3ng \u0111\u1eadu groundnut 2 h\u00e0ng\" class=\"wp-image-599\" srcset=\"https:\/\/bestpeanutmachine.com\/wp-content\/uploads\/2025\/11\/2-row-groundnut-planter-machine.webp 720w, https:\/\/bestpeanutmachine.com\/wp-content\/uploads\/2025\/11\/2-row-groundnut-planter-machine-300x225.webp 300w, https:\/\/bestpeanutmachine.com\/wp-content\/uploads\/2025\/11\/2-row-groundnut-planter-machine-16x12.webp 16w\" sizes=\"auto, (max-width: 720px) 100vw, 720px\" \/><figcaption class=\"wp-element-caption\">M\u00e1y tr\u1ed3ng \u0111\u1eadu groundnut 2 h\u00e0ng<\/figcaption><\/figure>    <figure class=\"wp-block-image size-large\"><img loading=\"lazy\" decoding=\"async\" width=\"720\" height=\"540\" data-id=\"600\" src=\"https:\/\/bestpeanutmachine.com\/wp-content\/uploads\/2025\/11\/2-row-groundnut-seeder-machine.webp\" alt=\"M\u00e1y gieo groundnut 2 h\u00e0ng\" class=\"wp-image-600\" srcset=\"https:\/\/bestpeanutmachine.com\/wp-content\/uploads\/2025\/11\/2-row-groundnut-seeder-machine.webp 720w, https:\/\/bestpeanutmachine.com\/wp-content\/uploads\/2025\/11\/2-row-groundnut-seeder-machine-300x225.webp 300w, https:\/\/bestpeanutmachine.com\/wp-content\/uploads\/2025\/11\/2-row-groundnut-seeder-machine-16x12.webp 16w\" sizes=\"auto, (max-width: 720px) 100vw, 720px\" \/><figcaption class=\"wp-element-caption\">M\u00e1y gieo groundnut 2 h\u00e0ng<\/figcaption><\/figure> <\/figure>    <h3 class=\"wp-block-heading\"><strong>M\u00e1y tr\u1ed3ng \u0111\u1eadu 4 h\u00e0ng<\/strong><\/h3>    <figure class=\"wp-block-table\"><table class=\"has-fixed-layout\"><tbody><tr><td>Ng\u01b0\u1eddi m\u1eabu<\/td><td>2BHMF-4<\/td><\/tr><tr><td>C\u00f4ng su\u1ea5t ph\u00f9 h\u1ee3p<\/td><td>40-70 hp<\/td><\/tr><tr><td>K\u00edch c\u1ee1<\/td><td>2940\u00d71600\u00d71300 mm<\/td><\/tr><tr><td>C\u00e2n n\u1eb7ng<\/td><td>350 kg<\/td><\/tr><tr><td>Dung t\u00edch h\u1ed9p h\u1ea1t gi\u1ed1ng<\/td><td>10 kg *4<\/td><\/tr><tr><td>S\u1ed1 h\u00e0ng<\/td><td>4<\/td><\/tr><tr><td>Kho\u1ea3ng c\u00e1ch c\u00e1c h\u00e0ng<\/td><td>300-350 mm<\/td><\/tr><tr><td>Kho\u1ea3ng c\u00e1ch h\u1ea1t gi\u1ed1ng<\/td><td>80-300 mm<\/td><\/tr><tr><td>N\u0103ng su\u1ea5t<\/td><td>0.8-1.6 m\u1eabu Anh\/gi\u1edd<\/td><\/tr><tr><td>T\u1ef7 l\u1ec7 gieo<\/td><td>&gt;98%<\/td><\/tr><\/tbody><\/table><figcaption class=\"wp-element-caption\">Th\u00f4ng s\u1ed1 k\u1ef9 thu\u1eadt c\u1ee7a m\u00e1y tr\u1ed3ng \u0111\u1eadu ph\u1ed9ng<\/figcaption><\/figure>    <figure class=\"wp-block-gallery has-nested-images columns-default is-cropped wp-block-gallery-3 is-layout-flex wp-block-gallery-is-layout-flex\"> <figure class=\"wp-block-image size-large\"><img loading=\"lazy\" decoding=\"async\" width=\"720\" height=\"540\" data-id=\"601\" src=\"https:\/\/bestpeanutmachine.com\/wp-content\/uploads\/2025\/11\/4-row-peanut-planter-machine.webp\" alt=\"M\u00e1y tr\u1ed3ng \u0111\u1eadu 4 h\u00e0ng\" class=\"wp-image-601\" srcset=\"https:\/\/bestpeanutmachine.com\/wp-content\/uploads\/2025\/11\/4-row-peanut-planter-machine.webp 720w, https:\/\/bestpeanutmachine.com\/wp-content\/uploads\/2025\/11\/4-row-peanut-planter-machine-300x225.webp 300w, https:\/\/bestpeanutmachine.com\/wp-content\/uploads\/2025\/11\/4-row-peanut-planter-machine-16x12.webp 16w\" sizes=\"auto, (max-width: 720px) 100vw, 720px\" \/><figcaption class=\"wp-element-caption\">M\u00e1y tr\u1ed3ng \u0111\u1eadu 4 h\u00e0ng<\/figcaption><\/figure>    <figure class=\"wp-block-image size-large\"><img loading=\"lazy\" decoding=\"async\" width=\"720\" height=\"540\" data-id=\"602\" src=\"https:\/\/bestpeanutmachine.com\/wp-content\/uploads\/2025\/11\/4-row-peanut-seed-planting-machine.webp\" alt=\"M\u00e1y tr\u1ed3ng \u0111\u1eadu 4 h\u00e0ng\" class=\"wp-image-602\" srcset=\"https:\/\/bestpeanutmachine.com\/wp-content\/uploads\/2025\/11\/4-row-peanut-seed-planting-machine.webp 720w, https:\/\/bestpeanutmachine.com\/wp-content\/uploads\/2025\/11\/4-row-peanut-seed-planting-machine-300x225.webp 300w, https:\/\/bestpeanutmachine.com\/wp-content\/uploads\/2025\/11\/4-row-peanut-seed-planting-machine-16x12.webp 16w\" sizes=\"auto, (max-width: 720px) 100vw, 720px\" \/><figcaption class=\"wp-element-caption\">M\u00e1y tr\u1ed3ng \u0111\u1eadu 4 h\u00e0ng<\/figcaption><\/figure> <\/figure>    <h3 class=\"wp-block-heading\"><strong>M\u00e1y gieo groundnut 6 h\u00e0ng<\/strong><\/h3>    <figure class=\"wp-block-table\"><table class=\"has-fixed-layout\"><tbody><tr><td>Ng\u01b0\u1eddi m\u1eabu<\/td><td>2BHMF-6<\/td><\/tr><tr><td>C\u00f4ng su\u1ea5t ph\u00f9 h\u1ee3p<\/td><td>60-90 hp<\/td><\/tr><tr><td>K\u00edch c\u1ee1<\/td><td>2940\u00d71900\u00d71300 mm<\/td><\/tr><tr><td>C\u00e2n n\u1eb7ng<\/td><td>450 kg<\/td><\/tr><tr><td>Dung t\u00edch h\u1ed9p h\u1ea1t gi\u1ed1ng<\/td><td>10 kg *6<\/td><\/tr><tr><td>S\u1ed1 h\u00e0ng<\/td><td>6<\/td><\/tr><tr><td>Kho\u1ea3ng c\u00e1ch c\u00e1c h\u00e0ng<\/td><td>300-350 mm<\/td><\/tr><tr><td>Kho\u1ea3ng c\u00e1ch h\u1ea1t gi\u1ed1ng<\/td><td>80-300 mm<\/td><\/tr><tr><td>N\u0103ng su\u1ea5t<\/td><td>1.6-3.2 m\u1eabu Anh\/gi\u1edd<\/td><\/tr><tr><td>T\u1ef7 l\u1ec7 gieo<\/td><td>&gt;98%<\/td><\/tr><\/tbody><\/table><figcaption class=\"wp-element-caption\">Th\u00f4ng s\u1ed1 k\u1ef9 thu\u1eadt c\u1ee7a m\u00e1y gieo \u0111\u1eadu<\/figcaption><\/figure>    <figure class=\"wp-block-gallery has-nested-images columns-default is-cropped wp-block-gallery-4 is-layout-flex wp-block-gallery-is-layout-flex\"> <figure class=\"wp-block-image size-large\"><img loading=\"lazy\" decoding=\"async\" width=\"720\" height=\"540\" data-id=\"603\" src=\"https:\/\/bestpeanutmachine.com\/wp-content\/uploads\/2025\/11\/6-row-groundnut-sowing-machine.webp\" alt=\"M\u00e1y gieo groundnut 6 h\u00e0ng\" class=\"wp-image-603\" srcset=\"https:\/\/bestpeanutmachine.com\/wp-content\/uploads\/2025\/11\/6-row-groundnut-sowing-machine.webp 720w, https:\/\/bestpeanutmachine.com\/wp-content\/uploads\/2025\/11\/6-row-groundnut-sowing-machine-300x225.webp 300w, https:\/\/bestpeanutmachine.com\/wp-content\/uploads\/2025\/11\/6-row-groundnut-sowing-machine-16x12.webp 16w\" sizes=\"auto, (max-width: 720px) 100vw, 720px\" \/><figcaption class=\"wp-element-caption\">M\u00e1y gieo groundnut 6 h\u00e0ng<\/figcaption><\/figure>    <figure class=\"wp-block-image size-large\"><img loading=\"lazy\" decoding=\"async\" width=\"720\" height=\"540\" data-id=\"604\" src=\"https:\/\/bestpeanutmachine.com\/wp-content\/uploads\/2025\/11\/6-row-peanut-sowing-machine.webp\" alt=\"M\u00e1y gieo \u0111\u1eadu 6 h\u00e0ng\" class=\"wp-image-604\" srcset=\"https:\/\/bestpeanutmachine.com\/wp-content\/uploads\/2025\/11\/6-row-peanut-sowing-machine.webp 720w, https:\/\/bestpeanutmachine.com\/wp-content\/uploads\/2025\/11\/6-row-peanut-sowing-machine-300x225.webp 300w, https:\/\/bestpeanutmachine.com\/wp-content\/uploads\/2025\/11\/6-row-peanut-sowing-machine-16x12.webp 16w\" sizes=\"auto, (max-width: 720px) 100vw, 720px\" \/><figcaption class=\"wp-element-caption\">M\u00e1y gieo \u0111\u1eadu 6 h\u00e0ng<\/figcaption><\/figure> <\/figure>    <h2 class=\"wp-block-heading\"><strong>Gi\u00e1 m\u00e1y tr\u1ed3ng \u0111\u1eadu v\u00e0 c\u00e1c y\u1ebfu t\u1ed1 \u1ea3nh h\u01b0\u1edfng<\/strong><\/h2>    <p>Trong khi gi\u00e1 c\u1ee7a m\u00e1y tr\u1ed3ng \u0111\u1eadu ph\u1ed9ng kh\u00e1c nhau gi\u1eefa c\u00e1c nh\u00e0 s\u1ea3n xu\u1ea5t v\u00e0 c\u1ea5u h\u00ecnh, c\u00e1c y\u1ebfu t\u1ed1 ch\u00ednh sau \u0111\u00e2y \u1ea3nh h\u01b0\u1edfng \u0111\u1ebfn t\u1ed5ng chi ph\u00ed c\u1ee7a ch\u00fang:<\/p>    <ol class=\"wp-block-list\"> <li>S\u1ed1 h\u00e0ng cao h\u01a1n y\u00eau c\u1ea7u khung l\u1edbn h\u01a1n, d\u1eabn \u0111\u1ebfn hi\u1ec7u qu\u1ea3 cao h\u01a1n nh\u01b0ng c\u0169ng t\u0103ng chi ph\u00ed s\u1ea3n xu\u1ea5t.<\/li>    <li>Materials determine manufacturing quality, in turn, resulting in a higher price. However, thicker steel and reinforced structures extend the machine&#8217;s lifespan and reduce long-term maintenance costs.<\/li>    <li>Vi\u1ec7c nh\u1eadp kh\u1ea9u m\u00e1y m\u00f3c \u0111\u00f2i h\u1ecfi xem x\u00e9t c\u00e1c kho\u1ea3n thu\u1ebf, ph\u00ed \u0111\u00f3ng g\u00f3i v\u00e0 v\u1eadn chuy\u1ec3n. M\u1ed9t s\u1ed1 c\u00f4ng ty s\u1ebd t\u00ednh ph\u00ed th\u00eam \u0111\u1ec3 x\u1eed l\u00fd t\u1ea5t c\u1ea3 c\u00e1c v\u1ea5n \u0111\u1ec1 n\u00e0y cho b\u1ea1n, trong khi nh\u1eefng c\u00f4ng ty kh\u00e1c kh\u00f4ng bao g\u1ed3m c\u00e1c d\u1ecbch v\u1ee5 n\u00e0y, v\u00e0 b\u1ea1n s\u1ebd c\u1ea7n t\u00ecm m\u1ed9t nh\u00e0 v\u1eadn chuy\u1ec3n ri\u00eang.<\/li> <\/ol>    <h2 class=\"wp-block-heading\"><strong>Tr\u01b0\u1eddng h\u1ee3p th\u00e0nh c\u00f4ng: M\u00e1y tr\u1ed3ng \u0111\u1eadu 6 h\u00e0ng xu\u1ea5t kh\u1ea9u sang \u0110an M\u1ea1ch<\/strong><\/h2>    <p>V\u00e0o \u0111\u1ea7u n\u0103m 2025, m\u1ed9t c\u00f4ng ty n\u00f4ng nghi\u1ec7p \u0110an M\u1ea1ch \u0111\u00e3 li\u00ean h\u1ec7 v\u1edbi ch\u00fang t\u00f4i v\u1ec1 m\u1ed9t m\u00e1y tr\u1ed3ng \u0111\u1eadu 6 h\u00e0ng. Kh\u00e1ch h\u00e0ng n\u00e0y v\u1eadn h\u00e0nh m\u1ed9t trang tr\u1ea1i tr\u1ed3ng tr\u1ed9n l\u1edbn r\u1ed9ng 180 hecta v\u00e0 g\u1ea7n \u0111\u00e2y b\u1eaft \u0111\u1ea7u tr\u1ed3ng \u0111\u1eadu \u0111\u1ec3 \u0111\u00e1p \u1ee9ng nhu c\u1ea7u ng\u00e0y c\u00e0ng t\u0103ng v\u1ec1 s\u1ea3n ph\u1ea9m \u0111\u1eadu t\u1eeb c\u00e1c nh\u00e0 m\u00e1y ch\u1ebf bi\u1ebfn th\u1ef1c ph\u1ea9m \u0111\u1ecba ph\u01b0\u01a1ng.<\/p>   <div class=\"wp-block-image\"> <figure class=\"aligncenter size-full\"><img loading=\"lazy\" decoding=\"async\" width=\"720\" height=\"540\" src=\"https:\/\/bestpeanutmachine.com\/wp-content\/uploads\/2025\/11\/peanut-planting.webp\" alt=\"tr\u1ed3ng \u0111\u1eadu\" class=\"wp-image-605\" srcset=\"https:\/\/bestpeanutmachine.com\/wp-content\/uploads\/2025\/11\/peanut-planting.webp 720w, https:\/\/bestpeanutmachine.com\/wp-content\/uploads\/2025\/11\/peanut-planting-300x225.webp 300w, https:\/\/bestpeanutmachine.com\/wp-content\/uploads\/2025\/11\/peanut-planting-16x12.webp 16w\" sizes=\"auto, (max-width: 720px) 100vw, 720px\" \/><figcaption class=\"wp-element-caption\">tr\u1ed3ng \u0111\u1eadu<\/figcaption><\/figure> <\/div>   <p>Kh\u00e1ch h\u00e0ng mong mu\u1ed1n m\u1ed9t gi\u1ea3i ph\u00e1p tr\u1ed3ng \u0111\u1eadu ho\u00e0n to\u00e0n t\u1ef1 \u0111\u1ed9ng \u0111\u1ec3 n\u00e2ng cao \u0111\u1ed9 ch\u00ednh x\u00e1c v\u00e0 gi\u1ea3m chi ph\u00ed v\u1eadn h\u00e0nh. V\u00ec v\u1eady, h\u1ecd \u0111\u00e3 li\u00ean h\u1ec7 v\u1edbi Taizy qua trang web c\u1ee7a ch\u00fang t\u00f4i.<\/p>    <p>Sau khi trao \u0111\u1ed5i v\u1edbi c\u00e1c chuy\u00ean gia c\u1ee7a ch\u00fang t\u00f4i, kh\u00e1ch h\u00e0ng \u0111\u00e3 x\u00e1c nh\u1eadn \u0111\u01a1n h\u00e0ng: m\u1eabu 2BHMF-6 \u0111\u01b0\u1ee3c trang b\u1ecb m\u1edf r\u1ed9ng r\u00e3nh v\u00e0 ph\u00e2n b\u00f3n th\u00e9p kh\u00f4ng g\u1ec9 \u0111\u1ec3 xu\u1ea5t kh\u1ea9u.<\/p>    <p>Trong v\u00f2ng hai m\u01b0\u01a1i ng\u00e0y s\u1ea3n xu\u1ea5t, nh\u00e0 m\u00e1y c\u1ee7a ch\u00fang t\u00f4i \u0111\u00e3 ho\u00e0n t\u1ea5t c\u00e1c b\u01b0\u1edbc cu\u1ed1i c\u00f9ng c\u1ee7a vi\u1ec7c phun d\u1ea7u ch\u1ed1ng r\u1ec9 v\u00e0 th\u00eam khung b\u1ea3o v\u1ec7. Ch\u00fang t\u00f4i s\u1eed d\u1ee5ng h\u1ed9p g\u1ed7 \u0111\u1ea1t ti\u00eau chu\u1ea9n xu\u1ea5t kh\u1ea9u \u0111\u1ec3 \u0111\u00f3ng g\u00f3i cu\u1ed1i c\u00f9ng v\u00e0 g\u1eedi ch\u00fang l\u00ean t\u00e0u ch\u1edf h\u00e0ng \u0111i \u0110an M\u1ea1ch.<\/p>    <figure class=\"wp-block-gallery has-nested-images columns-2 is-cropped wp-block-gallery-5 is-layout-flex wp-block-gallery-is-layout-flex\"> <figure class=\"wp-block-image size-large\"><img loading=\"lazy\" decoding=\"async\" width=\"720\" height=\"540\" data-id=\"606\" src=\"https:\/\/bestpeanutmachine.com\/wp-content\/uploads\/2025\/11\/groundnut-seeder-machine.webp\" alt=\"m\u00e1y gieo \u0111\u1eadu groundnut\" class=\"wp-image-606\" srcset=\"https:\/\/bestpeanutmachine.com\/wp-content\/uploads\/2025\/11\/groundnut-seeder-machine.webp 720w, https:\/\/bestpeanutmachine.com\/wp-content\/uploads\/2025\/11\/groundnut-seeder-machine-300x225.webp 300w, https:\/\/bestpeanutmachine.com\/wp-content\/uploads\/2025\/11\/groundnut-seeder-machine-16x12.webp 16w\" sizes=\"auto, (max-width: 720px) 100vw, 720px\" \/><figcaption class=\"wp-element-caption\">m\u00e1y gieo \u0111\u1eadu groundnut<\/figcaption><\/figure>    <figure class=\"wp-block-image size-large\"><img loading=\"lazy\" decoding=\"async\" width=\"720\" height=\"540\" data-id=\"608\" src=\"https:\/\/bestpeanutmachine.com\/wp-content\/uploads\/2025\/11\/peanut-planter-in-stock.webp\" alt=\"m\u00e1y tr\u1ed3ng \u0111\u1eadu trong kho\" class=\"wp-image-608\" srcset=\"https:\/\/bestpeanutmachine.com\/wp-content\/uploads\/2025\/11\/peanut-planter-in-stock.webp 720w, https:\/\/bestpeanutmachine.com\/wp-content\/uploads\/2025\/11\/peanut-planter-in-stock-300x225.webp 300w, https:\/\/bestpeanutmachine.com\/wp-content\/uploads\/2025\/11\/peanut-planter-in-stock-16x12.webp 16w\" sizes=\"auto, (max-width: 720px) 100vw, 720px\" \/><figcaption class=\"wp-element-caption\">m\u00e1y tr\u1ed3ng \u0111\u1eadu trong kho<\/figcaption><\/figure>    <figure class=\"wp-block-image size-large\"><img loading=\"lazy\" decoding=\"async\" width=\"720\" height=\"540\" data-id=\"607\" src=\"https:\/\/bestpeanutmachine.com\/wp-content\/uploads\/2025\/11\/peanut-planting-machine-to-Denmark.webp\" alt=\"Xu\u1ea5t kh\u1ea9u m\u00e1y tr\u1ed3ng \u0111\u1eadu sang \u0110an M\u1ea1ch\" class=\"wp-image-607\" srcset=\"https:\/\/bestpeanutmachine.com\/wp-content\/uploads\/2025\/11\/peanut-planting-machine-to-Denmark.webp 720w, https:\/\/bestpeanutmachine.com\/wp-content\/uploads\/2025\/11\/peanut-planting-machine-to-Denmark-300x225.webp 300w, https:\/\/bestpeanutmachine.com\/wp-content\/uploads\/2025\/11\/peanut-planting-machine-to-Denmark-16x12.webp 16w\" sizes=\"auto, (max-width: 720px) 100vw, 720px\" \/><figcaption class=\"wp-element-caption\">Xu\u1ea5t kh\u1ea9u m\u00e1y tr\u1ed3ng \u0111\u1eadu sang \u0110an M\u1ea1ch<\/figcaption><\/figure>    <figure class=\"wp-block-image size-large\"><img loading=\"lazy\" decoding=\"async\" width=\"720\" height=\"540\" data-id=\"609\" src=\"https:\/\/bestpeanutmachine.com\/wp-content\/uploads\/2025\/11\/peanut-seeder-with-wooden-packaging.webp\" alt=\"m\u00e1y gieo \u0111\u1eadu v\u1edbi \u0111\u00f3ng g\u00f3i b\u1eb1ng g\u1ed7\" class=\"wp-image-609\" srcset=\"https:\/\/bestpeanutmachine.com\/wp-content\/uploads\/2025\/11\/peanut-seeder-with-wooden-packaging.webp 720w, https:\/\/bestpeanutmachine.com\/wp-content\/uploads\/2025\/11\/peanut-seeder-with-wooden-packaging-300x225.webp 300w, https:\/\/bestpeanutmachine.com\/wp-content\/uploads\/2025\/11\/peanut-seeder-with-wooden-packaging-16x12.webp 16w\" sizes=\"auto, (max-width: 720px) 100vw, 720px\" \/><figcaption class=\"wp-element-caption\">m\u00e1y gieo \u0111\u1eadu v\u1edbi \u0111\u00f3ng g\u00f3i b\u1eb1ng g\u1ed7<\/figcaption><\/figure> <\/figure>    <p>L\u00e0 m\u1ed9t nh\u00e0 m\u00e1y xu\u1ea5t kh\u1ea9u m\u00e1y m\u00f3c n\u00f4ng nghi\u1ec7p h\u01a1n m\u01b0\u1eddi n\u0103m, Taizy kh\u00f4ng ch\u1ec9 cung c\u1ea5p c\u00e1c s\u1ea3n ph\u1ea9m c\u00f3 gi\u00e1 r\u00f5 r\u00e0ng m\u00e0 c\u00f2n cung c\u1ea5p d\u1ecbch v\u1ee5 to\u00e0n di\u1ec7n, kh\u00f4ng lo l\u1eafng, bao g\u1ed3m v\u1eadn chuy\u1ec3n t\u00f9y ch\u1ec9nh v\u00e0 th\u00f4ng quan.<\/p>    <p>N\u1ebfu b\u1ea1n c\u00f3 y\u00eau c\u1ea7u, vui l\u00f2ng tham kh\u1ea3o \u00fd ki\u1ebfn ch\u00fang t\u00f4i.<\/p>    <p>Ngo\u00e0i m\u00e1y n\u00e0y, ch\u00fang t\u00f4i c\u00f2n cung c\u1ea5p:<\/p>    <ul class=\"wp-block-list\"> <li><a href=\"https:\/\/bestpeanutmachine.com\/vi\/product\/peanut-digger-machine\/\">M\u00e1y \u0111\u00e0o l\u1ea1c<\/a><\/li>    <li><a href=\"https:\/\/bestpeanutmachine.com\/vi\/product\/peanut-picker-machine\/\">M\u00e1y h\u00e1i \u0111\u1eadu ph\u1ed9ng<\/a><\/li>    <li><a href=\"https:\/\/bestpeanutmachine.com\/vi\/product\/peanut-shelling-machine\/\">M\u00e1y b\u00f3c v\u1ecf \u0111\u1eadu ph\u1ed9ng<\/a><\/li> <\/ul>","protected":false},"excerpt":{"rendered":"<p>This high-efficiency peanut planter is suitable for 20-70 horsepower tractors, supporting 2-6 row planting with adjustable planting depth and row spacing, and a planting rate of up to 1.5 acres per hour.<\/p>","protected":false},"author":1,"featured_media":597,"parent":0,"template":"","tags":[12,11],"product-type":[69,6],"class_list":["post-596","product","type-product","status-publish","has-post-thumbnail","hentry","tag-groundnut","tag-peanut","product-type-peanut-machine","product-type-product"],"_links":{"self":[{"href":"https:\/\/bestpeanutmachine.com\/vi\/wp-json\/wp\/v2\/product\/596","targetHints":{"allow":["GET"]}}],"collection":[{"href":"https:\/\/bestpeanutmachine.com\/vi\/wp-json\/wp\/v2\/product"}],"about":[{"href":"https:\/\/bestpeanutmachine.com\/vi\/wp-json\/wp\/v2\/types\/product"}],"author":[{"embeddable":true,"href":"https:\/\/bestpeanutmachine.com\/vi\/wp-json\/wp\/v2\/users\/1"}],"wp:featuredmedia":[{"embeddable":true,"href":"https:\/\/bestpeanutmachine.com\/vi\/wp-json\/wp\/v2\/media\/597"}],"wp:attachment":[{"href":"https:\/\/bestpeanutmachine.com\/vi\/wp-json\/wp\/v2\/media?parent=596"}],"wp:term":[{"taxonomy":"post_tag","embeddable":true,"href":"https:\/\/bestpeanutmachine.com\/vi\/wp-json\/wp\/v2\/tags?post=596"},{"taxonomy":"product-type","embeddable":true,"href":"https:\/\/bestpeanutmachine.com\/vi\/wp-json\/wp\/v2\/product-type?post=596"}],"curies":[{"name":"wp","href":"https:\/\/api.w.org\/{rel}","templated":true}]}}