{"id":611,"date":"2025-11-26T15:13:59","date_gmt":"2025-11-26T07:13:59","guid":{"rendered":"https:\/\/bestpeanutmachine.com\/?post_type=product&#038;p=611"},"modified":"2025-11-26T16:53:49","modified_gmt":"2025-11-26T08:53:49","slug":"fresh-cocoa-pod-breaking-machine","status":"publish","type":"product","link":"https:\/\/bestpeanutmachine.com\/vi\/product\/fresh-cocoa-pod-breaking-machine\/","title":{"rendered":"M\u00e1y T\u00e1ch V\u1ecf H\u1ea1t Cacao T\u01b0\u01a1i Cho Ti\u1ec1n X\u1eed L\u00fd H\u1ea1t Cacao"},"content":{"rendered":"<p class=\"translation-block\">M\u00e1y nghi\u1ec1n v\u1ecf ca cao n\u00e0y g\u1ed3m m\u1ed9t m\u00e1y chia v\u1ecf ca cao t\u01b0\u01a1i v\u00e0 m\u1ed9t m\u00e1y t\u00e1ch v\u1ecf, t\u1ea1o th\u00e0nh d\u00e2y chuy\u1ec1n x\u1eed l\u00fd v\u1ecf ca cao ho\u00e0n ch\u1ec9nh. N\u00f3 t\u1ef1 \u0111\u1ed9ng chia v\u1ecf ca cao t\u01b0\u01a1i, t\u00e1ch v\u1ecf kh\u1ecfi h\u1ea1t, l\u00e0 b\u01b0\u1edbc \u0111\u1ea7u ti\u00ean trong qu\u00e1 tr\u00ecnh ti\u1ec1n x\u1eed l\u00fd h\u1ea1t ca cao.<\/p>    <p>Thi\u1ebft b\u1ecb m\u1edf h\u1ea1t cacao c\u1ee7a ch\u00fang t\u00f4i c\u00f3 th\u1ec3 x\u1eed l\u00fd t\u1eeb 300-1000 kg\/h h\u1ea1t cacao b\u1eb1ng v\u1eadt li\u1ec7u ti\u1ebfp x\u00fac th\u1ef1c ph\u1ea9m (th\u00e9p kh\u00f4ng g\u1ec9 304), l\u00fd t\u01b0\u1edfng cho ti\u1ec1n x\u1eed l\u00fd h\u1ea1t cacao t\u1eeb c\u00e1c khu v\u1ef1c s\u1ea3n xu\u1ea5t cacao \u1edf Ch\u00e2u Phi, \u0110\u00f4ng Nam \u00c1 v\u00e0 Nam M\u1ef9.<\/p>    <figure class=\"wp-block-embed aligncenter is-type-video is-provider-youtube wp-block-embed-youtube wp-embed-aspect-16-9 wp-has-aspect-ratio\"><div class=\"wp-block-embed__wrapper\"> <iframe loading=\"lazy\" title=\"\ud83c\udf6bM\u00e1y nghi\u1ec1n v\u1ecf ca cao Li\u00ean h\u1ec7 8617703863868 ho\u1eb7c Email info@bestpeanutmachine.com\" width=\"500\" height=\"281\" src=\"https:\/\/www.youtube.com\/embed\/uf6JMPvDcXw?feature=oembed\" frameborder=\"0\" allow=\"accelerometer; autoplay; clipboard-write; encrypted-media; gyroscope; picture-in-picture; web-share\" referrerpolicy=\"strict-origin-when-cross-origin\" allowfullscreen><\/iframe> <\/div><figcaption class=\"wp-element-caption\">Video l\u00e0m vi\u1ec7c c\u1ee7a m\u00e1y nghi\u1ec1n v\u1ecf ca cao<\/figcaption><\/figure>    <h2 class=\"wp-block-heading\"><strong>\u01afu \u0111i\u1ec3m c\u1ee7a m\u00e1y nghi\u1ec1n v\u1ecf ca cao<\/strong><\/h2>    <ul class=\"wp-block-list\"> <li>M\u00e1y nghi\u1ec1n v\u1ecf ca cao c\u1ee7a ch\u00fang t\u00f4i \u0111\u1ea3m b\u1ea3o h\u1ea1t ca cao gi\u1eef nguy\u00ean v\u1eb9n trong su\u1ed1t qu\u00e1 tr\u00ecnh t\u00e1ch, gi\u1ea3m thi\u1ec3u h\u01b0 h\u1ea1i h\u1ea1t v\u00e0 b\u1ea3o t\u1ed3n ch\u1ea5t l\u01b0\u1ee3ng h\u1ea1t \u0111\u1ec3 th\u00e0nh c\u00f4ng trong qu\u00e1 tr\u00ecnh l\u00ean men. N\u00f3 l\u00fd t\u01b0\u1edfng \u0111\u1ec3 s\u1ea3n xu\u1ea5t c\u00e1c s\u1ea3n ph\u1ea9m ca cao ch\u1ea5t l\u01b0\u1ee3ng cao.<\/li>    <li>The cocoa pod crusher is constructed from food-grade stainless steel in all critical contact areas, ensuring the highest hygiene standards. This stainless steel is not only easy to clean but also corrosion-resistant, greatly extending the machine&#8217;s lifespan.<\/li>    <li>M\u00e1y b\u00f3c v\u1ecf h\u1ea1t cacao n\u00e0y c\u00f3 nhi\u1ec1u t\u00f9y ch\u1ecdn c\u00f4ng su\u1ea5t, t\u1eeb 300 kg\/gi\u1edd \u0111\u1ebfn 1000 kg\/gi\u1edd, \u0111\u00e1p \u1ee9ng nhu c\u1ea7u c\u1ee7a c\u1ea3 s\u1ea3n xu\u1ea5t cacao nh\u1ecf l\u1ebb v\u00e0 quy m\u00f4 l\u1edbn.<\/li>    <li>Trang b\u1ecb b\u0103ng chuy\u1ec1n, n\u00f3 t\u00edch h\u1ee3p li\u1ec1n m\u1ea1ch v\u1edbi c\u00e1c thi\u1ebft b\u1ecb kh\u00e1c trong d\u00e2y chuy\u1ec1n s\u1ea3n xu\u1ea5t ca cao, \u0111\u1ea3m b\u1ea3o quy tr\u00ecnh l\u00e0m vi\u1ec7c \u1ed5n \u0111\u1ecbnh, n\u00e2ng cao n\u0103ng su\u1ea5t t\u1ed5ng th\u1ec3 c\u1ee7a c\u00e1c trang tr\u1ea1i v\u00e0 trung t\u00e2m ch\u1ebf bi\u1ebfn ca cao, \u0111\u1ed3ng th\u1eddi gi\u1ea3m chi ph\u00ed lao \u0111\u1ed9ng.<\/li> <\/ul>    <figure class=\"wp-block-gallery has-nested-images columns-2 is-cropped wp-block-gallery-2 is-layout-flex wp-block-gallery-is-layout-flex\"> <figure class=\"wp-block-image size-large\"><img loading=\"lazy\" decoding=\"async\" width=\"720\" height=\"540\" data-id=\"613\" src=\"https:\/\/bestpeanutmachine.com\/wp-content\/uploads\/2025\/11\/cocoa-bean-separator.webp\" alt=\"m\u00e1y t\u00e1ch h\u1ea1t ca cao\" class=\"wp-image-613\" srcset=\"https:\/\/bestpeanutmachine.com\/wp-content\/uploads\/2025\/11\/cocoa-bean-separator.webp 720w, https:\/\/bestpeanutmachine.com\/wp-content\/uploads\/2025\/11\/cocoa-bean-separator-300x225.webp 300w, https:\/\/bestpeanutmachine.com\/wp-content\/uploads\/2025\/11\/cocoa-bean-separator-16x12.webp 16w\" sizes=\"auto, (max-width: 720px) 100vw, 720px\" \/><figcaption class=\"wp-element-caption\">m\u00e1y t\u00e1ch h\u1ea1t ca cao<\/figcaption><\/figure>    <figure class=\"wp-block-image size-large\"><img loading=\"lazy\" decoding=\"async\" width=\"720\" height=\"540\" data-id=\"614\" src=\"https:\/\/bestpeanutmachine.com\/wp-content\/uploads\/2025\/11\/cocoa-pod-breaker.webp\" alt=\"m\u00e1y nghi\u1ec1n v\u1ecf ca cao\" class=\"wp-image-614\" srcset=\"https:\/\/bestpeanutmachine.com\/wp-content\/uploads\/2025\/11\/cocoa-pod-breaker.webp 720w, https:\/\/bestpeanutmachine.com\/wp-content\/uploads\/2025\/11\/cocoa-pod-breaker-300x225.webp 300w, https:\/\/bestpeanutmachine.com\/wp-content\/uploads\/2025\/11\/cocoa-pod-breaker-16x12.webp 16w\" sizes=\"auto, (max-width: 720px) 100vw, 720px\" \/><figcaption class=\"wp-element-caption\">m\u00e1y nghi\u1ec1n v\u1ecf ca cao<\/figcaption><\/figure>    <figure class=\"wp-block-image size-large\"><img loading=\"lazy\" decoding=\"async\" width=\"720\" height=\"540\" data-id=\"615\" src=\"https:\/\/bestpeanutmachine.com\/wp-content\/uploads\/2025\/11\/cocoa-pod-open-equipment.webp\" alt=\"Thi\u1ebft b\u1ecb m\u1edf v\u1ecf ca cao\" class=\"wp-image-615\" srcset=\"https:\/\/bestpeanutmachine.com\/wp-content\/uploads\/2025\/11\/cocoa-pod-open-equipment.webp 720w, https:\/\/bestpeanutmachine.com\/wp-content\/uploads\/2025\/11\/cocoa-pod-open-equipment-300x225.webp 300w, https:\/\/bestpeanutmachine.com\/wp-content\/uploads\/2025\/11\/cocoa-pod-open-equipment-16x12.webp 16w\" sizes=\"auto, (max-width: 720px) 100vw, 720px\" \/><figcaption class=\"wp-element-caption\">Thi\u1ebft b\u1ecb m\u1edf v\u1ecf ca cao<\/figcaption><\/figure>    <figure class=\"wp-block-image size-large\"><img loading=\"lazy\" decoding=\"async\" width=\"720\" height=\"540\" data-id=\"616\" src=\"https:\/\/bestpeanutmachine.com\/wp-content\/uploads\/2025\/11\/cocoa-pod-opening-machine.webp\" alt=\"M\u00e1y m\u1edf v\u1ecf ca cao\" class=\"wp-image-616\" srcset=\"https:\/\/bestpeanutmachine.com\/wp-content\/uploads\/2025\/11\/cocoa-pod-opening-machine.webp 720w, https:\/\/bestpeanutmachine.com\/wp-content\/uploads\/2025\/11\/cocoa-pod-opening-machine-300x225.webp 300w, https:\/\/bestpeanutmachine.com\/wp-content\/uploads\/2025\/11\/cocoa-pod-opening-machine-16x12.webp 16w\" sizes=\"auto, (max-width: 720px) 100vw, 720px\" \/><figcaption class=\"wp-element-caption\">M\u00e1y m\u1edf v\u1ecf ca cao<\/figcaption><\/figure> <\/figure>    <h2 class=\"wp-block-heading\"><strong>C\u1ea5u t\u1ea1o c\u1ee7a m\u00e1y t\u00e1ch v\u1ecf ca cao<\/strong><\/h2>    <p>D\u00e2y chuy\u1ec1n s\u1ea3n xu\u1ea5t t\u00e1ch v\u1ecf ca cao n\u00e0y g\u1ed3m hai m\u00e1y ch\u00ednh: m\u00e1y chia v\u1ecf ca cao t\u01b0\u01a1i v\u00e0 m\u00e1y t\u00e1ch v\u1ecf v\u1ecf ca cao. <\/p>    <h3 class=\"wp-block-heading\"><strong>M\u00e1y c\u1eaft chia v\u1ecf ca cao<\/strong><\/h3>    <p>M\u00e1y t\u00e1ch v\u1ecf ca cao n\u00e0y c\u1eaft v\u1ecf ca cao t\u01b0\u01a1i th\u00e0nh hai b\u00e1n c\u1ea7u s\u1ea1ch, thay th\u1ebf qu\u00e1 tr\u00ecnh m\u1edf th\u1ee7 c\u00f4ng ch\u1eadm v\u00e0 t\u1ed1n c\u00f4ng. C\u01a1 ch\u1ebf c\u1eaft ki\u1ec3m so\u00e1t c\u1ee7a n\u00f3 \u0111\u1ea3m b\u1ea3o \u00edt g\u00e2y h\u01b0 h\u1ea1i h\u1ea1t, c\u1eaft \u0111\u1ec1u k\u00edch th\u01b0\u1edbc v\u00e0 t\u0103ng t\u1ef7 l\u1ec7 thu h\u1ed3i h\u1ea1t ca cao nguy\u00ean v\u1eb9n.<\/p>   <div class=\"wp-block-image\"> <figure class=\"aligncenter size-full\"><img loading=\"lazy\" decoding=\"async\" width=\"720\" height=\"540\" src=\"https:\/\/bestpeanutmachine.com\/wp-content\/uploads\/2025\/11\/cocoa-pod-cutting-part.webp\" alt=\"Ph\u1ea7n c\u1eaft v\u1ecf ca cao\" class=\"wp-image-621\" srcset=\"https:\/\/bestpeanutmachine.com\/wp-content\/uploads\/2025\/11\/cocoa-pod-cutting-part.webp 720w, https:\/\/bestpeanutmachine.com\/wp-content\/uploads\/2025\/11\/cocoa-pod-cutting-part-300x225.webp 300w, https:\/\/bestpeanutmachine.com\/wp-content\/uploads\/2025\/11\/cocoa-pod-cutting-part-16x12.webp 16w\" sizes=\"auto, (max-width: 720px) 100vw, 720px\" \/><figcaption class=\"wp-element-caption\">Ph\u1ea7n c\u1eaft v\u1ecf ca cao<\/figcaption><\/figure> <\/div>   <h3 class=\"wp-block-heading\"><strong>B\u1ed9 t\u00e1ch v\u1ecf v\u00e0 h\u1ea1t ca cao<\/strong><\/h3>    <p>Sau khi chia, b\u1ed9 ph\u00e2n t\u00e1ch s\u1eed d\u1ee5ng tr\u1ed1ng quay v\u00e0 h\u1ec7 th\u1ed1ng rung \u0111\u1ec3 nhanh ch\u00f3ng t\u00e1ch h\u1ea1t kh\u1ecfi v\u1ecf qu\u1ea3 b\u1ecb v\u1ee1. C\u00e1c b\u1ec1 m\u1eb7t ti\u1ebfp x\u00fac b\u1eb1ng th\u00e9p kh\u00f4ng g\u1ec9 \u0111\u1eb7c bi\u1ec7t \u0111\u1ea3m b\u1ea3o quy tr\u00ecnh v\u1ec7 sinh v\u00e0 gi\u1ea3m thi\u1ec3u \u00f4 nhi\u1ec5m, duy tr\u00ec t\u00ednh to\u00e0n v\u1eb9n c\u1ee7a h\u1ea1t \u0111\u1ec3 s\u1eed d\u1ee5ng tr\u1ef1c ti\u1ebfp trong qu\u00e1 tr\u00ecnh l\u00ean men.<\/p>   <div class=\"wp-block-image\"> <figure class=\"aligncenter size-full\"><img loading=\"lazy\" decoding=\"async\" width=\"720\" height=\"540\" src=\"https:\/\/bestpeanutmachine.com\/wp-content\/uploads\/2025\/11\/cocoa-husk-and-bean-separating-part.webp\" alt=\"Ph\u1ea7n t\u00e1ch v\u1ecf v\u00e0 h\u1ea1t ca cao\" class=\"wp-image-622\" srcset=\"https:\/\/bestpeanutmachine.com\/wp-content\/uploads\/2025\/11\/cocoa-husk-and-bean-separating-part.webp 720w, https:\/\/bestpeanutmachine.com\/wp-content\/uploads\/2025\/11\/cocoa-husk-and-bean-separating-part-300x225.webp 300w, https:\/\/bestpeanutmachine.com\/wp-content\/uploads\/2025\/11\/cocoa-husk-and-bean-separating-part-16x12.webp 16w\" sizes=\"auto, (max-width: 720px) 100vw, 720px\" \/><figcaption class=\"wp-element-caption\">Ph\u1ea7n t\u00e1ch v\u1ecf v\u00e0 h\u1ea1t ca cao<\/figcaption><\/figure> <\/div>   <p>Taizy&#8217;s integrated design of these cocoa pod breaking machines significantly improves production efficiency, reduces labor costs, and ensures high-quality cocoa bean production.<\/p>    <h2 class=\"wp-block-heading\"><strong>Hai m\u1eabu v\u00e0 th\u00f4ng s\u1ed1 k\u1ef9 thu\u1eadt c\u1ee7a ch\u00fang<\/strong><\/h2>    <h3 class=\"wp-block-heading\"><strong>M\u00e1y x\u1eed l\u00fd h\u1ea1t ca cao 800\u20131000 kg\/h<\/strong><\/h3>    <figure class=\"wp-block-table\"><table><tbody><tr><td>M\u00e1y m\u00f3c<\/td><td class=\"has-text-align-center\" data-align=\"center\">M\u00e1y chia v\u1ecf ca cao<\/td><td class=\"has-text-align-center\" data-align=\"center\">M\u00e1y t\u00e1ch v\u1ecf h\u1ea1t ca cao<\/td><\/tr><tr><td>Dung t\u00edch<\/td><td class=\"has-text-align-center\" data-align=\"center\">300\u2013400 kg\/h<\/td><td class=\"has-text-align-center\" data-align=\"center\">300\u2013400 kg\/h<\/td><\/tr><tr><td>Quy\u1ec1n l\u1ef1c<\/td><td class=\"has-text-align-center\" data-align=\"center\">0.75 kW<\/td><td class=\"has-text-align-center\" data-align=\"center\">1.1 kW<\/td><\/tr><tr><td>\u0110i\u1ec7n \u00e1p<\/td><td class=\"has-text-align-center\" data-align=\"center\">380 V 50 Hz<\/td><td class=\"has-text-align-center\" data-align=\"center\">380 V 50 Hz<\/td><\/tr><tr><td>K\u00edch th\u01b0\u1edbc<\/td><td class=\"has-text-align-center\" data-align=\"center\">1.6*0.6*1.6 m<\/td><td class=\"has-text-align-center\" data-align=\"center\">2*1.3*1.7 m<\/td><\/tr><tr><td>V\u1eadt li\u1ec7u<\/td><td class=\"has-text-align-center\" data-align=\"center\">B\u0103ng t\u1ea3i th\u00e9p kh\u00f4ng g\u1ec9 201 v\u00e0 khung th\u00e9p carbon<\/td><td class=\"has-text-align-center\" data-align=\"center\">L\u1ed3ng th\u00e9p kh\u00f4ng g\u1ec9 201 v\u00e0 ph\u1ec5u, khung th\u00e9p carbon<\/td><\/tr><tr><td>C\u00e2n n\u1eb7ng<\/td><td class=\"has-text-align-center\" data-align=\"center\">150 kg<\/td><td class=\"has-text-align-center\" data-align=\"center\">180 kg<\/td><\/tr><\/tbody><\/table><figcaption class=\"wp-element-caption\">Th\u00f4ng s\u1ed1 c\u1ee7a d\u00e2y chuy\u1ec1n s\u1ea3n xu\u1ea5t v\u1ecf ca cao c\u00f4ng su\u1ea5t nh\u1ecf<\/figcaption><\/figure>   <div class=\"wp-block-image\"> <figure class=\"aligncenter size-full\"><img loading=\"lazy\" decoding=\"async\" width=\"720\" height=\"540\" src=\"https:\/\/bestpeanutmachine.com\/wp-content\/uploads\/2025\/11\/cocoa-pod-and-beans-separating-machine.webp\" alt=\"M\u00e1y t\u00e1ch v\u1ecf v\u00e0 h\u1ea1t ca cao\" class=\"wp-image-617\" srcset=\"https:\/\/bestpeanutmachine.com\/wp-content\/uploads\/2025\/11\/cocoa-pod-and-beans-separating-machine.webp 720w, https:\/\/bestpeanutmachine.com\/wp-content\/uploads\/2025\/11\/cocoa-pod-and-beans-separating-machine-300x225.webp 300w, https:\/\/bestpeanutmachine.com\/wp-content\/uploads\/2025\/11\/cocoa-pod-and-beans-separating-machine-16x12.webp 16w\" sizes=\"auto, (max-width: 720px) 100vw, 720px\" \/><figcaption class=\"wp-element-caption\">M\u00e1y t\u00e1ch v\u1ecf v\u00e0 h\u1ea1t ca cao<\/figcaption><\/figure> <\/div>   <h3 class=\"wp-block-heading\"><strong>M\u00e1y nghi\u1ec1n v\u1ecf ca cao 300\u2013400 kg\/h<\/strong><\/h3>    <figure class=\"wp-block-table\"><table><tbody><tr><td>M\u00e1y m\u00f3c<\/td><td class=\"has-text-align-center\" data-align=\"center\">M\u00e1y chia v\u1ecf ca cao<\/td><td class=\"has-text-align-center\" data-align=\"center\">M\u00e1y t\u00e1ch v\u1ecf h\u1ea1t ca cao<\/td><\/tr><tr><td>Dung t\u00edch<\/td><td class=\"has-text-align-center\" data-align=\"center\">800-1000 kg\/h<\/td><td class=\"has-text-align-center\" data-align=\"center\">800-1000 kg\/h<\/td><\/tr><tr><td>Quy\u1ec1n l\u1ef1c<\/td><td class=\"has-text-align-center\" data-align=\"center\">0.75 kW<\/td><td class=\"has-text-align-center\" data-align=\"center\">1.1 kW<\/td><\/tr><tr><td>\u0110i\u1ec7n \u00e1p<\/td><td class=\"has-text-align-center\" data-align=\"center\">380 V 50 Hz<\/td><td class=\"has-text-align-center\" data-align=\"center\">380 V 50 Hz<\/td><\/tr><tr><td>K\u00edch th\u01b0\u1edbc<\/td><td class=\"has-text-align-center\" data-align=\"center\">1.6*0.6*2 m<\/td><td class=\"has-text-align-center\" data-align=\"center\">2.8*1.1*2.2 m<\/td><\/tr><tr><td>V\u1eadt li\u1ec7u<\/td><td class=\"has-text-align-center\" data-align=\"center\">Th\u00e9p carbon<\/td><td class=\"has-text-align-center\" data-align=\"center\">Khung th\u00e9p kh\u00f4ng g\u1ec9 ti\u1ebfp x\u00fac th\u1ef1c ph\u1ea9m v\u00e0 khung th\u00e9p carbon<\/td><\/tr><tr><td>C\u00e2n n\u1eb7ng<\/td><td class=\"has-text-align-center\" data-align=\"center\">160 kg<\/td><td class=\"has-text-align-center\" data-align=\"center\">380 kg<\/td><\/tr><\/tbody><\/table><figcaption class=\"wp-element-caption\">Th\u00f4ng s\u1ed1 c\u1ee7a d\u00e2y chuy\u1ec1n t\u00e1ch v\u1ecf ca cao c\u00f4ng su\u1ea5t l\u1edbn<\/figcaption><\/figure>   <div class=\"wp-block-image\"> <figure class=\"aligncenter size-full\"><img loading=\"lazy\" decoding=\"async\" width=\"720\" height=\"540\" src=\"https:\/\/bestpeanutmachine.com\/wp-content\/uploads\/2025\/11\/cocoa-pod-splitting-machine.webp\" alt=\"M\u00e1y chia v\u1ecf ca cao\" class=\"wp-image-618\" srcset=\"https:\/\/bestpeanutmachine.com\/wp-content\/uploads\/2025\/11\/cocoa-pod-splitting-machine.webp 720w, https:\/\/bestpeanutmachine.com\/wp-content\/uploads\/2025\/11\/cocoa-pod-splitting-machine-300x225.webp 300w, https:\/\/bestpeanutmachine.com\/wp-content\/uploads\/2025\/11\/cocoa-pod-splitting-machine-16x12.webp 16w\" sizes=\"auto, (max-width: 720px) 100vw, 720px\" \/><figcaption class=\"wp-element-caption\">M\u00e1y chia v\u1ecf ca cao<\/figcaption><\/figure> <\/div>   <h2 class=\"wp-block-heading\"><strong>\u1ee8ng d\u1ee5ng c\u1ee7a m\u00e1y nghi\u1ec1n v\u1ecf ca cao n\u00e0y<\/strong><\/h2>    <p>M\u00e1y n\u00e0y ch\u1ee7 y\u1ebfu d\u00f9ng \u0111\u1ec3 ti\u1ec1n x\u1eed l\u00fd h\u1ea1t ca cao. \u0110\u1ed1i v\u1edbi c\u00e1c h\u1ee3p t\u00e1c x\u00e3 tr\u1ed3ng ca cao, m\u00e1y n\u00e0y \u0111\u01a1n gi\u1ea3n h\u00f3a to\u00e0n b\u1ed9 quy tr\u00ecnh x\u1eed l\u00fd v\u1ecf ca cao, gi\u00fap c\u00e1c th\u00e0nh vi\u00ean h\u1ee3p t\u00e1c x\u1eed l\u00fd s\u1ed1 l\u01b0\u1ee3ng l\u1edbn h\u1ea1t ca cao v\u1edbi ch\u1ea5t l\u01b0\u1ee3ng \u1ed5n \u0111\u1ecbnh.<\/p>    <p>\u0110\u1ed1i v\u1edbi c\u00e1c nh\u00e0 s\u1ea3n xu\u1ea5t ca cao mu\u1ed1n m\u1edf r\u1ed9ng quy m\u00f4 s\u1ea3n xu\u1ea5t, m\u00e1y nghi\u1ec1n v\u1ecf ca cao l\u00e0 m\u1ed9t c\u00f4ng c\u1ee5 quan tr\u1ecdng \u0111\u1ec3 t\u0103ng n\u0103ng l\u1ef1c x\u1eed l\u00fd m\u00e0 kh\u00f4ng \u1ea3nh h\u01b0\u1edfng \u0111\u1ebfn ch\u1ea5t l\u01b0\u1ee3ng. V\u1edbi nhu c\u1ea7u ng\u00e0y c\u00e0ng t\u0103ng v\u1ec1 ca cao, m\u00e1y n\u00e0y gi\u00fap c\u00e1c nh\u00e0 s\u1ea3n xu\u1ea5t m\u1edf r\u1ed9ng s\u1ea3n xu\u1ea5t m\u00e0 kh\u00f4ng c\u1ea7n t\u0103ng \u0111\u00e1ng k\u1ec3 l\u1ef1c l\u01b0\u1ee3ng lao \u0111\u1ed9ng.<\/p>    <p>Khi nhu c\u1ea7u to\u00e0n c\u1ea7u v\u1ec1 h\u1ea1t ca cao ch\u1ea5t l\u01b0\u1ee3ng cao ng\u00e0y c\u00e0ng t\u0103ng, c\u00e1c nh\u00e0 s\u1ea3n xu\u1ea5t c\u1ea7n \u0111\u1ea3m b\u1ea3o s\u1ea3n ph\u1ea9m c\u1ee7a h\u1ecd \u0111\u00e1p \u1ee9ng ti\u00eau chu\u1ea9n qu\u1ed1c t\u1ebf. M\u00e1y n\u00e0y gi\u00fap c\u00e1c nh\u00e0 s\u1ea3n xu\u1ea5t duy tr\u00ec l\u1ee3i th\u1ebf c\u1ea1nh tranh b\u1eb1ng c\u00e1ch n\u00e2ng cao ch\u1ea5t l\u01b0\u1ee3ng h\u1ea1t ca cao, t\u1ed1c \u0111\u1ed9 x\u1eed l\u00fd v\u00e0 hi\u1ec7u qu\u1ea3 t\u1ed5ng th\u1ec3.<\/p>    <figure class=\"wp-block-gallery has-nested-images columns-default is-cropped wp-block-gallery-3 is-layout-flex wp-block-gallery-is-layout-flex\"> <figure class=\"wp-block-image size-large\"><img loading=\"lazy\" decoding=\"async\" width=\"720\" height=\"540\" data-id=\"624\" src=\"https:\/\/bestpeanutmachine.com\/wp-content\/uploads\/2025\/11\/cocoa-harvest-in-rural-areas.webp\" alt=\"thu ho\u1ea1ch ca cao \u1edf v\u00f9ng n\u00f4ng th\u00f4n\" class=\"wp-image-624\" srcset=\"https:\/\/bestpeanutmachine.com\/wp-content\/uploads\/2025\/11\/cocoa-harvest-in-rural-areas.webp 720w, https:\/\/bestpeanutmachine.com\/wp-content\/uploads\/2025\/11\/cocoa-harvest-in-rural-areas-300x225.webp 300w, https:\/\/bestpeanutmachine.com\/wp-content\/uploads\/2025\/11\/cocoa-harvest-in-rural-areas-16x12.webp 16w\" sizes=\"auto, (max-width: 720px) 100vw, 720px\" \/><figcaption class=\"wp-element-caption\">thu ho\u1ea1ch ca cao \u1edf v\u00f9ng n\u00f4ng th\u00f4n<\/figcaption><\/figure>    <figure class=\"wp-block-image size-large\"><img loading=\"lazy\" decoding=\"async\" width=\"720\" height=\"540\" data-id=\"623\" src=\"https:\/\/bestpeanutmachine.com\/wp-content\/uploads\/2025\/11\/artificial-opening-of-cocoa-pods.webp\" alt=\"M\u1edf v\u1ecf ca cao nh\u00e2n t\u1ea1o\" class=\"wp-image-623\" srcset=\"https:\/\/bestpeanutmachine.com\/wp-content\/uploads\/2025\/11\/artificial-opening-of-cocoa-pods.webp 720w, https:\/\/bestpeanutmachine.com\/wp-content\/uploads\/2025\/11\/artificial-opening-of-cocoa-pods-300x225.webp 300w, https:\/\/bestpeanutmachine.com\/wp-content\/uploads\/2025\/11\/artificial-opening-of-cocoa-pods-16x12.webp 16w\" sizes=\"auto, (max-width: 720px) 100vw, 720px\" \/><figcaption class=\"wp-element-caption\">M\u1edf v\u1ecf ca cao nh\u00e2n t\u1ea1o<\/figcaption><\/figure> <\/figure>    <h2 class=\"wp-block-heading\"><strong>C\u00e1c tr\u01b0\u1eddng h\u1ee3p th\u00e0nh c\u00f4ng<\/strong><\/h2>    <p>Kh\u00e1ch h\u00e0ng c\u1ee7a ch\u00fang t\u00f4i l\u00e0 m\u1ed9t h\u1ee3p t\u00e1c x\u00e3 ca cao \u1edf Ghana. H\u1ee3p t\u00e1c x\u00e3 n\u00e0y l\u00e0m vi\u1ec7c v\u1edbi h\u01a1n 200 n\u00f4ng d\u00e2n nh\u1ecf, s\u1ea3n xu\u1ea5t h\u1ea1t ca cao ch\u1ea5t l\u01b0\u1ee3ng cao nh\u01b0ng g\u1eb7p kh\u00f3 kh\u0103n v\u1edbi t\u1ed1c \u0111\u1ed9 x\u1eed l\u00fd ch\u1eadm v\u00e0 chi ph\u00ed lao \u0111\u1ed9ng cao. <\/p>    <p>C\u00e1c ph\u01b0\u01a1ng ph\u00e1p nghi\u1ec1n v\u1ecf v\u00e0 t\u00e1ch h\u1ea1t ca cao truy\u1ec1n th\u1ed1ng ng\u00e0y c\u00e0ng tr\u1edf n\u00ean kh\u00f3 kh\u0103n \u0111\u1ec3 duy tr\u00ec ch\u1ea5t l\u01b0\u1ee3ng s\u1ea3n ph\u1ea9m v\u00e0 \u0111\u00e1p \u1ee9ng nhu c\u1ea7u ng\u00e0y c\u00e0ng t\u0103ng v\u1ec1 xu\u1ea5t kh\u1ea9u ca cao. \u0110\u1ec3 c\u1ea3i thi\u1ec7n ch\u1ea5t l\u01b0\u1ee3ng s\u1ea3n ph\u1ea9m v\u00e0 \u0111\u1ea3m b\u1ea3o gi\u00e1 mua t\u1ed1t nh\u1ea5t, h\u1ecd \u0111\u00e3 quy\u1ebft \u0111\u1ecbnh \u0111\u1ea7u t\u01b0 v\u00e0o s\u1ea3n xu\u1ea5t m\u00e1y nghi\u1ec1n v\u1ecf ca cao.<\/p>    <p>After transportation, the machines were installed in the cooperative&#8217;s central processing center. With Taizy&#8217;s assistance, the cocoa bean production team received comprehensive equipment operation training and developed a regular maintenance plan to ensure the long-term reliability of the equipment.<\/p>    <figure class=\"wp-block-gallery has-nested-images columns-default is-cropped wp-block-gallery-4 is-layout-flex wp-block-gallery-is-layout-flex\"> <figure class=\"wp-block-image size-large\"><img loading=\"lazy\" decoding=\"async\" width=\"720\" height=\"540\" data-id=\"620\" src=\"https:\/\/bestpeanutmachine.com\/wp-content\/uploads\/2025\/11\/cocoa-husk-splitting-machine-packaging.webp\" alt=\"\u0111\u00f3ng g\u00f3i m\u00e1y nghi\u1ec1n v\u1ecf ca cao\" class=\"wp-image-620\" srcset=\"https:\/\/bestpeanutmachine.com\/wp-content\/uploads\/2025\/11\/cocoa-husk-splitting-machine-packaging.webp 720w, https:\/\/bestpeanutmachine.com\/wp-content\/uploads\/2025\/11\/cocoa-husk-splitting-machine-packaging-300x225.webp 300w, https:\/\/bestpeanutmachine.com\/wp-content\/uploads\/2025\/11\/cocoa-husk-splitting-machine-packaging-16x12.webp 16w\" sizes=\"auto, (max-width: 720px) 100vw, 720px\" \/><figcaption class=\"wp-element-caption\">\u0111\u00f3ng g\u00f3i m\u00e1y nghi\u1ec1n v\u1ecf ca cao<\/figcaption><\/figure>    <figure class=\"wp-block-image size-large\"><img loading=\"lazy\" decoding=\"async\" width=\"720\" height=\"540\" data-id=\"619\" src=\"https:\/\/bestpeanutmachine.com\/wp-content\/uploads\/2025\/11\/cocoa-pod-husker.webp\" alt=\"m\u00e1y t\u00e1ch v\u1ecf ca cao\" class=\"wp-image-619\" srcset=\"https:\/\/bestpeanutmachine.com\/wp-content\/uploads\/2025\/11\/cocoa-pod-husker.webp 720w, https:\/\/bestpeanutmachine.com\/wp-content\/uploads\/2025\/11\/cocoa-pod-husker-300x225.webp 300w, https:\/\/bestpeanutmachine.com\/wp-content\/uploads\/2025\/11\/cocoa-pod-husker-16x12.webp 16w\" sizes=\"auto, (max-width: 720px) 100vw, 720px\" \/><figcaption class=\"wp-element-caption\">m\u00e1y t\u00e1ch v\u1ecf ca cao<\/figcaption><\/figure> <\/figure>    <p>&#8220;Since we installed the machines, our efficiency and quality have improved significantly. Processing time has been reduced. Our cocoa beans are cleaner and of better quality, and we are now able to sell our products at higher prices, which means a lot to our cooperative.&#8221;<\/p>    <figure class=\"wp-block-embed is-type-video is-provider-youtube wp-block-embed-youtube wp-embed-aspect-9-16 wp-has-aspect-ratio\"><div class=\"wp-block-embed__wrapper\"> <iframe loading=\"lazy\" title=\"\u0110\u00e1nh Gi\u00e1 M\u00e1y T\u00e1ch V\u1ecf H\u1ea1t Cacao \u2013 M\u1edf V\u1ecf Nhanh H\u1ea1t S\u1ea1ch H\u01a1n! Li\u00ean h\u1ec7 v\u1edbi t\u00f4i:  8617703863868\" width=\"422\" height=\"750\" src=\"https:\/\/www.youtube.com\/embed\/HzpWgfV9JHU?feature=oembed\" frameborder=\"0\" allow=\"accelerometer; autoplay; clipboard-write; encrypted-media; gyroscope; picture-in-picture; web-share\" referrerpolicy=\"strict-origin-when-cross-origin\" allowfullscreen><\/iframe> <\/div><figcaption class=\"wp-element-caption\">Video ph\u1ea3n h\u1ed3i c\u1ee7a kh\u00e1ch h\u00e0ng<\/figcaption><\/figure>    <p>This good feedback has become the power that encourages Taizy to launch more products that facilitate food processing. Helping customers achieve better production results is Taizy&#8217;s eternal pursuit. If you have any questions, please contact us.<\/p>    <p>Ngo\u00e0i m\u00e1y n\u00e0y, m\u1eb9 t\u00f4i c\u00f2n cung c\u1ea5p c\u00e1c m\u00e1y v\u00e0 d\u00e2y chuy\u1ec1n s\u1ea3n xu\u1ea5t h\u1ea1t ca cao kh\u00e1c: <\/p>    <ul class=\"wp-block-list\"> <li><a href=\"https:\/\/bestpeanutmachine.com\/vi\/product\/cocoa-bean-peeling-machine\/\">M\u00e1y g\u1ecdt v\u1ecf h\u1ea1t cacao<\/a><\/li>    <li><a href=\"https:\/\/bestpeanutmachine.com\/vi\/product\/2t-cocoa-paste-production-line\/\">D\u00e2y chuy\u1ec1n s\u1ea3n xu\u1ea5t b\u01a1 ca cao 2t<\/a><\/li> <\/ul>","protected":false},"excerpt":{"rendered":"<p>This automated cocoa pod breaking machine improves your cocoa pod processing efficiency. Designed specifically for fresh cocoa pods, it ensures clean and undamaged cocoa beans, reduces labor costs, and supports continuous production in farms and factories.<\/p>","protected":false},"author":1,"featured_media":612,"parent":0,"template":"","tags":[80],"product-type":[76,6],"class_list":["post-611","product","type-product","status-publish","has-post-thumbnail","hentry","tag-cocoa","product-type-other-nuts-machine","product-type-product"],"_links":{"self":[{"href":"https:\/\/bestpeanutmachine.com\/vi\/wp-json\/wp\/v2\/product\/611","targetHints":{"allow":["GET"]}}],"collection":[{"href":"https:\/\/bestpeanutmachine.com\/vi\/wp-json\/wp\/v2\/product"}],"about":[{"href":"https:\/\/bestpeanutmachine.com\/vi\/wp-json\/wp\/v2\/types\/product"}],"author":[{"embeddable":true,"href":"https:\/\/bestpeanutmachine.com\/vi\/wp-json\/wp\/v2\/users\/1"}],"wp:featuredmedia":[{"embeddable":true,"href":"https:\/\/bestpeanutmachine.com\/vi\/wp-json\/wp\/v2\/media\/612"}],"wp:attachment":[{"href":"https:\/\/bestpeanutmachine.com\/vi\/wp-json\/wp\/v2\/media?parent=611"}],"wp:term":[{"taxonomy":"post_tag","embeddable":true,"href":"https:\/\/bestpeanutmachine.com\/vi\/wp-json\/wp\/v2\/tags?post=611"},{"taxonomy":"product-type","embeddable":true,"href":"https:\/\/bestpeanutmachine.com\/vi\/wp-json\/wp\/v2\/product-type?post=611"}],"curies":[{"name":"wp","href":"https:\/\/api.w.org\/{rel}","templated":true}]}}