{"id":70,"date":"2022-08-29T10:49:06","date_gmt":"2022-08-29T02:49:06","guid":{"rendered":"https:\/\/bestpeanutmachine.com\/?post_type=product&#038;p=70"},"modified":"2025-08-28T10:28:00","modified_gmt":"2025-08-28T02:28:00","slug":"peanut-roasting-machine","status":"publish","type":"product","link":"https:\/\/bestpeanutmachine.com\/vi\/product\/peanut-roasting-machine\/","title":{"rendered":"M\u00e1y rang \u0111\u1eadu ph\u1ed9ng"},"content":{"rendered":"<p>M\u00e1y rang \u0111\u1eadu ph\u1ed9ng l\u00e0 m\u1ed9t h\u1ec7 th\u1ed1ng rang tr\u1ed1ng quay hi\u1ec7u qu\u1ea3 cao \u0111\u01b0\u1ee3c thi\u1ebft k\u1ebf \u0111\u1ec3 n\u00e2ng cao ch\u1ebf bi\u1ebfn h\u1ea1t cho c\u1ea3 \u1ee9ng d\u1ee5ng th\u01b0\u01a1ng m\u1ea1i v\u00e0 h\u1ed9 gia \u0111\u00ecnh. L\u00fd t\u01b0\u1edfng \u0111\u1ec3 rang \u0111\u1eadu ph\u1ed9ng, h\u1ea1nh nh\u00e2n, h\u1ea1t d\u1ebb, h\u1ea1t d\u01b0a, v.v. <\/p>    <p>V\u1edbi n\u0103ng l\u1ef1c c\u00f3 th\u1ec3 t\u00f9y ch\u1ec9nh t\u1eeb 80kg \u0111\u1ebfn 650kg m\u1ed7i gi\u1edd, ch\u00fang t\u00f4i cung c\u1ea5p c\u00e1c gi\u1ea3i ph\u00e1p c\u00f3 th\u1ec3 m\u1edf r\u1ed9ng ph\u00f9 h\u1ee3p v\u1edbi nhu c\u1ea7u \u0111a d\u1ea1ng, t\u1eeb c\u00e1c ho\u1ea1t \u0111\u1ed9ng quy m\u00f4 nh\u1ecf \u0111\u1ebfn c\u00e1c d\u00f2ng c\u00f4ng nghi\u1ec7p. <\/p>    <p>Compact nh\u01b0ng m\u1ea1nh m\u1ebd, n\u00f3 k\u1ebft h\u1ee3p hi\u1ec7u su\u1ea5t n\u00e2ng cao v\u1edbi thi\u1ebft k\u1ebf th\u00e2n thi\u1ec7n v\u1edbi ng\u01b0\u1eddi d\u00f9ng, khi\u1ebfn n\u00f3 tr\u1edf th\u00e0nh l\u1ef1a ch\u1ecdn h\u00e0ng \u0111\u1ea7u cho c\u00e1c doanh nghi\u1ec7p t\u00ecm ki\u1ebfm \u0111\u1ed9 tin c\u1eady v\u00e0 \u0111\u1ed9 ch\u00ednh x\u00e1c. Li\u00ean h\u1ec7 v\u1edbi ch\u00fang t\u00f4i ngay h\u00f4m nay \u0111\u1ec3 kh\u00e1m ph\u00e1 gi\u00e1 c\u1ea3 v\u00e0 m\u1edf kh\u00f3a ti\u1ec1m n\u0103ng c\u1ee7a d\u00f2ng x\u1eed l\u00fd NUT c\u1ee7a b\u1ea1n!<\/p>    <figure class=\"wp-block-embed is-type-video is-provider-youtube wp-block-embed-youtube wp-embed-aspect-16-9 wp-has-aspect-ratio\"><div class=\"wp-block-embed__wrapper\"> <iframe loading=\"lazy\" title=\"C\u00e1c lo\u1ea1i h\u1ea1t rang cho m\u1ed9t l\u1ed1i s\u1ed1ng l\u00e0nh m\u1ea1nh: S\u1eed d\u1ee5ng m\u00e1y Roaster Peanut #roastingMachinesfornuts\" width=\"500\" height=\"281\" src=\"https:\/\/www.youtube.com\/embed\/Z0xsNg-D3JI?feature=oembed\" frameborder=\"0\" allow=\"accelerometer; autoplay; clipboard-write; encrypted-media; gyroscope; picture-in-picture; web-share\" referrerpolicy=\"strict-origin-when-cross-origin\" allowfullscreen><\/iframe> <\/div><figcaption class=\"wp-element-caption\">M\u00e1y n\u01b0\u1edbng \u0111\u1eadu ph\u1ed9ng Video l\u00e0m vi\u1ec7c<\/figcaption><\/figure>    <h2 class=\"wp-block-heading\" id=\"h-features-of-peanut-roasting-machine\">\u0110\u1eb7c \u0111i\u1ec3m c\u1ee7a m\u00e1y rang \u0111\u1eadu ph\u1ed9ng<\/h2>    <div class=\"wp-block-media-text is-stacked-on-mobile\"><figure class=\"wp-block-media-text__media\"><img loading=\"lazy\" decoding=\"async\" width=\"720\" height=\"540\" src=\"https:\/\/bestpeanutmachine.com\/wp-content\/uploads\/2022\/08\/peanut-roaster-machine-for-sale.jpg\" alt=\"C\u1ea7n b\u00e1n m\u00e1y rang \u0111\u1eadu ph\u1ed9ng\" class=\"wp-image-78 size-full\" srcset=\"https:\/\/bestpeanutmachine.com\/wp-content\/uploads\/2022\/08\/peanut-roaster-machine-for-sale.jpg 720w, https:\/\/bestpeanutmachine.com\/wp-content\/uploads\/2022\/08\/peanut-roaster-machine-for-sale-300x225.jpg 300w\" sizes=\"auto, (max-width: 720px) 100vw, 720px\" \/><\/figure><div class=\"wp-block-media-text__content\"> <ul class=\"wp-block-list\"> <li><strong>Rang \u0111a n\u0103ng<\/strong> <ul class=\"wp-block-list\"> <li>Th\u00edch h\u1ee3p cho \u0111\u1eadu ph\u1ed9ng, h\u1ea1t, h\u1ea1t c\u00e0 ph\u00ea, h\u1ea1nh nh\u00e2n v\u00e0 nhi\u1ec1u h\u01a1n n\u1eefa cho c\u00e1c nhu c\u1ea7u s\u1ea3n xu\u1ea5t \u0111a d\u1ea1ng.<\/li> <\/ul> <\/li>    <li><strong>Ki\u1ec3m so\u00e1t nhi\u1ec7t \u0111\u1ed9 v\u00e0 th\u1eddi gian th\u00f4ng minh<\/strong> <ul class=\"wp-block-list\"> <li>C\u00f3 th\u1ec3 \u0111i\u1ec1u ch\u1ec9nh 0 C\u00e0i \u0111\u1eb7t 300 \u2103 C\u00e0i \u0111\u1eb7t \u0111\u1ea3m b\u1ea3o rang ph\u00f9 h\u1ee3p cho h\u01b0\u01a1ng v\u1ecb, m\u00e0u s\u1eafc v\u00e0 k\u1ebft c\u1ea5u ho\u00e0n h\u1ea3o.<\/li> <\/ul> <\/li> <\/ul> <\/div><\/div>    <div class=\"wp-block-media-text has-media-on-the-right is-stacked-on-mobile\"><div class=\"wp-block-media-text__content\"> <ul class=\"wp-block-list\"> <li><strong>Rang rang hi\u1ec7u qu\u1ea3 v\u00e0 \u0111\u1ed3ng nh\u1ea5t<\/strong> <ul class=\"wp-block-list\"> <li>K\u1ebft h\u1ee3p xoay con l\u0103n, trao \u0111\u1ed5i nhi\u1ec7t v\u00e0 b\u1ee9c x\u1ea1 \u0111\u1ec3 \u0111\u1ea3m b\u1ea3o th\u1eadm ch\u00ed rang trong khi v\u1eabn gi\u1eef \u0111\u01b0\u1ee3c h\u01b0\u01a1ng v\u1ecb t\u1ef1 nhi\u00ean.<\/li> <\/ul> <\/li>    <li><strong>Thi\u1ebft k\u1ebf b\u1ec1n &amp; th\u1ef1c ph\u1ea9m<\/strong> <ul class=\"wp-block-list\"> <li>\u0110\u01b0\u1ee3c l\u00e0m b\u1eb1ng th\u00e9p kh\u00f4ng g\u1ec9 ch\u1ea5t l\u01b0\u1ee3ng cao cho \u0111\u1ed9 b\u1ec1n, kh\u1ea3 n\u0103ng ch\u1ed1ng \u0103n m\u00f2n v\u00e0 l\u00e0m s\u1ea1ch d\u1ec5 d\u00e0ng.<\/li> <\/ul> <\/li>    <li><strong>Ti\u1ebft ki\u1ec7m n\u0103ng l\u01b0\u1ee3ng v\u00e0 d\u1ec5 v\u1eadn h\u00e0nh<\/strong> <ul class=\"wp-block-list\"> <li>Ti\u00eau th\u1ee5 n\u0103ng l\u01b0\u1ee3ng th\u1ea5p v\u1edbi c\u00e1c \u0111i\u1ec1u khi\u1ec3n th\u00e2n thi\u1ec7n v\u1edbi ng\u01b0\u1eddi d\u00f9ng, l\u00fd t\u01b0\u1edfng cho c\u1ea3 s\u1ea3n xu\u1ea5t nh\u1ecf v\u00e0 quy m\u00f4 l\u1edbn.<\/li> <\/ul> <\/li> <\/ul> <\/div><figure class=\"wp-block-media-text__media\"><img loading=\"lazy\" decoding=\"async\" width=\"720\" height=\"540\" src=\"https:\/\/bestpeanutmachine.com\/wp-content\/uploads\/2022\/08\/groundnut-roaster.webp\" alt=\"m\u00e1y rang l\u1ea1c\" class=\"wp-image-211 size-full\" srcset=\"https:\/\/bestpeanutmachine.com\/wp-content\/uploads\/2022\/08\/groundnut-roaster.webp 720w, https:\/\/bestpeanutmachine.com\/wp-content\/uploads\/2022\/08\/groundnut-roaster-300x225.webp 300w, https:\/\/bestpeanutmachine.com\/wp-content\/uploads\/2022\/08\/groundnut-roaster-16x12.webp 16w\" sizes=\"auto, (max-width: 720px) 100vw, 720px\" \/><\/figure><\/div>    <div class=\"wp-block-media-text is-stacked-on-mobile\"><figure class=\"wp-block-media-text__media\"><img loading=\"lazy\" decoding=\"async\" width=\"720\" height=\"540\" src=\"https:\/\/bestpeanutmachine.com\/wp-content\/uploads\/2022\/08\/groundnut-roasting-machine.webp\" alt=\"m\u00e1y rang l\u1ea1c\" class=\"wp-image-212 size-full\" srcset=\"https:\/\/bestpeanutmachine.com\/wp-content\/uploads\/2022\/08\/groundnut-roasting-machine.webp 720w, https:\/\/bestpeanutmachine.com\/wp-content\/uploads\/2022\/08\/groundnut-roasting-machine-300x225.webp 300w, https:\/\/bestpeanutmachine.com\/wp-content\/uploads\/2022\/08\/groundnut-roasting-machine-16x12.webp 16w\" sizes=\"auto, (max-width: 720px) 100vw, 720px\" \/><\/figure><div class=\"wp-block-media-text__content\"> <ul class=\"wp-block-list\"> <li><strong>\u0110i\u1ec1u ch\u1ec9nh n\u0103ng l\u1ef1c<\/strong> <ul class=\"wp-block-list\"> <li>Cung c\u1ea5p \u0111\u1ea7u ra 80 b\u00f3ng650 kg\/h cho ph\u00f9 h\u1ee3p v\u1edbi s\u1ea3n xu\u1ea5t nh\u1ecf \u0111\u1ebfn quy m\u00f4 l\u1edbn.<\/li> <\/ul> <\/li>    <li><strong>Nhi\u1ec1u t\u00f9y ch\u1ecdn n\u0103ng l\u01b0\u1ee3ng<\/strong> <ul class=\"wp-block-list\"> <li>T\u01b0\u01a1ng th\u00edch v\u1edbi \u0111i\u1ec7n, kh\u00ed h\u00f3a l\u1ecfng v\u00e0 kh\u00ed t\u1ef1 nhi\u00ean cho ho\u1ea1t \u0111\u1ed9ng linh ho\u1ea1t.<\/li> <\/ul> <\/li> <\/ul> <\/div><\/div>    <h2 class=\"wp-block-heading\" id=\"h-parameters-of-taizy-peanut-roaster-machine\">C\u00e1c th\u00f4ng s\u1ed1 c\u1ee7a m\u00e1y rang \u0111\u1eadu ph\u1ed9ng<\/h2>    <figure class=\"wp-block-table\"><table><tbody><tr><td>Ng\u01b0\u1eddi m\u1eabu<\/td><td>K\u00edch th\u01b0\u1edbc t\u1ed5ng th\u1ec3\u00a0(mm)<\/td><td>C\u00f4ng su\u1ea5t (kg\/h)<\/td><td>C\u00f4ng su\u1ea5t s\u01b0\u1edfi \u0111i\u1ec7n\u00a0(kW)<\/td><td>C\u00f4ng su\u1ea5t s\u01b0\u1edfi \u0111i\u1ec7n\u00a0(kw)<\/td><\/tr><tr><td>MHK-1<\/td><td>3000*1200*1700<\/td><td>80-120<\/td><td>1.1<\/td><td>18<\/td><\/tr><tr><td>MHK-2<\/td><td>3000*2200*1700<\/td><td>180-250<\/td><td>2.2<\/td><td>35<\/td><\/tr><tr><td>MHK-3<\/td><td>3000*3300*1700<\/td><td>280-350<\/td><td>3.3<\/td><td>45<\/td><\/tr><tr><td>MHK-4<\/td><td>3000*4400*1700<\/td><td>380-450<\/td><td>4.4<\/td><td>60<\/td><\/tr><tr><td>MHK-5<\/td><td>3000*5500*1700<\/td><td>500-650<\/td><td>5.5<\/td><td>75<\/td><\/tr><\/tbody><\/table><figcaption class=\"wp-element-caption\">Th\u00f4ng s\u1ed1 m\u00e1y rang \u0111\u1eadu ph\u1ed9ng<\/figcaption><\/figure>    <h2 class=\"wp-block-heading\" id=\"h-working-principle-of-groundnut-roasting-equipment\">L\u00e0m th\u1ebf n\u00e0o \u0111\u1ec3 thi\u1ebft b\u1ecb rang l\u1ea1c?<\/h2>    <p>M\u00e1y rang l\u1ea1c ho\u1ea1t \u0111\u1ed9ng th\u00f4ng qua s\u1ef1 k\u1ebft h\u1ee3p c\u1ee7a c\u01a1 h\u1ecdc tr\u1ed1ng quay v\u00e0 c\u00e1c nguy\u00ean t\u1eafc nhi\u1ec7t ti\u00ean ti\u1ebfn \u0111\u1ec3 \u0111\u1ea3m b\u1ea3o rang \u0111\u1ed3ng \u0111\u1ec1u, ch\u1ea5t l\u01b0\u1ee3ng cao. \u1ede \u0111\u00e2y, m\u1ed9t s\u1ef1 c\u1ed1 c\u1ee7a qu\u00e1 tr\u00ecnh l\u00e0m vi\u1ec7c c\u1ee7a n\u00f3:<\/p>    <div class=\"wp-block-media-text is-stacked-on-mobile\"><figure class=\"wp-block-media-text__media\"><img loading=\"lazy\" decoding=\"async\" width=\"720\" height=\"540\" src=\"https:\/\/bestpeanutmachine.com\/wp-content\/uploads\/2022\/08\/superior-nut-roasting-machine-1.jpg\" alt=\"m\u00e1y rang h\u1ea1t cao c\u1ea5p\" class=\"wp-image-81 size-full\" srcset=\"https:\/\/bestpeanutmachine.com\/wp-content\/uploads\/2022\/08\/superior-nut-roasting-machine-1.jpg 720w, https:\/\/bestpeanutmachine.com\/wp-content\/uploads\/2022\/08\/superior-nut-roasting-machine-1-300x225.jpg 300w\" sizes=\"auto, (max-width: 720px) 100vw, 720px\" \/><\/figure><div class=\"wp-block-media-text__content\"> <ul class=\"wp-block-list\"> <li><strong>Ngay c\u1ea3 rang v\u1edbi tr\u1ed1ng xoay<\/strong> <ul class=\"wp-block-list\"> <li>Tr\u1ed1ng th\u00e9p kh\u00f4ng g\u1ec9 \u0111\u1ea3m b\u1ea3o ph\u00e2n b\u1ed1 nhi\u1ec7t \u0111\u1ed3ng \u0111\u1ec1u b\u1eb1ng c\u00e1c lo\u1ea1i h\u1ea1t v\u00e0 \u0111\u1eadu li\u00ean t\u1ee5c.<\/li> <\/ul> <\/li>    <li><strong>L\u00e0m n\u00f3ng k\u00e9p hi\u1ec7u qu\u1ea3<\/strong> <ul class=\"wp-block-list\"> <li>K\u1ebft h\u1ee3p d\u1eabn truy\u1ec1n nhi\u1ec7t v\u00e0 b\u1ee9c x\u1ea1 \u0111\u1ec3 rang ph\u00f9 h\u1ee3p trong khi ng\u0103n ng\u1eeba ch\u00e1y s\u00f3i ho\u1eb7c \u00f4 nhi\u1ec5m kh\u00f3i.<\/li> <\/ul> <\/li> <\/ul> <\/div><\/div>    <div class=\"wp-block-media-text has-media-on-the-right is-stacked-on-mobile\"><div class=\"wp-block-media-text__content\"> <ul class=\"wp-block-list\"> <li><strong>Ki\u1ec3m so\u00e1t nhi\u1ec7t \u0111\u1ed9 v\u00e0 th\u1eddi gian ch\u00ednh x\u00e1c<\/strong> <ul class=\"wp-block-list\"> <li>C\u00f3 th\u1ec3 \u0111i\u1ec1u ch\u1ec9nh 0 C\u00e0i \u0111\u1eb7t 300 \u2103 \u0110\u1ea3m b\u1ea3o rang t\u1ed1i \u01b0u, b\u1ea3o qu\u1ea3n h\u01b0\u01a1ng v\u1ecb, m\u00e0u s\u1eafc v\u00e0 k\u1ebft c\u1ea5u.<\/li> <\/ul> <\/li>    <li><strong>Xoan h\u00f3a t\u1ef1 \u0111\u1ed9ng &amp; \u0111\u1ea7u ra c\u00f3 th\u1ec3 m\u1edf r\u1ed9ng<\/strong> <ul class=\"wp-block-list\"> <li>C\u00e1c s\u1ea3n ph\u1ea9m ho\u00e0n ch\u1ec9nh \u0111\u01b0\u1ee3c t\u1ef1 \u0111\u1ed9ng ph\u00e1t h\u00e0nh, h\u1ed7 tr\u1ee3 100 n\u0103ng l\u1ef1c 600 kg\/h cho c\u00e1c quy m\u00f4 s\u1ea3n xu\u1ea5t kh\u00e1c nhau.<\/li> <\/ul> <\/li> <\/ul> <\/div><figure class=\"wp-block-media-text__media\"><img loading=\"lazy\" decoding=\"async\" width=\"720\" height=\"540\" src=\"https:\/\/bestpeanutmachine.com\/wp-content\/uploads\/2022\/08\/peanut-roaster-machine-for-sale.webp\" alt=\"C\u1ea7n b\u00e1n m\u00e1y rang \u0111\u1eadu ph\u1ed9ng\" class=\"wp-image-213 size-full\" srcset=\"https:\/\/bestpeanutmachine.com\/wp-content\/uploads\/2022\/08\/peanut-roaster-machine-for-sale.webp 720w, https:\/\/bestpeanutmachine.com\/wp-content\/uploads\/2022\/08\/peanut-roaster-machine-for-sale-300x225.webp 300w, https:\/\/bestpeanutmachine.com\/wp-content\/uploads\/2022\/08\/peanut-roaster-machine-for-sale-16x12.webp 16w\" sizes=\"auto, (max-width: 720px) 100vw, 720px\" \/><\/figure><\/div>    <p>B\u1eb1ng c\u00e1ch t\u00edch h\u1ee3p c\u00e1c \u0111i\u1ec1u khi\u1ec3n th\u00f4ng minh v\u1edbi k\u1ef9 thu\u1eadt m\u1ea1nh m\u1ebd, thi\u1ebft b\u1ecb n\u00e0y cung c\u1ea5p c\u00e1c lo\u1ea1i h\u1ea1t rang ho\u00e0n h\u1ea3o m\u1ed7i khi l\u00fd t\u01b0\u1edfng \u0111\u1ec3 t\u1ea1o ra \u0111\u1ed3 \u0103n nh\u1eb9 cao c\u1ea5p ho\u1eb7c nguy\u00ean li\u1ec7u th\u00f4 \u0111\u1ec3 ch\u1ebf bi\u1ebfn h\u1ea1 ngu\u1ed3n nh\u01b0 s\u1ea3n xu\u1ea5t b\u01a1 \u0111\u1eadu ph\u1ed9ng.<\/p>    <h2 class=\"wp-block-heading\" id=\"h-what-should-we-consider-when-operating-a-peanut-roasting-machine\">Ch\u00fang ta n\u00ean c\u00e2n nh\u1eafc nh\u1eefng g\u00ec khi v\u1eadn h\u00e0nh m\u00e1y rang \u0111\u1eadu ph\u1ed9ng?<\/h2>    <p>\u0110\u1ec3 \u0111\u1ea3m b\u1ea3o hi\u1ec7u su\u1ea5t t\u1ed1i \u01b0u v\u00e0 ch\u1ea5t l\u01b0\u1ee3ng s\u1ea3n ph\u1ea9m khi s\u1eed d\u1ee5ng m\u00e1y n\u01b0\u1edbng \u0111\u1eadu ph\u1ed9ng, h\u00e3y l\u00e0m theo c\u00e1c h\u01b0\u1edbng d\u1eabn quan tr\u1ecdng n\u00e0y:<\/p>    <div class=\"wp-block-media-text is-stacked-on-mobile\"><figure class=\"wp-block-media-text__media\"><img loading=\"lazy\" decoding=\"async\" width=\"720\" height=\"540\" src=\"https:\/\/bestpeanutmachine.com\/wp-content\/uploads\/2022\/08\/peanut-roasting-machine-factory.webp\" alt=\"nh\u00e0 m\u00e1y s\u1ea3n xu\u1ea5t m\u00e1y rang \u0111\u1eadu ph\u1ed9ng\" class=\"wp-image-82 size-full\" srcset=\"https:\/\/bestpeanutmachine.com\/wp-content\/uploads\/2022\/08\/peanut-roasting-machine-factory.webp 720w, https:\/\/bestpeanutmachine.com\/wp-content\/uploads\/2022\/08\/peanut-roasting-machine-factory-300x225.webp 300w\" sizes=\"auto, (max-width: 720px) 100vw, 720px\" \/><\/figure><div class=\"wp-block-media-text__content\"> <ul class=\"wp-block-list\"> <li><strong>Dung l\u01b0\u1ee3ng h\u00e0ng lo\u1ea1t &amp; Chu\u1ea9n b\u1ecb nguy\u00ean li\u1ec7u th\u00f4<\/strong> <ul class=\"wp-block-list\"> <li>Tu\u00e2n th\u1ee7 c\u00e1c tr\u1ecdng s\u1ed1 h\u00e0ng lo\u1ea1t \u0111\u01b0\u1ee3c \u0111\u1ec1 xu\u1ea5t:<strong>75 kg cho \u0111\u1eadu ph\u1ed9ng c\u00f3 v\u1ecf<\/strong>\u00a0V\u00e0<strong>100 kg cho h\u1ea1t \u0111\u1eadu ph\u1ed9ng<\/strong>.<\/li>    <li>Khi chuy\u1ec3n \u0111\u1ed5i nguy\u00ean li\u1ec7u th\u00f4, chi\u1ebfm s\u1ef1 kh\u00e1c bi\u1ec7t v\u1ec1 \u0111\u1ed9 \u1ea9m b\u1eb1ng c\u00e1ch ti\u1ebfn h\u00e0nh<strong>1-2 th\u1eed nghi\u1ec7m th\u1eed<\/strong>\u00a0\u0111\u1ec3 thu th\u1eadp d\u1eef li\u1ec7u tr\u01b0\u1edbc khi s\u1ea3n xu\u1ea5t to\u00e0n di\u1ec7n.<\/li> <\/ul> <\/li>    <li>\u200b<strong>Ki\u1ec3m so\u00e1t th\u1eddi gian rang ch\u00ednh x\u00e1c<\/strong> <ul class=\"wp-block-list\"> <li>\u0110i\u1ec1u ch\u1ec9nh th\u1eddi l\u01b0\u1ee3ng rang d\u1ef1a tr\u00ean <a href=\"https:\/\/en.wikipedia.org\/wiki\/Peanut\" data-type=\"link\" data-id=\"https:\/\/en.wikipedia.org\/wiki\/Peanut\" target=\"_blank\" rel=\"noopener\">\u0111\u1eadu ph\u1ed9ng<\/a> \u0111a d\u1ea1ng: <ul class=\"wp-block-list\"> <li>\u200b<strong>25 ph\u00fat cho \u0111\u1eadu ph\u1ed9ng da tr\u1eafng<\/strong>.<\/li>    <li>\u200b<strong>40 ph\u00fat cho \u0111\u1eadu ph\u1ed9ng Safflower<\/strong>\u00a0Ho\u1eb7c<strong>\u0110\u1eadu ph\u1ed9ng trong v\u1ecf<\/strong>.<\/li> <\/ul> <\/li> <\/ul> <\/li>    <li>Th\u01b0\u1eddng xuy\u00ean l\u1ea5y m\u1eabu \u0111\u1eadu ph\u1ed9ng t\u1eeb tr\u1ed1ng xoay \u0111\u1ec3 theo d\u00f5i m\u00e0u s\u1eafc, k\u1ebft c\u1ea5u v\u00e0 \u0111\u1ed9 m\u1ec1m.<\/li> <\/ul> <\/div><\/div>    <div class=\"wp-block-media-text has-media-on-the-right is-stacked-on-mobile\"><div class=\"wp-block-media-text__content\"> <ul class=\"wp-block-list\"> <li><strong>Quy tr\u00ecnh ho\u1ea1t \u0111\u1ed9ng<\/strong> <ul class=\"wp-block-list\"> <li>Sau khi \u0111\u1ea1t \u0111\u01b0\u1ee3c vi\u1ec7c rang mong mu\u1ed1n, nh\u1ea5n<strong>n\u00fat ng\u01b0\u1ee3c<\/strong>\u00a0\u0110\u1ec3 m\u1edf c\u1eeda x\u1ea3 v\u00e0 gi\u1ea3i ph\u00f3ng l\u00f4.<\/li>    <li>Ti\u1ebfp t\u1ee5c t\u1ea3i b\u1eb1ng c\u00e1ch nh\u1ea5n<strong>n\u00fat chuy\u1ec3n ti\u1ebfp<\/strong>, duy tr\u00ec m\u1ed9t chu k\u1ef3 s\u1ea3n xu\u1ea5t li\u00ean t\u1ee5c.<\/li> <\/ul> <\/li>    <li>\u200b<strong>\u0110\u1ea3m b\u1ea3o ch\u1ea5t l\u01b0\u1ee3ng<\/strong> <ul class=\"wp-block-list\"> <li>Tr\u00e1nh rang qu\u00e1 m\u1ee9c b\u1eb1ng c\u00e1ch c\u00e0i \u0111\u1eb7t th\u1eddi gian v\u00e0 nhi\u1ec7t \u0111\u1ed9 theo th\u1eddi gian nghi\u00eam ng\u1eb7t.<\/li>    <li>T\u00e0i li\u1ec7u th\u1eed nghi\u1ec7m d\u1eef li\u1ec7u n\u01b0\u1edbng (v\u00ed d\u1ee5: m\u1ee9c \u0111\u1ed9 \u1ea9m, ph\u00e2n ph\u1ed1i nhi\u1ec7t) \u0111\u1ec3 chu\u1ea9n h\u00f3a c\u00e1c l\u00f4 trong t\u01b0\u01a1ng lai.<\/li> <\/ul> <\/li> <\/ul> <\/div><figure class=\"wp-block-media-text__media\"><img loading=\"lazy\" decoding=\"async\" width=\"720\" height=\"540\" src=\"https:\/\/bestpeanutmachine.com\/wp-content\/uploads\/2024\/04\/Peanut-roaster.webp\" alt=\"M\u00e1y rang \u0111\u1eadu ph\u1ed9ng\" class=\"wp-image-190 size-full\" srcset=\"https:\/\/bestpeanutmachine.com\/wp-content\/uploads\/2024\/04\/Peanut-roaster.webp 720w, https:\/\/bestpeanutmachine.com\/wp-content\/uploads\/2024\/04\/Peanut-roaster-300x225.webp 300w, https:\/\/bestpeanutmachine.com\/wp-content\/uploads\/2024\/04\/Peanut-roaster-16x12.webp 16w\" sizes=\"auto, (max-width: 720px) 100vw, 720px\" \/><\/figure><\/div>    <p>B\u1eb1ng c\u00e1ch \u01b0u ti\u00ean c\u00e1c b\u01b0\u1edbc n\u00e0y, c\u00e1c nh\u00e0 khai th\u00e1c c\u00f3 th\u1ec3 t\u1ed1i \u0111a h\u00f3a hi\u1ec7u qu\u1ea3, t\u00ednh nh\u1ea5t qu\u00e1n v\u00e0 h\u1ea5p d\u1eabn s\u1ea3n ph\u1ea9m. <\/p>    <h2 class=\"wp-block-heading\" id=\"h-large-capacity-peanut-roaster-machine-for-sale\">B\u00e1n m\u00e1y rang \u0111\u1eadu ph\u1ed9ng c\u00f4ng su\u1ea5t l\u1edbn<\/h2>    <p class=\"translation-block\"><strong>M\u00e1y rang \u0111\u1eadu ph\u1ed9ng th\u01b0\u01a1ng m\u1ea1i l\u1edbn<\/strong> c\u1ee7a ch\u00fang t\u00f4i s\u1eed d\u1ee5ng <strong>kh\u00f4ng kh\u00ed n\u00f3ng l\u00e0m m\u00f4i tr\u01b0\u1eddng s\u1ea5y<\/strong>, \u0111\u1ea3m b\u1ea3o rang hi\u1ec7u qu\u1ea3 v\u00e0 \u0111\u1ed3ng \u0111\u1ec1u b\u1eb1ng c\u00e1ch li\u00ean t\u1ee5c lo\u1ea1i b\u1ecf \u0111\u1ed9 \u1ea9m kh\u1ecfi \u0111\u1eadu ph\u1ed9ng. H\u1ec7 th\u1ed1ng ho\u00e0n ch\u1ec9nh bao g\u1ed3m <strong>m\u00e1y rang, m\u00e1y n\u00e2ng, m\u00e1y l\u00e0m ngu\u1ed9i v\u00e0 m\u00e1y s\u00e0ng rung<\/strong>, l\u00e0m cho n\u00f3 tr\u1edf n\u00ean l\u00fd t\u01b0\u1edfng cho <strong><a href=\"https:\/\/bestpeanutmachine.com\/vi\/product\/peanut-butter-production-line\/\" data-type=\"link\" data-id=\"https:\/\/bestpeanutmachine.com\/product\/peanut-butter-production-line\/\">d\u00e2y chuy\u1ec1n s\u1ea3n xu\u1ea5t b\u01a1 \u0111\u1eadu ph\u1ed9ng v\u00e0 \u0111\u1eadu ph\u1ed9ng ph\u1ee7 t\u1ef1 \u0111\u1ed9ng<\/a><\/strong>.<\/p>    <p class=\"translation-block\">\u0110\u01b0\u1ee3c thi\u1ebft k\u1ebf cho <strong>hi\u1ec7u qu\u1ea3 cao v\u00e0 ch\u1ea5t l\u01b0\u1ee3ng \u1ed5n \u0111\u1ecbnh<\/strong>, thi\u1ebft b\u1ecb rang \u0111\u1eadu ph\u1ed9ng n\u00e0y n\u00e2ng cao t\u1ed1c \u0111\u1ed9 ch\u1ebf bi\u1ebfn trong khi v\u1eabn duy tr\u00ec h\u01b0\u01a1ng v\u1ecb v\u00e0 k\u1ebft c\u1ea5u tuy\u1ec7t v\u1eddi. N\u00e2ng c\u1ea5p s\u1ea3n xu\u1ea5t c\u1ee7a b\u1ea1n v\u1edbi <strong>m\u00e1y rang \u0111\u1eadu ph\u1ed9ng dung t\u00edch l\u1edbn<\/strong> c\u1ee7a ch\u00fang t\u00f4i \u2014 <strong>h\u00e3y li\u00ean h\u1ec7 v\u1edbi ch\u00fang t\u00f4i ngay h\u00f4m nay \u0111\u1ec3 bi\u1ebft gi\u00e1 v\u00e0 chi ti\u1ebft!<\/strong><\/p>    <figure class=\"wp-block-image size-full\"><img loading=\"lazy\" decoding=\"async\" width=\"720\" height=\"540\" src=\"https:\/\/bestpeanutmachine.com\/wp-content\/uploads\/2022\/08\/automatic-peanut-butter-production-line.jpg\" alt=\"d\u00e2y chuy\u1ec1n s\u1ea3n xu\u1ea5t b\u01a1 \u0111\u1eadu ph\u1ed9ng t\u1ef1 \u0111\u1ed9ng\" class=\"wp-image-57\" srcset=\"https:\/\/bestpeanutmachine.com\/wp-content\/uploads\/2022\/08\/automatic-peanut-butter-production-line.jpg 720w, https:\/\/bestpeanutmachine.com\/wp-content\/uploads\/2022\/08\/automatic-peanut-butter-production-line-300x225.jpg 300w\" sizes=\"auto, (max-width: 720px) 100vw, 720px\" \/><figcaption class=\"wp-element-caption\">d\u00e2y chuy\u1ec1n s\u1ea3n xu\u1ea5t b\u01a1 \u0111\u1eadu ph\u1ed9ng t\u1ef1 \u0111\u1ed9ng<\/figcaption><\/figure>    <h2 class=\"wp-block-heading\">Ph\u1ea7n k\u1ebft lu\u1eadn<\/h2>    <p>M\u00e1y rang \u0111\u1eadu ph\u1ed9ng l\u00e0 m\u1ed9t kho\u1ea3n \u0111\u1ea7u t\u01b0 thi\u1ebft y\u1ebfu cho b\u1ea5t k\u1ef3 doanh nghi\u1ec7p n\u00e0o nh\u1eb1m n\u00e2ng cao hi\u1ec7u qu\u1ea3 x\u1eed l\u00fd \u0111\u1eadu ph\u1ed9ng v\u00e0 ch\u1ea5t l\u01b0\u1ee3ng s\u1ea3n ph\u1ea9m. Thi\u1ebft k\u1ebf ti\u00ean ti\u1ebfn c\u1ee7a n\u00f3 \u0111\u1ea3m b\u1ea3o th\u1eadm ch\u00ed s\u01b0\u1edfi \u1ea5m, s\u1ea5y kh\u00f4 k\u1ef9 l\u01b0\u1ee1ng v\u00e0 b\u1ea3o v\u1ec7 c\u00e1c lo\u1ea1i h\u1ea1t t\u1ef1 nhi\u00ean. <\/p>    <p>V\u1edbi c\u00e1c \u1ee9ng d\u1ee5ng \u0111a n\u0103ng, dung l\u01b0\u1ee3ng c\u00f3 th\u1ec3 t\u00f9y ch\u1ec9nh v\u00e0 nhi\u1ec1u t\u00f9y ch\u1ecdn ngu\u1ed3n nhi\u1ec7t, m\u00e1y n\u00e0y th\u00edch nghi li\u1ec1n m\u1ea1ch v\u1edbi nhu c\u1ea7u s\u1ea3n xu\u1ea5t \u0111a d\u1ea1ng. N\u00e2ng c\u1ea5p ho\u1ea1t \u0111\u1ed9ng c\u1ee7a b\u1ea1n ngay h\u00f4m nay b\u1eb1ng c\u00e1ch li\u00ean h\u1ec7 v\u1edbi ch\u00fang t\u00f4i \u0111\u1ec3 bi\u1ebft gi\u00e1 chi ti\u1ebft v\u00e0 th\u00f4ng s\u1ed1 k\u1ef9 thu\u1eadt. H\u00e3y \u0111\u1ec3 m\u00e1y n\u01b0\u1edbng \u0111\u1eadu ph\u1ed9ng hi\u1ec7u su\u1ea5t cao c\u1ee7a ch\u00fang t\u00f4i gi\u00fap b\u1ea1n \u0111\u1ea1t \u0111\u01b0\u1ee3c k\u1ebft qu\u1ea3 v\u01b0\u1ee3t tr\u1ed9i v\u00e0 th\u00fac \u0111\u1ea9y doanh nghi\u1ec7p c\u1ee7a b\u1ea1n ti\u1ebfn l\u00ean.<\/p>","protected":false},"excerpt":{"rendered":"<p>M\u00e1y rang \u0111\u1eadu ph\u1ed9ng l\u00e0 m\u1ed9t h\u1ec7 th\u1ed1ng rang tr\u1ed1ng quay hi\u1ec7u qu\u1ea3 cao \u0111\u01b0\u1ee3c thi\u1ebft k\u1ebf \u0111\u1ec3 n\u00e2ng cao ch\u1ebf bi\u1ebfn h\u1ea1t cho c\u1ea3 \u1ee9ng d\u1ee5ng th\u01b0\u01a1ng m\u1ea1i v\u00e0 h\u1ed9 gia \u0111\u00ecnh.<\/p>","protected":false},"author":1,"featured_media":77,"parent":0,"template":"","tags":[8],"product-type":[6,69],"class_list":["post-70","product","type-product","status-publish","has-post-thumbnail","hentry","tag-peanut-processing-machine","product-type-product","product-type-peanut-machine"],"_links":{"self":[{"href":"https:\/\/bestpeanutmachine.com\/vi\/wp-json\/wp\/v2\/product\/70","targetHints":{"allow":["GET"]}}],"collection":[{"href":"https:\/\/bestpeanutmachine.com\/vi\/wp-json\/wp\/v2\/product"}],"about":[{"href":"https:\/\/bestpeanutmachine.com\/vi\/wp-json\/wp\/v2\/types\/product"}],"author":[{"embeddable":true,"href":"https:\/\/bestpeanutmachine.com\/vi\/wp-json\/wp\/v2\/users\/1"}],"wp:featuredmedia":[{"embeddable":true,"href":"https:\/\/bestpeanutmachine.com\/vi\/wp-json\/wp\/v2\/media\/77"}],"wp:attachment":[{"href":"https:\/\/bestpeanutmachine.com\/vi\/wp-json\/wp\/v2\/media?parent=70"}],"wp:term":[{"taxonomy":"post_tag","embeddable":true,"href":"https:\/\/bestpeanutmachine.com\/vi\/wp-json\/wp\/v2\/tags?post=70"},{"taxonomy":"product-type","embeddable":true,"href":"https:\/\/bestpeanutmachine.com\/vi\/wp-json\/wp\/v2\/product-type?post=70"}],"curies":[{"name":"wp","href":"https:\/\/api.w.org\/{rel}","templated":true}]}}