{"id":838,"date":"2026-01-16T13:48:12","date_gmt":"2026-01-16T05:48:12","guid":{"rendered":"https:\/\/bestpeanutmachine.com\/?post_type=product&#038;p=838"},"modified":"2026-01-16T13:56:30","modified_gmt":"2026-01-16T05:56:30","slug":"nut-chopping-machine","status":"publish","type":"product","link":"https:\/\/bestpeanutmachine.com\/vi\/product\/nut-chopping-machine\/","title":{"rendered":"M\u00e1y xay h\u1ea1t | Gi\u1ea3i ph\u00e1p c\u1eaft v\u00e0 nghi\u1ec1n h\u1ea1t c\u00f4ng nghi\u1ec7p"},"content":{"rendered":"<p class=\"translation-block\">Taizy <strong>m\u00e1y c\u1eaft h\u1ea1t<\/strong> \u0111\u01b0\u1ee3c s\u1eed d\u1ee5ng r\u1ed9ng r\u00e3i trong c\u00e1c nh\u00e0 m\u00e1y ch\u1ebf bi\u1ebfn h\u1ea1t v\u00e0 d\u00e2y chuy\u1ec1n ti\u1ec1n x\u1eed l\u00fd nguy\u00ean li\u1ec7u, y\u00eau c\u1ea7u ki\u1ec3m so\u00e1t ch\u00ednh x\u00e1c k\u00edch th\u01b0\u1edbc h\u1ea1t. N\u00f3 c\u00f3 th\u1ec3 c\u1eaft hi\u1ec7u qu\u1ea3 v\u00e0 \u1ed5n \u0111\u1ecbnh c\u00e1c lo\u1ea1i h\u1ea1t (nh\u01b0 \u0111\u1eadu ph\u1ed9ng, h\u1ea1nh nh\u00e2n, v.v.) v\u00e0 \u0111\u1eadu legume th\u00e0nh c\u00e1c h\u1ea1t \u0111\u1ed3ng \u0111\u1ec1u v\u1edbi c\u00f4ng su\u1ea5t 200\u2013500 kg\/h.<\/p>    <p>M\u00e1y c\u1eaft h\u1ea1t t\u00edch h\u1ee3p c\u1ea5u tr\u00fac c\u01a1 kh\u00ed \u1ed5n \u0111\u1ecbnh, \u0111\u1ed9 ch\u00ednh x\u00e1c c\u1eaft \u0111i\u1ec1u ch\u1ec9nh \u0111\u01b0\u1ee3c v\u00e0 ch\u1ee9c n\u0103ng s\u00e0ng nhi\u1ec1u c\u1ea5p. C\u00f3 th\u1ec3 mua ri\u00eang l\u1ebb \u0111\u1ec3 x\u1eed l\u00fd h\u1ea1t ho\u1eb7c k\u1ebft n\u1ed1i v\u00e0o d\u00e2y chuy\u1ec1n s\u1ea3n xu\u1ea5t \u0111\u1ec3 n\u00e2ng cao hi\u1ec7u qu\u1ea3 s\u1ea3n xu\u1ea5t th\u1ef1c ph\u1ea9m \u0111\u1eadu c\u00f4ng nghi\u1ec7p.<\/p>    <figure class=\"wp-block-embed is-type-video is-provider-youtube wp-block-embed-youtube wp-embed-aspect-16-9 wp-has-aspect-ratio\"><div class=\"wp-block-embed__wrapper\"> <iframe loading=\"lazy\" title=\"Nut Chopping Machine for Peanut &amp; Almond Processing Contact:+8617703863868\" width=\"500\" height=\"281\" src=\"https:\/\/www.youtube.com\/embed\/OtRhcsLZKgg?feature=oembed\" frameborder=\"0\" allow=\"accelerometer; autoplay; clipboard-write; encrypted-media; gyroscope; picture-in-picture; web-share\" referrerpolicy=\"strict-origin-when-cross-origin\" allowfullscreen><\/iframe> <\/div><figcaption class=\"wp-element-caption\">video ho\u1ea1t \u0111\u1ed9ng c\u1ee7a m\u00e1y c\u1eaft h\u1ea1t<\/figcaption><\/figure>    <h2 class=\"wp-block-heading\"><strong>C\u00e1c \u0111\u1eb7c \u0111i\u1ec3m ch\u00ednh c\u1ee7a m\u00e1y c\u1eaft badam<\/strong><\/h2>    <ol class=\"wp-block-list\"> <li>Khung c\u1ee7a m\u00e1y ch\u1eb7t h\u1ea1t n\u00e0y \u0111\u01b0\u1ee3c l\u00e0m b\u1eb1ng th\u00e9p h\u00ecnh h\u1ed9p d\u00e0y, d\u1eabn \u0111\u1ebfn tr\u1ecdng l\u01b0\u1ee3ng t\u1ed5ng th\u1ec3 n\u1eb7ng <strong>\u0111\u1ed9 rung t\u1ed1i thi\u1ec3u trong qu\u00e1 tr\u00ecnh v\u1eadn h\u00e0nh<\/strong>, ng\u0103n ng\u1eeba bi\u1ebfn d\u1ea1ng do s\u1eed d\u1ee5ng l\u00e2u d\u00e0i.<\/li>    <li>C\u00e1c b\u1ed9 \u0111\u00fac ch\u00ednh c\u1ee7a n\u00f3 \u0111\u01b0\u1ee3c l\u00e0m b\u1eb1ng <strong>QT500-7 gang d\u1ebbo<\/strong>, gi\u00fap to\u00e0n b\u1ed9 m\u00e1y c\u00f3 \u0111\u1ed9 b\u1ec1n k\u00e9o cao v\u00e0 kh\u1ea3 n\u0103ng ch\u1ed1ng m\u00e0i m\u00f2n xu\u1ea5t s\u1eafc. C\u00e1c \u0111\u1eb7c t\u00ednh t\u1ef1 b\u00f4i tr\u01a1n c\u1ee7a gang d\u1ebbo c\u0169ng gi\u1ea3m ma s\u00e1t v\u00e0 gi\u1ea3m chi ph\u00ed b\u1ea3o tr\u00ec.<\/li>    <li>N\u00f3 c\u00f3 m\u1ed9t <strong>t\u1ee7 \u0111i\u1ec1u khi\u1ec3n \u0111i\u1ec7n \u0111\u1ed9c l\u1eadp<\/strong>, ng\u0103n ng\u1eeba h\u01b0 h\u1ecfng c\u00e1c th\u00e0nh ph\u1ea7n \u0111i\u1ec7n do rung l\u1eafc c\u1ee7a m\u00e1y. \u0110i\u1ec1u n\u00e0y c\u0169ng n\u00e2ng cao an to\u00e0n v\u1eadn h\u00e0nh v\u00e0 thu\u1eadn ti\u1ec7n cho b\u1ea3o tr\u00ec h\u00e0ng ng\u00e0y.<\/li>    <li>M\u00e1y c\u1eaft \u0111\u1eadu ph\u1ed9ng c\u00f3 <strong>h\u1ec7 th\u1ed1ng s\u00e0ng ba c\u1ea5p<\/strong> v\u1edbi b\u1ed1n c\u1ea5p \u0111\u1ed9 \u0111\u1ea7u ra. C\u1ea5u tr\u00fac \u0111\u01a1n gi\u1ea3n gi\u00fap d\u1ec5 th\u00e1o r\u1eddi v\u00e0 v\u1ec7 sinh, ph\u00f9 h\u1ee3p \u0111\u1eb7c bi\u1ec7t cho c\u00e1c nh\u00e0 m\u00e1y th\u1ef1c ph\u1ea9m c\u00f3 thay \u0111\u1ed5i s\u1ea3n ph\u1ea9m th\u01b0\u1eddng xuy\u00ean.<\/li>    <li>V\u1ecf m\u00e1y \u0111\u01b0\u1ee3c l\u00e0m b\u1eb1ng th\u00e9p carbon v\u1edbi l\u1edbp ph\u1ee7 b\u1ed9t \u0111\u1ec3 <strong>kh\u1ea3 n\u0103ng ch\u1ed1ng \u0103n m\u00f2n t\u1ed1t<\/strong>. C\u00e1c b\u1ed9 ph\u1eadn ti\u1ebfp x\u00fac v\u1eadt li\u1ec7u \u0111\u01b0\u1ee3c thi\u1ebft k\u1ebf b\u1eb1ng th\u00e9p kh\u00f4ng g\u1ec9 \u0111\u1ea1t ti\u00eau chu\u1ea9n th\u1ef1c ph\u1ea9m, \u0111\u00e1p \u1ee9ng c\u00e1c y\u00eau c\u1ea7u v\u1ec7 sinh c\u01a1 b\u1ea3n cho \u1ee9ng d\u1ee5ng ch\u1ebf bi\u1ebfn th\u1ef1c ph\u1ea9m.<\/li> <\/ol>    <figure class=\"wp-block-gallery has-nested-images columns-2 is-cropped wp-block-gallery-2 is-layout-flex wp-block-gallery-is-layout-flex\"> <figure class=\"wp-block-image size-large\"><img loading=\"lazy\" decoding=\"async\" width=\"720\" height=\"540\" data-id=\"848\" src=\"https:\/\/bestpeanutmachine.com\/wp-content\/uploads\/2026\/01\/independent-electrical-control-cabinet.webp\" alt=\"t\u1ee7 \u0111i\u1ec1u khi\u1ec3n \u0111i\u1ec7n \u0111\u1ed9c l\u1eadp\" class=\"wp-image-848\" srcset=\"https:\/\/bestpeanutmachine.com\/wp-content\/uploads\/2026\/01\/independent-electrical-control-cabinet.webp 720w, https:\/\/bestpeanutmachine.com\/wp-content\/uploads\/2026\/01\/independent-electrical-control-cabinet-300x225.webp 300w, https:\/\/bestpeanutmachine.com\/wp-content\/uploads\/2026\/01\/independent-electrical-control-cabinet-16x12.webp 16w\" sizes=\"auto, (max-width: 720px) 100vw, 720px\" \/><figcaption class=\"wp-element-caption\">t\u1ee7 \u0111i\u1ec1u khi\u1ec3n \u0111i\u1ec7n \u0111\u1ed9c l\u1eadp<\/figcaption><\/figure>    <figure class=\"wp-block-image size-large\"><img loading=\"lazy\" decoding=\"async\" width=\"720\" height=\"540\" data-id=\"851\" src=\"https:\/\/bestpeanutmachine.com\/wp-content\/uploads\/2026\/01\/completed-nut-cutting-machine.webp\" alt=\"m\u00e1y c\u1eaft h\u1ea1t ho\u00e0n ch\u1ec9nh\" class=\"wp-image-851\" srcset=\"https:\/\/bestpeanutmachine.com\/wp-content\/uploads\/2026\/01\/completed-nut-cutting-machine.webp 720w, https:\/\/bestpeanutmachine.com\/wp-content\/uploads\/2026\/01\/completed-nut-cutting-machine-300x225.webp 300w, https:\/\/bestpeanutmachine.com\/wp-content\/uploads\/2026\/01\/completed-nut-cutting-machine-16x12.webp 16w\" sizes=\"auto, (max-width: 720px) 100vw, 720px\" \/><figcaption class=\"wp-element-caption\">m\u00e1y c\u1eaft h\u1ea1t ho\u00e0n ch\u1ec9nh<\/figcaption><\/figure>    <figure class=\"wp-block-image size-large\"><img loading=\"lazy\" decoding=\"async\" width=\"720\" height=\"540\" data-id=\"849\" src=\"https:\/\/bestpeanutmachine.com\/wp-content\/uploads\/2026\/01\/three-stage-screening-system.webp\" alt=\"h\u1ec7 th\u1ed1ng s\u00e0ng ba c\u1ea5p\" class=\"wp-image-849\" srcset=\"https:\/\/bestpeanutmachine.com\/wp-content\/uploads\/2026\/01\/three-stage-screening-system.webp 720w, https:\/\/bestpeanutmachine.com\/wp-content\/uploads\/2026\/01\/three-stage-screening-system-300x225.webp 300w, https:\/\/bestpeanutmachine.com\/wp-content\/uploads\/2026\/01\/three-stage-screening-system-16x12.webp 16w\" sizes=\"auto, (max-width: 720px) 100vw, 720px\" \/><figcaption class=\"wp-element-caption\">h\u1ec7 th\u1ed1ng s\u00e0ng ba c\u1ea5p<\/figcaption><\/figure>    <figure class=\"wp-block-image size-large\"><img loading=\"lazy\" decoding=\"async\" width=\"720\" height=\"540\" data-id=\"850\" src=\"https:\/\/bestpeanutmachine.com\/wp-content\/uploads\/2026\/01\/best-machine-for-chopping-nuts.webp\" alt=\"M\u00e1y t\u1ed1t nh\u1ea5t \u0111\u1ec3 xay h\u1ea1t\" class=\"wp-image-850\" srcset=\"https:\/\/bestpeanutmachine.com\/wp-content\/uploads\/2026\/01\/best-machine-for-chopping-nuts.webp 720w, https:\/\/bestpeanutmachine.com\/wp-content\/uploads\/2026\/01\/best-machine-for-chopping-nuts-300x225.webp 300w, https:\/\/bestpeanutmachine.com\/wp-content\/uploads\/2026\/01\/best-machine-for-chopping-nuts-16x12.webp 16w\" sizes=\"auto, (max-width: 720px) 100vw, 720px\" \/><figcaption class=\"wp-element-caption\">M\u00e1y t\u1ed1t nh\u1ea5t \u0111\u1ec3 xay h\u1ea1t<\/figcaption><\/figure> <\/figure>    <h2 class=\"wp-block-heading\"><strong>M\u00e1y c\u1eaft h\u1ea1t ho\u1ea1t \u0111\u1ed9ng nh\u01b0 th\u1ebf n\u00e0o?<\/strong><\/h2>    <p>M\u00e1y ch\u1eb7t h\u1ea1t s\u1eed d\u1ee5ng ph\u01b0\u01a1ng ph\u00e1p c\u1ea5p li\u1ec7u li\u00ean t\u1ee5c, th\u1ef1c hi\u1ec7n c\u1eaft l\u1eb7p l\u1ea1i tr\u00ean v\u1eadt li\u1ec7u tr\u00ean b\u0103ng chuy\u1ec1n, sau \u0111\u00f3 t\u00e1ch c\u00e1c m\u1ea3nh \u0111\u00e3 qua x\u1eed l\u00fd theo k\u00edch th\u01b0\u1edbc h\u1ea1t b\u1eb1ng h\u1ec7 th\u1ed1ng s\u00e0ng rung.<\/p>    <h3 class=\"wp-block-heading\"><strong>1. C\u1ea5p li\u1ec7u \u0111\u1ed3ng \u0111\u1ec1u<\/strong><\/h3>    <p>Nguy\u00ean li\u1ec7u nh\u01b0 \u0111\u1eadu ph\u1ed9ng, h\u1ea1nh nh\u00e2n, qu\u1ea3 \u00f3c ch\u00f3 ho\u1eb7c h\u1ea1t ph\u1ec9 \u0111\u01b0\u1ee3c c\u1ea5p \u0111\u1ec1u t\u1eeb ph\u1ec5u l\u00ean b\u0103ng chuy\u1ec1n. T\u1ed1c \u0111\u1ed9 b\u0103ng chuy\u1ec1n c\u00f3 th\u1ec3 \u0111i\u1ec1u ch\u1ec9nh. (\u0110\u1ec3 \u0111\u1ea1t k\u1ebft qu\u1ea3 c\u1eaft t\u1ed1i \u01b0u, t\u1ed1c \u0111\u1ed9 kh\u00f4ng n\u00ean qu\u00e1 nhanh.)<\/p>    <h3 class=\"wp-block-heading\"><strong>2. H\u1ec7 th\u1ed1ng c\u1eaft l\u1eb7p l\u1ea1i<\/strong><\/h3>    <p>V\u1eadt li\u1ec7u \u0111\u01b0\u1ee3c chuy\u1ec3n \u0111\u1ebfn bu\u1ed3ng c\u1eaft, n\u01a1i 10 l\u01b0\u1ee1i dao c\u1eaft l\u1eb7p li\u00ean t\u1ee5c \u0111\u1ec3 nghi\u1ec1n h\u1ea1t. (T\u1ed1c \u0111\u1ed9 c\u1eaft c\u1ee7a l\u01b0\u1ee1i dao \u0111\u01b0\u1ee3c gi\u1eef \u1ed5n \u0111\u1ecbnh \u0111\u1ec3 \u0111\u1ea3m b\u1ea3o hi\u1ec7u su\u1ea5t c\u1eaft \u1ed5n \u0111\u1ecbnh.)<\/p>    <h3 class=\"wp-block-heading\"><strong>3. K\u00edch th\u01b0\u1edbc h\u1ea1t \u0111i\u1ec1u ch\u1ec9nh \u0111\u01b0\u1ee3c<\/strong><\/h3>    <p>K\u00edch th\u01b0\u1edbc h\u1ea1t cu\u1ed1i c\u00f9ng c\u00f3 th\u1ec3 \u0111\u01b0\u1ee3c ki\u1ec3m so\u00e1t b\u1eb1ng c\u00e1ch \u0111i\u1ec1u ch\u1ec9nh t\u1ed1c \u0111\u1ed9 b\u0103ng chuy\u1ec1n.<\/p>    <ul class=\"wp-block-list\"> <li>T\u1ed1c \u0111\u1ed9 b\u0103ng chuy\u1ec1n nhanh h\u01a1n \u2192 \u00cdt l\u1ea7n c\u1eaft h\u01a1n \u2192 H\u1ea1t l\u1edbn h\u01a1n<\/li>    <li>T\u1ed1c \u0111\u1ed9 b\u0103ng chuy\u1ec1n ch\u1eadm h\u01a1n \u2192 Nhi\u1ec1u l\u1ea7n c\u1eaft \u2192 H\u1ea1t nh\u1ecf h\u01a1n<\/li> <\/ul>    <h3 class=\"wp-block-heading\"><strong>4. S\u00e0ng rung<\/strong><\/h3>    <p>Sau khi c\u1eaft, v\u1eadt li\u1ec7u \u0111i v\u00e0o s\u00e0ng rung ba l\u1edbp, ph\u00e2n lo\u1ea1i th\u00e0nh b\u1ed1n lo\u1ea1i k\u00edch th\u01b0\u1edbc h\u1ea1t kh\u00e1c nhau \u0111\u1ec3 \u0111\u00e1p \u1ee9ng c\u00e1c y\u00eau c\u1ea7u s\u1ea3n ph\u1ea9m kh\u00e1c nhau.<\/p>    <p>Qu\u00e1 tr\u00ecnh c\u1eaft l\u1ea1nh n\u00e0y gi\u1eef nguy\u00ean h\u01b0\u01a1ng v\u1ecb, k\u1ebft c\u1ea5u v\u00e0 gi\u00e1 tr\u1ecb dinh d\u01b0\u1ee1ng ban \u0111\u1ea7u c\u1ee7a c\u00e1c lo\u1ea1i h\u1ea1t. N\u00f3 l\u00fd t\u01b0\u1edfng cho vi\u1ec7c ti\u1ec1n x\u1eed l\u00fd c\u00e1c th\u1ef1c ph\u1ea9m d\u1ef1a tr\u00ean h\u1ea1t.<\/p>    <h2 class=\"wp-block-heading\"><strong>\u1ee8ng d\u1ee5ng c\u1ee7a m\u00e1y c\u1eaft h\u1ea1t Taizy<\/strong><\/h2>    <p>M\u00e1y c\u1eaft h\u1ea1t \u0111\u01b0\u1ee3c s\u1eed d\u1ee5ng r\u1ed9ng r\u00e3i trong ng\u00e0nh ch\u1ebf bi\u1ebfn th\u1ef1c ph\u1ea9m v\u00e0 chu\u1ea9n b\u1ecb nguy\u00ean li\u1ec7u, \u0111\u1eb7c bi\u1ec7t trong c\u00e1c d\u00e2y chuy\u1ec1n s\u1ea3n xu\u1ea5t y\u00eau c\u1ea7u c\u1eaft h\u1ea1t ho\u1eb7c \u0111\u1eadu th\u00e0nh k\u00edch th\u01b0\u1edbc h\u1ea1t \u0111\u1ed3ng nh\u1ea5t v\u00e0 ki\u1ec3m so\u00e1t \u0111\u01b0\u1ee3c.<\/p>    <p>M\u00e1y n\u00e0y l\u00fd t\u01b0\u1edfng \u0111\u1ec3 c\u1eaft v\u00e0 nghi\u1ec1n c\u00e1c lo\u1ea1i h\u1ea1t kh\u00e1c nhau, bao g\u1ed3m \u0111\u1eadu ph\u1ed9ng, h\u1ea1nh nh\u00e2n, qu\u1ea3 \u00f3c ch\u00f3, h\u1ea1t ph\u1ec9 v\u00e0 h\u1ea1t d\u1ebb. C\u00e1c h\u1ea1t \u0111\u00e3 c\u1eaft th\u01b0\u1eddng \u0111\u01b0\u1ee3c s\u1eed d\u1ee5ng trong th\u00e0nh ph\u1ea7n h\u1ea1t (cho m\u00f3n tr\u00e1ng mi\u1ec7ng ho\u1eb7c b\u00e1nh m\u00ec) v\u00e0 snack h\u1ed7n h\u1ee3p h\u1ea1t.<\/p>    <figure class=\"wp-block-gallery has-nested-images columns-2 is-cropped wp-block-gallery-3 is-layout-flex wp-block-gallery-is-layout-flex\"> <figure class=\"wp-block-image size-large\"><img loading=\"lazy\" decoding=\"async\" width=\"750\" height=\"750\" data-id=\"852\" src=\"https:\/\/bestpeanutmachine.com\/wp-content\/uploads\/2026\/01\/chopped-dates.webp\" alt=\"qu\u1ea3 ch\u00e0 l\u00e0 \u0111\u00e3 c\u1eaft\" class=\"wp-image-852\" srcset=\"https:\/\/bestpeanutmachine.com\/wp-content\/uploads\/2026\/01\/chopped-dates.webp 750w, https:\/\/bestpeanutmachine.com\/wp-content\/uploads\/2026\/01\/chopped-dates-300x300.webp 300w, https:\/\/bestpeanutmachine.com\/wp-content\/uploads\/2026\/01\/chopped-dates-150x150.webp 150w, https:\/\/bestpeanutmachine.com\/wp-content\/uploads\/2026\/01\/chopped-dates-12x12.webp 12w\" sizes=\"auto, (max-width: 750px) 100vw, 750px\" \/><figcaption class=\"wp-element-caption\">qu\u1ea3 ch\u00e0 l\u00e0 \u0111\u00e3 c\u1eaft<\/figcaption><\/figure>    <figure class=\"wp-block-image size-large\"><img loading=\"lazy\" decoding=\"async\" width=\"800\" height=\"800\" data-id=\"853\" src=\"https:\/\/bestpeanutmachine.com\/wp-content\/uploads\/2026\/01\/crushed-hazelnuts.webp\" alt=\"h\u1ea1t ph\u1ec9 nghi\u1ec1n\" class=\"wp-image-853\" srcset=\"https:\/\/bestpeanutmachine.com\/wp-content\/uploads\/2026\/01\/crushed-hazelnuts.webp 800w, https:\/\/bestpeanutmachine.com\/wp-content\/uploads\/2026\/01\/crushed-hazelnuts-300x300.webp 300w, https:\/\/bestpeanutmachine.com\/wp-content\/uploads\/2026\/01\/crushed-hazelnuts-150x150.webp 150w, https:\/\/bestpeanutmachine.com\/wp-content\/uploads\/2026\/01\/crushed-hazelnuts-768x768.webp 768w, https:\/\/bestpeanutmachine.com\/wp-content\/uploads\/2026\/01\/crushed-hazelnuts-12x12.webp 12w\" sizes=\"auto, (max-width: 800px) 100vw, 800px\" \/><figcaption class=\"wp-element-caption\">h\u1ea1t ph\u1ec9 nghi\u1ec1n<\/figcaption><\/figure>    <figure class=\"wp-block-image size-large\"><img loading=\"lazy\" decoding=\"async\" width=\"500\" height=\"500\" data-id=\"854\" src=\"https:\/\/bestpeanutmachine.com\/wp-content\/uploads\/2026\/01\/crushed-pistachios.webp\" alt=\"h\u1ea1t pistachio nghi\u1ec1n\" class=\"wp-image-854\" srcset=\"https:\/\/bestpeanutmachine.com\/wp-content\/uploads\/2026\/01\/crushed-pistachios.webp 500w, https:\/\/bestpeanutmachine.com\/wp-content\/uploads\/2026\/01\/crushed-pistachios-300x300.webp 300w, https:\/\/bestpeanutmachine.com\/wp-content\/uploads\/2026\/01\/crushed-pistachios-150x150.webp 150w, https:\/\/bestpeanutmachine.com\/wp-content\/uploads\/2026\/01\/crushed-pistachios-12x12.webp 12w\" sizes=\"auto, (max-width: 500px) 100vw, 500px\" \/><figcaption class=\"wp-element-caption\">h\u1ea1t pistachio nghi\u1ec1n<\/figcaption><\/figure>    <figure class=\"wp-block-image size-large\"><img loading=\"lazy\" decoding=\"async\" width=\"1024\" height=\"1024\" data-id=\"855\" src=\"https:\/\/bestpeanutmachine.com\/wp-content\/uploads\/2026\/01\/macadamia-nut-pieces-1024x1024.webp\" alt=\"C\u00e1c mi\u1ebfng h\u1ea1t macadamia\" class=\"wp-image-855\" srcset=\"https:\/\/bestpeanutmachine.com\/wp-content\/uploads\/2026\/01\/macadamia-nut-pieces-1024x1024.webp 1024w, https:\/\/bestpeanutmachine.com\/wp-content\/uploads\/2026\/01\/macadamia-nut-pieces-300x300.webp 300w, https:\/\/bestpeanutmachine.com\/wp-content\/uploads\/2026\/01\/macadamia-nut-pieces-150x150.webp 150w, https:\/\/bestpeanutmachine.com\/wp-content\/uploads\/2026\/01\/macadamia-nut-pieces-768x768.webp 768w, https:\/\/bestpeanutmachine.com\/wp-content\/uploads\/2026\/01\/macadamia-nut-pieces-12x12.webp 12w, https:\/\/bestpeanutmachine.com\/wp-content\/uploads\/2026\/01\/macadamia-nut-pieces.webp 1440w\" sizes=\"auto, (max-width: 1024px) 100vw, 1024px\" \/><figcaption class=\"wp-element-caption\">C\u00e1c mi\u1ebfng h\u1ea1t macadamia<\/figcaption><\/figure> <\/figure>    <p>Trong c\u00e1c nh\u00e0 b\u1ebfp trung t\u00e2m v\u00e0 nh\u00e0 m\u00e1y nguy\u00ean li\u1ec7u th\u1ef1c ph\u1ea9m, m\u00e1y c\u1eaft h\u1ea1t c\u00f3 th\u1ec3 \u0111\u01b0\u1ee3c s\u1eed d\u1ee5ng \u0111\u1ec3 ti\u1ec1n x\u1eed l\u00fd v\u00e0 ph\u00e2n lo\u1ea1i nguy\u00ean li\u1ec7u h\u1ea1t, cung c\u1ea5p li\u00ean t\u1ee5c v\u00e0 \u1ed5n \u0111\u1ecbnh c\u00e1c lo\u1ea1i h\u1ea1t c\u00f3 k\u00edch th\u01b0\u1edbc kh\u00e1c nhau cho d\u00e2y chuy\u1ec1n x\u1eed l\u00fd ph\u00eda sau.<\/p>    <p class=\"translation-block\">Furthermore, it can be paired with a <a href=\"https:\/\/bestpeanutmachine.com\/vi\/product\/peanut-roasting-machine\/\">peanut roasting machine<\/a>. Roasting the peanuts before cutting them into pieces results in a better color and flavor. Some customers who purchase Taizy&#8217;s <a href=\"https:\/\/bestpeanutmachine.com\/vi\/product\/peanut-brittle-making-machine\/\">peanut candy production line<\/a> also request a cutting machine to enhance the texture of the peanut candy.<\/p>    <figure class=\"wp-block-gallery has-nested-images columns-default is-cropped wp-block-gallery-4 is-layout-flex wp-block-gallery-is-layout-flex\"> <figure class=\"wp-block-image size-large\"><img loading=\"lazy\" decoding=\"async\" width=\"720\" height=\"540\" data-id=\"81\" src=\"https:\/\/bestpeanutmachine.com\/wp-content\/uploads\/2022\/08\/superior-nut-roasting-machine-1.jpg\" alt=\"m\u00e1y rang h\u1ea1t cao c\u1ea5p\" class=\"wp-image-81\" srcset=\"https:\/\/bestpeanutmachine.com\/wp-content\/uploads\/2022\/08\/superior-nut-roasting-machine-1.jpg 720w, https:\/\/bestpeanutmachine.com\/wp-content\/uploads\/2022\/08\/superior-nut-roasting-machine-1-300x225.jpg 300w\" sizes=\"auto, (max-width: 720px) 100vw, 720px\" \/><figcaption class=\"wp-element-caption\">m\u00e1y rang h\u1ea1t cao c\u1ea5p<\/figcaption><\/figure>    <figure class=\"wp-block-image size-large\"><img loading=\"lazy\" decoding=\"async\" width=\"720\" height=\"540\" data-id=\"769\" src=\"https:\/\/bestpeanutmachine.com\/wp-content\/uploads\/2026\/01\/peanut-brittle-making-machine.webp\" alt=\"s\u1ea3n ph\u1ea9m ho\u00e0n thi\u1ec7n c\u1ee7a kh\u00e1ch h\u00e0ng\" class=\"wp-image-769\" srcset=\"https:\/\/bestpeanutmachine.com\/wp-content\/uploads\/2026\/01\/peanut-brittle-making-machine.webp 720w, https:\/\/bestpeanutmachine.com\/wp-content\/uploads\/2026\/01\/peanut-brittle-making-machine-300x225.webp 300w, https:\/\/bestpeanutmachine.com\/wp-content\/uploads\/2026\/01\/peanut-brittle-making-machine-16x12.webp 16w\" sizes=\"auto, (max-width: 720px) 100vw, 720px\" \/><figcaption class=\"wp-element-caption\">s\u1ea3n ph\u1ea9m ho\u00e0n thi\u1ec7n c\u1ee7a kh\u00e1ch h\u00e0ng<\/figcaption><\/figure> <\/figure>    <h2 class=\"wp-block-heading\"><strong>Th\u00f4ng s\u1ed1 k\u1ef9 thu\u1eadt c\u1ee7a m\u00e1y c\u1eaft h\u1ea1t<\/strong><\/h2>    <figure class=\"wp-block-table\"><table class=\"has-fixed-layout\"><tbody><tr><td>Quy\u1ec1n l\u1ef1c<\/td><td>2.25 kW<\/td><\/tr><tr><td>Dung t\u00edch<\/td><td>200\u2013500 kg\/h<\/td><\/tr><tr><td>S\u1ed1 l\u01b0\u1ee3ng dao<\/td><td>10 chi\u1ebfc<\/td><\/tr><tr><td>H\u1ec7 th\u1ed1ng s\u00e0ng<\/td><td>M\u00e0ng s\u00e0ng ba c\u1ea5p, b\u1ed1n lo\u1ea1i k\u00edch th\u01b0\u1edbc<\/td><\/tr><tr><td>\u0110i\u1ec7n \u00e1p<\/td><td>380 V<\/td><\/tr><tr><td>T\u1ea7n s\u1ed1<\/td><td>50 Hz<\/td><\/tr><tr><td>K\u00edch th\u01b0\u1edbc m\u00e1y<\/td><td>2820 \u00d7 950 \u00d7 1300 mm<\/td><\/tr><tr><td>Ch\u1ea5t li\u1ec7u khung<\/td><td>Th\u00e9p carbon ph\u1ee7 s\u01a1n<\/td><\/tr><tr><td>V\u1eadt li\u1ec7u ti\u1ebfp x\u00fac<\/td><td>Th\u00e9p kh\u00f4ng g\u1ec9 201<\/td><\/tr><\/tbody><\/table><figcaption class=\"wp-element-caption\">th\u00f4ng s\u1ed1 c\u1ee7a m\u00e1y c\u1eaft h\u1ea1t<\/figcaption><\/figure>    <p>Some parameters are not fixed and can be adjusted according to specific needs, such as the material composition of the machine and the voltage. We will customize the product according to the customer&#8217;s specific requirements.<\/p>   <div class=\"wp-block-image\"> <figure class=\"aligncenter size-full\"><img loading=\"lazy\" decoding=\"async\" width=\"720\" height=\"540\" src=\"https:\/\/bestpeanutmachine.com\/wp-content\/uploads\/2026\/01\/automatic-cashew-cutting-machine.webp\" alt=\"m\u00e1y c\u1eaft h\u1ea1t \u0111i\u1ec1u t\u1ef1 \u0111\u1ed9ng\" class=\"wp-image-858\" srcset=\"https:\/\/bestpeanutmachine.com\/wp-content\/uploads\/2026\/01\/automatic-cashew-cutting-machine.webp 720w, https:\/\/bestpeanutmachine.com\/wp-content\/uploads\/2026\/01\/automatic-cashew-cutting-machine-300x225.webp 300w, https:\/\/bestpeanutmachine.com\/wp-content\/uploads\/2026\/01\/automatic-cashew-cutting-machine-16x12.webp 16w\" sizes=\"auto, (max-width: 720px) 100vw, 720px\" \/><figcaption class=\"wp-element-caption\">m\u00e1y c\u1eaft h\u1ea1t \u0111i\u1ec1u t\u1ef1 \u0111\u1ed9ng<\/figcaption><\/figure> <\/div>   <h2 class=\"wp-block-heading\"><strong>Taizy c\u00f3 th\u1ec3 cung c\u1ea5p g\u00ec cho b\u1ea1n?<\/strong><\/h2>    <p>Do nhu c\u1ea7u kh\u00e1ch h\u00e0ng kh\u00e1c nhau, ch\u00fang t\u00f4i c\u0169ng cung c\u1ea5p nhi\u1ec1u d\u1ecbch v\u1ee5 \u0111\u1ec3 l\u00e0m h\u00e0i l\u00f2ng b\u1ea1n, bao g\u1ed3m:<\/p>    <h3 class=\"wp-block-heading\"><strong>T\u00f9y ch\u1ec9nh v\u1eadt li\u1ec7u<\/strong><\/h3>    <p>Ch\u00fang t\u00f4i cung c\u1ea5p c\u00e1c t\u00f9y ch\u1ecdn v\u1ec1 v\u1eadt li\u1ec7u ti\u1ebfp x\u00fac v\u1edbi s\u1ea3n ph\u1ea9m, v\u1edbi c\u00e1c t\u1ea5m b\u00ean ngo\u00e0i c\u00f3 th\u1ec3 l\u00e0m b\u1eb1ng th\u00e9p kh\u00f4ng g\u1ec9 304 ho\u1eb7c 316, v\u00e0 khung c\u00f3 th\u1ec3 l\u00e0m b\u1eb1ng v\u1eadt li\u1ec7u pha tr\u1ed9n 304 201 ho\u1eb7c th\u00e9p kh\u00f4ng g\u1ec9 316.<\/p>    <h3 class=\"wp-block-heading\"><strong>T\u00f9y ch\u1ec9nh chuy\u00ean nghi\u1ec7p m\u1ed9t-m\u1ed9t<\/strong><\/h3>    <p>Taizy s\u1ebd \u0111\u1ec1 xu\u1ea5t thi\u1ebft b\u1ecb ph\u00f9 h\u1ee3p nh\u1ea5t d\u1ef1a tr\u00ean v\u1eadt li\u1ec7u b\u1ea1n c\u1ea7n x\u1eed l\u00fd v\u00e0 k\u1ebft qu\u1ea3 cu\u1ed1i c\u00f9ng mong mu\u1ed1n. N\u1ebfu b\u1ea1n c\u00f3 nhu c\u1ea7u kh\u00e1c, ch\u00fang t\u00f4i c\u0169ng c\u00f3 th\u1ec3 gi\u00fap b\u1ea1n t\u00f9y ch\u1ec9nh d\u00e2y chuy\u1ec1n s\u1ea3n xu\u1ea5t ch\u1ebf bi\u1ebfn h\u1ea1t.<\/p>    <h3 class=\"wp-block-heading\"><strong>B\u1ea3ng gi\u00e1 minh b\u1ea1ch<\/strong><\/h3>    <p>Ch\u00fang t\u00f4i s\u1edf h\u1eefu nh\u00e0 m\u00e1y ri\u00eang, \u0111\u1ea3m b\u1ea3o m\u00e1y m\u00f3c ch\u1ea5t l\u01b0\u1ee3ng cao v\u1edbi gi\u00e1 tr\u1ecb tuy\u1ec7t v\u1eddi. M\u1ed7i m\u00e1y ch\u1ebf bi\u1ebfn h\u1ea1t c\u1ee7a ch\u00fang t\u00f4i \u0111\u1ec1u \u0111\u1ea1t ti\u00eau chu\u1ea9n CE v\u00e0 c\u00e1c ch\u1ee9ng nh\u1eadn xu\u1ea5t kh\u1ea9u kh\u00e1c, \u0111i k\u00e8m b\u1ea3o h\u00e0nh 12 th\u00e1ng.<\/p>    <figure class=\"wp-block-gallery has-nested-images columns-default is-cropped wp-block-gallery-5 is-layout-flex wp-block-gallery-is-layout-flex\"> <figure class=\"wp-block-image size-large\"><img loading=\"lazy\" decoding=\"async\" width=\"720\" height=\"540\" data-id=\"856\" src=\"https:\/\/bestpeanutmachine.com\/wp-content\/uploads\/2026\/01\/nut-cutting-machine-in-Taizy-factory.webp\" alt=\"m\u00e1y c\u1eaft h\u1ea1t trong nh\u00e0 m\u00e1y Taizy\" class=\"wp-image-856\" srcset=\"https:\/\/bestpeanutmachine.com\/wp-content\/uploads\/2026\/01\/nut-cutting-machine-in-Taizy-factory.webp 720w, https:\/\/bestpeanutmachine.com\/wp-content\/uploads\/2026\/01\/nut-cutting-machine-in-Taizy-factory-300x225.webp 300w, https:\/\/bestpeanutmachine.com\/wp-content\/uploads\/2026\/01\/nut-cutting-machine-in-Taizy-factory-16x12.webp 16w\" sizes=\"auto, (max-width: 720px) 100vw, 720px\" \/><figcaption class=\"wp-element-caption\">m\u00e1y c\u1eaft h\u1ea1t trong nh\u00e0 m\u00e1y Taizy<\/figcaption><\/figure>    <figure class=\"wp-block-image size-large\"><img loading=\"lazy\" decoding=\"async\" width=\"720\" height=\"540\" data-id=\"857\" src=\"https:\/\/bestpeanutmachine.com\/wp-content\/uploads\/2026\/01\/peanut-chopping-machine-in-stock.webp\" alt=\"m\u00e1y c\u1eaft \u0111\u1eadu ph\u1ed9ng trong kho\" class=\"wp-image-857\" srcset=\"https:\/\/bestpeanutmachine.com\/wp-content\/uploads\/2026\/01\/peanut-chopping-machine-in-stock.webp 720w, https:\/\/bestpeanutmachine.com\/wp-content\/uploads\/2026\/01\/peanut-chopping-machine-in-stock-300x225.webp 300w, https:\/\/bestpeanutmachine.com\/wp-content\/uploads\/2026\/01\/peanut-chopping-machine-in-stock-16x12.webp 16w\" sizes=\"auto, (max-width: 720px) 100vw, 720px\" \/><figcaption class=\"wp-element-caption\">m\u00e1y c\u1eaft \u0111\u1eadu ph\u1ed9ng trong kho<\/figcaption><\/figure> <\/figure>    <h3 class=\"wp-block-heading\"><strong>D\u1ecbch v\u1ee5 h\u1eadu m\u00e3i ch\u1ea5t l\u01b0\u1ee3ng cao<\/strong><\/h3>    <p>Sau khi \u0111\u1eb7t h\u00e0ng xong, kh\u00e1ch h\u00e0ng c\u1ee7a ch\u00fang t\u00f4i \u0111\u01b0\u1ee3c h\u01b0\u1edfng d\u1ecbch v\u1ee5 h\u1eadu m\u00e3i tr\u1ecdn \u0111\u1eddi, bao g\u1ed3m h\u1ed7 tr\u1ee3 k\u1ef9 thu\u1eadt t\u1eeb xa v\u00e0 cung c\u1ea5p ph\u1ee5 t\u00f9ng l\u00e2u d\u00e0i.<\/p>    <p>N\u1ebfu b\u1ea1n c\u00f3 b\u1ea5t k\u1ef3 c\u00e2u h\u1ecfi n\u00e0o ho\u1eb7c mu\u1ed1n h\u1ecfi v\u1ec1 c\u00e1c th\u00f4ng tin kh\u00e1c li\u00ean quan \u0111\u1ebfn m\u00e1y ch\u1eb7t h\u1ea1t n\u00e0y, vui l\u00f2ng li\u00ean h\u1ec7 v\u1edbi ch\u00fang t\u00f4i \u0111\u1ec3 c\u1eadp nh\u1eadt m\u1edbi nh\u1ea5t!<\/p>","protected":false},"excerpt":{"rendered":"<p>This nut chopper is specifically designed to chop peanuts, almonds, walnuts, and other nuts into uniform particles. It allows for adjustment of the finished particle size via a conveyor belt and features a multi-stage screening system for product grading, making it an ideal choice for peanut food processing.<\/p>","protected":false},"author":1,"featured_media":869,"parent":0,"template":"","tags":[11],"product-type":[76,6],"class_list":["post-838","product","type-product","status-publish","has-post-thumbnail","hentry","tag-peanut","product-type-other-nuts-machine","product-type-product"],"_links":{"self":[{"href":"https:\/\/bestpeanutmachine.com\/vi\/wp-json\/wp\/v2\/product\/838","targetHints":{"allow":["GET"]}}],"collection":[{"href":"https:\/\/bestpeanutmachine.com\/vi\/wp-json\/wp\/v2\/product"}],"about":[{"href":"https:\/\/bestpeanutmachine.com\/vi\/wp-json\/wp\/v2\/types\/product"}],"author":[{"embeddable":true,"href":"https:\/\/bestpeanutmachine.com\/vi\/wp-json\/wp\/v2\/users\/1"}],"wp:featuredmedia":[{"embeddable":true,"href":"https:\/\/bestpeanutmachine.com\/vi\/wp-json\/wp\/v2\/media\/869"}],"wp:attachment":[{"href":"https:\/\/bestpeanutmachine.com\/vi\/wp-json\/wp\/v2\/media?parent=838"}],"wp:term":[{"taxonomy":"post_tag","embeddable":true,"href":"https:\/\/bestpeanutmachine.com\/vi\/wp-json\/wp\/v2\/tags?post=838"},{"taxonomy":"product-type","embeddable":true,"href":"https:\/\/bestpeanutmachine.com\/vi\/wp-json\/wp\/v2\/product-type?post=838"}],"curies":[{"name":"wp","href":"https:\/\/api.w.org\/{rel}","templated":true}]}}