{"id":989,"date":"2026-01-27T17:44:05","date_gmt":"2026-01-27T09:44:05","guid":{"rendered":"https:\/\/bestpeanutmachine.com\/?post_type=product&#038;p=989"},"modified":"2026-01-28T17:11:41","modified_gmt":"2026-01-28T09:11:41","slug":"peanut-almond-strip-cutting-machine","status":"publish","type":"product","link":"https:\/\/bestpeanutmachine.com\/vi\/product\/peanut-almond-strip-cutting-machine\/","title":{"rendered":"M\u00e1y c\u1eaft thanh \u0111\u1eadu ph\u1ed9ng &amp; h\u1ea1nh nh\u00e2n"},"content":{"rendered":"<p class=\"translation-block\">M\u00e1y c\u1eaft d\u1ea3i h\u1ea1nh nh\u00e2n \u0111\u1eb7c bi\u1ec7t n\u00e0y l\u00e0 thi\u1ebft b\u1ecb ch\u1ebf bi\u1ebfn th\u1ef1c ph\u1ea9m chuy\u00ean d\u1ee5ng d\u00f9ng \u0111\u1ec3 c\u1eaft c\u00e1c lo\u1ea1i h\u1ea1t nh\u01b0 \u0111\u1eadu ph\u1ed9ng, h\u1ea1nh nh\u00e2n, ho\u1eb7c h\u1ea1t ph\u1ec9 th\u00e0nh d\u1ea3i kho\u1ea3ng 3-5mm v\u1edbi n\u0103ng su\u1ea5t 100-150 kg m\u1ed7i gi\u1edd.<\/p>    <p>M\u00e1y c\u1eaft d\u1ea3i h\u1ea1nh nh\u00e2n c\u1ee7a ch\u00fang t\u00f4i \u0111\u01b0\u1ee3c s\u1eed d\u1ee5ng r\u1ed9ng r\u00e3i trong s\u1ea3n xu\u1ea5t \u0111\u1ed3 \u0103n nh\u1eb9 t\u1eeb h\u1ea1t, k\u1eb9o, nguy\u00ean li\u1ec7u l\u00e0m b\u00e1nh, nh\u00e2n socola v\u00e0 c\u00e1c lo\u1ea1i th\u1ef1c ph\u1ea9m d\u1ef1a tr\u00ean h\u1ea1t kh\u00e1c, gi\u00fap t\u0103ng c\u01b0\u1eddng k\u1ebft c\u1ea5u v\u00e0 c\u1ea3i thi\u1ec7n v\u1ebb ngo\u00e0i c\u1ee7a m\u00f3n tr\u00e1ng mi\u1ec7ng.<\/p>    <figure class=\"wp-block-embed is-type-video is-provider-youtube wp-block-embed-youtube wp-embed-aspect-4-3 wp-has-aspect-ratio\"><div class=\"wp-block-embed__wrapper\"> <iframe loading=\"lazy\" title=\"Almond &amp; Pistachio Strip Cutter for Food Processing Contact: +8617703863868\" width=\"500\" height=\"375\" src=\"https:\/\/www.youtube.com\/embed\/pcY1szLq8uY?feature=oembed\" frameborder=\"0\" allow=\"accelerometer; autoplay; clipboard-write; encrypted-media; gyroscope; picture-in-picture; web-share\" referrerpolicy=\"strict-origin-when-cross-origin\" allowfullscreen><\/iframe> <\/div><figcaption class=\"wp-element-caption\">video th\u1eed nghi\u1ec7m m\u00e1y c\u1eaft d\u1ea3i \u0111\u1eadu ph\u1ed9ng<\/figcaption><\/figure>    <h2 class=\"wp-block-heading\"><strong>\u01afu \u0111i\u1ec3m c\u1ee7a m\u00e1y c\u1eaft d\u1ea3i h\u1ea1nh nh\u00e2n<\/strong><\/h2>    <ol class=\"wp-block-list\"> <li>L\u01b0\u1ee1i c\u1eaft \u0111\u1eb7c bi\u1ec7t \u0111\u1ea3m b\u1ea3o l\u00e1t c\u1eaft \u0111\u1ec1u v\u00e0 ho\u00e0n ch\u1ec9nh v\u1edbi thi\u1ec7t h\u1ea1i t\u1ed1i thi\u1ec3u, gi\u00fap qu\u00e1 tr\u00ecnh x\u1eed l\u00fd ti\u1ebfp theo d\u1ec5 d\u00e0ng h\u01a1n v\u00e0 gi\u1ea3m l\u00e3ng ph\u00ed nguy\u00ean li\u1ec7u th\u00f4.<\/li>    <li>M\u00e1y c\u1eaft d\u1ea3i h\u1ea1nh nh\u00e2n Taizy c\u00f3 c\u1ea5u tr\u00fac t\u1ed5ng th\u1ec3 \u0111\u01a1n gi\u1ea3n, d\u1ec5 v\u1eadn h\u00e0nh, v\u00e0 s\u1eed d\u1ee5ng c\u00e1c b\u1ed9 ph\u1eadn ph\u1ed5 bi\u1ebfn, d\u1ec5 b\u1ea3o tr\u00ec v\u00e0 s\u1eeda ch\u1eefa.<\/li>    <li>N\u00f3 cung c\u1ea5p s\u1ea3n xu\u1ea5t \u1ed5n \u0111\u1ecbnh, v\u1edbi n\u0103ng su\u1ea5t 100-150 kilogram m\u1ed7i gi\u1edd, ph\u00f9 h\u1ee3p cho s\u1ea3n xu\u1ea5t th\u01b0\u01a1ng m\u1ea1i.<\/li>    <li>T\u1ed1c \u0111\u1ed9 c\u1ea5p li\u1ec7u c\u00f3 th\u1ec3 \u0111i\u1ec1u ch\u1ec9nh \u0111\u1ec3 ph\u00f9 h\u1ee3p v\u1edbi hi\u1ec7u \u1ee9ng c\u1eaft v\u00e0 n\u0103ng su\u1ea5t.<\/li>    <li>L\u01b0\u1ee1i dao c\u1ee7a n\u00f3 b\u1ec1n v\u00e0 c\u00f3 tu\u1ed5i th\u1ecd d\u00e0i.<\/li>    <li>Hi\u1ec7u \u1ee9ng c\u1eaft l\u00e1t cho \u0111\u1eadu ph\u1ed9ng c\u00f3 th\u1ec3 \u0111i\u1ec1u ch\u1ec9nh, cho ph\u00e9p l\u00e1t c\u1eaft r\u1ed9ng 3-5mm.<\/li> <\/ol>   <div class=\"wp-block-image\"> <figure class=\"aligncenter size-full\"><img loading=\"lazy\" decoding=\"async\" width=\"720\" height=\"540\" src=\"https:\/\/bestpeanutmachine.com\/wp-content\/uploads\/2026\/01\/peanut-strip-cutting-machine.webp\" alt=\"M\u00e1y c\u1eaft d\u1ea3i \u0111\u1eadu ph\u1ed9ng\" class=\"wp-image-997\" srcset=\"https:\/\/bestpeanutmachine.com\/wp-content\/uploads\/2026\/01\/peanut-strip-cutting-machine.webp 720w, https:\/\/bestpeanutmachine.com\/wp-content\/uploads\/2026\/01\/peanut-strip-cutting-machine-300x225.webp 300w, https:\/\/bestpeanutmachine.com\/wp-content\/uploads\/2026\/01\/peanut-strip-cutting-machine-16x12.webp 16w\" sizes=\"auto, (max-width: 720px) 100vw, 720px\" \/><figcaption class=\"wp-element-caption\">M\u00e1y c\u1eaft d\u1ea3i \u0111\u1eadu ph\u1ed9ng<\/figcaption><\/figure> <\/div>   <h2 class=\"wp-block-heading\"><strong>Th\u00f4ng s\u1ed1 k\u1ef9 thu\u1eadt c\u1ee7a m\u00e1y c\u1eaft d\u1ea3i h\u1ea1nh nh\u00e2n<\/strong><\/h2>    <figure class=\"wp-block-table\"><table class=\"has-fixed-layout\"><tbody><tr><td>Ng\u01b0\u1eddi m\u1eabu<\/td><td class=\"has-text-align-center\" data-align=\"center\">HT-2<\/td><td class=\"has-text-align-center\" data-align=\"center\">HT-1<\/td><\/tr><tr><td>C\u1ea5u tr\u00fac<\/td><td class=\"has-text-align-center\" data-align=\"center\">H\u1ec7 th\u1ed1ng c\u1ea5p li\u1ec7u   c\u1eaft<\/td><td class=\"has-text-align-center\" data-align=\"center\">C\u1ea5p li\u1ec7u   c\u1eaft <br>h\u1ec7 th\u1ed1ng ph\u00e2n lo\u1ea1i<\/td><\/tr><tr><td>Dung t\u00edch<\/td><td class=\"has-text-align-center\" data-align=\"center\">100\u2013150 kg\/h<\/td><td class=\"has-text-align-center\" data-align=\"center\">100\u2013150 kg\/h<\/td><\/tr><tr><td>\u0110i\u1ec7n \u00e1p<\/td><td class=\"has-text-align-center\" data-align=\"center\">380 V<\/td><td class=\"has-text-align-center\" data-align=\"center\">380 V<\/td><\/tr><tr><td>T\u1ea7n s\u1ed1<\/td><td class=\"has-text-align-center\" data-align=\"center\">50 Hz<\/td><td class=\"has-text-align-center\" data-align=\"center\">50 Hz<\/td><\/tr><tr><td>Quy\u1ec1n l\u1ef1c<\/td><td class=\"has-text-align-center\" data-align=\"center\">0.75 kW<\/td><td class=\"has-text-align-center\" data-align=\"center\">1.48 kW<\/td><\/tr><tr><td>K\u00edch th\u01b0\u1edbc m\u00e1y<\/td><td class=\"has-text-align-center\" data-align=\"center\">1.3 \u00d7 0.75 \u00d7 1.3 m<\/td><td class=\"has-text-align-center\" data-align=\"center\">1.5 \u00d7 0.9 \u00d7 1.3 m<\/td><\/tr><tr><td>C\u00e2n n\u1eb7ng<\/td><td class=\"has-text-align-center\" data-align=\"center\">160 kg<\/td><td class=\"has-text-align-center\" data-align=\"center\">220 kg<\/td><\/tr><\/tbody><\/table><figcaption class=\"wp-element-caption\">Th\u00f4ng s\u1ed1 c\u1ee7a m\u00e1y c\u1eaft d\u1ea3i h\u1ea1nh nh\u00e2n<\/figcaption><\/figure>   <div class=\"wp-block-image\"> <figure class=\"aligncenter size-full\"><img loading=\"lazy\" decoding=\"async\" width=\"720\" height=\"540\" src=\"https:\/\/bestpeanutmachine.com\/wp-content\/uploads\/2026\/01\/almond-strip-cutting-machine.webp\" alt=\"m\u00e1y c\u1eaft d\u1ea3i h\u1ea1nh nh\u00e2n\" class=\"wp-image-1002\" srcset=\"https:\/\/bestpeanutmachine.com\/wp-content\/uploads\/2026\/01\/almond-strip-cutting-machine.webp 720w, https:\/\/bestpeanutmachine.com\/wp-content\/uploads\/2026\/01\/almond-strip-cutting-machine-300x225.webp 300w, https:\/\/bestpeanutmachine.com\/wp-content\/uploads\/2026\/01\/almond-strip-cutting-machine-16x12.webp 16w\" sizes=\"auto, (max-width: 720px) 100vw, 720px\" \/><figcaption class=\"wp-element-caption\">m\u00e1y c\u1eaft d\u1ea3i h\u1ea1nh nh\u00e2n<\/figcaption><\/figure> <\/div>   <h2 class=\"wp-block-heading\"><strong>\u1ee8ng d\u1ee5ng c\u1ee7a m\u00e1y c\u1eaft d\u1ea3i h\u1ea1nh nh\u00e2n<\/strong><\/h2>    <p>M\u00e1y c\u1eaft l\u00e1t h\u1ea1nh nh\u00e2n \u0111\u01b0\u1ee3c s\u1eed d\u1ee5ng r\u1ed9ng r\u00e3i trong ng\u00e0nh ch\u1ebf bi\u1ebfn h\u1ea1t v\u00e0 th\u1ef1c ph\u1ea9m \u0111\u1ec3 s\u1ea3n xu\u1ea5t c\u00e1c d\u1ea3i \u0111\u1ed3ng \u0111\u1ec1u c\u1ee7a \u0111\u1eadu ph\u1ed9ng, h\u1ea1nh nh\u00e2n v\u00e0 h\u1ea1nh nh\u00e2n. <\/p>    <p>S\u1ea3n ph\u1ea9m cu\u1ed1i c\u00f9ng c\u00f3 th\u1ec3 \u0111\u01b0\u1ee3c s\u1eed d\u1ee5ng l\u00e0m th\u00e0nh ph\u1ea7n trong k\u1eb9o nougat, k\u1eb9o c\u1ee9ng, thanh n\u0103ng l\u01b0\u1ee3ng v\u00e0 c\u00e1c m\u00f3n tr\u00e1ng mi\u1ec7ng d\u1ef1a tr\u00ean h\u1ea1t truy\u1ec1n th\u1ed1ng. K\u00edch th\u01b0\u1edbc d\u1ea3i \u0111\u1ed3ng nh\u1ea5t gi\u00fap \u0111\u1ea3m b\u1ea3o k\u1ebft c\u1ea5u nh\u1ea5t qu\u00e1n v\u00e0 kh\u1ea3 n\u0103ng li\u00ean k\u1ebft t\u1ed1t h\u01a1n trong c\u00e1c s\u1ea3n ph\u1ea9m k\u1eb9o.<\/p>    <p>D\u1ea3i h\u1ea1nh nh\u00e2n c\u0169ng \u0111\u01b0\u1ee3c s\u1eed d\u1ee5ng r\u1ed9ng r\u00e3i trong b\u00e1nh v\u00e0 b\u00e1nh muffin, cookies, croissants v\u00e0 b\u00e1nh ng\u1ecdt; nh\u01b0 m\u1ed9t th\u00e0nh ph\u1ea7n tr\u00e1ng mi\u1ec7ng, k\u00edch th\u01b0\u1edbc d\u1ea3i \u0111\u1ed3ng nh\u1ea5t c\u1ee7a ch\u00fang gi\u00fap c\u1ea3i thi\u1ec7n hi\u1ec7u su\u1ea5t n\u01b0\u1edbng v\u00e0 v\u1ebb ngo\u00e0i h\u1ea5p d\u1eabn.<\/p>    <figure class=\"wp-block-gallery has-nested-images columns-2 is-cropped wp-block-gallery-2 is-layout-flex wp-block-gallery-is-layout-flex\"> <figure class=\"wp-block-image size-large\"><img loading=\"lazy\" decoding=\"async\" width=\"720\" height=\"540\" data-id=\"999\" src=\"https:\/\/bestpeanutmachine.com\/wp-content\/uploads\/2026\/01\/almond-strips.webp\" alt=\"D\u1ea3i h\u1ea1nh nh\u00e2n\" class=\"wp-image-999\" srcset=\"https:\/\/bestpeanutmachine.com\/wp-content\/uploads\/2026\/01\/almond-strips.webp 720w, https:\/\/bestpeanutmachine.com\/wp-content\/uploads\/2026\/01\/almond-strips-300x225.webp 300w, https:\/\/bestpeanutmachine.com\/wp-content\/uploads\/2026\/01\/almond-strips-16x12.webp 16w\" sizes=\"auto, (max-width: 720px) 100vw, 720px\" \/><figcaption class=\"wp-element-caption\">D\u1ea3i h\u1ea1nh nh\u00e2n<\/figcaption><\/figure>    <figure class=\"wp-block-image size-large\"><img loading=\"lazy\" decoding=\"async\" width=\"720\" height=\"540\" data-id=\"998\" src=\"https:\/\/bestpeanutmachine.com\/wp-content\/uploads\/2026\/01\/almond-strips-applied-to-bread.webp\" alt=\"D\u1ea3i h\u1ea1nh nh\u00e2n d\u00f9ng trong b\u00e1nh m\u00ec\" class=\"wp-image-998\" srcset=\"https:\/\/bestpeanutmachine.com\/wp-content\/uploads\/2026\/01\/almond-strips-applied-to-bread.webp 720w, https:\/\/bestpeanutmachine.com\/wp-content\/uploads\/2026\/01\/almond-strips-applied-to-bread-300x225.webp 300w, https:\/\/bestpeanutmachine.com\/wp-content\/uploads\/2026\/01\/almond-strips-applied-to-bread-16x12.webp 16w\" sizes=\"auto, (max-width: 720px) 100vw, 720px\" \/><figcaption class=\"wp-element-caption\">D\u1ea3i h\u1ea1nh nh\u00e2n d\u00f9ng trong b\u00e1nh m\u00ec<\/figcaption><\/figure>    <figure class=\"wp-block-image size-large\"><img loading=\"lazy\" decoding=\"async\" width=\"720\" height=\"540\" data-id=\"1001\" src=\"https:\/\/bestpeanutmachine.com\/wp-content\/uploads\/2026\/01\/pistachio-strips.webp\" alt=\"D\u1ea3i h\u1ea1nh nh\u00e2n\" class=\"wp-image-1001\" srcset=\"https:\/\/bestpeanutmachine.com\/wp-content\/uploads\/2026\/01\/pistachio-strips.webp 720w, https:\/\/bestpeanutmachine.com\/wp-content\/uploads\/2026\/01\/pistachio-strips-300x225.webp 300w, https:\/\/bestpeanutmachine.com\/wp-content\/uploads\/2026\/01\/pistachio-strips-16x12.webp 16w\" sizes=\"auto, (max-width: 720px) 100vw, 720px\" \/><figcaption class=\"wp-element-caption\">D\u1ea3i h\u1ea1nh nh\u00e2n<\/figcaption><\/figure>    <figure class=\"wp-block-image size-large\"><img loading=\"lazy\" decoding=\"async\" width=\"720\" height=\"540\" data-id=\"1000\" src=\"https:\/\/bestpeanutmachine.com\/wp-content\/uploads\/2026\/01\/pistachio-strips-applied-to-snacks.webp\" alt=\"D\u1ea3i h\u1ea1nh nh\u00e2n d\u00f9ng trong \u0111\u1ed3 \u0103n nh\u1eb9\" class=\"wp-image-1000\" srcset=\"https:\/\/bestpeanutmachine.com\/wp-content\/uploads\/2026\/01\/pistachio-strips-applied-to-snacks.webp 720w, https:\/\/bestpeanutmachine.com\/wp-content\/uploads\/2026\/01\/pistachio-strips-applied-to-snacks-300x225.webp 300w, https:\/\/bestpeanutmachine.com\/wp-content\/uploads\/2026\/01\/pistachio-strips-applied-to-snacks-16x12.webp 16w\" sizes=\"auto, (max-width: 720px) 100vw, 720px\" \/><figcaption class=\"wp-element-caption\">D\u1ea3i h\u1ea1nh nh\u00e2n d\u00f9ng trong \u0111\u1ed3 \u0103n nh\u1eb9<\/figcaption><\/figure> <\/figure>    <h2 class=\"wp-block-heading\"><strong>C\u00e2u h\u1ecfi th\u01b0\u1eddng g\u1eb7p v\u1ec1 m\u00e1y c\u1eaft d\u1ea3i \u0111\u1eadu ph\u1ed9ng<\/strong><\/h2>   <div id=\"rank-math-faq\" class=\"rank-math-block\"> <div class=\"rank-math-list\"> <div id=\"faq-question-1769397584533\" class=\"rank-math-list-item\"> <h3 class=\"rank-math-question\"><strong>M\u00e1y c\u1eaft d\u1ea3i h\u1ea1nh nh\u00e2n c\u00f3 th\u1ec3 x\u1eed l\u00fd c\u00e1c lo\u1ea1i v\u1eadt li\u1ec7u n\u00e0o?<\/strong><\/h3> <div class=\"rank-math-answer\">  <p>M\u00e1y c\u1eaft l\u00e1t h\u1ea1nh nh\u00e2n ch\u1ee7 y\u1ebfu d\u00f9ng \u0111\u1ec3 ch\u1ebf bi\u1ebfn h\u1ea1nh nh\u00e2n, \u0111\u1eadu ph\u1ed9ng, h\u1ea1nh nh\u00e2n, v\u00e0 c\u00e1c lo\u1ea1i h\u1ea1t t\u01b0\u01a1ng t\u1ef1 kh\u00e1c. (Ph\u00f9 h\u1ee3p \u0111\u1eb7c bi\u1ec7t cho h\u1ea1t c\u00f3 v\u1ecf n\u1eeda)<\/p>  <\/div> <\/div> <div id=\"faq-question-1769397623613\" class=\"rank-math-list-item\"> <h3 class=\"rank-math-question\"><strong>M\u00e1y c\u1eaft d\u1ea3i h\u1ea1nh nh\u00e2n c\u00f3 th\u1ec3 \u0111i\u1ec1u ch\u1ec9nh k\u00edch th\u01b0\u1edbc d\u1ea3i kh\u00f4ng?<\/strong><\/h3> <div class=\"rank-math-answer\">  <p>K\u00edch th\u01b0\u1edbc c\u1eaft c\u00f3 th\u1ec3 \u0111i\u1ec1u ch\u1ec9nh b\u1eb1ng c\u00e1ch c\u1eaft h\u1ea1t th\u00e0nh \u0111\u00f4i ho\u1eb7c ba.<\/p>  <\/div> <\/div> <div id=\"faq-question-1769397955823\" class=\"rank-math-list-item\"> <h3 class=\"rank-math-question\"><strong>\u0110\u1ed9 \u1ea9m c\u1ee7a nguy\u00ean li\u1ec7u th\u00f4 khuy\u00ean d\u00f9ng l\u00e0 bao nhi\u00eau?<\/strong><\/h3> <div class=\"rank-math-answer\">  <p>\u0110\u1ec3 \u0111\u1ea1t k\u1ebft qu\u1ea3 c\u1eaft t\u1ed1i \u01b0u, \u0111\u1ed9 \u1ea9m c\u1ee7a \u0111\u1eadu ph\u1ed9ng ho\u1eb7c h\u1ea1nh nh\u00e2n n\u00ean duy tr\u00ec kho\u1ea3ng 15% \u0111\u1ec3 gi\u1ea3m thi\u1ec3u h\u01b0 h\u1ecfng v\u00e0 n\u00e2ng cao \u0111\u1ed9 b\u1ec1n c\u1ee7a l\u00e1t c\u1eaft.<\/p>  <\/div> <\/div> <div id=\"faq-question-1769398013134\" class=\"rank-math-list-item\"> <h3 class=\"rank-math-question\"><strong>\u0110\u1eadu ph\u1ed9ng c\u00f3 c\u1ea7n x\u1eed l\u00fd tr\u01b0\u1edbc khi c\u1eaft l\u00e1t kh\u00f4ng?<\/strong><\/h3> <div class=\"rank-math-answer\">  <p>H\u1ea1t \u0111\u1eadu ph\u1ed9ng n\u00ean \u0111\u01b0\u1ee3c chia l\u00e0m hai ph\u1ea7n tr\u01b0\u1edbc khi c\u1eaft, v\u00e0 t\u1ed1t nh\u1ea5t n\u00ean ph\u00e2n lo\u1ea1i theo k\u00edch th\u01b0\u1edbc. \u0110i\u1ec1u n\u00e0y gi\u00fap gi\u1ea3m g\u00e3y v\u1ee1 v\u00e0 n\u00e2ng cao ch\u1ea5t l\u01b0\u1ee3ng s\u1ea3n ph\u1ea9m.<\/p>  <\/div> <\/div> <div id=\"faq-question-1769398071862\" class=\"rank-math-list-item\"> <h3 class=\"rank-math-question\"><strong>N\u0103ng su\u1ea5t c\u1ee7a m\u00e1y c\u1eaft l\u00e1t h\u1ea1nh nh\u00e2n l\u00e0 bao nhi\u00eau?<\/strong><\/h3> <div class=\"rank-math-answer\">  <p>N\u0103ng su\u1ea5t ti\u00eau chu\u1ea9n c\u1ee7a n\u00f3 l\u00e0 100-150 kg m\u1ed7i gi\u1edd, t\u00f9y thu\u1ed9c v\u00e0o lo\u1ea1i h\u1ea1t, \u0111\u1ed9 \u0111\u1ed3ng \u0111\u1ec1u c\u1ee7a k\u00edch th\u01b0\u1edbc h\u1ea1t v\u00e0 t\u1ed1c \u0111\u1ed9 c\u1ea5p li\u1ec7u.<\/p>  <\/div> <\/div> <div id=\"faq-question-1769398192190\" class=\"rank-math-list-item\"> <h3 class=\"rank-math-question\"><strong>M\u00e1y c\u00f3 th\u1ec3 t\u00f9y ch\u1ec9nh theo c\u00e1c ti\u00eau chu\u1ea9n c\u00f4ng su\u1ea5t kh\u00e1c nhau kh\u00f4ng?<\/strong><\/h3> <div class=\"rank-math-answer\">  <p>M\u00e1y c\u1eaft d\u1ea3i h\u1ea1nh nh\u00e2n c\u00f3 th\u1ec3 t\u00f9y ch\u1ec9nh \u0111\u1ec3 ph\u00f9 h\u1ee3p v\u1edbi y\u00eau c\u1ea7u \u0111i\u1ec7n \u00e1p c\u1ee7a c\u00e1c qu\u1ed1c gia v\u00e0 khu v\u1ef1c kh\u00e1c nhau, tu\u00e2n th\u1ee7 ti\u00eau chu\u1ea9n \u0111i\u1ec7n l\u1ef1c \u0111\u1ecba ph\u01b0\u01a1ng.<\/p>  <\/div> <\/div> <\/div> <\/div>   <h2 class=\"wp-block-heading\"><strong>T\u1ea1i sao ch\u1ecdn m\u00e1y c\u1eaft d\u1ea3i h\u1ea1nh nh\u00e2n c\u1ee7a Taizy?<\/strong>                                                                                                                                                                                                                               <\/h2>    <ol class=\"wp-block-list\"> <li>M\u00e1y c\u1eaft d\u1ea3i \u0111\u1eadu ph\u1ed9ng c\u1ee7a ch\u00fang t\u00f4i \u0111\u01b0\u1ee3c thi\u1ebft k\u1ebf \u0111\u1eb7c bi\u1ec7t \u0111\u1ec3 c\u1eaft \u0111\u1eadu ph\u1ed9ng v\u00e0 h\u1ea1nh nh\u00e2n, mang l\u1ea1i hi\u1ec7u su\u1ea5t \u1ed5n \u0111\u1ecbnh v\u00e0 \u0111\u1ed9 tin c\u1eady cao.<\/li>    <li>Ch\u00fang t\u00f4i cung c\u1ea5p d\u1ecbch v\u1ee5 t\u00f9y ch\u1ec9nh \u0111i\u1ec7n \u00e1p v\u00e0 c\u1ea5u h\u00ecnh \u0111\u1ec3 \u0111\u00e1p \u1ee9ng ho\u00e0n h\u1ea3o nhu c\u1ea7u c\u1ee7a b\u1ea1n.<\/li>    <li>Taizy cung c\u1ea5p gi\u00e1 th\u00e0nh c\u1ea1nh tranh cao v\u00e0 h\u1ed7 tr\u1ee3 k\u1ef9 thu\u1eadt to\u00e0n di\u1ec7n.<\/li>    <li>M\u1ed7i m\u00e1y c\u00f3 b\u1ea3o h\u00e0nh ch\u1ea5t l\u01b0\u1ee3ng 12 th\u00e1ng v\u00e0 cung c\u1ea5p ph\u1ee5 t\u00f9ng thay th\u1ebf tr\u1ecdn \u0111\u1eddi.<\/li> <\/ol>    <p class=\"translation-block\">N\u1ebfu b\u1ea1n mu\u1ed1n mua m\u1ed9t b\u1ed9 \u0111\u1ea7y \u0111\u1ee7 thi\u1ebft b\u1ecb ch\u1ebf bi\u1ebfn \u0111\u1eadu ph\u1ed9ng, ch\u00fang t\u00f4i \u0111\u1ec1 xu\u1ea5t <a href=\"https:\/\/bestpeanutmachine.com\/vi\/product\/wet-type-almond-skin-peeler-machine\/\">m\u00e1y g\u1ecdt v\u1ecf h\u1ea1t ki\u1ec3u \u01b0\u1edbt<\/a>, gi\u00fap lo\u1ea1i b\u1ecf l\u1edbp v\u1ecf ngo\u00e0i c\u1ee7a c\u00e1c lo\u1ea1i h\u1ea1t nh\u01b0 \u0111\u1eadu ph\u1ed9ng v\u00e0 h\u1ea1nh nh\u00e2n tr\u01b0\u1edbc khi c\u1eaft l\u00e1t, mang l\u1ea1i k\u1ebft c\u1ea5u v\u00e0 m\u00e0u s\u1eafc t\u1ed1t h\u01a1n cho s\u1ea3n ph\u1ea9m ho\u00e0n ch\u1ec9nh.<\/p>   <div class=\"wp-block-image\"> <figure class=\"aligncenter size-large\"><img loading=\"lazy\" decoding=\"async\" width=\"925\" height=\"741\" src=\"https:\/\/bestpeanutmachine.com\/wp-content\/uploads\/2026\/01\/almond-peeling-machine.webp\" alt=\"m\u00e1y b\u00f3c v\u1ecf h\u1ea1nh nh\u00e2n\" class=\"wp-image-891\" srcset=\"https:\/\/bestpeanutmachine.com\/wp-content\/uploads\/2026\/01\/almond-peeling-machine.webp 925w, https:\/\/bestpeanutmachine.com\/wp-content\/uploads\/2026\/01\/almond-peeling-machine-300x240.webp 300w, https:\/\/bestpeanutmachine.com\/wp-content\/uploads\/2026\/01\/almond-peeling-machine-768x615.webp 768w, https:\/\/bestpeanutmachine.com\/wp-content\/uploads\/2026\/01\/almond-peeling-machine-15x12.webp 15w\" sizes=\"auto, (max-width: 925px) 100vw, 925px\" \/><figcaption class=\"wp-element-caption\">m\u00e1y b\u00f3c v\u1ecf h\u1ea1nh nh\u00e2n<\/figcaption><\/figure> <\/div>   <p>Ngo\u00e0i m\u00e1y c\u1eaft d\u1ea3i n\u00e0y, ch\u00fang t\u00f4i c\u00f2n cung c\u1ea5p m\u00e1y c\u1eaft h\u1ea1t \u0111\u1eadu ph\u1ed9ng v\u00e0 m\u00e1y c\u1eaft l\u00e1t h\u1ea1nh nh\u00e2n. Li\u00ean h\u1ec7 v\u1edbi ch\u00fang t\u00f4i v\u00e0 cung c\u1ea5p nguy\u00ean li\u1ec7u th\u00f4 c\u00f9ng y\u00eau c\u1ea7u c\u1ee7a b\u1ea1n, ch\u00fang t\u00f4i s\u1ebd gi\u1edbi thi\u1ec7u cho b\u1ea1n m\u1ed9t m\u00e1y ch\u1ebf bi\u1ebfn h\u1ea1t ph\u00f9 h\u1ee3p.<\/p>    <figure class=\"wp-block-gallery has-nested-images columns-2 is-cropped wp-block-gallery-3 is-layout-flex wp-block-gallery-is-layout-flex\"> <figure class=\"wp-block-image size-large\"><img loading=\"lazy\" decoding=\"async\" width=\"720\" height=\"540\" data-id=\"670\" src=\"https:\/\/bestpeanutmachine.com\/wp-content\/uploads\/2025\/12\/best-machine-for-chopping-nuts.webp\" alt=\"M\u00e1y t\u1ed1t nh\u1ea5t \u0111\u1ec3 xay h\u1ea1t\" class=\"wp-image-670\" srcset=\"https:\/\/bestpeanutmachine.com\/wp-content\/uploads\/2025\/12\/best-machine-for-chopping-nuts.webp 720w, https:\/\/bestpeanutmachine.com\/wp-content\/uploads\/2025\/12\/best-machine-for-chopping-nuts-300x225.webp 300w, https:\/\/bestpeanutmachine.com\/wp-content\/uploads\/2025\/12\/best-machine-for-chopping-nuts-16x12.webp 16w\" sizes=\"auto, (max-width: 720px) 100vw, 720px\" \/><figcaption class=\"wp-element-caption\">M\u00e1y t\u1ed1t nh\u1ea5t \u0111\u1ec3 xay h\u1ea1t<\/figcaption><\/figure>    <figure class=\"wp-block-image size-large\"><img loading=\"lazy\" decoding=\"async\" width=\"720\" height=\"540\" data-id=\"673\" src=\"https:\/\/bestpeanutmachine.com\/wp-content\/uploads\/2025\/12\/pistachio-crumbles.webp\" alt=\"v\u1ee5n h\u1ea1t h\u1ed3 tr\u0103n\" class=\"wp-image-673\" srcset=\"https:\/\/bestpeanutmachine.com\/wp-content\/uploads\/2025\/12\/pistachio-crumbles.webp 720w, https:\/\/bestpeanutmachine.com\/wp-content\/uploads\/2025\/12\/pistachio-crumbles-300x225.webp 300w, https:\/\/bestpeanutmachine.com\/wp-content\/uploads\/2025\/12\/pistachio-crumbles-16x12.webp 16w\" sizes=\"auto, (max-width: 720px) 100vw, 720px\" \/><figcaption class=\"wp-element-caption\">v\u1ee5n h\u1ea1t h\u1ed3 tr\u0103n<\/figcaption><\/figure>    <figure class=\"wp-block-image size-large\"><img loading=\"lazy\" decoding=\"async\" width=\"720\" height=\"540\" data-id=\"436\" src=\"https:\/\/bestpeanutmachine.com\/wp-content\/uploads\/2025\/09\/peanut-slicing-machine.webp\" alt=\"m\u00e1y th\u00e1i \u0111\u1eadu ph\u1ed9ng\" class=\"wp-image-436\" srcset=\"https:\/\/bestpeanutmachine.com\/wp-content\/uploads\/2025\/09\/peanut-slicing-machine.webp 720w, https:\/\/bestpeanutmachine.com\/wp-content\/uploads\/2025\/09\/peanut-slicing-machine-300x225.webp 300w, https:\/\/bestpeanutmachine.com\/wp-content\/uploads\/2025\/09\/peanut-slicing-machine-16x12.webp 16w\" sizes=\"auto, (max-width: 720px) 100vw, 720px\" \/><figcaption class=\"wp-element-caption\">m\u00e1y th\u00e1i \u0111\u1eadu ph\u1ed9ng<\/figcaption><\/figure>    <figure class=\"wp-block-image size-large\"><img loading=\"lazy\" decoding=\"async\" width=\"720\" height=\"540\" data-id=\"435\" src=\"https:\/\/bestpeanutmachine.com\/wp-content\/uploads\/2025\/09\/toasted-almond-slices-for-baking.webp\" alt=\"l\u00e1t h\u1ea1nh nh\u00e2n rang \u0111\u1ec3 n\u01b0\u1edbng\" class=\"wp-image-435\" srcset=\"https:\/\/bestpeanutmachine.com\/wp-content\/uploads\/2025\/09\/toasted-almond-slices-for-baking.webp 720w, https:\/\/bestpeanutmachine.com\/wp-content\/uploads\/2025\/09\/toasted-almond-slices-for-baking-300x225.webp 300w, https:\/\/bestpeanutmachine.com\/wp-content\/uploads\/2025\/09\/toasted-almond-slices-for-baking-16x12.webp 16w\" sizes=\"auto, (max-width: 720px) 100vw, 720px\" \/><figcaption class=\"wp-element-caption\">l\u00e1t h\u1ea1nh nh\u00e2n rang \u0111\u1ec3 n\u01b0\u1edbng<\/figcaption><\/figure> <\/figure>    <p><\/p>","protected":false},"excerpt":{"rendered":"<p>This almond slicing machine features high production efficiency and adjustable slicing size control, making it suitable for processing peanuts and almonds into ingredients needed for baking and snacks.<\/p>","protected":false},"author":1,"featured_media":1018,"parent":0,"template":"","tags":[77,11],"product-type":[76,6],"class_list":["post-989","product","type-product","status-publish","has-post-thumbnail","hentry","tag-almond","tag-peanut","product-type-other-nuts-machine","product-type-product"],"_links":{"self":[{"href":"https:\/\/bestpeanutmachine.com\/vi\/wp-json\/wp\/v2\/product\/989","targetHints":{"allow":["GET"]}}],"collection":[{"href":"https:\/\/bestpeanutmachine.com\/vi\/wp-json\/wp\/v2\/product"}],"about":[{"href":"https:\/\/bestpeanutmachine.com\/vi\/wp-json\/wp\/v2\/types\/product"}],"author":[{"embeddable":true,"href":"https:\/\/bestpeanutmachine.com\/vi\/wp-json\/wp\/v2\/users\/1"}],"wp:featuredmedia":[{"embeddable":true,"href":"https:\/\/bestpeanutmachine.com\/vi\/wp-json\/wp\/v2\/media\/1018"}],"wp:attachment":[{"href":"https:\/\/bestpeanutmachine.com\/vi\/wp-json\/wp\/v2\/media?parent=989"}],"wp:term":[{"taxonomy":"post_tag","embeddable":true,"href":"https:\/\/bestpeanutmachine.com\/vi\/wp-json\/wp\/v2\/tags?post=989"},{"taxonomy":"product-type","embeddable":true,"href":"https:\/\/bestpeanutmachine.com\/vi\/wp-json\/wp\/v2\/product-type?post=989"}],"curies":[{"name":"wp","href":"https:\/\/api.w.org\/{rel}","templated":true}]}}